{"id":144,"date":"2015-05-08T22:29:56","date_gmt":"2015-05-08T22:29:56","guid":{"rendered":"Wszystkie informacje dotycz\u0105ce dokument\u00f3w uprawniaj\u0105cych do korzystania z bezp\u0142atnych \u015bwiadcze\u0144 zdrowotnych na terenie Polski dla os\u00f3b ubezpieczonych w innym ni\u017c Polska pa\u0144stwie cz\u0142onkowskim UE\/EFTAznajduj\u0105 si\u0119 na stronie internetowej NFZ. Link poni\u017cej.\r\n"},"modified":"2015-05-12T18:06:24","modified_gmt":"2015-05-12T18:06:24","slug":"przyjazd-z-ue","status":"publish","type":"page","link":"https:\/\/twojlekarz.net\/de\/przyjazd-z-ue\/","title":{"rendered":"Einreise aus der EU"},"content":{"rendered":"<p>Alle Informationen zu Dokumenten, die zur Inanspruchnahme kostenloser Gesundheitsleistungen in Polen f\u00fcr Personen berechtigen, die in einem anderen EU-\/EFTA-Mitgliedstaat als Polen versichert sind, finden Sie auf der NFZ-Website. Link unten.<\/p>\n<p><a href=\"https:\/\/www.ekuz.nfz.gov.pl\/informacje-dla-swiadczeniodawcow\/dokumenty-uprawniajace\">https:\/\/www.ekuz.nfz.gov.pl\/informacje-dla-swiadczeniodawcow\/dokumenty-uprawniajace<\/a><\/p>\n<p>&nbsp;<\/p>","protected":false},"excerpt":{"rendered":"<p>Alle Informationen zu Dokumenten, die zur Inanspruchnahme kostenloser Gesundheitsleistungen in Polen f\u00fcr Personen berechtigen, die in einem anderen EU-\/EFTA-Mitgliedsstaat als Polen versichert sind, finden Sie auf der NFZ-Website. Link unten. https:\/\/www.ekuz.nfz.gov.pl\/informacje-dla-swiadczeniaodawcow\/dokumenty-uprawniajace &nbsp;<\/p>","protected":false},"author":1,"featured_media":9894,"parent":0,"menu_order":0,"comment_status":"open","ping_status":"open","template":"","meta":{"footnotes":"","_wp_rev_ctl_limit":""},"categories":[9],"tags":[],"class_list":["post-144","page","type-page","status-publish","has-post-thumbnail","hentry","category-poradnik-pacjenta"],"yoast_head":"<!-- This site is optimized with the Yoast SEO plugin v27.3 - https:\/\/yoast.com\/product\/yoast-seo-wordpress\/ -->\n<title>Przyjazd z UE - Przychodnia NZOZ &quot;Tw\u00f3j Lekarz&quot; sp. z o.o.<\/title>\n<meta name=\"robots\" content=\"index, follow, max-snippet:-1, max-image-preview:large, max-video-preview:-1\" \/>\n<link rel=\"canonical\" href=\"https:\/\/twojlekarz.net\/de\/przyjazd-z-ue\/\" \/>\n<meta property=\"og:locale\" content=\"de_DE\" \/>\n<meta property=\"og:type\" content=\"article\" \/>\n<meta property=\"og:title\" content=\"Przyjazd z UE - Przychodnia NZOZ &quot;Tw\u00f3j Lekarz&quot; sp. z o.o.\" \/>\n<meta property=\"og:description\" content=\"Wszystkie informacje dotycz\u0105ce dokument\u00f3w uprawniaj\u0105cych do korzystania z bezp\u0142atnych \u015bwiadcze\u0144 zdrowotnych na terenie Polski dla os\u00f3b ubezpieczonych w innym ni\u017c Polska pa\u0144stwie cz\u0142onkowskim UE\/EFTAznajduj\u0105 si\u0119 na stronie internetowej NFZ. Link poni\u017cej. https:\/\/www.ekuz.nfz.gov.pl\/informacje-dla-swiadczeniodawcow\/dokumenty-uprawniajace &nbsp;\" \/>\n<meta property=\"og:url\" content=\"https:\/\/twojlekarz.net\/de\/przyjazd-z-ue\/\" \/>\n<meta property=\"og:site_name\" content=\"Przychodnia NZOZ &quot;Tw\u00f3j Lekarz&quot; sp. z o.o.\" \/>\n<meta property=\"article:publisher\" content=\"https:\/\/www.facebook.com\/NZOZTwojLekarz\/\" \/>\n<meta property=\"article:modified_time\" content=\"2015-05-12T18:06:24+00:00\" \/>\n<meta name=\"twitter:card\" content=\"summary_large_image\" \/>\n<script type=\"application\/ld+json\" class=\"yoast-schema-graph\">{\"@context\":\"https:\\\/\\\/schema.org\",\"@graph\":[{\"@type\":\"WebPage\",\"@id\":\"https:\\\/\\\/twojlekarz.net\\\/przyjazd-z-ue\\\/\",\"url\":\"https:\\\/\\\/twojlekarz.net\\\/przyjazd-z-ue\\\/\",\"name\":\"Przyjazd z UE - Przychodnia NZOZ &quot;Tw\u00f3j Lekarz&quot; sp. z o.o.\",\"isPartOf\":{\"@id\":\"https:\\\/\\\/twojlekarz.net\\\/#website\"},\"primaryImageOfPage\":{\"@id\":\"https:\\\/\\\/twojlekarz.net\\\/przyjazd-z-ue\\\/#primaryimage\"},\"image\":{\"@id\":\"https:\\\/\\\/twojlekarz.net\\\/przyjazd-z-ue\\\/#primaryimage\"},\"thumbnailUrl\":\"https:\\\/\\\/i0.wp.com\\\/twojlekarz.net\\\/wp-content\\\/uploads\\\/KN0A1278-1-1.jpg?fit=1009%2C757&ssl=1\",\"datePublished\":\"2015-05-08T22:29:56+00:00\",\"dateModified\":\"2015-05-12T18:06:24+00:00\",\"breadcrumb\":{\"@id\":\"https:\\\/\\\/twojlekarz.net\\\/przyjazd-z-ue\\\/#breadcrumb\"},\"inLanguage\":\"de\",\"potentialAction\":[{\"@type\":\"ReadAction\",\"target\":[\"https:\\\/\\\/twojlekarz.net\\\/przyjazd-z-ue\\\/\"]}]},{\"@type\":\"ImageObject\",\"inLanguage\":\"de\",\"@id\":\"https:\\\/\\\/twojlekarz.net\\\/przyjazd-z-ue\\\/#primaryimage\",\"url\":\"https:\\\/\\\/i0.wp.com\\\/twojlekarz.net\\\/wp-content\\\/uploads\\\/KN0A1278-1-1.jpg?fit=1009%2C757&ssl=1\",\"contentUrl\":\"https:\\\/\\\/i0.wp.com\\\/twojlekarz.net\\\/wp-content\\\/uploads\\\/KN0A1278-1-1.jpg?fit=1009%2C757&ssl=1\",\"width\":1009,\"height\":757},{\"@type\":\"BreadcrumbList\",\"@id\":\"https:\\\/\\\/twojlekarz.net\\\/przyjazd-z-ue\\\/#breadcrumb\",\"itemListElement\":[{\"@type\":\"ListItem\",\"position\":1,\"name\":\"Strona g\u0142\u00f3wna\",\"item\":\"https:\\\/\\\/twojlekarz.net\\\/\"},{\"@type\":\"ListItem\",\"position\":2,\"name\":\"Przyjazd z UE\"}]},{\"@type\":\"WebSite\",\"@id\":\"https:\\\/\\\/twojlekarz.net\\\/#website\",\"url\":\"https:\\\/\\\/twojlekarz.net\\\/\",\"name\":\"Przychodnia NZOZ \\\"Tw\u00f3j Lekarz\\\" sp. z o.o.\",\"description\":\"\",\"publisher\":{\"@id\":\"https:\\\/\\\/twojlekarz.net\\\/#organization\"},\"potentialAction\":[{\"@type\":\"SearchAction\",\"target\":{\"@type\":\"EntryPoint\",\"urlTemplate\":\"https:\\\/\\\/twojlekarz.net\\\/?s={search_term_string}\"},\"query-input\":{\"@type\":\"PropertyValueSpecification\",\"valueRequired\":true,\"valueName\":\"search_term_string\"}}],\"inLanguage\":\"de\"},{\"@type\":\"Organization\",\"@id\":\"https:\\\/\\\/twojlekarz.net\\\/#organization\",\"name\":\"Przychodnia NZOZ \\\"Tw\u00f3j Lekarz\\\" sp. z o.o.\",\"url\":\"https:\\\/\\\/twojlekarz.net\\\/\",\"logo\":{\"@type\":\"ImageObject\",\"inLanguage\":\"de\",\"@id\":\"https:\\\/\\\/twojlekarz.net\\\/#\\\/schema\\\/logo\\\/image\\\/\",\"url\":\"https:\\\/\\\/i0.wp.com\\\/twojlekarz.net\\\/wp-content\\\/uploads\\\/twoj-lekarz-logo2-e1448917738554.jpg?fit=200%2C71&ssl=1\",\"contentUrl\":\"https:\\\/\\\/i0.wp.com\\\/twojlekarz.net\\\/wp-content\\\/uploads\\\/twoj-lekarz-logo2-e1448917738554.jpg?fit=200%2C71&ssl=1\",\"width\":200,\"height\":71,\"caption\":\"Przychodnia NZOZ \\\"Tw\u00f3j Lekarz\\\" sp. z o.o.\"},\"image\":{\"@id\":\"https:\\\/\\\/twojlekarz.net\\\/#\\\/schema\\\/logo\\\/image\\\/\"},\"sameAs\":[\"https:\\\/\\\/www.facebook.com\\\/NZOZTwojLekarz\\\/\"]}]}<\/script>\n<!-- \/ Yoast SEO plugin. -->","yoast_head_json":{"title":"Ankunft aus der EU - NZOZ Klinik \u201eTw\u00f3j Lekarz\u201c sp. z o. O.","robots":{"index":"index","follow":"follow","max-snippet":"max-snippet:-1","max-image-preview":"max-image-preview:large","max-video-preview":"max-video-preview:-1"},"canonical":"https:\/\/twojlekarz.net\/de\/przyjazd-z-ue\/","og_locale":"de_DE","og_type":"article","og_title":"Przyjazd z UE - Przychodnia NZOZ &quot;Tw\u00f3j Lekarz&quot; sp. z o.o.","og_description":"Wszystkie informacje dotycz\u0105ce dokument\u00f3w uprawniaj\u0105cych do korzystania z bezp\u0142atnych \u015bwiadcze\u0144 zdrowotnych na terenie Polski dla os\u00f3b ubezpieczonych w innym ni\u017c Polska pa\u0144stwie cz\u0142onkowskim UE\/EFTAznajduj\u0105 si\u0119 na stronie internetowej NFZ. Link poni\u017cej. https:\/\/www.ekuz.nfz.gov.pl\/informacje-dla-swiadczeniodawcow\/dokumenty-uprawniajace &nbsp;","og_url":"https:\/\/twojlekarz.net\/de\/przyjazd-z-ue\/","og_site_name":"Przychodnia NZOZ &quot;Tw\u00f3j Lekarz&quot; sp. z o.o.","article_publisher":"https:\/\/www.facebook.com\/NZOZTwojLekarz\/","article_modified_time":"2015-05-12T18:06:24+00:00","twitter_card":"summary_large_image","schema":{"@context":"https:\/\/schema.org","@graph":[{"@type":"WebPage","@id":"https:\/\/twojlekarz.net\/przyjazd-z-ue\/","url":"https:\/\/twojlekarz.net\/przyjazd-z-ue\/","name":"Ankunft aus der EU - NZOZ Klinik \u201eTw\u00f3j Lekarz\u201c sp. z o. O.","isPartOf":{"@id":"https:\/\/twojlekarz.net\/#website"},"primaryImageOfPage":{"@id":"https:\/\/twojlekarz.net\/przyjazd-z-ue\/#primaryimage"},"image":{"@id":"https:\/\/twojlekarz.net\/przyjazd-z-ue\/#primaryimage"},"thumbnailUrl":"https:\/\/i0.wp.com\/twojlekarz.net\/wp-content\/uploads\/KN0A1278-1-1.jpg?fit=1009%2C757&ssl=1","datePublished":"2015-05-08T22:29:56+00:00","dateModified":"2015-05-12T18:06:24+00:00","breadcrumb":{"@id":"https:\/\/twojlekarz.net\/przyjazd-z-ue\/#breadcrumb"},"inLanguage":"de","potentialAction":[{"@type":"ReadAction","target":["https:\/\/twojlekarz.net\/przyjazd-z-ue\/"]}]},{"@type":"ImageObject","inLanguage":"de","@id":"https:\/\/twojlekarz.net\/przyjazd-z-ue\/#primaryimage","url":"https:\/\/i0.wp.com\/twojlekarz.net\/wp-content\/uploads\/KN0A1278-1-1.jpg?fit=1009%2C757&ssl=1","contentUrl":"https:\/\/i0.wp.com\/twojlekarz.net\/wp-content\/uploads\/KN0A1278-1-1.jpg?fit=1009%2C757&ssl=1","width":1009,"height":757},{"@type":"BreadcrumbList","@id":"https:\/\/twojlekarz.net\/przyjazd-z-ue\/#breadcrumb","itemListElement":[{"@type":"ListItem","position":1,"name":"Strona g\u0142\u00f3wna","item":"https:\/\/twojlekarz.net\/"},{"@type":"ListItem","position":2,"name":"Przyjazd z UE"}]},{"@type":"WebSite","@id":"https:\/\/twojlekarz.net\/#website","url":"https:\/\/twojlekarz.net\/","name":"NZOZ-Klinik \u201eTw\u00f3j Doktor\u201c sp","description":"","publisher":{"@id":"https:\/\/twojlekarz.net\/#organization"},"potentialAction":[{"@type":"SearchAction","target":{"@type":"EntryPoint","urlTemplate":"https:\/\/twojlekarz.net\/?s={search_term_string}"},"query-input":{"@type":"PropertyValueSpecification","valueRequired":true,"valueName":"search_term_string"}}],"inLanguage":"de"},{"@type":"Organization","@id":"https:\/\/twojlekarz.net\/#organization","name":"NZOZ-Klinik \u201eTw\u00f3j Doktor\u201c sp","url":"https:\/\/twojlekarz.net\/","logo":{"@type":"ImageObject","inLanguage":"de","@id":"https:\/\/twojlekarz.net\/#\/schema\/logo\/image\/","url":"https:\/\/i0.wp.com\/twojlekarz.net\/wp-content\/uploads\/twoj-lekarz-logo2-e1448917738554.jpg?fit=200%2C71&ssl=1","contentUrl":"https:\/\/i0.wp.com\/twojlekarz.net\/wp-content\/uploads\/twoj-lekarz-logo2-e1448917738554.jpg?fit=200%2C71&ssl=1","width":200,"height":71,"caption":"Przychodnia NZOZ \"Tw\u00f3j Lekarz\" sp. z o.o."},"image":{"@id":"https:\/\/twojlekarz.net\/#\/schema\/logo\/image\/"},"sameAs":["https:\/\/www.facebook.com\/NZOZTwojLekarz\/"]}]}},"jetpack_sharing_enabled":true,"_links":{"self":[{"href":"https:\/\/twojlekarz.net\/de\/wp-json\/wp\/v2\/pages\/144","targetHints":{"allow":["GET"]}}],"collection":[{"href":"https:\/\/twojlekarz.net\/de\/wp-json\/wp\/v2\/pages"}],"about":[{"href":"https:\/\/twojlekarz.net\/de\/wp-json\/wp\/v2\/types\/page"}],"author":[{"embeddable":true,"href":"https:\/\/twojlekarz.net\/de\/wp-json\/wp\/v2\/users\/1"}],"replies":[{"embeddable":true,"href":"https:\/\/twojlekarz.net\/de\/wp-json\/wp\/v2\/comments?post=144"}],"version-history":[{"count":0,"href":"https:\/\/twojlekarz.net\/de\/wp-json\/wp\/v2\/pages\/144\/revisions"}],"wp:featuredmedia":[{"embeddable":true,"href":"https:\/\/twojlekarz.net\/de\/wp-json\/wp\/v2\/media\/9894"}],"wp:attachment":[{"href":"https:\/\/twojlekarz.net\/de\/wp-json\/wp\/v2\/media?parent=144"}],"wp:term":[{"taxonomy":"category","embeddable":true,"href":"https:\/\/twojlekarz.net\/de\/wp-json\/wp\/v2\/categories?post=144"},{"taxonomy":"post_tag","embeddable":true,"href":"https:\/\/twojlekarz.net\/de\/wp-json\/wp\/v2\/tags?post=144"}],"curies":[{"name":"wp","href":"https:\/\/api.w.org\/{rel}","templated":true}]}}