{"id":253,"date":"2015-07-01T17:43:17","date_gmt":"2015-07-01T17:43:17","guid":{"rendered":"http:\/\/www.twojlekarz.marcinbukowski.pl\/?page_id=253"},"modified":"2020-10-21T06:02:37","modified_gmt":"2020-10-21T06:02:37","slug":"wroclaw-kunickiego","status":"publish","type":"page","link":"https:\/\/twojlekarz.net\/de\/wroclaw-kunickiego\/","title":{"rendered":"Breslau \u2013 Kunicki"},"content":{"rendered":"<div class=\"tiled-gallery type-rectangular tiled-gallery-unresized\" data-original-width=\"848\" data-carousel-extra='null' itemscope itemtype=\"http:\/\/schema.org\/ImageGallery\" > <div class=\"gallery-row\" style=\"width: 848px; height: 710px;\" data-original-width=\"848\" data-original-height=\"710\" > <div class=\"gallery-group images-1\" style=\"width: 534px; height: 710px;\" data-original-width=\"534\" data-original-height=\"710\" > <div class=\"tiled-gallery-item tiled-gallery-item-large\" itemprop=\"associatedMedia\" itemscope itemtype=\"http:\/\/schema.org\/ImageObject\"> <a href=\"https:\/\/twojlekarz.net\/de\/wroclaw-kunickiego\/img_8669-edit\/\" border=\"0\" itemprop=\"url\"> <meta itemprop=\"width\" content=\"530\"> <meta itemprop=\"height\" content=\"706\"> <img decoding=\"async\" class=\"\" data-attachment-id=\"301\" data-orig-file=\"https:\/\/twojlekarz.net\/wp-content\/uploads\/2015\/07\/IMG_8669-Edit.jpg\" data-orig-size=\"600,800\" data-comments-opened=\"1\" data-image-meta=\"{&quot;aperture&quot;:&quot;2.8&quot;,&quot;credit&quot;:&quot;Marcin Bukowski\\rwww.marcinbukows&quot;,&quot;camera&quot;:&quot;Canon EOS 5D Mark II&quot;,&quot;caption&quot;:&quot;&quot;,&quot;created_timestamp&quot;:&quot;1438619064&quot;,&quot;copyright&quot;:&quot;&quot;,&quot;focal_length&quot;:&quot;24&quot;,&quot;iso&quot;:&quot;800&quot;,&quot;shutter_speed&quot;:&quot;0.025&quot;,&quot;title&quot;:&quot;&quot;,&quot;orientation&quot;:&quot;0&quot;}\" data-image-title=\"IMG_8669-Edit\" data-image-description=\"\" data-medium-file=\"https:\/\/i0.wp.com\/twojlekarz.net\/wp-content\/uploads\/2015\/07\/IMG_8669-Edit.jpg?fit=225%2C300&#038;ssl=1\" data-large-file=\"https:\/\/i0.wp.com\/twojlekarz.net\/wp-content\/uploads\/2015\/07\/IMG_8669-Edit.jpg?fit=600%2C800&#038;ssl=1\" src=\"https:\/\/i0.wp.com\/twojlekarz.net\/wp-content\/uploads\/2015\/07\/IMG_8669-Edit.jpg?w=530&#038;h=706&#038;ssl=1\" srcset=\"https:\/\/i0.wp.com\/twojlekarz.net\/wp-content\/uploads\/2015\/07\/IMG_8669-Edit.jpg?w=600&amp;ssl=1 600w, https:\/\/i0.wp.com\/twojlekarz.net\/wp-content\/uploads\/2015\/07\/IMG_8669-Edit.jpg?resize=225%2C300&amp;ssl=1 225w\" width=\"530\" height=\"706\" loading=\"lazy\" data-original-width=\"530\" data-original-height=\"706\" itemprop=\"http:\/\/schema.org\/image\" title=\"IMG_8669-Bearbeiten\" alt=\"IMG_8669-Edit\" style=\"width: 530px; height: 706px;\" \/> <\/a> <\/div> <\/div> <!-- close group --> <div class=\"gallery-group images-3\" style=\"width: 314px; height: 710px;\" data-original-width=\"314\" data-original-height=\"710\" > <div class=\"tiled-gallery-item tiled-gallery-item-large\" itemprop=\"associatedMedia\" itemscope itemtype=\"http:\/\/schema.org\/ImageObject\"> <a href=\"https:\/\/twojlekarz.net\/de\/wroclaw-kunickiego\/img_8671-edit\/\" border=\"0\" itemprop=\"url\"> <meta itemprop=\"width\" content=\"310\"> <meta itemprop=\"height\" content=\"233\"> <img decoding=\"async\" class=\"\" data-attachment-id=\"302\" data-orig-file=\"https:\/\/twojlekarz.net\/wp-content\/uploads\/2015\/07\/IMG_8671-Edit.jpg\" data-orig-size=\"800,600\" data-comments-opened=\"1\" data-image-meta=\"{&quot;aperture&quot;:&quot;2.8&quot;,&quot;credit&quot;:&quot;Marcin Bukowski\\rwww.marcinbukows&quot;,&quot;camera&quot;:&quot;Canon EOS 5D Mark II&quot;,&quot;caption&quot;:&quot;&quot;,&quot;created_timestamp&quot;:&quot;1438619143&quot;,&quot;copyright&quot;:&quot;&quot;,&quot;focal_length&quot;:&quot;24&quot;,&quot;iso&quot;:&quot;800&quot;,&quot;shutter_speed&quot;:&quot;0.025&quot;,&quot;title&quot;:&quot;&quot;,&quot;orientation&quot;:&quot;0&quot;}\" data-image-title=\"IMG_8671-Edit\" data-image-description=\"\" data-medium-file=\"https:\/\/i0.wp.com\/twojlekarz.net\/wp-content\/uploads\/2015\/07\/IMG_8671-Edit.jpg?fit=300%2C225&#038;ssl=1\" data-large-file=\"https:\/\/i0.wp.com\/twojlekarz.net\/wp-content\/uploads\/2015\/07\/IMG_8671-Edit.jpg?fit=800%2C600&#038;ssl=1\" src=\"https:\/\/i0.wp.com\/twojlekarz.net\/wp-content\/uploads\/2015\/07\/IMG_8671-Edit.jpg?w=310&#038;h=233&#038;ssl=1\" srcset=\"https:\/\/i0.wp.com\/twojlekarz.net\/wp-content\/uploads\/2015\/07\/IMG_8671-Edit.jpg?w=800&amp;ssl=1 800w, https:\/\/i0.wp.com\/twojlekarz.net\/wp-content\/uploads\/2015\/07\/IMG_8671-Edit.jpg?resize=300%2C225&amp;ssl=1 300w\" width=\"310\" height=\"233\" loading=\"lazy\" data-original-width=\"310\" data-original-height=\"233\" itemprop=\"http:\/\/schema.org\/image\" title=\"IMG_8671-Bearbeiten\" alt=\"IMG_8671-Edit\" style=\"width: 310px; height: 233px;\" \/> <\/a> <\/div> <div class=\"tiled-gallery-item tiled-gallery-item-large\" itemprop=\"associatedMedia\" itemscope itemtype=\"http:\/\/schema.org\/ImageObject\"> <a href=\"https:\/\/twojlekarz.net\/de\/wroclaw-kunickiego\/img_8686-edit\/\" border=\"0\" itemprop=\"url\"> <meta itemprop=\"width\" content=\"310\"> <meta itemprop=\"height\" content=\"233\"> <img decoding=\"async\" class=\"\" data-attachment-id=\"303\" data-orig-file=\"https:\/\/twojlekarz.net\/wp-content\/uploads\/2015\/07\/IMG_8686-Edit.jpg\" data-orig-size=\"800,600\" data-comments-opened=\"1\" data-image-meta=\"{&quot;aperture&quot;:&quot;2.8&quot;,&quot;credit&quot;:&quot;Marcin Bukowski\\rwww.marcinbukows&quot;,&quot;camera&quot;:&quot;Canon EOS 5D Mark II&quot;,&quot;caption&quot;:&quot;&quot;,&quot;created_timestamp&quot;:&quot;1438619460&quot;,&quot;copyright&quot;:&quot;&quot;,&quot;focal_length&quot;:&quot;24&quot;,&quot;iso&quot;:&quot;800&quot;,&quot;shutter_speed&quot;:&quot;0.016666666666667&quot;,&quot;title&quot;:&quot;&quot;,&quot;orientation&quot;:&quot;0&quot;}\" data-image-title=\"IMG_8686-Edit\" data-image-description=\"\" data-medium-file=\"https:\/\/i0.wp.com\/twojlekarz.net\/wp-content\/uploads\/2015\/07\/IMG_8686-Edit.jpg?fit=300%2C225&#038;ssl=1\" data-large-file=\"https:\/\/i0.wp.com\/twojlekarz.net\/wp-content\/uploads\/2015\/07\/IMG_8686-Edit.jpg?fit=800%2C600&#038;ssl=1\" src=\"https:\/\/i0.wp.com\/twojlekarz.net\/wp-content\/uploads\/2015\/07\/IMG_8686-Edit.jpg?w=310&#038;h=233&#038;ssl=1\" srcset=\"https:\/\/i0.wp.com\/twojlekarz.net\/wp-content\/uploads\/2015\/07\/IMG_8686-Edit.jpg?w=800&amp;ssl=1 800w, https:\/\/i0.wp.com\/twojlekarz.net\/wp-content\/uploads\/2015\/07\/IMG_8686-Edit.jpg?resize=300%2C225&amp;ssl=1 300w\" width=\"310\" height=\"233\" loading=\"lazy\" data-original-width=\"310\" data-original-height=\"233\" itemprop=\"http:\/\/schema.org\/image\" title=\"IMG_8686-Bearbeiten\" alt=\"IMG_8686-Edit\" style=\"width: 310px; height: 233px;\" \/> <\/a> <\/div> <div class=\"tiled-gallery-item tiled-gallery-item-large\" itemprop=\"associatedMedia\" itemscope itemtype=\"http:\/\/schema.org\/ImageObject\"> <a href=\"https:\/\/twojlekarz.net\/de\/wroclaw-kunickiego\/img_8699-edit\/\" border=\"0\" itemprop=\"url\"> <meta itemprop=\"width\" content=\"310\"> <meta itemprop=\"height\" content=\"232\"> <img decoding=\"async\" class=\"\" data-attachment-id=\"304\" data-orig-file=\"https:\/\/twojlekarz.net\/wp-content\/uploads\/2015\/07\/IMG_8699-Edit.jpg\" data-orig-size=\"800,600\" data-comments-opened=\"1\" data-image-meta=\"{&quot;aperture&quot;:&quot;2.8&quot;,&quot;credit&quot;:&quot;Marcin Bukowski\\rwww.marcinbukows&quot;,&quot;camera&quot;:&quot;Canon EOS 5D Mark II&quot;,&quot;caption&quot;:&quot;&quot;,&quot;created_timestamp&quot;:&quot;1438619829&quot;,&quot;copyright&quot;:&quot;&quot;,&quot;focal_length&quot;:&quot;24&quot;,&quot;iso&quot;:&quot;640&quot;,&quot;shutter_speed&quot;:&quot;0.01&quot;,&quot;title&quot;:&quot;&quot;,&quot;orientation&quot;:&quot;0&quot;}\" data-image-title=\"IMG_8699-Edit\" data-image-description=\"\" data-medium-file=\"https:\/\/i0.wp.com\/twojlekarz.net\/wp-content\/uploads\/2015\/07\/IMG_8699-Edit.jpg?fit=300%2C225&#038;ssl=1\" data-large-file=\"https:\/\/i0.wp.com\/twojlekarz.net\/wp-content\/uploads\/2015\/07\/IMG_8699-Edit.jpg?fit=800%2C600&#038;ssl=1\" src=\"https:\/\/i0.wp.com\/twojlekarz.net\/wp-content\/uploads\/2015\/07\/IMG_8699-Edit.jpg?w=310&#038;h=232&#038;ssl=1\" srcset=\"https:\/\/i0.wp.com\/twojlekarz.net\/wp-content\/uploads\/2015\/07\/IMG_8699-Edit.jpg?w=800&amp;ssl=1 800w, https:\/\/i0.wp.com\/twojlekarz.net\/wp-content\/uploads\/2015\/07\/IMG_8699-Edit.jpg?resize=300%2C225&amp;ssl=1 300w\" width=\"310\" height=\"232\" loading=\"lazy\" data-original-width=\"310\" data-original-height=\"232\" itemprop=\"http:\/\/schema.org\/image\" title=\"IMG_8699-Bearbeiten\" alt=\"IMG_8699-Edit\" style=\"width: 310px; height: 232px;\" \/> <\/a> <\/div> <\/div> <!-- close group --> <\/div> <!-- close row --> <div class=\"gallery-row\" style=\"width: 848px; height: 637px;\" data-original-width=\"848\" data-original-height=\"637\" > <div class=\"gallery-group images-1\" style=\"width: 848px; height: 637px;\" data-original-width=\"848\" data-original-height=\"637\" > <div class=\"tiled-gallery-item tiled-gallery-item-large\" itemprop=\"associatedMedia\" itemscope itemtype=\"http:\/\/schema.org\/ImageObject\"> <a href=\"https:\/\/twojlekarz.net\/de\/wroclaw-kunickiego\/img_8713-edit\/\" border=\"0\" itemprop=\"url\"> <meta itemprop=\"width\" content=\"844\"> <meta itemprop=\"height\" content=\"633\"> <img decoding=\"async\" class=\"\" data-attachment-id=\"305\" data-orig-file=\"https:\/\/twojlekarz.net\/wp-content\/uploads\/2015\/07\/IMG_8713-Edit.jpg\" data-orig-size=\"800,600\" data-comments-opened=\"1\" data-image-meta=\"{&quot;aperture&quot;:&quot;2.8&quot;,&quot;credit&quot;:&quot;Marcin Bukowski\\rwww.marcinbukows&quot;,&quot;camera&quot;:&quot;Canon EOS 5D Mark II&quot;,&quot;caption&quot;:&quot;&quot;,&quot;created_timestamp&quot;:&quot;1438620125&quot;,&quot;copyright&quot;:&quot;&quot;,&quot;focal_length&quot;:&quot;25&quot;,&quot;iso&quot;:&quot;800&quot;,&quot;shutter_speed&quot;:&quot;0.01&quot;,&quot;title&quot;:&quot;&quot;,&quot;orientation&quot;:&quot;0&quot;}\" data-image-title=\"IMG_8713-Edit\" data-image-description=\"\" data-medium-file=\"https:\/\/i0.wp.com\/twojlekarz.net\/wp-content\/uploads\/2015\/07\/IMG_8713-Edit.jpg?fit=300%2C225&#038;ssl=1\" data-large-file=\"https:\/\/i0.wp.com\/twojlekarz.net\/wp-content\/uploads\/2015\/07\/IMG_8713-Edit.jpg?fit=800%2C600&#038;ssl=1\" src=\"https:\/\/i0.wp.com\/twojlekarz.net\/wp-content\/uploads\/2015\/07\/IMG_8713-Edit.jpg?w=844&#038;h=633&#038;ssl=1\" srcset=\"https:\/\/i0.wp.com\/twojlekarz.net\/wp-content\/uploads\/2015\/07\/IMG_8713-Edit.jpg?w=800&amp;ssl=1 800w, https:\/\/i0.wp.com\/twojlekarz.net\/wp-content\/uploads\/2015\/07\/IMG_8713-Edit.jpg?resize=300%2C225&amp;ssl=1 300w\" width=\"844\" height=\"633\" loading=\"lazy\" data-original-width=\"844\" data-original-height=\"633\" itemprop=\"http:\/\/schema.org\/image\" title=\"IMG_8713-Bearbeiten\" alt=\"IMG_8713-Edit\" style=\"width: 844px; height: 633px;\" \/> <\/a> <\/div> <\/div> <!-- close group --> <\/div> <!-- close row --> <\/div>\n<ul>\n<li>\n<p class=\"western\">Sprechstunden Haus\u00e4rzte:<\/p>\n<\/li>\n<\/ul>\n<ul>\n<li style=\"list-style-type: none;\">\n<ul>\n<li>\n<p class=\"western\">Hausarzt<\/p>\n<\/li>\n<\/ul>\n<\/li>\n<\/ul>\n<ul>\n<li>\n<p class=\"western\">Konsultationen - Fach\u00e4rzte:<\/p>\n<\/li>\n<\/ul>\n<ul>\n<li style=\"list-style-type: none;\">\n<ul>\n<li>\n<p class=\"western\">Rheumatologe<\/p>\n<\/li>\n<\/ul>\n<\/li>\n<\/ul>\n<ul>\n<li>\n<p class=\"western\">Diagnostik \u2013 Laboruntersuchungen \u2013 Probenentnahme:<\/p>\n<\/li>\n<\/ul>\n<ul>\n<li style=\"list-style-type: none;\">\n<ul>\n<li>\n<p class=\"western\">jeden Freitag von 8:00-10:00 Uhr.<\/p>\n<\/li>\n<\/ul>\n<\/li>\n<\/ul>","protected":false},"excerpt":{"rendered":"<p>Konsultacje &#8211; lekarze POZ: lekarz rodzinny Konsultacje-lekarze specjali\u015bci: reumatolog Diagnostyka &#8211; badania laboratoryjne &#8211; pobieranie materia\u0142u: ka\u017cdy pi\u0105tek w godzinach 8:00-10:00.<\/p>","protected":false},"author":1,"featured_media":1146,"parent":0,"menu_order":0,"comment_status":"closed","ping_status":"closed","template":"page-przychodnie.php","meta":{"footnotes":"","_wp_rev_ctl_limit":""},"categories":[13],"tags":[],"class_list":["post-253","page","type-page","status-publish","has-post-thumbnail","hentry","category-przychodnie"],"yoast_head":"<!-- This site is optimized with the Yoast SEO plugin v27.3 - https:\/\/yoast.com\/product\/yoast-seo-wordpress\/ -->\n<title>Wroc\u0142aw - Kunickiego - Przychodnia NZOZ &quot;Tw\u00f3j Lekarz&quot; sp. z o.o.<\/title>\n<meta name=\"robots\" content=\"index, follow, max-snippet:-1, max-image-preview:large, max-video-preview:-1\" \/>\n<link rel=\"canonical\" href=\"https:\/\/twojlekarz.net\/de\/wroclaw-kunickiego\/\" \/>\n<meta property=\"og:locale\" content=\"de_DE\" \/>\n<meta property=\"og:type\" content=\"article\" \/>\n<meta property=\"og:title\" content=\"Wroc\u0142aw - Kunickiego - Przychodnia NZOZ &quot;Tw\u00f3j Lekarz&quot; sp. z o.o.\" \/>\n<meta property=\"og:description\" content=\"Konsultacje &#8211; lekarze POZ: lekarz rodzinny Konsultacje-lekarze specjali\u015bci: reumatolog Diagnostyka &#8211; badania laboratoryjne &#8211; pobieranie materia\u0142u: ka\u017cdy pi\u0105tek w godzinach 8:00-10:00.\" \/>\n<meta property=\"og:url\" content=\"https:\/\/twojlekarz.net\/de\/wroclaw-kunickiego\/\" \/>\n<meta property=\"og:site_name\" content=\"Przychodnia NZOZ &quot;Tw\u00f3j Lekarz&quot; sp. z o.o.\" \/>\n<meta property=\"article:publisher\" content=\"https:\/\/www.facebook.com\/NZOZTwojLekarz\/\" \/>\n<meta property=\"article:modified_time\" content=\"2020-10-21T06:02:37+00:00\" \/>\n<meta property=\"og:image\" content=\"https:\/\/twojlekarz.net\/wp-content\/uploads\/2015\/07\/kun.jpg\" \/>\n\t<meta property=\"og:image:width\" content=\"1600\" \/>\n\t<meta property=\"og:image:height\" content=\"550\" \/>\n\t<meta property=\"og:image:type\" content=\"image\/jpeg\" \/>\n<meta name=\"twitter:card\" content=\"summary_large_image\" \/>\n<script type=\"application\/ld+json\" class=\"yoast-schema-graph\">{\"@context\":\"https:\\\/\\\/schema.org\",\"@graph\":[{\"@type\":\"WebPage\",\"@id\":\"https:\\\/\\\/twojlekarz.net\\\/wroclaw-kunickiego\\\/\",\"url\":\"https:\\\/\\\/twojlekarz.net\\\/wroclaw-kunickiego\\\/\",\"name\":\"Wroc\u0142aw - Kunickiego - Przychodnia NZOZ &quot;Tw\u00f3j Lekarz&quot; sp. z o.o.\",\"isPartOf\":{\"@id\":\"https:\\\/\\\/twojlekarz.net\\\/#website\"},\"primaryImageOfPage\":{\"@id\":\"https:\\\/\\\/twojlekarz.net\\\/wroclaw-kunickiego\\\/#primaryimage\"},\"image\":{\"@id\":\"https:\\\/\\\/twojlekarz.net\\\/wroclaw-kunickiego\\\/#primaryimage\"},\"thumbnailUrl\":\"https:\\\/\\\/i0.wp.com\\\/twojlekarz.net\\\/wp-content\\\/uploads\\\/2015\\\/07\\\/kun.jpg?fit=1600%2C550&ssl=1\",\"datePublished\":\"2015-07-01T17:43:17+00:00\",\"dateModified\":\"2020-10-21T06:02:37+00:00\",\"breadcrumb\":{\"@id\":\"https:\\\/\\\/twojlekarz.net\\\/wroclaw-kunickiego\\\/#breadcrumb\"},\"inLanguage\":\"de\",\"potentialAction\":[{\"@type\":\"ReadAction\",\"target\":[\"https:\\\/\\\/twojlekarz.net\\\/wroclaw-kunickiego\\\/\"]}]},{\"@type\":\"ImageObject\",\"inLanguage\":\"de\",\"@id\":\"https:\\\/\\\/twojlekarz.net\\\/wroclaw-kunickiego\\\/#primaryimage\",\"url\":\"https:\\\/\\\/i0.wp.com\\\/twojlekarz.net\\\/wp-content\\\/uploads\\\/2015\\\/07\\\/kun.jpg?fit=1600%2C550&ssl=1\",\"contentUrl\":\"https:\\\/\\\/i0.wp.com\\\/twojlekarz.net\\\/wp-content\\\/uploads\\\/2015\\\/07\\\/kun.jpg?fit=1600%2C550&ssl=1\",\"width\":1600,\"height\":550},{\"@type\":\"BreadcrumbList\",\"@id\":\"https:\\\/\\\/twojlekarz.net\\\/wroclaw-kunickiego\\\/#breadcrumb\",\"itemListElement\":[{\"@type\":\"ListItem\",\"position\":1,\"name\":\"Strona g\u0142\u00f3wna\",\"item\":\"https:\\\/\\\/twojlekarz.net\\\/\"},{\"@type\":\"ListItem\",\"position\":2,\"name\":\"Wroc\u0142aw &#8211; Kunickiego\"}]},{\"@type\":\"WebSite\",\"@id\":\"https:\\\/\\\/twojlekarz.net\\\/#website\",\"url\":\"https:\\\/\\\/twojlekarz.net\\\/\",\"name\":\"Przychodnia NZOZ \\\"Tw\u00f3j Lekarz\\\" sp. z o.o.\",\"description\":\"\",\"publisher\":{\"@id\":\"https:\\\/\\\/twojlekarz.net\\\/#organization\"},\"potentialAction\":[{\"@type\":\"SearchAction\",\"target\":{\"@type\":\"EntryPoint\",\"urlTemplate\":\"https:\\\/\\\/twojlekarz.net\\\/?s={search_term_string}\"},\"query-input\":{\"@type\":\"PropertyValueSpecification\",\"valueRequired\":true,\"valueName\":\"search_term_string\"}}],\"inLanguage\":\"de\"},{\"@type\":\"Organization\",\"@id\":\"https:\\\/\\\/twojlekarz.net\\\/#organization\",\"name\":\"Przychodnia NZOZ \\\"Tw\u00f3j Lekarz\\\" sp. z o.o.\",\"url\":\"https:\\\/\\\/twojlekarz.net\\\/\",\"logo\":{\"@type\":\"ImageObject\",\"inLanguage\":\"de\",\"@id\":\"https:\\\/\\\/twojlekarz.net\\\/#\\\/schema\\\/logo\\\/image\\\/\",\"url\":\"https:\\\/\\\/i0.wp.com\\\/twojlekarz.net\\\/wp-content\\\/uploads\\\/twoj-lekarz-logo2-e1448917738554.jpg?fit=200%2C71&ssl=1\",\"contentUrl\":\"https:\\\/\\\/i0.wp.com\\\/twojlekarz.net\\\/wp-content\\\/uploads\\\/twoj-lekarz-logo2-e1448917738554.jpg?fit=200%2C71&ssl=1\",\"width\":200,\"height\":71,\"caption\":\"Przychodnia NZOZ \\\"Tw\u00f3j Lekarz\\\" sp. z o.o.\"},\"image\":{\"@id\":\"https:\\\/\\\/twojlekarz.net\\\/#\\\/schema\\\/logo\\\/image\\\/\"},\"sameAs\":[\"https:\\\/\\\/www.facebook.com\\\/NZOZTwojLekarz\\\/\"]}]}<\/script>\n<!-- \/ Yoast SEO plugin. -->","yoast_head_json":{"title":"Wroc\u0142aw - Kunickiego - Przychodnia NZOZ &quot;Tw\u00f3j Lekarz&quot; sp. z o.o.","robots":{"index":"index","follow":"follow","max-snippet":"max-snippet:-1","max-image-preview":"max-image-preview:large","max-video-preview":"max-video-preview:-1"},"canonical":"https:\/\/twojlekarz.net\/de\/wroclaw-kunickiego\/","og_locale":"de_DE","og_type":"article","og_title":"Wroc\u0142aw - Kunickiego - Przychodnia NZOZ &quot;Tw\u00f3j Lekarz&quot; sp. z o.o.","og_description":"Konsultacje &#8211; lekarze POZ: lekarz rodzinny Konsultacje-lekarze specjali\u015bci: reumatolog Diagnostyka &#8211; badania laboratoryjne &#8211; pobieranie materia\u0142u: ka\u017cdy pi\u0105tek w godzinach 8:00-10:00.","og_url":"https:\/\/twojlekarz.net\/de\/wroclaw-kunickiego\/","og_site_name":"Przychodnia NZOZ &quot;Tw\u00f3j Lekarz&quot; sp. z o.o.","article_publisher":"https:\/\/www.facebook.com\/NZOZTwojLekarz\/","article_modified_time":"2020-10-21T06:02:37+00:00","og_image":[{"width":1600,"height":550,"url":"https:\/\/twojlekarz.net\/wp-content\/uploads\/2015\/07\/kun.jpg","type":"image\/jpeg"}],"twitter_card":"summary_large_image","schema":{"@context":"https:\/\/schema.org","@graph":[{"@type":"WebPage","@id":"https:\/\/twojlekarz.net\/wroclaw-kunickiego\/","url":"https:\/\/twojlekarz.net\/wroclaw-kunickiego\/","name":"Wroc\u0142aw - Kunickiego - Przychodnia NZOZ &quot;Tw\u00f3j Lekarz&quot; sp. z o.o.","isPartOf":{"@id":"https:\/\/twojlekarz.net\/#website"},"primaryImageOfPage":{"@id":"https:\/\/twojlekarz.net\/wroclaw-kunickiego\/#primaryimage"},"image":{"@id":"https:\/\/twojlekarz.net\/wroclaw-kunickiego\/#primaryimage"},"thumbnailUrl":"https:\/\/i0.wp.com\/twojlekarz.net\/wp-content\/uploads\/2015\/07\/kun.jpg?fit=1600%2C550&ssl=1","datePublished":"2015-07-01T17:43:17+00:00","dateModified":"2020-10-21T06:02:37+00:00","breadcrumb":{"@id":"https:\/\/twojlekarz.net\/wroclaw-kunickiego\/#breadcrumb"},"inLanguage":"de","potentialAction":[{"@type":"ReadAction","target":["https:\/\/twojlekarz.net\/wroclaw-kunickiego\/"]}]},{"@type":"ImageObject","inLanguage":"de","@id":"https:\/\/twojlekarz.net\/wroclaw-kunickiego\/#primaryimage","url":"https:\/\/i0.wp.com\/twojlekarz.net\/wp-content\/uploads\/2015\/07\/kun.jpg?fit=1600%2C550&ssl=1","contentUrl":"https:\/\/i0.wp.com\/twojlekarz.net\/wp-content\/uploads\/2015\/07\/kun.jpg?fit=1600%2C550&ssl=1","width":1600,"height":550},{"@type":"BreadcrumbList","@id":"https:\/\/twojlekarz.net\/wroclaw-kunickiego\/#breadcrumb","itemListElement":[{"@type":"ListItem","position":1,"name":"Strona g\u0142\u00f3wna","item":"https:\/\/twojlekarz.net\/"},{"@type":"ListItem","position":2,"name":"Wroc\u0142aw &#8211; Kunickiego"}]},{"@type":"WebSite","@id":"https:\/\/twojlekarz.net\/#website","url":"https:\/\/twojlekarz.net\/","name":"NZOZ-Klinik \u201eTw\u00f3j Doktor\u201c sp","description":"","publisher":{"@id":"https:\/\/twojlekarz.net\/#organization"},"potentialAction":[{"@type":"SearchAction","target":{"@type":"EntryPoint","urlTemplate":"https:\/\/twojlekarz.net\/?s={search_term_string}"},"query-input":{"@type":"PropertyValueSpecification","valueRequired":true,"valueName":"search_term_string"}}],"inLanguage":"de"},{"@type":"Organization","@id":"https:\/\/twojlekarz.net\/#organization","name":"NZOZ-Klinik \u201eTw\u00f3j Doktor\u201c sp","url":"https:\/\/twojlekarz.net\/","logo":{"@type":"ImageObject","inLanguage":"de","@id":"https:\/\/twojlekarz.net\/#\/schema\/logo\/image\/","url":"https:\/\/i0.wp.com\/twojlekarz.net\/wp-content\/uploads\/twoj-lekarz-logo2-e1448917738554.jpg?fit=200%2C71&ssl=1","contentUrl":"https:\/\/i0.wp.com\/twojlekarz.net\/wp-content\/uploads\/twoj-lekarz-logo2-e1448917738554.jpg?fit=200%2C71&ssl=1","width":200,"height":71,"caption":"Przychodnia NZOZ \"Tw\u00f3j Lekarz\" sp. z o.o."},"image":{"@id":"https:\/\/twojlekarz.net\/#\/schema\/logo\/image\/"},"sameAs":["https:\/\/www.facebook.com\/NZOZTwojLekarz\/"]}]}},"jetpack_sharing_enabled":true,"_links":{"self":[{"href":"https:\/\/twojlekarz.net\/de\/wp-json\/wp\/v2\/pages\/253","targetHints":{"allow":["GET"]}}],"collection":[{"href":"https:\/\/twojlekarz.net\/de\/wp-json\/wp\/v2\/pages"}],"about":[{"href":"https:\/\/twojlekarz.net\/de\/wp-json\/wp\/v2\/types\/page"}],"author":[{"embeddable":true,"href":"https:\/\/twojlekarz.net\/de\/wp-json\/wp\/v2\/users\/1"}],"replies":[{"embeddable":true,"href":"https:\/\/twojlekarz.net\/de\/wp-json\/wp\/v2\/comments?post=253"}],"version-history":[{"count":0,"href":"https:\/\/twojlekarz.net\/de\/wp-json\/wp\/v2\/pages\/253\/revisions"}],"wp:featuredmedia":[{"embeddable":true,"href":"https:\/\/twojlekarz.net\/de\/wp-json\/wp\/v2\/media\/1146"}],"wp:attachment":[{"href":"https:\/\/twojlekarz.net\/de\/wp-json\/wp\/v2\/media?parent=253"}],"wp:term":[{"taxonomy":"category","embeddable":true,"href":"https:\/\/twojlekarz.net\/de\/wp-json\/wp\/v2\/categories?post=253"},{"taxonomy":"post_tag","embeddable":true,"href":"https:\/\/twojlekarz.net\/de\/wp-json\/wp\/v2\/tags?post=253"}],"curies":[{"name":"wp","href":"https:\/\/api.w.org\/{rel}","templated":true}]}}