{"id":5600,"date":"2020-10-06T10:39:46","date_gmt":"2020-10-06T10:39:46","guid":{"rendered":"https:\/\/twojlekarz.net.pl\/?page_id=5600"},"modified":"2021-12-28T10:49:07","modified_gmt":"2021-12-28T10:49:07","slug":"zostan-naszym-pacjentem-old","status":"publish","type":"page","link":"https:\/\/twojlekarz.net\/de\/zostan-naszym-pacjentem-old\/","title":{"rendered":"Werden Sie unser Patient"},"content":{"rendered":"<p><strong>NZOZ \u201eIhr Arzt\u201c<\/strong> \u015bwiadczy us\u0142ugi medyczne w zakresie <strong>Prim\u00e4re Gesundheitsversorgung<\/strong> w ramach kontraktu z <strong>Nationaler Gesundheitsfonds<\/strong>. Pacjenci, kt\u00f3rzy chc\u0105 z nich korzysta\u0107 zobowi\u0105zani s\u0105 do z\u0142o\u017cenia deklaracji wyboru przychodni.<\/p>\n\n\n\n<p>Ze wzgl\u0119du na pandemi\u0119 <strong>COVID 19<\/strong> polecamy:<\/p>\n\n\n\n<ul class=\"wp-block-list\"><li>pobranie dokumentu z naszej strony internetowej,<\/li><li>dok\u0142adne wype\u0142nienie, wydrukowanie i podpisanie formularza,<\/li><li>wys\u0142anie skanu podpisanej deklaracji na adres <a href=\"mailto:deklaracje@localhost\"><strong>Erkl\u00e4rungen@localhost<\/strong><\/a><\/li><\/ul>\n\n\n\n<p><\/p>\n\n\n\n<p><p>Dokumenty do pobrania:\n<br><a href=\"https:\/\/twojlekarz.net\/wp-content\/uploads\/2020\/deklaracja-lekarz-pielegniarka-polozna-poz_v1.pdf\" target=\"_blank\" rel=\"noreferrer noopener nofollow\">DEKLARACJA &#8211; KOBIETA<\/a>\n<br><a href=\"https:\/\/twojlekarz.net\/wp-content\/uploads\/2020\/deklaracja-lekarz-pielegniarka-poz_v1.pdf\" target=\"_blank\" rel=\"noreferrer noopener nofollow\">DEKLARACJA \u2013 M\u0118\u017bCZYZNA<\/a>\n<br><a href=\"https:\/\/twojlekarz.net\/wp-content\/uploads\/2020\/deklaracja-lekarz-pielegniarka-polozna-poz_v1.pdf\" target=\"_blank\" rel=\"noreferrer noopener nofollow\">DEKLARACJA &#8211; noworodek p\u0142ci m\u0119skiej do uko\u0144czenia drugiego miesi\u0105ca \u017cycia<\/a><p><br><\/p>\n\n\n\n<p><\/p>\n\n\n\n<p>AUFMERKSAMKEIT!<br>In den Auswahlfeldern f\u00fcr \u00c4rzte, Pflegekr\u00e4fte und Hebammen werden die Namen der f\u00fcr die Betreuung der einzelnen Abteilungen zust\u00e4ndigen Mitglieder Ihres NZOZ-\u00c4rzteteams angezeigt. Die Eingabe eines bestimmten Namens schr\u00e4nkt die Inanspruchnahme der Leistungen des gesamten Einrichtungspersonals nicht ein.<br><\/p>\n\n\n\n<p>Informujemy r\u00f3wnie\u017c, \u017ce osoby posiadaj\u0105ce Indywidualne Konta Pacjenta mog\u0105 sk\u0142ada\u0107 deklaracje do przychodni drog\u0105 elektroniczn\u0105, za po\u015brednictwem tego systemu. Deklaracje przyst\u0105pienia do przychodni mo\u017cna tak\u017ce wype\u0142nia\u0107 i sk\u0142ada\u0107 osobi\u015bcie we wszystkich plac\u00f3wkach NZOZ Tw\u00f3j Lekarz.<\/p>","protected":false},"excerpt":{"rendered":"<p>NZOZ \u201eTw\u00f3j Lekarz\u201d \u015bwiadczy us\u0142ugi medyczne w zakresie Podstawowej Opieki Zdrowotnej w ramach kontraktu z Narodowym Funduszem Zdrowia. Pacjenci, kt\u00f3rzy chc\u0105 z nich korzysta\u0107 zobowi\u0105zani s\u0105 do z\u0142o\u017cenia deklaracji wyboru przychodni. Ze wzgl\u0119du na pandemi\u0119 COVID-19 polecamy: pobranie dokumentu z naszej strony internetowej, dok\u0142adne wype\u0142nienie, wydrukowanie i podpisanie formularza, wys\u0142anie skanu podpisanej deklaracji na adres [&hellip;]<\/p>\n","protected":false},"author":2,"featured_media":9894,"parent":0,"menu_order":0,"comment_status":"closed","ping_status":"closed","template":"","meta":{"footnotes":"","_wp_rev_ctl_limit":""},"categories":[9],"tags":[],"class_list":["post-5600","page","type-page","status-publish","has-post-thumbnail","hentry","category-poradnik-pacjenta"],"yoast_head":"<!-- This site is optimized with the Yoast SEO plugin v27.3 - https:\/\/yoast.com\/product\/yoast-seo-wordpress\/ -->\n<title>Zosta\u0144 naszym pacjentem - Przychodnia NZOZ &quot;Tw\u00f3j Lekarz&quot; sp. z o.o.<\/title>\n<meta name=\"robots\" content=\"index, follow, max-snippet:-1, max-image-preview:large, max-video-preview:-1\" \/>\n<link rel=\"canonical\" href=\"https:\/\/twojlekarz.net\/de\/zostan-naszym-pacjentem-old\/\" \/>\n<meta property=\"og:locale\" content=\"de_DE\" \/>\n<meta property=\"og:type\" content=\"article\" \/>\n<meta property=\"og:title\" content=\"Zosta\u0144 naszym pacjentem - Przychodnia NZOZ &quot;Tw\u00f3j Lekarz&quot; sp. z o.o.\" \/>\n<meta property=\"og:description\" content=\"NZOZ \u201eTw\u00f3j Lekarz\u201d \u015bwiadczy us\u0142ugi medyczne w zakresie Podstawowej Opieki Zdrowotnej w ramach kontraktu z Narodowym Funduszem Zdrowia. Pacjenci, kt\u00f3rzy chc\u0105 z nich korzysta\u0107 zobowi\u0105zani s\u0105 do z\u0142o\u017cenia deklaracji wyboru przychodni. Ze wzgl\u0119du na pandemi\u0119 COVID-19 polecamy: pobranie dokumentu z naszej strony internetowej, dok\u0142adne wype\u0142nienie, wydrukowanie i podpisanie formularza, wys\u0142anie skanu podpisanej deklaracji na adres [&hellip;]\" \/>\n<meta property=\"og:url\" content=\"https:\/\/twojlekarz.net\/de\/zostan-naszym-pacjentem-old\/\" \/>\n<meta property=\"og:site_name\" content=\"Przychodnia NZOZ &quot;Tw\u00f3j Lekarz&quot; sp. z o.o.\" \/>\n<meta property=\"article:publisher\" content=\"https:\/\/www.facebook.com\/NZOZTwojLekarz\/\" \/>\n<meta property=\"article:modified_time\" content=\"2021-12-28T10:49:07+00:00\" \/>\n<meta name=\"twitter:card\" content=\"summary_large_image\" \/>\n<meta name=\"twitter:label1\" content=\"Gesch\u00e4tzte Lesezeit\" \/>\n\t<meta name=\"twitter:data1\" content=\"1\u00a0Minute\" \/>\n<script type=\"application\/ld+json\" class=\"yoast-schema-graph\">{\"@context\":\"https:\\\/\\\/schema.org\",\"@graph\":[{\"@type\":\"WebPage\",\"@id\":\"https:\\\/\\\/twojlekarz.net\\\/zostan-naszym-pacjentem-old\\\/\",\"url\":\"https:\\\/\\\/twojlekarz.net\\\/zostan-naszym-pacjentem-old\\\/\",\"name\":\"Zosta\u0144 naszym pacjentem - Przychodnia NZOZ &quot;Tw\u00f3j Lekarz&quot; sp. z o.o.\",\"isPartOf\":{\"@id\":\"https:\\\/\\\/twojlekarz.net\\\/#website\"},\"primaryImageOfPage\":{\"@id\":\"https:\\\/\\\/twojlekarz.net\\\/zostan-naszym-pacjentem-old\\\/#primaryimage\"},\"image\":{\"@id\":\"https:\\\/\\\/twojlekarz.net\\\/zostan-naszym-pacjentem-old\\\/#primaryimage\"},\"thumbnailUrl\":\"https:\\\/\\\/i0.wp.com\\\/twojlekarz.net\\\/wp-content\\\/uploads\\\/KN0A1278-1-1.jpg?fit=1009%2C757&ssl=1\",\"datePublished\":\"2020-10-06T10:39:46+00:00\",\"dateModified\":\"2021-12-28T10:49:07+00:00\",\"breadcrumb\":{\"@id\":\"https:\\\/\\\/twojlekarz.net\\\/zostan-naszym-pacjentem-old\\\/#breadcrumb\"},\"inLanguage\":\"de\",\"potentialAction\":[{\"@type\":\"ReadAction\",\"target\":[\"https:\\\/\\\/twojlekarz.net\\\/zostan-naszym-pacjentem-old\\\/\"]}]},{\"@type\":\"ImageObject\",\"inLanguage\":\"de\",\"@id\":\"https:\\\/\\\/twojlekarz.net\\\/zostan-naszym-pacjentem-old\\\/#primaryimage\",\"url\":\"https:\\\/\\\/i0.wp.com\\\/twojlekarz.net\\\/wp-content\\\/uploads\\\/KN0A1278-1-1.jpg?fit=1009%2C757&ssl=1\",\"contentUrl\":\"https:\\\/\\\/i0.wp.com\\\/twojlekarz.net\\\/wp-content\\\/uploads\\\/KN0A1278-1-1.jpg?fit=1009%2C757&ssl=1\",\"width\":1009,\"height\":757},{\"@type\":\"BreadcrumbList\",\"@id\":\"https:\\\/\\\/twojlekarz.net\\\/zostan-naszym-pacjentem-old\\\/#breadcrumb\",\"itemListElement\":[{\"@type\":\"ListItem\",\"position\":1,\"name\":\"Strona g\u0142\u00f3wna\",\"item\":\"https:\\\/\\\/twojlekarz.net\\\/\"},{\"@type\":\"ListItem\",\"position\":2,\"name\":\"Zosta\u0144 naszym pacjentem\"}]},{\"@type\":\"WebSite\",\"@id\":\"https:\\\/\\\/twojlekarz.net\\\/#website\",\"url\":\"https:\\\/\\\/twojlekarz.net\\\/\",\"name\":\"Przychodnia NZOZ \\\"Tw\u00f3j Lekarz\\\" sp. z o.o.\",\"description\":\"\",\"publisher\":{\"@id\":\"https:\\\/\\\/twojlekarz.net\\\/#organization\"},\"potentialAction\":[{\"@type\":\"SearchAction\",\"target\":{\"@type\":\"EntryPoint\",\"urlTemplate\":\"https:\\\/\\\/twojlekarz.net\\\/?s={search_term_string}\"},\"query-input\":{\"@type\":\"PropertyValueSpecification\",\"valueRequired\":true,\"valueName\":\"search_term_string\"}}],\"inLanguage\":\"de\"},{\"@type\":\"Organization\",\"@id\":\"https:\\\/\\\/twojlekarz.net\\\/#organization\",\"name\":\"Przychodnia NZOZ \\\"Tw\u00f3j Lekarz\\\" sp. z o.o.\",\"url\":\"https:\\\/\\\/twojlekarz.net\\\/\",\"logo\":{\"@type\":\"ImageObject\",\"inLanguage\":\"de\",\"@id\":\"https:\\\/\\\/twojlekarz.net\\\/#\\\/schema\\\/logo\\\/image\\\/\",\"url\":\"https:\\\/\\\/i0.wp.com\\\/twojlekarz.net\\\/wp-content\\\/uploads\\\/twoj-lekarz-logo2-e1448917738554.jpg?fit=200%2C71&ssl=1\",\"contentUrl\":\"https:\\\/\\\/i0.wp.com\\\/twojlekarz.net\\\/wp-content\\\/uploads\\\/twoj-lekarz-logo2-e1448917738554.jpg?fit=200%2C71&ssl=1\",\"width\":200,\"height\":71,\"caption\":\"Przychodnia NZOZ \\\"Tw\u00f3j Lekarz\\\" sp. z o.o.\"},\"image\":{\"@id\":\"https:\\\/\\\/twojlekarz.net\\\/#\\\/schema\\\/logo\\\/image\\\/\"},\"sameAs\":[\"https:\\\/\\\/www.facebook.com\\\/NZOZTwojLekarz\\\/\"]}]}<\/script>\n<!-- \/ Yoast SEO plugin. -->","yoast_head_json":{"title":"Zosta\u0144 naszym pacjentem - Przychodnia NZOZ &quot;Tw\u00f3j Lekarz&quot; sp. z o.o.","robots":{"index":"index","follow":"follow","max-snippet":"max-snippet:-1","max-image-preview":"max-image-preview:large","max-video-preview":"max-video-preview:-1"},"canonical":"https:\/\/twojlekarz.net\/de\/zostan-naszym-pacjentem-old\/","og_locale":"de_DE","og_type":"article","og_title":"Zosta\u0144 naszym pacjentem - Przychodnia NZOZ &quot;Tw\u00f3j Lekarz&quot; sp. z o.o.","og_description":"NZOZ \u201eTw\u00f3j Lekarz\u201d \u015bwiadczy us\u0142ugi medyczne w zakresie Podstawowej Opieki Zdrowotnej w ramach kontraktu z Narodowym Funduszem Zdrowia. Pacjenci, kt\u00f3rzy chc\u0105 z nich korzysta\u0107 zobowi\u0105zani s\u0105 do z\u0142o\u017cenia deklaracji wyboru przychodni. Ze wzgl\u0119du na pandemi\u0119 COVID-19 polecamy: pobranie dokumentu z naszej strony internetowej, dok\u0142adne wype\u0142nienie, wydrukowanie i podpisanie formularza, wys\u0142anie skanu podpisanej deklaracji na adres [&hellip;]","og_url":"https:\/\/twojlekarz.net\/de\/zostan-naszym-pacjentem-old\/","og_site_name":"Przychodnia NZOZ &quot;Tw\u00f3j Lekarz&quot; sp. z o.o.","article_publisher":"https:\/\/www.facebook.com\/NZOZTwojLekarz\/","article_modified_time":"2021-12-28T10:49:07+00:00","twitter_card":"summary_large_image","twitter_misc":{"Gesch\u00e4tzte Lesezeit":"1\u00a0Minute"},"schema":{"@context":"https:\/\/schema.org","@graph":[{"@type":"WebPage","@id":"https:\/\/twojlekarz.net\/zostan-naszym-pacjentem-old\/","url":"https:\/\/twojlekarz.net\/zostan-naszym-pacjentem-old\/","name":"Zosta\u0144 naszym pacjentem - Przychodnia NZOZ &quot;Tw\u00f3j Lekarz&quot; sp. z o.o.","isPartOf":{"@id":"https:\/\/twojlekarz.net\/#website"},"primaryImageOfPage":{"@id":"https:\/\/twojlekarz.net\/zostan-naszym-pacjentem-old\/#primaryimage"},"image":{"@id":"https:\/\/twojlekarz.net\/zostan-naszym-pacjentem-old\/#primaryimage"},"thumbnailUrl":"https:\/\/i0.wp.com\/twojlekarz.net\/wp-content\/uploads\/KN0A1278-1-1.jpg?fit=1009%2C757&ssl=1","datePublished":"2020-10-06T10:39:46+00:00","dateModified":"2021-12-28T10:49:07+00:00","breadcrumb":{"@id":"https:\/\/twojlekarz.net\/zostan-naszym-pacjentem-old\/#breadcrumb"},"inLanguage":"de","potentialAction":[{"@type":"ReadAction","target":["https:\/\/twojlekarz.net\/zostan-naszym-pacjentem-old\/"]}]},{"@type":"ImageObject","inLanguage":"de","@id":"https:\/\/twojlekarz.net\/zostan-naszym-pacjentem-old\/#primaryimage","url":"https:\/\/i0.wp.com\/twojlekarz.net\/wp-content\/uploads\/KN0A1278-1-1.jpg?fit=1009%2C757&ssl=1","contentUrl":"https:\/\/i0.wp.com\/twojlekarz.net\/wp-content\/uploads\/KN0A1278-1-1.jpg?fit=1009%2C757&ssl=1","width":1009,"height":757},{"@type":"BreadcrumbList","@id":"https:\/\/twojlekarz.net\/zostan-naszym-pacjentem-old\/#breadcrumb","itemListElement":[{"@type":"ListItem","position":1,"name":"Strona g\u0142\u00f3wna","item":"https:\/\/twojlekarz.net\/"},{"@type":"ListItem","position":2,"name":"Zosta\u0144 naszym pacjentem"}]},{"@type":"WebSite","@id":"https:\/\/twojlekarz.net\/#website","url":"https:\/\/twojlekarz.net\/","name":"NZOZ-Klinik \u201eTw\u00f3j Doktor\u201c sp","description":"","publisher":{"@id":"https:\/\/twojlekarz.net\/#organization"},"potentialAction":[{"@type":"SearchAction","target":{"@type":"EntryPoint","urlTemplate":"https:\/\/twojlekarz.net\/?s={search_term_string}"},"query-input":{"@type":"PropertyValueSpecification","valueRequired":true,"valueName":"search_term_string"}}],"inLanguage":"de"},{"@type":"Organization","@id":"https:\/\/twojlekarz.net\/#organization","name":"NZOZ-Klinik \u201eTw\u00f3j Doktor\u201c sp","url":"https:\/\/twojlekarz.net\/","logo":{"@type":"ImageObject","inLanguage":"de","@id":"https:\/\/twojlekarz.net\/#\/schema\/logo\/image\/","url":"https:\/\/i0.wp.com\/twojlekarz.net\/wp-content\/uploads\/twoj-lekarz-logo2-e1448917738554.jpg?fit=200%2C71&ssl=1","contentUrl":"https:\/\/i0.wp.com\/twojlekarz.net\/wp-content\/uploads\/twoj-lekarz-logo2-e1448917738554.jpg?fit=200%2C71&ssl=1","width":200,"height":71,"caption":"Przychodnia NZOZ \"Tw\u00f3j Lekarz\" sp. z o.o."},"image":{"@id":"https:\/\/twojlekarz.net\/#\/schema\/logo\/image\/"},"sameAs":["https:\/\/www.facebook.com\/NZOZTwojLekarz\/"]}]}},"jetpack_sharing_enabled":true,"_links":{"self":[{"href":"https:\/\/twojlekarz.net\/de\/wp-json\/wp\/v2\/pages\/5600","targetHints":{"allow":["GET"]}}],"collection":[{"href":"https:\/\/twojlekarz.net\/de\/wp-json\/wp\/v2\/pages"}],"about":[{"href":"https:\/\/twojlekarz.net\/de\/wp-json\/wp\/v2\/types\/page"}],"author":[{"embeddable":true,"href":"https:\/\/twojlekarz.net\/de\/wp-json\/wp\/v2\/users\/2"}],"replies":[{"embeddable":true,"href":"https:\/\/twojlekarz.net\/de\/wp-json\/wp\/v2\/comments?post=5600"}],"version-history":[{"count":0,"href":"https:\/\/twojlekarz.net\/de\/wp-json\/wp\/v2\/pages\/5600\/revisions"}],"wp:featuredmedia":[{"embeddable":true,"href":"https:\/\/twojlekarz.net\/de\/wp-json\/wp\/v2\/media\/9894"}],"wp:attachment":[{"href":"https:\/\/twojlekarz.net\/de\/wp-json\/wp\/v2\/media?parent=5600"}],"wp:term":[{"taxonomy":"category","embeddable":true,"href":"https:\/\/twojlekarz.net\/de\/wp-json\/wp\/v2\/categories?post=5600"},{"taxonomy":"post_tag","embeddable":true,"href":"https:\/\/twojlekarz.net\/de\/wp-json\/wp\/v2\/tags?post=5600"}],"curies":[{"name":"wp","href":"https:\/\/api.w.org\/{rel}","templated":true}]}}