{"id":138,"date":"2015-05-08T22:29:18","date_gmt":"2015-05-08T22:29:18","guid":{"rendered":"Pacjenci leczeni w NZOZ \u201eTw\u00f3j Lekarz\u201d mog\u0105 otrzyma\u0107 recepty na leki przyjmowane przewlekle zgodnie z wcze\u015bniejszymi zaleceniami lekarskimi.\r\n\r\nW tym celu nale\u017cy zg\u0142osi\u0107 <strong>osobi\u015bcie<\/strong> zapotrzebowanie na leki w rejestracji w plac\u00f3wkach \u201eTw\u00f3j Le"},"modified":"2015-05-12T18:04:07","modified_gmt":"2015-05-12T18:04:07","slug":"zamow-recepte","status":"publish","type":"page","link":"https:\/\/twojlekarz.net\/es\/zamow-recepte\/","title":{"rendered":"Solicitar una receta"},"content":{"rendered":"<p>Pacjenci leczeni w NZOZ \u201eTw\u00f3j Lekarz\u201d mog\u0105 otrzyma\u0107 recepty na leki przyjmowane przewlekle zgodnie z wcze\u015bniejszymi zaleceniami lekarskimi.<\/p>\n<p>W tym celu nale\u017cy zg\u0142osi\u0107 <strong>osobi\u015bcie<\/strong> zapotrzebowanie na leki w rejestracji w plac\u00f3wkach \u201eTw\u00f3j Lekarz\u201d.<\/p>\n<p>Wypisane przez lekarza recepty wydane zostan\u0105 dwa dni od dnia zg\u0142oszenia zapotrzebowania w rejestracji.<\/p>\n<p>Je\u017celi pacjent nie by\u0142 konsultowany przez lekarza d\u0142u\u017cej ni\u017c 3 miesi\u0105ce nie mo\u017ce otrzyma\u0107 recepty na leki bez wizyty lekarskiej.<\/p>","protected":false},"excerpt":{"rendered":"<p>Los pacientes atendidos en el Centro Nacional de Salud P\u00fablica &quot;Tw\u00f3j Lekarz&quot; (Su M\u00e9dico) pueden recibir recetas para medicamentos cr\u00f3nicos, seg\u00fan lo recomendado previamente por un m\u00e9dico. Para ello, deben informar personalmente sobre sus necesidades de medicaci\u00f3n en el mostrador de registro de los centros &quot;Tw\u00f3j Lekarz&quot; (Su M\u00e9dico). Las recetas se emitir\u00e1n dos d\u00edas despu\u00e9s de presentar la solicitud en el mostrador de registro. Si el paciente no ha consultado con un m\u00e9dico durante un per\u00edodo prolongado, [\u2026]<\/p>","protected":false},"author":1,"featured_media":9894,"parent":0,"menu_order":0,"comment_status":"open","ping_status":"open","template":"","meta":{"footnotes":"","_wp_rev_ctl_limit":""},"categories":[9],"tags":[],"class_list":["post-138","page","type-page","status-publish","has-post-thumbnail","hentry","category-poradnik-pacjenta"],"yoast_head":"<!-- This site is optimized with the Yoast SEO plugin v26.7 - https:\/\/yoast.com\/wordpress\/plugins\/seo\/ -->\n<title>Zam\u00f3w recept\u0119 - Przychodnia NZOZ &quot;Tw\u00f3j Lekarz&quot; sp. z o.o.<\/title>\n<meta name=\"robots\" content=\"index, follow, max-snippet:-1, max-image-preview:large, max-video-preview:-1\" \/>\n<link rel=\"canonical\" href=\"https:\/\/twojlekarz.net\/es\/zamow-recepte\/\" \/>\n<meta property=\"og:locale\" content=\"es_ES\" \/>\n<meta property=\"og:type\" content=\"article\" \/>\n<meta property=\"og:title\" content=\"Zam\u00f3w recept\u0119 - Przychodnia NZOZ &quot;Tw\u00f3j Lekarz&quot; sp. z o.o.\" \/>\n<meta property=\"og:description\" content=\"Pacjenci leczeni w NZOZ \u201eTw\u00f3j Lekarz\u201d mog\u0105 otrzyma\u0107 recepty na leki przyjmowane przewlekle zgodnie z wcze\u015bniejszymi zaleceniami lekarskimi. W tym celu nale\u017cy zg\u0142osi\u0107 osobi\u015bcie zapotrzebowanie na leki w rejestracji w plac\u00f3wkach \u201eTw\u00f3j Lekarz\u201d. Wypisane przez lekarza recepty wydane zostan\u0105 dwa dni od dnia zg\u0142oszenia zapotrzebowania w rejestracji. Je\u017celi pacjent nie by\u0142 konsultowany przez lekarza d\u0142u\u017cej [&hellip;]\" \/>\n<meta property=\"og:url\" content=\"https:\/\/twojlekarz.net\/es\/zamow-recepte\/\" \/>\n<meta property=\"og:site_name\" content=\"Przychodnia NZOZ &quot;Tw\u00f3j Lekarz&quot; sp. z o.o.\" \/>\n<meta property=\"article:publisher\" content=\"https:\/\/www.facebook.com\/NZOZTwojLekarz\/\" \/>\n<meta property=\"article:modified_time\" content=\"2015-05-12T18:04:07+00:00\" \/>\n<meta name=\"twitter:card\" content=\"summary_large_image\" \/>\n<script type=\"application\/ld+json\" class=\"yoast-schema-graph\">{\"@context\":\"https:\/\/schema.org\",\"@graph\":[{\"@type\":\"WebPage\",\"@id\":\"https:\/\/twojlekarz.net\/zamow-recepte\/\",\"url\":\"https:\/\/twojlekarz.net\/zamow-recepte\/\",\"name\":\"Zam\u00f3w recept\u0119 - Przychodnia NZOZ &quot;Tw\u00f3j Lekarz&quot; sp. z o.o.\",\"isPartOf\":{\"@id\":\"https:\/\/twojlekarz.net\/#website\"},\"primaryImageOfPage\":{\"@id\":\"https:\/\/twojlekarz.net\/zamow-recepte\/#primaryimage\"},\"image\":{\"@id\":\"https:\/\/twojlekarz.net\/zamow-recepte\/#primaryimage\"},\"thumbnailUrl\":\"https:\/\/i0.wp.com\/twojlekarz.net\/wp-content\/uploads\/KN0A1278-1-1.jpg?fit=1009%2C757&ssl=1\",\"datePublished\":\"2015-05-08T22:29:18+00:00\",\"dateModified\":\"2015-05-12T18:04:07+00:00\",\"breadcrumb\":{\"@id\":\"https:\/\/twojlekarz.net\/zamow-recepte\/#breadcrumb\"},\"inLanguage\":\"es\",\"potentialAction\":[{\"@type\":\"ReadAction\",\"target\":[\"https:\/\/twojlekarz.net\/zamow-recepte\/\"]}]},{\"@type\":\"ImageObject\",\"inLanguage\":\"es\",\"@id\":\"https:\/\/twojlekarz.net\/zamow-recepte\/#primaryimage\",\"url\":\"https:\/\/i0.wp.com\/twojlekarz.net\/wp-content\/uploads\/KN0A1278-1-1.jpg?fit=1009%2C757&ssl=1\",\"contentUrl\":\"https:\/\/i0.wp.com\/twojlekarz.net\/wp-content\/uploads\/KN0A1278-1-1.jpg?fit=1009%2C757&ssl=1\",\"width\":1009,\"height\":757},{\"@type\":\"BreadcrumbList\",\"@id\":\"https:\/\/twojlekarz.net\/zamow-recepte\/#breadcrumb\",\"itemListElement\":[{\"@type\":\"ListItem\",\"position\":1,\"name\":\"Strona g\u0142\u00f3wna\",\"item\":\"https:\/\/twojlekarz.net\/\"},{\"@type\":\"ListItem\",\"position\":2,\"name\":\"Zam\u00f3w recept\u0119\"}]},{\"@type\":\"WebSite\",\"@id\":\"https:\/\/twojlekarz.net\/#website\",\"url\":\"https:\/\/twojlekarz.net\/\",\"name\":\"Przychodnia NZOZ \\\"Tw\u00f3j Lekarz\\\" sp. z o.o.\",\"description\":\"\",\"publisher\":{\"@id\":\"https:\/\/twojlekarz.net\/#organization\"},\"potentialAction\":[{\"@type\":\"SearchAction\",\"target\":{\"@type\":\"EntryPoint\",\"urlTemplate\":\"https:\/\/twojlekarz.net\/?s={search_term_string}\"},\"query-input\":{\"@type\":\"PropertyValueSpecification\",\"valueRequired\":true,\"valueName\":\"search_term_string\"}}],\"inLanguage\":\"es\"},{\"@type\":\"Organization\",\"@id\":\"https:\/\/twojlekarz.net\/#organization\",\"name\":\"Przychodnia NZOZ \\\"Tw\u00f3j Lekarz\\\" sp. z o.o.\",\"url\":\"https:\/\/twojlekarz.net\/\",\"logo\":{\"@type\":\"ImageObject\",\"inLanguage\":\"es\",\"@id\":\"https:\/\/twojlekarz.net\/#\/schema\/logo\/image\/\",\"url\":\"https:\/\/i0.wp.com\/twojlekarz.net\/wp-content\/uploads\/twoj-lekarz-logo2-e1448917738554.jpg?fit=200%2C71&ssl=1\",\"contentUrl\":\"https:\/\/i0.wp.com\/twojlekarz.net\/wp-content\/uploads\/twoj-lekarz-logo2-e1448917738554.jpg?fit=200%2C71&ssl=1\",\"width\":200,\"height\":71,\"caption\":\"Przychodnia NZOZ \\\"Tw\u00f3j Lekarz\\\" sp. z o.o.\"},\"image\":{\"@id\":\"https:\/\/twojlekarz.net\/#\/schema\/logo\/image\/\"},\"sameAs\":[\"https:\/\/www.facebook.com\/NZOZTwojLekarz\/\"]}]}<\/script>\n<!-- \/ Yoast SEO plugin. -->","yoast_head_json":{"title":"Zam\u00f3w recept\u0119 - Przychodnia NZOZ &quot;Tw\u00f3j Lekarz&quot; sp. z o.o.","robots":{"index":"index","follow":"follow","max-snippet":"max-snippet:-1","max-image-preview":"max-image-preview:large","max-video-preview":"max-video-preview:-1"},"canonical":"https:\/\/twojlekarz.net\/es\/zamow-recepte\/","og_locale":"es_ES","og_type":"article","og_title":"Zam\u00f3w recept\u0119 - Przychodnia NZOZ &quot;Tw\u00f3j Lekarz&quot; sp. z o.o.","og_description":"Pacjenci leczeni w NZOZ \u201eTw\u00f3j Lekarz\u201d mog\u0105 otrzyma\u0107 recepty na leki przyjmowane przewlekle zgodnie z wcze\u015bniejszymi zaleceniami lekarskimi. W tym celu nale\u017cy zg\u0142osi\u0107 osobi\u015bcie zapotrzebowanie na leki w rejestracji w plac\u00f3wkach \u201eTw\u00f3j Lekarz\u201d. Wypisane przez lekarza recepty wydane zostan\u0105 dwa dni od dnia zg\u0142oszenia zapotrzebowania w rejestracji. Je\u017celi pacjent nie by\u0142 konsultowany przez lekarza d\u0142u\u017cej [&hellip;]","og_url":"https:\/\/twojlekarz.net\/es\/zamow-recepte\/","og_site_name":"Przychodnia NZOZ &quot;Tw\u00f3j Lekarz&quot; sp. z o.o.","article_publisher":"https:\/\/www.facebook.com\/NZOZTwojLekarz\/","article_modified_time":"2015-05-12T18:04:07+00:00","twitter_card":"summary_large_image","schema":{"@context":"https:\/\/schema.org","@graph":[{"@type":"WebPage","@id":"https:\/\/twojlekarz.net\/zamow-recepte\/","url":"https:\/\/twojlekarz.net\/zamow-recepte\/","name":"Zam\u00f3w recept\u0119 - Przychodnia NZOZ &quot;Tw\u00f3j Lekarz&quot; sp. z o.o.","isPartOf":{"@id":"https:\/\/twojlekarz.net\/#website"},"primaryImageOfPage":{"@id":"https:\/\/twojlekarz.net\/zamow-recepte\/#primaryimage"},"image":{"@id":"https:\/\/twojlekarz.net\/zamow-recepte\/#primaryimage"},"thumbnailUrl":"https:\/\/i0.wp.com\/twojlekarz.net\/wp-content\/uploads\/KN0A1278-1-1.jpg?fit=1009%2C757&ssl=1","datePublished":"2015-05-08T22:29:18+00:00","dateModified":"2015-05-12T18:04:07+00:00","breadcrumb":{"@id":"https:\/\/twojlekarz.net\/zamow-recepte\/#breadcrumb"},"inLanguage":"es","potentialAction":[{"@type":"ReadAction","target":["https:\/\/twojlekarz.net\/zamow-recepte\/"]}]},{"@type":"ImageObject","inLanguage":"es","@id":"https:\/\/twojlekarz.net\/zamow-recepte\/#primaryimage","url":"https:\/\/i0.wp.com\/twojlekarz.net\/wp-content\/uploads\/KN0A1278-1-1.jpg?fit=1009%2C757&ssl=1","contentUrl":"https:\/\/i0.wp.com\/twojlekarz.net\/wp-content\/uploads\/KN0A1278-1-1.jpg?fit=1009%2C757&ssl=1","width":1009,"height":757},{"@type":"BreadcrumbList","@id":"https:\/\/twojlekarz.net\/zamow-recepte\/#breadcrumb","itemListElement":[{"@type":"ListItem","position":1,"name":"Strona g\u0142\u00f3wna","item":"https:\/\/twojlekarz.net\/"},{"@type":"ListItem","position":2,"name":"Zam\u00f3w recept\u0119"}]},{"@type":"WebSite","@id":"https:\/\/twojlekarz.net\/#website","url":"https:\/\/twojlekarz.net\/","name":"Cl\u00ednica NZOZ &quot;Tw\u00f3j Doktor&quot; sp.","description":"","publisher":{"@id":"https:\/\/twojlekarz.net\/#organization"},"potentialAction":[{"@type":"SearchAction","target":{"@type":"EntryPoint","urlTemplate":"https:\/\/twojlekarz.net\/?s={search_term_string}"},"query-input":{"@type":"PropertyValueSpecification","valueRequired":true,"valueName":"search_term_string"}}],"inLanguage":"es"},{"@type":"Organization","@id":"https:\/\/twojlekarz.net\/#organization","name":"Cl\u00ednica NZOZ &quot;Tw\u00f3j Doktor&quot; sp.","url":"https:\/\/twojlekarz.net\/","logo":{"@type":"ImageObject","inLanguage":"es","@id":"https:\/\/twojlekarz.net\/#\/schema\/logo\/image\/","url":"https:\/\/i0.wp.com\/twojlekarz.net\/wp-content\/uploads\/twoj-lekarz-logo2-e1448917738554.jpg?fit=200%2C71&ssl=1","contentUrl":"https:\/\/i0.wp.com\/twojlekarz.net\/wp-content\/uploads\/twoj-lekarz-logo2-e1448917738554.jpg?fit=200%2C71&ssl=1","width":200,"height":71,"caption":"Przychodnia NZOZ \"Tw\u00f3j Lekarz\" sp. z o.o."},"image":{"@id":"https:\/\/twojlekarz.net\/#\/schema\/logo\/image\/"},"sameAs":["https:\/\/www.facebook.com\/NZOZTwojLekarz\/"]}]}},"jetpack_sharing_enabled":true,"_links":{"self":[{"href":"https:\/\/twojlekarz.net\/es\/wp-json\/wp\/v2\/pages\/138","targetHints":{"allow":["GET"]}}],"collection":[{"href":"https:\/\/twojlekarz.net\/es\/wp-json\/wp\/v2\/pages"}],"about":[{"href":"https:\/\/twojlekarz.net\/es\/wp-json\/wp\/v2\/types\/page"}],"author":[{"embeddable":true,"href":"https:\/\/twojlekarz.net\/es\/wp-json\/wp\/v2\/users\/1"}],"replies":[{"embeddable":true,"href":"https:\/\/twojlekarz.net\/es\/wp-json\/wp\/v2\/comments?post=138"}],"version-history":[{"count":0,"href":"https:\/\/twojlekarz.net\/es\/wp-json\/wp\/v2\/pages\/138\/revisions"}],"wp:featuredmedia":[{"embeddable":true,"href":"https:\/\/twojlekarz.net\/es\/wp-json\/wp\/v2\/media\/9894"}],"wp:attachment":[{"href":"https:\/\/twojlekarz.net\/es\/wp-json\/wp\/v2\/media?parent=138"}],"wp:term":[{"taxonomy":"category","embeddable":true,"href":"https:\/\/twojlekarz.net\/es\/wp-json\/wp\/v2\/categories?post=138"},{"taxonomy":"post_tag","embeddable":true,"href":"https:\/\/twojlekarz.net\/es\/wp-json\/wp\/v2\/tags?post=138"}],"curies":[{"name":"gracias","href":"https:\/\/api.w.org\/{rel}","templated":true}]}}