{"id":2596,"date":"2018-02-12T11:13:13","date_gmt":"2018-02-12T11:13:13","guid":{"rendered":"https:\/\/twojlekarz.net.pl\/?page_id=2596"},"modified":"2021-05-17T22:28:07","modified_gmt":"2021-05-17T22:28:07","slug":"zamawianie-recept-2-2","status":"publish","type":"page","link":"https:\/\/twojlekarz.net\/es\/zamawianie-recept-2-2\/","title":{"rendered":"Pedir recetas"},"content":{"rendered":"<p><strong>SOLICITUD DE RECETAS ELECTR\u00d3NICAS<\/strong><\/p>\n<p>Pacientes declarados por <strong>NZOZ Su Doctor<\/strong> tienen la opci\u00f3n de solicitar recetas de medicamentos registrados en su historial m\u00e9dico que toman regularmente. <br \/>Los pedidos se pueden realizar por correo electr\u00f3nico a: <a href=\"mailto:recepty@localhost\">recetas@localhost<\/a> Por SMS al n\u00famero <strong>690 010 399<\/strong>, o por tel\u00e9fono <strong>71 311 12 36<\/strong>.<\/p>\n<p><strong><span style=\"color: #0000ff;\">Debido a la pandemia de COVID-19 y al gran volumen de llamadas telef\u00f3nicas, \u00a1es mejor solicitar recetas por correo electr\u00f3nico y mensaje de texto!<\/span><\/strong><\/p>\n<p>Un pedido realizado correctamente debe incluir:<\/p>\n<ul>\n<li>nombre y apellido y n\u00famero PESEL del paciente,<\/li>\n<li>nombre del medicamento ordenado,<\/li>\n<li>n\u00famero de tel\u00e9fono m\u00f3vil, si el PIN de prescripci\u00f3n debe enviarse por SMS,<\/li>\n<li>informaci\u00f3n sobre si el paciente utiliza<strong> IKP \u2013 Cuenta de paciente en l\u00ednea,<\/strong><\/li>\n<\/ul>\n<p>Los pedidos realizados correctamente son verificados por un m\u00e9dico y procesados en un plazo de tres d\u00edas h\u00e1biles. Los pacientes reciben el PIN de prescripci\u00f3n a trav\u00e9s de IKP, por correo electr\u00f3nico o por SMS.\u00a0<\/p>\n<p>Los pacientes que utilicen el pedido remoto de recetas recibir\u00e1n un PIN para la receta electr\u00f3nica a vuelta de correo electr\u00f3nico o mensaje de texto. Este n\u00famero y el n\u00famero PESEL del paciente para quien se emiti\u00f3 la receta son la base para surtir la receta electr\u00f3nica en la farmacia.<\/p>\n<p><strong>NORMAS PARA LA REALIZACI\u00d3N DE RECETAS ELECTR\u00d3NICAS<\/strong><br \/><strong>Las recetas electr\u00f3nicas suelen tener un per\u00edodo de validez de 30 d\u00edas.<\/strong>. Las excepciones son los antibi\u00f3ticos (7 d\u00edas) y los preparados inmunol\u00f3gicos (120 d\u00edas).<\/p>\n<p>Se puede canjear una receta electr\u00f3nica de 30 d\u00edas <strong>en una fecha posterior s\u00f3lo si el m\u00e9dico indica que los medicamentos deben comprarse a partir de una fecha espec\u00edfica<\/strong>. Esta es una soluci\u00f3n com\u00fan para los medicamentos para enfermedades cr\u00f3nicas.<\/p>\n<p><strong>Una receta electr\u00f3nica tambi\u00e9n puede ser v\u00e1lida por 365 d\u00edas.<\/strong> Esta receta electr\u00f3nica est\u00e1 dirigida a pacientes con enfermedades cr\u00f3nicas que toman regularmente dosis espec\u00edficas de medicamentos y cuyo m\u00e9dico ha especificado un periodo de validez de 365 d\u00edas. El primer paquete puede adquirirse en un plazo de 30 d\u00edas a partir de la fecha de emisi\u00f3n. Si se adquiere posteriormente, el farmac\u00e9utico dispensar\u00e1 una cantidad menor de medicamento, proporcional a los d\u00edas transcurridos desde la emisi\u00f3n de la receta electr\u00f3nica. Se puede adquirir un m\u00e1ximo de 180 d\u00edas de medicamento a la vez.<\/p>\n<p><span style=\"color: #ff0000;\"><strong>\u00a1ATENCI\u00d3N!<\/strong><\/span><br \/><span style=\"color: #ff0000;\"><strong>Si la receta contiene m\u00e1s de un envase de un mismo preparado, el paciente podr\u00e1 pagarlo en cuotas, siempre que la compra se realice en una sola farmacia. <\/strong><\/span><\/p>\n<p><span style=\"color: #ff0000;\"><strong>Si hay varios medicamentos en una receta electr\u00f3nica, se pueden comprar por separado en diferentes farmacias.<\/strong> <\/span><\/p>","protected":false},"excerpt":{"rendered":"<p>ZAMAWIANIE RECEPT ELEKTRONICZNYCH Pacjenci zadeklarowani do NZOZ Tw\u00f3j Lekarz maj\u0105 mo\u017cliwo\u015b\u0107 zam\u00f3wienia recept na zapisane w dokumentacji medycznej, stale przyjmowane leki. Zam\u00f3wienia mo\u017cna sk\u0142ada\u0107 mailowo na adres recepty@localhost SMS-em pod numer 690 010 399, lub telefonicznie 71 311 12 36. Z uwagi na pandemi\u0119 COVID-19 i du\u017c\u0105 liczb\u0119 po\u0142\u0105cze\u0144 telefonicznych recepty najlepiej zamawia\u0107 za po\u015brednictwem [&hellip;]<\/p>","protected":false},"author":3,"featured_media":9894,"parent":0,"menu_order":0,"comment_status":"closed","ping_status":"closed","template":"","meta":{"footnotes":"","_wp_rev_ctl_limit":""},"categories":[],"tags":[],"class_list":["post-2596","page","type-page","status-publish","has-post-thumbnail","hentry"],"yoast_head":"<!-- This site is optimized with the Yoast SEO plugin v26.7 - https:\/\/yoast.com\/wordpress\/plugins\/seo\/ -->\n<title>Zamawianie recept - Przychodnia NZOZ &quot;Tw\u00f3j Lekarz&quot; sp. z o.o.<\/title>\n<meta name=\"robots\" content=\"index, follow, max-snippet:-1, max-image-preview:large, max-video-preview:-1\" \/>\n<link rel=\"canonical\" href=\"https:\/\/twojlekarz.net\/es\/zamawianie-recept-2-2\/\" \/>\n<meta property=\"og:locale\" content=\"es_ES\" \/>\n<meta property=\"og:type\" content=\"article\" \/>\n<meta property=\"og:title\" content=\"Zamawianie recept - Przychodnia NZOZ &quot;Tw\u00f3j Lekarz&quot; sp. z o.o.\" \/>\n<meta property=\"og:description\" content=\"ZAMAWIANIE RECEPT ELEKTRONICZNYCH Pacjenci zadeklarowani do NZOZ Tw\u00f3j Lekarz maj\u0105 mo\u017cliwo\u015b\u0107 zam\u00f3wienia recept na zapisane w dokumentacji medycznej, stale przyjmowane leki. Zam\u00f3wienia mo\u017cna sk\u0142ada\u0107 mailowo na adres recepty@localhost SMS-em pod numer 690 010 399, lub telefonicznie 71 311 12 36. Z uwagi na pandemi\u0119 COVID-19 i du\u017c\u0105 liczb\u0119 po\u0142\u0105cze\u0144 telefonicznych recepty najlepiej zamawia\u0107 za po\u015brednictwem [&hellip;]\" \/>\n<meta property=\"og:url\" content=\"https:\/\/twojlekarz.net\/es\/zamawianie-recept-2-2\/\" \/>\n<meta property=\"og:site_name\" content=\"Przychodnia NZOZ &quot;Tw\u00f3j Lekarz&quot; sp. z o.o.\" \/>\n<meta property=\"article:publisher\" content=\"https:\/\/www.facebook.com\/NZOZTwojLekarz\/\" \/>\n<meta property=\"article:modified_time\" content=\"2021-05-17T22:28:07+00:00\" \/>\n<meta name=\"twitter:card\" content=\"summary_large_image\" \/>\n<meta name=\"twitter:label1\" content=\"Tiempo de lectura\" \/>\n\t<meta name=\"twitter:data1\" content=\"2 minutos\" \/>\n<script type=\"application\/ld+json\" class=\"yoast-schema-graph\">{\"@context\":\"https:\/\/schema.org\",\"@graph\":[{\"@type\":\"WebPage\",\"@id\":\"https:\/\/twojlekarz.net\/zamawianie-recept-2-2\/\",\"url\":\"https:\/\/twojlekarz.net\/zamawianie-recept-2-2\/\",\"name\":\"Zamawianie recept - Przychodnia NZOZ &quot;Tw\u00f3j Lekarz&quot; sp. z o.o.\",\"isPartOf\":{\"@id\":\"https:\/\/twojlekarz.net\/#website\"},\"primaryImageOfPage\":{\"@id\":\"https:\/\/twojlekarz.net\/zamawianie-recept-2-2\/#primaryimage\"},\"image\":{\"@id\":\"https:\/\/twojlekarz.net\/zamawianie-recept-2-2\/#primaryimage\"},\"thumbnailUrl\":\"https:\/\/i0.wp.com\/twojlekarz.net\/wp-content\/uploads\/KN0A1278-1-1.jpg?fit=1009%2C757&ssl=1\",\"datePublished\":\"2018-02-12T11:13:13+00:00\",\"dateModified\":\"2021-05-17T22:28:07+00:00\",\"breadcrumb\":{\"@id\":\"https:\/\/twojlekarz.net\/zamawianie-recept-2-2\/#breadcrumb\"},\"inLanguage\":\"es\",\"potentialAction\":[{\"@type\":\"ReadAction\",\"target\":[\"https:\/\/twojlekarz.net\/zamawianie-recept-2-2\/\"]}]},{\"@type\":\"ImageObject\",\"inLanguage\":\"es\",\"@id\":\"https:\/\/twojlekarz.net\/zamawianie-recept-2-2\/#primaryimage\",\"url\":\"https:\/\/i0.wp.com\/twojlekarz.net\/wp-content\/uploads\/KN0A1278-1-1.jpg?fit=1009%2C757&ssl=1\",\"contentUrl\":\"https:\/\/i0.wp.com\/twojlekarz.net\/wp-content\/uploads\/KN0A1278-1-1.jpg?fit=1009%2C757&ssl=1\",\"width\":1009,\"height\":757},{\"@type\":\"BreadcrumbList\",\"@id\":\"https:\/\/twojlekarz.net\/zamawianie-recept-2-2\/#breadcrumb\",\"itemListElement\":[{\"@type\":\"ListItem\",\"position\":1,\"name\":\"Strona g\u0142\u00f3wna\",\"item\":\"https:\/\/twojlekarz.net\/\"},{\"@type\":\"ListItem\",\"position\":2,\"name\":\"Zamawianie recept\"}]},{\"@type\":\"WebSite\",\"@id\":\"https:\/\/twojlekarz.net\/#website\",\"url\":\"https:\/\/twojlekarz.net\/\",\"name\":\"Przychodnia NZOZ \\\"Tw\u00f3j Lekarz\\\" sp. z o.o.\",\"description\":\"\",\"publisher\":{\"@id\":\"https:\/\/twojlekarz.net\/#organization\"},\"potentialAction\":[{\"@type\":\"SearchAction\",\"target\":{\"@type\":\"EntryPoint\",\"urlTemplate\":\"https:\/\/twojlekarz.net\/?s={search_term_string}\"},\"query-input\":{\"@type\":\"PropertyValueSpecification\",\"valueRequired\":true,\"valueName\":\"search_term_string\"}}],\"inLanguage\":\"es\"},{\"@type\":\"Organization\",\"@id\":\"https:\/\/twojlekarz.net\/#organization\",\"name\":\"Przychodnia NZOZ \\\"Tw\u00f3j Lekarz\\\" sp. z o.o.\",\"url\":\"https:\/\/twojlekarz.net\/\",\"logo\":{\"@type\":\"ImageObject\",\"inLanguage\":\"es\",\"@id\":\"https:\/\/twojlekarz.net\/#\/schema\/logo\/image\/\",\"url\":\"https:\/\/i0.wp.com\/twojlekarz.net\/wp-content\/uploads\/twoj-lekarz-logo2-e1448917738554.jpg?fit=200%2C71&ssl=1\",\"contentUrl\":\"https:\/\/i0.wp.com\/twojlekarz.net\/wp-content\/uploads\/twoj-lekarz-logo2-e1448917738554.jpg?fit=200%2C71&ssl=1\",\"width\":200,\"height\":71,\"caption\":\"Przychodnia NZOZ \\\"Tw\u00f3j Lekarz\\\" sp. z o.o.\"},\"image\":{\"@id\":\"https:\/\/twojlekarz.net\/#\/schema\/logo\/image\/\"},\"sameAs\":[\"https:\/\/www.facebook.com\/NZOZTwojLekarz\/\"]}]}<\/script>\n<!-- \/ Yoast SEO plugin. -->","yoast_head_json":{"title":"Pedido de recetas - Cl\u00ednica NZOZ &quot;Tw\u00f3j Lekarz&quot; sp. z o. o.","robots":{"index":"index","follow":"follow","max-snippet":"max-snippet:-1","max-image-preview":"max-image-preview:large","max-video-preview":"max-video-preview:-1"},"canonical":"https:\/\/twojlekarz.net\/es\/zamawianie-recept-2-2\/","og_locale":"es_ES","og_type":"article","og_title":"Zamawianie recept - Przychodnia NZOZ &quot;Tw\u00f3j Lekarz&quot; sp. z o.o.","og_description":"ZAMAWIANIE RECEPT ELEKTRONICZNYCH Pacjenci zadeklarowani do NZOZ Tw\u00f3j Lekarz maj\u0105 mo\u017cliwo\u015b\u0107 zam\u00f3wienia recept na zapisane w dokumentacji medycznej, stale przyjmowane leki. Zam\u00f3wienia mo\u017cna sk\u0142ada\u0107 mailowo na adres recepty@localhost SMS-em pod numer 690 010 399, lub telefonicznie 71 311 12 36. Z uwagi na pandemi\u0119 COVID-19 i du\u017c\u0105 liczb\u0119 po\u0142\u0105cze\u0144 telefonicznych recepty najlepiej zamawia\u0107 za po\u015brednictwem [&hellip;]","og_url":"https:\/\/twojlekarz.net\/es\/zamawianie-recept-2-2\/","og_site_name":"Przychodnia NZOZ &quot;Tw\u00f3j Lekarz&quot; sp. z o.o.","article_publisher":"https:\/\/www.facebook.com\/NZOZTwojLekarz\/","article_modified_time":"2021-05-17T22:28:07+00:00","twitter_card":"summary_large_image","twitter_misc":{"Tiempo de lectura":"2 minutos"},"schema":{"@context":"https:\/\/schema.org","@graph":[{"@type":"WebPage","@id":"https:\/\/twojlekarz.net\/zamawianie-recept-2-2\/","url":"https:\/\/twojlekarz.net\/zamawianie-recept-2-2\/","name":"Pedido de recetas - Cl\u00ednica NZOZ &quot;Tw\u00f3j Lekarz&quot; sp. z o. o.","isPartOf":{"@id":"https:\/\/twojlekarz.net\/#website"},"primaryImageOfPage":{"@id":"https:\/\/twojlekarz.net\/zamawianie-recept-2-2\/#primaryimage"},"image":{"@id":"https:\/\/twojlekarz.net\/zamawianie-recept-2-2\/#primaryimage"},"thumbnailUrl":"https:\/\/i0.wp.com\/twojlekarz.net\/wp-content\/uploads\/KN0A1278-1-1.jpg?fit=1009%2C757&ssl=1","datePublished":"2018-02-12T11:13:13+00:00","dateModified":"2021-05-17T22:28:07+00:00","breadcrumb":{"@id":"https:\/\/twojlekarz.net\/zamawianie-recept-2-2\/#breadcrumb"},"inLanguage":"es","potentialAction":[{"@type":"ReadAction","target":["https:\/\/twojlekarz.net\/zamawianie-recept-2-2\/"]}]},{"@type":"ImageObject","inLanguage":"es","@id":"https:\/\/twojlekarz.net\/zamawianie-recept-2-2\/#primaryimage","url":"https:\/\/i0.wp.com\/twojlekarz.net\/wp-content\/uploads\/KN0A1278-1-1.jpg?fit=1009%2C757&ssl=1","contentUrl":"https:\/\/i0.wp.com\/twojlekarz.net\/wp-content\/uploads\/KN0A1278-1-1.jpg?fit=1009%2C757&ssl=1","width":1009,"height":757},{"@type":"BreadcrumbList","@id":"https:\/\/twojlekarz.net\/zamawianie-recept-2-2\/#breadcrumb","itemListElement":[{"@type":"ListItem","position":1,"name":"Strona g\u0142\u00f3wna","item":"https:\/\/twojlekarz.net\/"},{"@type":"ListItem","position":2,"name":"Zamawianie recept"}]},{"@type":"WebSite","@id":"https:\/\/twojlekarz.net\/#website","url":"https:\/\/twojlekarz.net\/","name":"Cl\u00ednica NZOZ &quot;Tw\u00f3j Doktor&quot; sp.","description":"","publisher":{"@id":"https:\/\/twojlekarz.net\/#organization"},"potentialAction":[{"@type":"SearchAction","target":{"@type":"EntryPoint","urlTemplate":"https:\/\/twojlekarz.net\/?s={search_term_string}"},"query-input":{"@type":"PropertyValueSpecification","valueRequired":true,"valueName":"search_term_string"}}],"inLanguage":"es"},{"@type":"Organization","@id":"https:\/\/twojlekarz.net\/#organization","name":"Cl\u00ednica NZOZ &quot;Tw\u00f3j Doktor&quot; sp.","url":"https:\/\/twojlekarz.net\/","logo":{"@type":"ImageObject","inLanguage":"es","@id":"https:\/\/twojlekarz.net\/#\/schema\/logo\/image\/","url":"https:\/\/i0.wp.com\/twojlekarz.net\/wp-content\/uploads\/twoj-lekarz-logo2-e1448917738554.jpg?fit=200%2C71&ssl=1","contentUrl":"https:\/\/i0.wp.com\/twojlekarz.net\/wp-content\/uploads\/twoj-lekarz-logo2-e1448917738554.jpg?fit=200%2C71&ssl=1","width":200,"height":71,"caption":"Przychodnia NZOZ \"Tw\u00f3j Lekarz\" sp. z o.o."},"image":{"@id":"https:\/\/twojlekarz.net\/#\/schema\/logo\/image\/"},"sameAs":["https:\/\/www.facebook.com\/NZOZTwojLekarz\/"]}]}},"jetpack_sharing_enabled":true,"_links":{"self":[{"href":"https:\/\/twojlekarz.net\/es\/wp-json\/wp\/v2\/pages\/2596","targetHints":{"allow":["GET"]}}],"collection":[{"href":"https:\/\/twojlekarz.net\/es\/wp-json\/wp\/v2\/pages"}],"about":[{"href":"https:\/\/twojlekarz.net\/es\/wp-json\/wp\/v2\/types\/page"}],"author":[{"embeddable":true,"href":"https:\/\/twojlekarz.net\/es\/wp-json\/wp\/v2\/users\/3"}],"replies":[{"embeddable":true,"href":"https:\/\/twojlekarz.net\/es\/wp-json\/wp\/v2\/comments?post=2596"}],"version-history":[{"count":0,"href":"https:\/\/twojlekarz.net\/es\/wp-json\/wp\/v2\/pages\/2596\/revisions"}],"wp:featuredmedia":[{"embeddable":true,"href":"https:\/\/twojlekarz.net\/es\/wp-json\/wp\/v2\/media\/9894"}],"wp:attachment":[{"href":"https:\/\/twojlekarz.net\/es\/wp-json\/wp\/v2\/media?parent=2596"}],"wp:term":[{"taxonomy":"category","embeddable":true,"href":"https:\/\/twojlekarz.net\/es\/wp-json\/wp\/v2\/categories?post=2596"},{"taxonomy":"post_tag","embeddable":true,"href":"https:\/\/twojlekarz.net\/es\/wp-json\/wp\/v2\/tags?post=2596"}],"curies":[{"name":"gracias","href":"https:\/\/api.w.org\/{rel}","templated":true}]}}