{"id":26,"date":"2015-05-08T21:00:51","date_gmt":"2015-05-08T21:00:51","guid":{"rendered":""},"modified":"2021-05-17T22:50:30","modified_gmt":"2021-05-17T22:50:30","slug":"o-nas-old","status":"publish","type":"page","link":"https:\/\/twojlekarz.net\/es\/o-nas-old\/","title":{"rendered":"Sobre nosotros"},"content":{"rendered":"<p>&quot;Tu M\u00e9dico&quot; es atenci\u00f3n m\u00e9dica cerca de ti, muy cerca. Desde 2003, hemos construido una red de cl\u00ednicas m\u00e9dicas modernas en la comuna de Kobierzyce y los distritos del sur de Breslavia. Ofrecemos atenci\u00f3n m\u00e9dica primaria y especializada, tanto con convenio con el Fondo Nacional de Salud (NFZ) como de forma privada. Entendemos la importancia de un acceso f\u00e1cil a un m\u00e9dico y un diagn\u00f3stico r\u00e1pido.<\/p>\n<p><strong>Nos centramos en la profesionalidad, la amabilidad y la eficiencia.<\/strong><\/p>\n<p>Nuestros m\u00e9dicos atienden m\u00e1s de 400 consultas diarias. Nuestras nueve cl\u00ednicas &quot;Tw\u00f3j Lekarz&quot; atienden a casi 30.000 personas. El cuidado de su salud, junto con la m\u00e1s alta calidad de servicio, son los objetivos que gu\u00edan a todo el equipo de nuestra red.<\/p>\n\n\n<div style=\"height:46px\" aria-hidden=\"true\" class=\"wp-block-spacer\"><\/div>\n\n\n<h2 style=\"text-align: left;\">NUESTROS VALORES<\/h2>\n<p>En nuestro trabajo, nos guiamos por el concepto de un m\u00e9dico de familia que brinda atenci\u00f3n integral a los pacientes en todo momento, no solo cuando est\u00e1n enfermos. Nuestra misi\u00f3n es cuidar la salud de nuestros residentes a diario. Ofrecemos educaci\u00f3n sanitaria y promovemos la atenci\u00f3n preventiva. Compartimos conocimientos e implementamos una planificaci\u00f3n de tratamiento moderna. Somos un centro de formaci\u00f3n certificado para m\u00e9dicos de familia.<\/p>\n<p>\u00a0<\/p>\n<p style=\"text-align: center;\">&quot;Tu m\u00e9dico&quot;<\/p>\n<p style=\"text-align: center;\">AMABLEMENTE, CARI\u00d1OSAMENTE, VECINDARIO<\/p>","protected":false},"excerpt":{"rendered":"<p>\u201eTw\u00f3j Lekarz\u201d \u2013 to s\u0142u\u017cba zdrowia w najbli\u017cszej okolicy, po s\u0105siedzku. Od 2003 roku tworzymy sie\u0107 nowoczesnych przychodni medycznych w gminie Kobierzyce i w po\u0142udniowych dzielnicach Wroc\u0142awia. Zapewniamy podstawow\u0105 i specjalistyczn\u0105 opiek\u0119 zdrowotn\u0105, \u00a0zar\u00f3wno w ramach kontraktu z NFZ, jak i prywatnie. Wiemy jak wa\u017cny jest \u0142atwy dost\u0119p do lekarza i szybka diagnostyka. Stawiamy na [&hellip;]<\/p>","protected":false},"author":1,"featured_media":909,"parent":0,"menu_order":0,"comment_status":"closed","ping_status":"closed","template":"","meta":{"footnotes":"","_wp_rev_ctl_limit":""},"categories":[],"tags":[],"class_list":["post-26","page","type-page","status-publish","has-post-thumbnail","hentry"],"yoast_head":"<!-- This site is optimized with the Yoast SEO plugin v26.7 - https:\/\/yoast.com\/wordpress\/plugins\/seo\/ -->\n<title>O nas - Przychodnia NZOZ &quot;Tw\u00f3j Lekarz&quot; sp. z o.o.<\/title>\n<meta name=\"robots\" content=\"index, follow, max-snippet:-1, max-image-preview:large, max-video-preview:-1\" \/>\n<link rel=\"canonical\" href=\"https:\/\/twojlekarz.net\/es\/o-nas-old\/\" \/>\n<meta property=\"og:locale\" content=\"es_ES\" \/>\n<meta property=\"og:type\" content=\"article\" \/>\n<meta property=\"og:title\" content=\"O nas - Przychodnia NZOZ &quot;Tw\u00f3j Lekarz&quot; sp. z o.o.\" \/>\n<meta property=\"og:description\" content=\"\u201eTw\u00f3j Lekarz\u201d \u2013 to s\u0142u\u017cba zdrowia w najbli\u017cszej okolicy, po s\u0105siedzku. Od 2003 roku tworzymy sie\u0107 nowoczesnych przychodni medycznych w gminie Kobierzyce i w po\u0142udniowych dzielnicach Wroc\u0142awia. Zapewniamy podstawow\u0105 i specjalistyczn\u0105 opiek\u0119 zdrowotn\u0105, \u00a0zar\u00f3wno w ramach kontraktu z NFZ, jak i prywatnie. Wiemy jak wa\u017cny jest \u0142atwy dost\u0119p do lekarza i szybka diagnostyka. Stawiamy na [&hellip;]\" \/>\n<meta property=\"og:url\" content=\"https:\/\/twojlekarz.net\/es\/o-nas-old\/\" \/>\n<meta property=\"og:site_name\" content=\"Przychodnia NZOZ &quot;Tw\u00f3j Lekarz&quot; sp. z o.o.\" \/>\n<meta property=\"article:publisher\" content=\"https:\/\/www.facebook.com\/NZOZTwojLekarz\/\" \/>\n<meta property=\"article:modified_time\" content=\"2021-05-17T22:50:30+00:00\" \/>\n<meta property=\"og:image\" content=\"https:\/\/twojlekarz.net\/wp-content\/uploads\/2015\/05\/slider1.jpg\" \/>\n\t<meta property=\"og:image:width\" content=\"1600\" \/>\n\t<meta property=\"og:image:height\" content=\"550\" \/>\n\t<meta property=\"og:image:type\" content=\"image\/jpeg\" \/>\n<meta name=\"twitter:card\" content=\"summary_large_image\" \/>\n<meta name=\"twitter:label1\" content=\"Tiempo de lectura\" \/>\n\t<meta name=\"twitter:data1\" content=\"1 minuto\" \/>\n<script type=\"application\/ld+json\" class=\"yoast-schema-graph\">{\"@context\":\"https:\/\/schema.org\",\"@graph\":[{\"@type\":\"WebPage\",\"@id\":\"https:\/\/twojlekarz.net\/o-nas-old\/\",\"url\":\"https:\/\/twojlekarz.net\/o-nas-old\/\",\"name\":\"O nas - Przychodnia NZOZ &quot;Tw\u00f3j Lekarz&quot; sp. z o.o.\",\"isPartOf\":{\"@id\":\"https:\/\/twojlekarz.net\/#website\"},\"primaryImageOfPage\":{\"@id\":\"https:\/\/twojlekarz.net\/o-nas-old\/#primaryimage\"},\"image\":{\"@id\":\"https:\/\/twojlekarz.net\/o-nas-old\/#primaryimage\"},\"thumbnailUrl\":\"https:\/\/i0.wp.com\/twojlekarz.net\/wp-content\/uploads\/2015\/05\/slider1.jpg?fit=1600%2C550&ssl=1\",\"datePublished\":\"2015-05-08T21:00:51+00:00\",\"dateModified\":\"2021-05-17T22:50:30+00:00\",\"breadcrumb\":{\"@id\":\"https:\/\/twojlekarz.net\/o-nas-old\/#breadcrumb\"},\"inLanguage\":\"es\",\"potentialAction\":[{\"@type\":\"ReadAction\",\"target\":[\"https:\/\/twojlekarz.net\/o-nas-old\/\"]}]},{\"@type\":\"ImageObject\",\"inLanguage\":\"es\",\"@id\":\"https:\/\/twojlekarz.net\/o-nas-old\/#primaryimage\",\"url\":\"https:\/\/i0.wp.com\/twojlekarz.net\/wp-content\/uploads\/2015\/05\/slider1.jpg?fit=1600%2C550&ssl=1\",\"contentUrl\":\"https:\/\/i0.wp.com\/twojlekarz.net\/wp-content\/uploads\/2015\/05\/slider1.jpg?fit=1600%2C550&ssl=1\",\"width\":1600,\"height\":550},{\"@type\":\"BreadcrumbList\",\"@id\":\"https:\/\/twojlekarz.net\/o-nas-old\/#breadcrumb\",\"itemListElement\":[{\"@type\":\"ListItem\",\"position\":1,\"name\":\"Strona g\u0142\u00f3wna\",\"item\":\"https:\/\/twojlekarz.net\/\"},{\"@type\":\"ListItem\",\"position\":2,\"name\":\"O nas\"}]},{\"@type\":\"WebSite\",\"@id\":\"https:\/\/twojlekarz.net\/#website\",\"url\":\"https:\/\/twojlekarz.net\/\",\"name\":\"Przychodnia NZOZ \\\"Tw\u00f3j Lekarz\\\" sp. z o.o.\",\"description\":\"\",\"publisher\":{\"@id\":\"https:\/\/twojlekarz.net\/#organization\"},\"potentialAction\":[{\"@type\":\"SearchAction\",\"target\":{\"@type\":\"EntryPoint\",\"urlTemplate\":\"https:\/\/twojlekarz.net\/?s={search_term_string}\"},\"query-input\":{\"@type\":\"PropertyValueSpecification\",\"valueRequired\":true,\"valueName\":\"search_term_string\"}}],\"inLanguage\":\"es\"},{\"@type\":\"Organization\",\"@id\":\"https:\/\/twojlekarz.net\/#organization\",\"name\":\"Przychodnia NZOZ \\\"Tw\u00f3j Lekarz\\\" sp. z o.o.\",\"url\":\"https:\/\/twojlekarz.net\/\",\"logo\":{\"@type\":\"ImageObject\",\"inLanguage\":\"es\",\"@id\":\"https:\/\/twojlekarz.net\/#\/schema\/logo\/image\/\",\"url\":\"https:\/\/i0.wp.com\/twojlekarz.net\/wp-content\/uploads\/twoj-lekarz-logo2-e1448917738554.jpg?fit=200%2C71&ssl=1\",\"contentUrl\":\"https:\/\/i0.wp.com\/twojlekarz.net\/wp-content\/uploads\/twoj-lekarz-logo2-e1448917738554.jpg?fit=200%2C71&ssl=1\",\"width\":200,\"height\":71,\"caption\":\"Przychodnia NZOZ \\\"Tw\u00f3j Lekarz\\\" sp. z o.o.\"},\"image\":{\"@id\":\"https:\/\/twojlekarz.net\/#\/schema\/logo\/image\/\"},\"sameAs\":[\"https:\/\/www.facebook.com\/NZOZTwojLekarz\/\"]}]}<\/script>\n<!-- \/ Yoast SEO plugin. -->","yoast_head_json":{"title":"Sobre nosotros - Cl\u00ednica NZOZ &quot;Tw\u00f3j Lekarz&quot; sp. z o. o.","robots":{"index":"index","follow":"follow","max-snippet":"max-snippet:-1","max-image-preview":"max-image-preview:large","max-video-preview":"max-video-preview:-1"},"canonical":"https:\/\/twojlekarz.net\/es\/o-nas-old\/","og_locale":"es_ES","og_type":"article","og_title":"O nas - Przychodnia NZOZ &quot;Tw\u00f3j Lekarz&quot; sp. z o.o.","og_description":"\u201eTw\u00f3j Lekarz\u201d \u2013 to s\u0142u\u017cba zdrowia w najbli\u017cszej okolicy, po s\u0105siedzku. Od 2003 roku tworzymy sie\u0107 nowoczesnych przychodni medycznych w gminie Kobierzyce i w po\u0142udniowych dzielnicach Wroc\u0142awia. Zapewniamy podstawow\u0105 i specjalistyczn\u0105 opiek\u0119 zdrowotn\u0105, \u00a0zar\u00f3wno w ramach kontraktu z NFZ, jak i prywatnie. Wiemy jak wa\u017cny jest \u0142atwy dost\u0119p do lekarza i szybka diagnostyka. Stawiamy na [&hellip;]","og_url":"https:\/\/twojlekarz.net\/es\/o-nas-old\/","og_site_name":"Przychodnia NZOZ &quot;Tw\u00f3j Lekarz&quot; sp. z o.o.","article_publisher":"https:\/\/www.facebook.com\/NZOZTwojLekarz\/","article_modified_time":"2021-05-17T22:50:30+00:00","og_image":[{"width":1600,"height":550,"url":"https:\/\/twojlekarz.net\/wp-content\/uploads\/2015\/05\/slider1.jpg","type":"image\/jpeg"}],"twitter_card":"summary_large_image","twitter_misc":{"Tiempo de lectura":"1 minuto"},"schema":{"@context":"https:\/\/schema.org","@graph":[{"@type":"WebPage","@id":"https:\/\/twojlekarz.net\/o-nas-old\/","url":"https:\/\/twojlekarz.net\/o-nas-old\/","name":"Sobre nosotros - Cl\u00ednica NZOZ &quot;Tw\u00f3j Lekarz&quot; sp. z o. o.","isPartOf":{"@id":"https:\/\/twojlekarz.net\/#website"},"primaryImageOfPage":{"@id":"https:\/\/twojlekarz.net\/o-nas-old\/#primaryimage"},"image":{"@id":"https:\/\/twojlekarz.net\/o-nas-old\/#primaryimage"},"thumbnailUrl":"https:\/\/i0.wp.com\/twojlekarz.net\/wp-content\/uploads\/2015\/05\/slider1.jpg?fit=1600%2C550&ssl=1","datePublished":"2015-05-08T21:00:51+00:00","dateModified":"2021-05-17T22:50:30+00:00","breadcrumb":{"@id":"https:\/\/twojlekarz.net\/o-nas-old\/#breadcrumb"},"inLanguage":"es","potentialAction":[{"@type":"ReadAction","target":["https:\/\/twojlekarz.net\/o-nas-old\/"]}]},{"@type":"ImageObject","inLanguage":"es","@id":"https:\/\/twojlekarz.net\/o-nas-old\/#primaryimage","url":"https:\/\/i0.wp.com\/twojlekarz.net\/wp-content\/uploads\/2015\/05\/slider1.jpg?fit=1600%2C550&ssl=1","contentUrl":"https:\/\/i0.wp.com\/twojlekarz.net\/wp-content\/uploads\/2015\/05\/slider1.jpg?fit=1600%2C550&ssl=1","width":1600,"height":550},{"@type":"BreadcrumbList","@id":"https:\/\/twojlekarz.net\/o-nas-old\/#breadcrumb","itemListElement":[{"@type":"ListItem","position":1,"name":"Strona g\u0142\u00f3wna","item":"https:\/\/twojlekarz.net\/"},{"@type":"ListItem","position":2,"name":"O nas"}]},{"@type":"WebSite","@id":"https:\/\/twojlekarz.net\/#website","url":"https:\/\/twojlekarz.net\/","name":"Cl\u00ednica NZOZ &quot;Tw\u00f3j Doktor&quot; sp.","description":"","publisher":{"@id":"https:\/\/twojlekarz.net\/#organization"},"potentialAction":[{"@type":"SearchAction","target":{"@type":"EntryPoint","urlTemplate":"https:\/\/twojlekarz.net\/?s={search_term_string}"},"query-input":{"@type":"PropertyValueSpecification","valueRequired":true,"valueName":"search_term_string"}}],"inLanguage":"es"},{"@type":"Organization","@id":"https:\/\/twojlekarz.net\/#organization","name":"Cl\u00ednica NZOZ &quot;Tw\u00f3j Doktor&quot; sp.","url":"https:\/\/twojlekarz.net\/","logo":{"@type":"ImageObject","inLanguage":"es","@id":"https:\/\/twojlekarz.net\/#\/schema\/logo\/image\/","url":"https:\/\/i0.wp.com\/twojlekarz.net\/wp-content\/uploads\/twoj-lekarz-logo2-e1448917738554.jpg?fit=200%2C71&ssl=1","contentUrl":"https:\/\/i0.wp.com\/twojlekarz.net\/wp-content\/uploads\/twoj-lekarz-logo2-e1448917738554.jpg?fit=200%2C71&ssl=1","width":200,"height":71,"caption":"Przychodnia NZOZ \"Tw\u00f3j Lekarz\" sp. z o.o."},"image":{"@id":"https:\/\/twojlekarz.net\/#\/schema\/logo\/image\/"},"sameAs":["https:\/\/www.facebook.com\/NZOZTwojLekarz\/"]}]}},"jetpack_sharing_enabled":true,"_links":{"self":[{"href":"https:\/\/twojlekarz.net\/es\/wp-json\/wp\/v2\/pages\/26","targetHints":{"allow":["GET"]}}],"collection":[{"href":"https:\/\/twojlekarz.net\/es\/wp-json\/wp\/v2\/pages"}],"about":[{"href":"https:\/\/twojlekarz.net\/es\/wp-json\/wp\/v2\/types\/page"}],"author":[{"embeddable":true,"href":"https:\/\/twojlekarz.net\/es\/wp-json\/wp\/v2\/users\/1"}],"replies":[{"embeddable":true,"href":"https:\/\/twojlekarz.net\/es\/wp-json\/wp\/v2\/comments?post=26"}],"version-history":[{"count":0,"href":"https:\/\/twojlekarz.net\/es\/wp-json\/wp\/v2\/pages\/26\/revisions"}],"wp:featuredmedia":[{"embeddable":true,"href":"https:\/\/twojlekarz.net\/es\/wp-json\/wp\/v2\/media\/909"}],"wp:attachment":[{"href":"https:\/\/twojlekarz.net\/es\/wp-json\/wp\/v2\/media?parent=26"}],"wp:term":[{"taxonomy":"category","embeddable":true,"href":"https:\/\/twojlekarz.net\/es\/wp-json\/wp\/v2\/categories?post=26"},{"taxonomy":"post_tag","embeddable":true,"href":"https:\/\/twojlekarz.net\/es\/wp-json\/wp\/v2\/tags?post=26"}],"curies":[{"name":"gracias","href":"https:\/\/api.w.org\/{rel}","templated":true}]}}