{"id":265,"date":"2015-07-01T17:44:15","date_gmt":"2015-07-01T17:44:15","guid":{"rendered":"http:\/\/www.twojlekarz.marcinbukowski.pl\/?page_id=265"},"modified":"2021-05-17T22:19:13","modified_gmt":"2021-05-17T22:19:13","slug":"pustkow-zurawski-old","status":"publish","type":"page","link":"https:\/\/twojlekarz.net\/es\/pustkow-zurawski-old\/","title":{"rendered":"Pustk\u00f3w \u017burawski"},"content":{"rendered":"<div class=\"tiled-gallery type-rectangular tiled-gallery-unresized\" data-original-width=\"848\" data-carousel-extra='null' itemscope itemtype=\"http:\/\/schema.org\/ImageGallery\" > <div class=\"gallery-row\" style=\"width: 848px; height: 425px;\" data-original-width=\"848\" data-original-height=\"425\" > <div class=\"gallery-group images-1\" style=\"width: 566px; height: 425px;\" data-original-width=\"566\" data-original-height=\"425\" > <div class=\"tiled-gallery-item tiled-gallery-item-large\" itemprop=\"associatedMedia\" itemscope itemtype=\"http:\/\/schema.org\/ImageObject\"> <a href=\"https:\/\/i0.wp.com\/twojlekarz.net\/wp-content\/uploads\/2015\/07\/IMG_8977-Edit.jpg?ssl=1\" border=\"0\" itemprop=\"url\"> <meta itemprop=\"width\" content=\"562\"> <meta itemprop=\"height\" content=\"421\"> <img decoding=\"async\" class=\"\" data-attachment-id=\"890\" data-orig-file=\"https:\/\/twojlekarz.net\/wp-content\/uploads\/2015\/07\/IMG_8977-Edit.jpg\" data-orig-size=\"800,600\" data-comments-opened=\"1\" data-image-meta=\"{&quot;aperture&quot;:&quot;2.8&quot;,&quot;credit&quot;:&quot;Marcin Bukowski\\rwww.marcinbukows&quot;,&quot;camera&quot;:&quot;Canon EOS 5D Mark II&quot;,&quot;caption&quot;:&quot;&quot;,&quot;created_timestamp&quot;:&quot;1438944519&quot;,&quot;copyright&quot;:&quot;&quot;,&quot;focal_length&quot;:&quot;24&quot;,&quot;iso&quot;:&quot;100&quot;,&quot;shutter_speed&quot;:&quot;0.003125&quot;,&quot;title&quot;:&quot;&quot;,&quot;orientation&quot;:&quot;0&quot;}\" data-image-title=\"IMG_8977-Edit\" data-image-description=\"\" data-medium-file=\"https:\/\/i0.wp.com\/twojlekarz.net\/wp-content\/uploads\/2015\/07\/IMG_8977-Edit.jpg?fit=300%2C225&#038;ssl=1\" data-large-file=\"https:\/\/i0.wp.com\/twojlekarz.net\/wp-content\/uploads\/2015\/07\/IMG_8977-Edit.jpg?fit=800%2C600&#038;ssl=1\" src=\"https:\/\/i0.wp.com\/twojlekarz.net\/wp-content\/uploads\/2015\/07\/IMG_8977-Edit.jpg?w=562&#038;h=421&#038;ssl=1\" srcset=\"https:\/\/i0.wp.com\/twojlekarz.net\/wp-content\/uploads\/2015\/07\/IMG_8977-Edit.jpg?w=800&amp;ssl=1 800w, https:\/\/i0.wp.com\/twojlekarz.net\/wp-content\/uploads\/2015\/07\/IMG_8977-Edit.jpg?resize=300%2C225&amp;ssl=1 300w\" width=\"562\" height=\"421\" loading=\"lazy\" data-original-width=\"562\" data-original-height=\"421\" itemprop=\"http:\/\/schema.org\/image\" title=\"IMG_8977-Edit\" alt=\"IMG_8977-Edit\" style=\"width: 562px; height: 421px;\" \/> <\/a> <\/div> <\/div> <!-- close group --> <div class=\"gallery-group images-2\" style=\"width: 282px; height: 425px;\" data-original-width=\"282\" data-original-height=\"425\" > <div class=\"tiled-gallery-item tiled-gallery-item-large\" itemprop=\"associatedMedia\" itemscope itemtype=\"http:\/\/schema.org\/ImageObject\"> <a href=\"https:\/\/i0.wp.com\/twojlekarz.net\/wp-content\/uploads\/2015\/07\/IMG_8958-Edit.jpg?ssl=1\" border=\"0\" itemprop=\"url\"> <meta itemprop=\"width\" content=\"278\"> <meta itemprop=\"height\" content=\"209\"> <img decoding=\"async\" class=\"\" data-attachment-id=\"893\" data-orig-file=\"https:\/\/twojlekarz.net\/wp-content\/uploads\/2015\/07\/IMG_8958-Edit.jpg\" data-orig-size=\"800,600\" data-comments-opened=\"1\" data-image-meta=\"{&quot;aperture&quot;:&quot;2.8&quot;,&quot;credit&quot;:&quot;Marcin Bukowski\\rwww.marcinbukows&quot;,&quot;camera&quot;:&quot;Canon EOS 5D Mark II&quot;,&quot;caption&quot;:&quot;&quot;,&quot;created_timestamp&quot;:&quot;1438943702&quot;,&quot;copyright&quot;:&quot;&quot;,&quot;focal_length&quot;:&quot;24&quot;,&quot;iso&quot;:&quot;500&quot;,&quot;shutter_speed&quot;:&quot;0.01&quot;,&quot;title&quot;:&quot;&quot;,&quot;orientation&quot;:&quot;0&quot;}\" data-image-title=\"IMG_8958-Edit\" data-image-description=\"\" data-medium-file=\"https:\/\/i0.wp.com\/twojlekarz.net\/wp-content\/uploads\/2015\/07\/IMG_8958-Edit.jpg?fit=300%2C225&#038;ssl=1\" data-large-file=\"https:\/\/i0.wp.com\/twojlekarz.net\/wp-content\/uploads\/2015\/07\/IMG_8958-Edit.jpg?fit=800%2C600&#038;ssl=1\" src=\"https:\/\/i0.wp.com\/twojlekarz.net\/wp-content\/uploads\/2015\/07\/IMG_8958-Edit.jpg?w=278&#038;h=209&#038;ssl=1\" srcset=\"https:\/\/i0.wp.com\/twojlekarz.net\/wp-content\/uploads\/2015\/07\/IMG_8958-Edit.jpg?w=800&amp;ssl=1 800w, https:\/\/i0.wp.com\/twojlekarz.net\/wp-content\/uploads\/2015\/07\/IMG_8958-Edit.jpg?resize=300%2C225&amp;ssl=1 300w\" width=\"278\" height=\"209\" loading=\"lazy\" data-original-width=\"278\" data-original-height=\"209\" itemprop=\"http:\/\/schema.org\/image\" title=\"IMG_8958-Edit\" alt=\"IMG_8958-Edit\" style=\"width: 278px; height: 209px;\" \/> <\/a> <\/div> <div class=\"tiled-gallery-item tiled-gallery-item-large\" itemprop=\"associatedMedia\" itemscope itemtype=\"http:\/\/schema.org\/ImageObject\"> <a href=\"https:\/\/i0.wp.com\/twojlekarz.net\/wp-content\/uploads\/2015\/07\/IMG_8971-Edit.jpg?ssl=1\" border=\"0\" itemprop=\"url\"> <meta itemprop=\"width\" content=\"278\"> <meta itemprop=\"height\" content=\"208\"> <img decoding=\"async\" class=\"\" data-attachment-id=\"891\" data-orig-file=\"https:\/\/twojlekarz.net\/wp-content\/uploads\/2015\/07\/IMG_8971-Edit.jpg\" data-orig-size=\"800,600\" data-comments-opened=\"1\" data-image-meta=\"{&quot;aperture&quot;:&quot;2.8&quot;,&quot;credit&quot;:&quot;Marcin Bukowski\\rwww.marcinbukows&quot;,&quot;camera&quot;:&quot;Canon EOS 5D Mark II&quot;,&quot;caption&quot;:&quot;&quot;,&quot;created_timestamp&quot;:&quot;1438944255&quot;,&quot;copyright&quot;:&quot;&quot;,&quot;focal_length&quot;:&quot;24&quot;,&quot;iso&quot;:&quot;500&quot;,&quot;shutter_speed&quot;:&quot;0.005&quot;,&quot;title&quot;:&quot;&quot;,&quot;orientation&quot;:&quot;0&quot;}\" data-image-title=\"IMG_8971-Edit\" data-image-description=\"\" data-medium-file=\"https:\/\/i0.wp.com\/twojlekarz.net\/wp-content\/uploads\/2015\/07\/IMG_8971-Edit.jpg?fit=300%2C225&#038;ssl=1\" data-large-file=\"https:\/\/i0.wp.com\/twojlekarz.net\/wp-content\/uploads\/2015\/07\/IMG_8971-Edit.jpg?fit=800%2C600&#038;ssl=1\" src=\"https:\/\/i0.wp.com\/twojlekarz.net\/wp-content\/uploads\/2015\/07\/IMG_8971-Edit.jpg?w=278&#038;h=208&#038;ssl=1\" srcset=\"https:\/\/i0.wp.com\/twojlekarz.net\/wp-content\/uploads\/2015\/07\/IMG_8971-Edit.jpg?w=800&amp;ssl=1 800w, https:\/\/i0.wp.com\/twojlekarz.net\/wp-content\/uploads\/2015\/07\/IMG_8971-Edit.jpg?resize=300%2C225&amp;ssl=1 300w\" width=\"278\" height=\"208\" loading=\"lazy\" data-original-width=\"278\" data-original-height=\"208\" itemprop=\"http:\/\/schema.org\/image\" title=\"IMG_8971-Edit\" alt=\"IMG_8971-Edit\" style=\"width: 278px; height: 208px;\" \/> <\/a> <\/div> <\/div> <!-- close group --> <\/div> <!-- close row --> <div class=\"gallery-row\" style=\"width: 848px; height: 637px;\" data-original-width=\"848\" data-original-height=\"637\" > <div class=\"gallery-group images-1\" style=\"width: 848px; height: 637px;\" data-original-width=\"848\" data-original-height=\"637\" > <div class=\"tiled-gallery-item tiled-gallery-item-large\" itemprop=\"associatedMedia\" itemscope itemtype=\"http:\/\/schema.org\/ImageObject\"> <a href=\"https:\/\/i0.wp.com\/twojlekarz.net\/wp-content\/uploads\/2015\/07\/IMG_8963-Edit.jpg?ssl=1\" border=\"0\" itemprop=\"url\"> <meta itemprop=\"width\" content=\"844\"> <meta itemprop=\"height\" content=\"633\"> <img decoding=\"async\" class=\"\" data-attachment-id=\"892\" data-orig-file=\"https:\/\/twojlekarz.net\/wp-content\/uploads\/2015\/07\/IMG_8963-Edit.jpg\" data-orig-size=\"800,600\" data-comments-opened=\"1\" data-image-meta=\"{&quot;aperture&quot;:&quot;2.8&quot;,&quot;credit&quot;:&quot;Marcin Bukowski\\rwww.marcinbukows&quot;,&quot;camera&quot;:&quot;Canon EOS 5D Mark II&quot;,&quot;caption&quot;:&quot;&quot;,&quot;created_timestamp&quot;:&quot;1438943900&quot;,&quot;copyright&quot;:&quot;&quot;,&quot;focal_length&quot;:&quot;24&quot;,&quot;iso&quot;:&quot;500&quot;,&quot;shutter_speed&quot;:&quot;0.01&quot;,&quot;title&quot;:&quot;&quot;,&quot;orientation&quot;:&quot;0&quot;}\" data-image-title=\"IMG_8963-Edit\" data-image-description=\"\" data-medium-file=\"https:\/\/i0.wp.com\/twojlekarz.net\/wp-content\/uploads\/2015\/07\/IMG_8963-Edit.jpg?fit=300%2C225&#038;ssl=1\" data-large-file=\"https:\/\/i0.wp.com\/twojlekarz.net\/wp-content\/uploads\/2015\/07\/IMG_8963-Edit.jpg?fit=800%2C600&#038;ssl=1\" src=\"https:\/\/i0.wp.com\/twojlekarz.net\/wp-content\/uploads\/2015\/07\/IMG_8963-Edit.jpg?w=844&#038;h=633&#038;ssl=1\" srcset=\"https:\/\/i0.wp.com\/twojlekarz.net\/wp-content\/uploads\/2015\/07\/IMG_8963-Edit.jpg?w=800&amp;ssl=1 800w, https:\/\/i0.wp.com\/twojlekarz.net\/wp-content\/uploads\/2015\/07\/IMG_8963-Edit.jpg?resize=300%2C225&amp;ssl=1 300w\" width=\"844\" height=\"633\" loading=\"lazy\" data-original-width=\"844\" data-original-height=\"633\" itemprop=\"http:\/\/schema.org\/image\" title=\"IMG_8963-Edit\" alt=\"IMG_8963-Edit\" style=\"width: 844px; height: 633px;\" \/> <\/a> <\/div> <\/div> <!-- close group --> <\/div> <!-- close row --> <\/div>\n<ul>\n<li>\n<p class=\"western\">Konsultacje:<\/p>\n<ul>\n<li>\n<p class=\"western\">lekarz POZ<\/p>\n<\/li>\n<\/ul>\n<\/li>\n<\/ul>\n<ul>\n<li>\n<p class=\"western\">Konsultacje \u2013 lekarz specjalista:<\/p>\n<ul>\n<li>\n<p class=\"western\">chirurg<\/p>\n<\/li>\n<li>stomatolog<\/li>\n<\/ul>\n<\/li>\n<\/ul>\n<ul>\n<li>\n<p class=\"western\">Diagn\u00f3stico \u2013 pruebas de laboratorio \u2013 toma de muestras:<\/p>\n<ul>\n<li>\n<p class=\"western\">ka\u017cdy czwartek&nbsp;w godzinach 8:00 &#8211; 09:00<\/p>\n<\/li>\n<\/ul>\n<\/li>\n<\/ul>","protected":false},"excerpt":{"rendered":"<p>Consultas: m\u00e9dico de atenci\u00f3n primaria Consultas \u2013 especialista: cirujano dentista Diagn\u00f3stico \u2013 ex\u00e1menes de laboratorio \u2013 toma de muestras: todos los jueves de 8:00 a 9:00 horas.<\/p>","protected":false},"author":1,"featured_media":1148,"parent":0,"menu_order":0,"comment_status":"closed","ping_status":"closed","template":"","meta":{"footnotes":"","_wp_rev_ctl_limit":""},"categories":[13],"tags":[],"class_list":["post-265","page","type-page","status-publish","has-post-thumbnail","hentry","category-przychodnie"],"yoast_head":"<!-- This site is optimized with the Yoast SEO plugin v27.3 - https:\/\/yoast.com\/product\/yoast-seo-wordpress\/ -->\n<title>Pustk\u00f3w \u017burawski - Przychodnia NZOZ &quot;Tw\u00f3j Lekarz&quot; sp. z o.o.<\/title>\n<meta name=\"robots\" content=\"index, follow, max-snippet:-1, max-image-preview:large, max-video-preview:-1\" \/>\n<link rel=\"canonical\" href=\"https:\/\/twojlekarz.net\/es\/pustkow-zurawski-old\/\" \/>\n<meta property=\"og:locale\" content=\"es_ES\" \/>\n<meta property=\"og:type\" content=\"article\" \/>\n<meta property=\"og:title\" content=\"Pustk\u00f3w \u017burawski - Przychodnia NZOZ &quot;Tw\u00f3j Lekarz&quot; sp. z o.o.\" \/>\n<meta property=\"og:description\" content=\"Konsultacje: lekarz POZ Konsultacje \u2013 lekarz specjalista: chirurg stomatolog Diagnostyka \u2013 badania laboratoryjne &#8211; pobieranie materia\u0142u: ka\u017cdy czwartek&nbsp;w godzinach 8:00 &#8211; 09:00\" \/>\n<meta property=\"og:url\" content=\"https:\/\/twojlekarz.net\/es\/pustkow-zurawski-old\/\" \/>\n<meta property=\"og:site_name\" content=\"Przychodnia NZOZ &quot;Tw\u00f3j Lekarz&quot; sp. z o.o.\" \/>\n<meta property=\"article:publisher\" content=\"https:\/\/www.facebook.com\/NZOZTwojLekarz\/\" \/>\n<meta property=\"article:modified_time\" content=\"2021-05-17T22:19:13+00:00\" \/>\n<meta property=\"og:image\" content=\"https:\/\/twojlekarz.net\/wp-content\/uploads\/2015\/07\/pz.jpg\" \/>\n\t<meta property=\"og:image:width\" content=\"1600\" \/>\n\t<meta property=\"og:image:height\" content=\"550\" \/>\n\t<meta property=\"og:image:type\" content=\"image\/jpeg\" \/>\n<meta name=\"twitter:card\" content=\"summary_large_image\" \/>\n<script type=\"application\/ld+json\" class=\"yoast-schema-graph\">{\"@context\":\"https:\\\/\\\/schema.org\",\"@graph\":[{\"@type\":\"WebPage\",\"@id\":\"https:\\\/\\\/twojlekarz.net\\\/pustkow-zurawski-old\\\/\",\"url\":\"https:\\\/\\\/twojlekarz.net\\\/pustkow-zurawski-old\\\/\",\"name\":\"Pustk\u00f3w \u017burawski - Przychodnia NZOZ &quot;Tw\u00f3j Lekarz&quot; sp. z o.o.\",\"isPartOf\":{\"@id\":\"https:\\\/\\\/twojlekarz.net\\\/#website\"},\"primaryImageOfPage\":{\"@id\":\"https:\\\/\\\/twojlekarz.net\\\/pustkow-zurawski-old\\\/#primaryimage\"},\"image\":{\"@id\":\"https:\\\/\\\/twojlekarz.net\\\/pustkow-zurawski-old\\\/#primaryimage\"},\"thumbnailUrl\":\"https:\\\/\\\/i0.wp.com\\\/twojlekarz.net\\\/wp-content\\\/uploads\\\/2015\\\/07\\\/pz.jpg?fit=1600%2C550&ssl=1\",\"datePublished\":\"2015-07-01T17:44:15+00:00\",\"dateModified\":\"2021-05-17T22:19:13+00:00\",\"breadcrumb\":{\"@id\":\"https:\\\/\\\/twojlekarz.net\\\/pustkow-zurawski-old\\\/#breadcrumb\"},\"inLanguage\":\"es\",\"potentialAction\":[{\"@type\":\"ReadAction\",\"target\":[\"https:\\\/\\\/twojlekarz.net\\\/pustkow-zurawski-old\\\/\"]}]},{\"@type\":\"ImageObject\",\"inLanguage\":\"es\",\"@id\":\"https:\\\/\\\/twojlekarz.net\\\/pustkow-zurawski-old\\\/#primaryimage\",\"url\":\"https:\\\/\\\/i0.wp.com\\\/twojlekarz.net\\\/wp-content\\\/uploads\\\/2015\\\/07\\\/pz.jpg?fit=1600%2C550&ssl=1\",\"contentUrl\":\"https:\\\/\\\/i0.wp.com\\\/twojlekarz.net\\\/wp-content\\\/uploads\\\/2015\\\/07\\\/pz.jpg?fit=1600%2C550&ssl=1\",\"width\":1600,\"height\":550},{\"@type\":\"BreadcrumbList\",\"@id\":\"https:\\\/\\\/twojlekarz.net\\\/pustkow-zurawski-old\\\/#breadcrumb\",\"itemListElement\":[{\"@type\":\"ListItem\",\"position\":1,\"name\":\"Strona g\u0142\u00f3wna\",\"item\":\"https:\\\/\\\/twojlekarz.net\\\/\"},{\"@type\":\"ListItem\",\"position\":2,\"name\":\"Pustk\u00f3w \u017burawski\"}]},{\"@type\":\"WebSite\",\"@id\":\"https:\\\/\\\/twojlekarz.net\\\/#website\",\"url\":\"https:\\\/\\\/twojlekarz.net\\\/\",\"name\":\"Przychodnia NZOZ \\\"Tw\u00f3j Lekarz\\\" sp. z o.o.\",\"description\":\"\",\"publisher\":{\"@id\":\"https:\\\/\\\/twojlekarz.net\\\/#organization\"},\"potentialAction\":[{\"@type\":\"SearchAction\",\"target\":{\"@type\":\"EntryPoint\",\"urlTemplate\":\"https:\\\/\\\/twojlekarz.net\\\/?s={search_term_string}\"},\"query-input\":{\"@type\":\"PropertyValueSpecification\",\"valueRequired\":true,\"valueName\":\"search_term_string\"}}],\"inLanguage\":\"es\"},{\"@type\":\"Organization\",\"@id\":\"https:\\\/\\\/twojlekarz.net\\\/#organization\",\"name\":\"Przychodnia NZOZ \\\"Tw\u00f3j Lekarz\\\" sp. z o.o.\",\"url\":\"https:\\\/\\\/twojlekarz.net\\\/\",\"logo\":{\"@type\":\"ImageObject\",\"inLanguage\":\"es\",\"@id\":\"https:\\\/\\\/twojlekarz.net\\\/#\\\/schema\\\/logo\\\/image\\\/\",\"url\":\"https:\\\/\\\/i0.wp.com\\\/twojlekarz.net\\\/wp-content\\\/uploads\\\/twoj-lekarz-logo2-e1448917738554.jpg?fit=200%2C71&ssl=1\",\"contentUrl\":\"https:\\\/\\\/i0.wp.com\\\/twojlekarz.net\\\/wp-content\\\/uploads\\\/twoj-lekarz-logo2-e1448917738554.jpg?fit=200%2C71&ssl=1\",\"width\":200,\"height\":71,\"caption\":\"Przychodnia NZOZ \\\"Tw\u00f3j Lekarz\\\" sp. z o.o.\"},\"image\":{\"@id\":\"https:\\\/\\\/twojlekarz.net\\\/#\\\/schema\\\/logo\\\/image\\\/\"},\"sameAs\":[\"https:\\\/\\\/www.facebook.com\\\/NZOZTwojLekarz\\\/\"]}]}<\/script>\n<!-- \/ Yoast SEO plugin. -->","yoast_head_json":{"title":"Pustk\u00f3w \u017burawski - Cl\u00ednica NZOZ &quot;Su m\u00e9dico&quot; sp. z o. o.","robots":{"index":"index","follow":"follow","max-snippet":"max-snippet:-1","max-image-preview":"max-image-preview:large","max-video-preview":"max-video-preview:-1"},"canonical":"https:\/\/twojlekarz.net\/es\/pustkow-zurawski-old\/","og_locale":"es_ES","og_type":"article","og_title":"Pustk\u00f3w \u017burawski - Przychodnia NZOZ &quot;Tw\u00f3j Lekarz&quot; sp. z o.o.","og_description":"Konsultacje: lekarz POZ Konsultacje \u2013 lekarz specjalista: chirurg stomatolog Diagnostyka \u2013 badania laboratoryjne &#8211; pobieranie materia\u0142u: ka\u017cdy czwartek&nbsp;w godzinach 8:00 &#8211; 09:00","og_url":"https:\/\/twojlekarz.net\/es\/pustkow-zurawski-old\/","og_site_name":"Przychodnia NZOZ &quot;Tw\u00f3j Lekarz&quot; sp. z o.o.","article_publisher":"https:\/\/www.facebook.com\/NZOZTwojLekarz\/","article_modified_time":"2021-05-17T22:19:13+00:00","og_image":[{"width":1600,"height":550,"url":"https:\/\/twojlekarz.net\/wp-content\/uploads\/2015\/07\/pz.jpg","type":"image\/jpeg"}],"twitter_card":"summary_large_image","schema":{"@context":"https:\/\/schema.org","@graph":[{"@type":"WebPage","@id":"https:\/\/twojlekarz.net\/pustkow-zurawski-old\/","url":"https:\/\/twojlekarz.net\/pustkow-zurawski-old\/","name":"Pustk\u00f3w \u017burawski - Cl\u00ednica NZOZ &quot;Su m\u00e9dico&quot; sp. z o. o.","isPartOf":{"@id":"https:\/\/twojlekarz.net\/#website"},"primaryImageOfPage":{"@id":"https:\/\/twojlekarz.net\/pustkow-zurawski-old\/#primaryimage"},"image":{"@id":"https:\/\/twojlekarz.net\/pustkow-zurawski-old\/#primaryimage"},"thumbnailUrl":"https:\/\/i0.wp.com\/twojlekarz.net\/wp-content\/uploads\/2015\/07\/pz.jpg?fit=1600%2C550&ssl=1","datePublished":"2015-07-01T17:44:15+00:00","dateModified":"2021-05-17T22:19:13+00:00","breadcrumb":{"@id":"https:\/\/twojlekarz.net\/pustkow-zurawski-old\/#breadcrumb"},"inLanguage":"es","potentialAction":[{"@type":"ReadAction","target":["https:\/\/twojlekarz.net\/pustkow-zurawski-old\/"]}]},{"@type":"ImageObject","inLanguage":"es","@id":"https:\/\/twojlekarz.net\/pustkow-zurawski-old\/#primaryimage","url":"https:\/\/i0.wp.com\/twojlekarz.net\/wp-content\/uploads\/2015\/07\/pz.jpg?fit=1600%2C550&ssl=1","contentUrl":"https:\/\/i0.wp.com\/twojlekarz.net\/wp-content\/uploads\/2015\/07\/pz.jpg?fit=1600%2C550&ssl=1","width":1600,"height":550},{"@type":"BreadcrumbList","@id":"https:\/\/twojlekarz.net\/pustkow-zurawski-old\/#breadcrumb","itemListElement":[{"@type":"ListItem","position":1,"name":"Strona g\u0142\u00f3wna","item":"https:\/\/twojlekarz.net\/"},{"@type":"ListItem","position":2,"name":"Pustk\u00f3w \u017burawski"}]},{"@type":"WebSite","@id":"https:\/\/twojlekarz.net\/#website","url":"https:\/\/twojlekarz.net\/","name":"Cl\u00ednica NZOZ &quot;Tw\u00f3j Doktor&quot; sp.","description":"","publisher":{"@id":"https:\/\/twojlekarz.net\/#organization"},"potentialAction":[{"@type":"SearchAction","target":{"@type":"EntryPoint","urlTemplate":"https:\/\/twojlekarz.net\/?s={search_term_string}"},"query-input":{"@type":"PropertyValueSpecification","valueRequired":true,"valueName":"search_term_string"}}],"inLanguage":"es"},{"@type":"Organization","@id":"https:\/\/twojlekarz.net\/#organization","name":"Cl\u00ednica NZOZ &quot;Tw\u00f3j Doktor&quot; sp.","url":"https:\/\/twojlekarz.net\/","logo":{"@type":"ImageObject","inLanguage":"es","@id":"https:\/\/twojlekarz.net\/#\/schema\/logo\/image\/","url":"https:\/\/i0.wp.com\/twojlekarz.net\/wp-content\/uploads\/twoj-lekarz-logo2-e1448917738554.jpg?fit=200%2C71&ssl=1","contentUrl":"https:\/\/i0.wp.com\/twojlekarz.net\/wp-content\/uploads\/twoj-lekarz-logo2-e1448917738554.jpg?fit=200%2C71&ssl=1","width":200,"height":71,"caption":"Przychodnia NZOZ \"Tw\u00f3j Lekarz\" sp. z o.o."},"image":{"@id":"https:\/\/twojlekarz.net\/#\/schema\/logo\/image\/"},"sameAs":["https:\/\/www.facebook.com\/NZOZTwojLekarz\/"]}]}},"jetpack_sharing_enabled":true,"_links":{"self":[{"href":"https:\/\/twojlekarz.net\/es\/wp-json\/wp\/v2\/pages\/265","targetHints":{"allow":["GET"]}}],"collection":[{"href":"https:\/\/twojlekarz.net\/es\/wp-json\/wp\/v2\/pages"}],"about":[{"href":"https:\/\/twojlekarz.net\/es\/wp-json\/wp\/v2\/types\/page"}],"author":[{"embeddable":true,"href":"https:\/\/twojlekarz.net\/es\/wp-json\/wp\/v2\/users\/1"}],"replies":[{"embeddable":true,"href":"https:\/\/twojlekarz.net\/es\/wp-json\/wp\/v2\/comments?post=265"}],"version-history":[{"count":0,"href":"https:\/\/twojlekarz.net\/es\/wp-json\/wp\/v2\/pages\/265\/revisions"}],"wp:featuredmedia":[{"embeddable":true,"href":"https:\/\/twojlekarz.net\/es\/wp-json\/wp\/v2\/media\/1148"}],"wp:attachment":[{"href":"https:\/\/twojlekarz.net\/es\/wp-json\/wp\/v2\/media?parent=265"}],"wp:term":[{"taxonomy":"category","embeddable":true,"href":"https:\/\/twojlekarz.net\/es\/wp-json\/wp\/v2\/categories?post=265"},{"taxonomy":"post_tag","embeddable":true,"href":"https:\/\/twojlekarz.net\/es\/wp-json\/wp\/v2\/tags?post=265"}],"curies":[{"name":"gracias","href":"https:\/\/api.w.org\/{rel}","templated":true}]}}