{"id":239,"date":"2015-07-01T17:38:34","date_gmt":"2015-07-01T17:38:34","guid":{"rendered":"http:\/\/www.twojlekarz.marcinbukowski.pl\/?page_id=239"},"modified":"2019-12-13T23:11:49","modified_gmt":"2019-12-13T23:11:49","slug":"jakosc","status":"publish","type":"page","link":"https:\/\/twojlekarz.net\/fr\/jakosc\/","title":{"rendered":"Qualit\u00e9"},"content":{"rendered":"<div class=\"tiled-gallery type-rectangular tiled-gallery-unresized\" data-original-width=\"848\" data-carousel-extra='null' itemscope itemtype=\"http:\/\/schema.org\/ImageGallery\" > <div class=\"gallery-row\" style=\"width: 848px; height: 598px;\" data-original-width=\"848\" data-original-height=\"598\" > <div class=\"gallery-group images-1\" style=\"width: 424px; height: 598px;\" data-original-width=\"424\" data-original-height=\"598\" > <div class=\"tiled-gallery-item tiled-gallery-item-large\" itemprop=\"associatedMedia\" itemscope itemtype=\"http:\/\/schema.org\/ImageObject\"> <a href=\"https:\/\/twojlekarz.net\/fr\/certyfikat-iso\/iso2\/\" border=\"0\" itemprop=\"url\"> <meta itemprop=\"width\" content=\"420\"> <meta itemprop=\"height\" content=\"594\"> <img decoding=\"async\" class=\"\" data-attachment-id=\"1333\" data-orig-file=\"https:\/\/twojlekarz.net\/wp-content\/uploads\/2015\/10\/iso2-e1566995447816.jpg\" data-orig-size=\"1200,1698\" data-comments-opened=\"1\" data-image-meta=\"{&quot;aperture&quot;:&quot;0&quot;,&quot;credit&quot;:&quot;&quot;,&quot;camera&quot;:&quot;&quot;,&quot;caption&quot;:&quot;&quot;,&quot;created_timestamp&quot;:&quot;0&quot;,&quot;copyright&quot;:&quot;&quot;,&quot;focal_length&quot;:&quot;0&quot;,&quot;iso&quot;:&quot;0&quot;,&quot;shutter_speed&quot;:&quot;0&quot;,&quot;title&quot;:&quot;&quot;,&quot;orientation&quot;:&quot;0&quot;}\" data-image-title=\"ISO\" data-image-description=\"\" data-medium-file=\"https:\/\/i0.wp.com\/twojlekarz.net\/wp-content\/uploads\/2015\/10\/iso2-e1566995447816.jpg?fit=212%2C300&#038;ssl=1\" data-large-file=\"https:\/\/i0.wp.com\/twojlekarz.net\/wp-content\/uploads\/2015\/10\/iso2-e1566995447816.jpg?fit=724%2C1024&#038;ssl=1\" src=\"https:\/\/i0.wp.com\/twojlekarz.net\/wp-content\/uploads\/2015\/10\/iso2-e1566995447816.jpg?w=420&#038;h=594&#038;ssl=1\" srcset=\"https:\/\/i0.wp.com\/twojlekarz.net\/wp-content\/uploads\/2015\/10\/iso2-e1566995447816.jpg?w=1200&amp;ssl=1 1200w, https:\/\/i0.wp.com\/twojlekarz.net\/wp-content\/uploads\/2015\/10\/iso2-e1566995447816.jpg?resize=212%2C300&amp;ssl=1 212w, https:\/\/i0.wp.com\/twojlekarz.net\/wp-content\/uploads\/2015\/10\/iso2-e1566995447816.jpg?resize=724%2C1024&amp;ssl=1 724w, https:\/\/i0.wp.com\/twojlekarz.net\/wp-content\/uploads\/2015\/10\/iso2-e1566995447816.jpg?resize=768%2C1087&amp;ssl=1 768w\" width=\"420\" height=\"594\" loading=\"lazy\" data-original-width=\"420\" data-original-height=\"594\" itemprop=\"http:\/\/schema.org\/image\" title=\"ISO\" alt=\"Certyfikat ISO 9001:2015\" style=\"width: 420px; height: 594px;\" \/> <\/a> <div class=\"tiled-gallery-caption\" itemprop=\"caption description\"> Certificat ISO 9001:2015 <\/div> <\/div> <\/div> <!-- close group --> <div class=\"gallery-group images-1\" style=\"width: 424px; height: 598px;\" data-original-width=\"424\" data-original-height=\"598\" > <div class=\"tiled-gallery-item tiled-gallery-item-large\" itemprop=\"associatedMedia\" itemscope itemtype=\"http:\/\/schema.org\/ImageObject\"> <a href=\"https:\/\/twojlekarz.net\/fr\/polityka-jakosci-2\/\" border=\"0\" itemprop=\"url\"> <meta itemprop=\"width\" content=\"420\"> <meta itemprop=\"height\" content=\"594\"> <img decoding=\"async\" class=\"\" data-attachment-id=\"1862\" data-orig-file=\"https:\/\/twojlekarz.net\/wp-content\/uploads\/Polityka-jako\u015bci-1-e1467306684621.jpg\" data-orig-size=\"800,1132\" data-comments-opened=\"1\" data-image-meta=\"{&quot;aperture&quot;:&quot;0&quot;,&quot;credit&quot;:&quot;&quot;,&quot;camera&quot;:&quot;&quot;,&quot;caption&quot;:&quot;&quot;,&quot;created_timestamp&quot;:&quot;0&quot;,&quot;copyright&quot;:&quot;&quot;,&quot;focal_length&quot;:&quot;0&quot;,&quot;iso&quot;:&quot;0&quot;,&quot;shutter_speed&quot;:&quot;0&quot;,&quot;title&quot;:&quot;&quot;,&quot;orientation&quot;:&quot;1&quot;}\" data-image-title=\"Polityka Jako\u015bci\" data-image-description=\"\" data-medium-file=\"https:\/\/i0.wp.com\/twojlekarz.net\/wp-content\/uploads\/Polityka-jako%C5%9Bci-1-e1467306684621.jpg?fit=212%2C300&#038;ssl=1\" data-large-file=\"https:\/\/i0.wp.com\/twojlekarz.net\/wp-content\/uploads\/Polityka-jako%C5%9Bci-1-e1467306684621.jpg?fit=724%2C1024&#038;ssl=1\" src=\"https:\/\/i0.wp.com\/twojlekarz.net\/wp-content\/uploads\/Polityka-jako%C5%9Bci-1-e1467306684621.jpg?w=420&#038;h=594&#038;ssl=1\" width=\"420\" height=\"594\" loading=\"lazy\" data-original-width=\"420\" data-original-height=\"594\" itemprop=\"http:\/\/schema.org\/image\" title=\"Politique Qualit\u00e9\" alt=\"Polityka Jako\u015bci\" style=\"width: 420px; height: 594px;\" \/> <\/a> <div class=\"tiled-gallery-caption\" itemprop=\"caption description\"> Politique Qualit\u00e9 <\/div> <\/div> <\/div> <!-- close group --> <\/div> <!-- close row --> <\/div>\n<p><center><\/center>Nous nous effor\u00e7ons constamment de fournir des soins m\u00e9dicaux au plus haut niveau de qualit\u00e9 possible. C&#039;est pourquoi nous d\u00e9veloppons un r\u00e9seau de cliniques et \u00e9largissons le groupe de personnel m\u00e9dical et infirmier qualifi\u00e9.<\/p>\n<p class=\"western\">Nous essayons de cr\u00e9er des conditions confortables pour votre s\u00e9jour dans nos \u00e9tablissements, en mettant l&#039;accent sur un service amical et professionnel et des informations fiables pour les patients sur le traitement propos\u00e9, les tests et l&#039;\u00e9tat actuel de leur sant\u00e9.<\/p>\n<p class=\"western\">Nous veillons \u00e0 ce que nos installations soient \u00e9quip\u00e9es d&#039;\u00e9quipements modernes tant pour les tests de diagnostic (notamment les appareils \u00e0 ultrasons, Holter ECG, les tests Doppler des veines et des art\u00e8res, les tests de vision par ordinateur) que pour les traitements de r\u00e9\u00e9ducation. Nous conservons des dossiers \u00e9lectroniques depuis 2010, ce qui garantit au personnel et aux patients un acc\u00e8s rapide aux donn\u00e9es m\u00e9dicales collect\u00e9es et aux tests pr\u00e9alablement effectu\u00e9s.<\/p>\n<p class=\"western\">La qualit\u00e9 de NZOZ \u00ab Votre Docteur \u00bb est \u00e9galement garantie par les r\u00e9compenses, distinctions et certificats re\u00e7us, parmi lesquels : le certificat \u00ab Przyjazna Przychodnia \u00bb, que nous avons obtenu en tant que premi\u00e8re installation en Basse-Sil\u00e9sie, ou le certificat ISO 9001 d\u00e9cern\u00e9 depuis 2015.<\/p>","protected":false},"excerpt":{"rendered":"<p>Nieustannie d\u0105\u017cymy do zapewnienia opieki medycznej na jak najwy\u017cszym poziomie jako\u015bci. Dlatego te\u017c rozwijamy sie\u0107 przychodni oraz poszerzamy grono wykwalifikowanej kadry lekarskiej i piel\u0119gniarskiej. Staramy si\u0119 stworzy\u0107 komfortowe warunki pobytu w naszych plac\u00f3wkach, k\u0142ad\u0105c nacisk na przyjazn\u0105 i profesjonaln\u0105 obs\u0142ug\u0119 oraz rzetelne informowanie pacjent\u00f3w o proponowanym leczeniu, badaniach i obecnym stanie ich zdrowia. Dbamy o [&hellip;]<\/p>","protected":false},"author":1,"featured_media":9894,"parent":0,"menu_order":0,"comment_status":"closed","ping_status":"open","template":"","meta":{"footnotes":"","_wp_rev_ctl_limit":""},"categories":[],"tags":[],"class_list":["post-239","page","type-page","status-publish","has-post-thumbnail","hentry"],"yoast_head":"<!-- This site is optimized with the Yoast SEO plugin v26.7 - https:\/\/yoast.com\/wordpress\/plugins\/seo\/ -->\n<title>Jako\u015b\u0107 - Przychodnia NZOZ &quot;Tw\u00f3j Lekarz&quot; sp. z o.o.<\/title>\n<meta name=\"robots\" content=\"index, follow, max-snippet:-1, max-image-preview:large, max-video-preview:-1\" \/>\n<link rel=\"canonical\" href=\"https:\/\/twojlekarz.net\/fr\/jakosc\/\" \/>\n<meta property=\"og:locale\" content=\"fr_FR\" \/>\n<meta property=\"og:type\" content=\"article\" \/>\n<meta property=\"og:title\" content=\"Jako\u015b\u0107 - Przychodnia NZOZ &quot;Tw\u00f3j Lekarz&quot; sp. z o.o.\" \/>\n<meta property=\"og:description\" content=\"Nieustannie d\u0105\u017cymy do zapewnienia opieki medycznej na jak najwy\u017cszym poziomie jako\u015bci. Dlatego te\u017c rozwijamy sie\u0107 przychodni oraz poszerzamy grono wykwalifikowanej kadry lekarskiej i piel\u0119gniarskiej. Staramy si\u0119 stworzy\u0107 komfortowe warunki pobytu w naszych plac\u00f3wkach, k\u0142ad\u0105c nacisk na przyjazn\u0105 i profesjonaln\u0105 obs\u0142ug\u0119 oraz rzetelne informowanie pacjent\u00f3w o proponowanym leczeniu, badaniach i obecnym stanie ich zdrowia. Dbamy o [&hellip;]\" \/>\n<meta property=\"og:url\" content=\"https:\/\/twojlekarz.net\/fr\/jakosc\/\" \/>\n<meta property=\"og:site_name\" content=\"Przychodnia NZOZ &quot;Tw\u00f3j Lekarz&quot; sp. z o.o.\" \/>\n<meta property=\"article:publisher\" content=\"https:\/\/www.facebook.com\/NZOZTwojLekarz\/\" \/>\n<meta property=\"article:modified_time\" content=\"2019-12-13T23:11:49+00:00\" \/>\n<meta property=\"og:image\" content=\"https:\/\/twojlekarz.net\/wp-content\/uploads\/2015\/10\/iso2-e1566995447816-212x300.jpg\" \/>\n<meta name=\"twitter:card\" content=\"summary_large_image\" \/>\n<meta name=\"twitter:label1\" content=\"Dur\u00e9e de lecture estim\u00e9e\" \/>\n\t<meta name=\"twitter:data1\" content=\"1 minute\" \/>\n<script type=\"application\/ld+json\" class=\"yoast-schema-graph\">{\"@context\":\"https:\/\/schema.org\",\"@graph\":[{\"@type\":\"WebPage\",\"@id\":\"https:\/\/twojlekarz.net\/jakosc\/\",\"url\":\"https:\/\/twojlekarz.net\/jakosc\/\",\"name\":\"Jako\u015b\u0107 - Przychodnia NZOZ &quot;Tw\u00f3j Lekarz&quot; sp. z o.o.\",\"isPartOf\":{\"@id\":\"https:\/\/twojlekarz.net\/#website\"},\"primaryImageOfPage\":{\"@id\":\"https:\/\/twojlekarz.net\/jakosc\/#primaryimage\"},\"image\":{\"@id\":\"https:\/\/twojlekarz.net\/jakosc\/#primaryimage\"},\"thumbnailUrl\":\"https:\/\/i0.wp.com\/twojlekarz.net\/wp-content\/uploads\/KN0A1278-1-1.jpg?fit=1009%2C757&ssl=1\",\"datePublished\":\"2015-07-01T17:38:34+00:00\",\"dateModified\":\"2019-12-13T23:11:49+00:00\",\"breadcrumb\":{\"@id\":\"https:\/\/twojlekarz.net\/jakosc\/#breadcrumb\"},\"inLanguage\":\"fr-FR\",\"potentialAction\":[{\"@type\":\"ReadAction\",\"target\":[\"https:\/\/twojlekarz.net\/jakosc\/\"]}]},{\"@type\":\"ImageObject\",\"inLanguage\":\"fr-FR\",\"@id\":\"https:\/\/twojlekarz.net\/jakosc\/#primaryimage\",\"url\":\"https:\/\/i0.wp.com\/twojlekarz.net\/wp-content\/uploads\/KN0A1278-1-1.jpg?fit=1009%2C757&ssl=1\",\"contentUrl\":\"https:\/\/i0.wp.com\/twojlekarz.net\/wp-content\/uploads\/KN0A1278-1-1.jpg?fit=1009%2C757&ssl=1\",\"width\":1009,\"height\":757},{\"@type\":\"BreadcrumbList\",\"@id\":\"https:\/\/twojlekarz.net\/jakosc\/#breadcrumb\",\"itemListElement\":[{\"@type\":\"ListItem\",\"position\":1,\"name\":\"Strona g\u0142\u00f3wna\",\"item\":\"https:\/\/twojlekarz.net\/\"},{\"@type\":\"ListItem\",\"position\":2,\"name\":\"Jako\u015b\u0107\"}]},{\"@type\":\"WebSite\",\"@id\":\"https:\/\/twojlekarz.net\/#website\",\"url\":\"https:\/\/twojlekarz.net\/\",\"name\":\"Przychodnia NZOZ \\\"Tw\u00f3j Lekarz\\\" sp. z o.o.\",\"description\":\"\",\"publisher\":{\"@id\":\"https:\/\/twojlekarz.net\/#organization\"},\"potentialAction\":[{\"@type\":\"SearchAction\",\"target\":{\"@type\":\"EntryPoint\",\"urlTemplate\":\"https:\/\/twojlekarz.net\/?s={search_term_string}\"},\"query-input\":{\"@type\":\"PropertyValueSpecification\",\"valueRequired\":true,\"valueName\":\"search_term_string\"}}],\"inLanguage\":\"fr-FR\"},{\"@type\":\"Organization\",\"@id\":\"https:\/\/twojlekarz.net\/#organization\",\"name\":\"Przychodnia NZOZ \\\"Tw\u00f3j Lekarz\\\" sp. z o.o.\",\"url\":\"https:\/\/twojlekarz.net\/\",\"logo\":{\"@type\":\"ImageObject\",\"inLanguage\":\"fr-FR\",\"@id\":\"https:\/\/twojlekarz.net\/#\/schema\/logo\/image\/\",\"url\":\"https:\/\/i0.wp.com\/twojlekarz.net\/wp-content\/uploads\/twoj-lekarz-logo2-e1448917738554.jpg?fit=200%2C71&ssl=1\",\"contentUrl\":\"https:\/\/i0.wp.com\/twojlekarz.net\/wp-content\/uploads\/twoj-lekarz-logo2-e1448917738554.jpg?fit=200%2C71&ssl=1\",\"width\":200,\"height\":71,\"caption\":\"Przychodnia NZOZ \\\"Tw\u00f3j Lekarz\\\" sp. z o.o.\"},\"image\":{\"@id\":\"https:\/\/twojlekarz.net\/#\/schema\/logo\/image\/\"},\"sameAs\":[\"https:\/\/www.facebook.com\/NZOZTwojLekarz\/\"]}]}<\/script>\n<!-- \/ Yoast SEO plugin. -->","yoast_head_json":{"title":"Jako\u015b\u0107 - Przychodnia NZOZ &quot;Tw\u00f3j Lekarz&quot; sp. z o.o.","robots":{"index":"index","follow":"follow","max-snippet":"max-snippet:-1","max-image-preview":"max-image-preview:large","max-video-preview":"max-video-preview:-1"},"canonical":"https:\/\/twojlekarz.net\/fr\/jakosc\/","og_locale":"fr_FR","og_type":"article","og_title":"Jako\u015b\u0107 - Przychodnia NZOZ &quot;Tw\u00f3j Lekarz&quot; sp. z o.o.","og_description":"Nieustannie d\u0105\u017cymy do zapewnienia opieki medycznej na jak najwy\u017cszym poziomie jako\u015bci. Dlatego te\u017c rozwijamy sie\u0107 przychodni oraz poszerzamy grono wykwalifikowanej kadry lekarskiej i piel\u0119gniarskiej. Staramy si\u0119 stworzy\u0107 komfortowe warunki pobytu w naszych plac\u00f3wkach, k\u0142ad\u0105c nacisk na przyjazn\u0105 i profesjonaln\u0105 obs\u0142ug\u0119 oraz rzetelne informowanie pacjent\u00f3w o proponowanym leczeniu, badaniach i obecnym stanie ich zdrowia. Dbamy o [&hellip;]","og_url":"https:\/\/twojlekarz.net\/fr\/jakosc\/","og_site_name":"Przychodnia NZOZ &quot;Tw\u00f3j Lekarz&quot; sp. z o.o.","article_publisher":"https:\/\/www.facebook.com\/NZOZTwojLekarz\/","article_modified_time":"2019-12-13T23:11:49+00:00","og_image":[{"url":"https:\/\/twojlekarz.net\/wp-content\/uploads\/2015\/10\/iso2-e1566995447816-212x300.jpg","type":"","width":"","height":""}],"twitter_card":"summary_large_image","twitter_misc":{"Dur\u00e9e de lecture estim\u00e9e":"1 minute"},"schema":{"@context":"https:\/\/schema.org","@graph":[{"@type":"WebPage","@id":"https:\/\/twojlekarz.net\/jakosc\/","url":"https:\/\/twojlekarz.net\/jakosc\/","name":"Jako\u015b\u0107 - Przychodnia NZOZ &quot;Tw\u00f3j Lekarz&quot; sp. z o.o.","isPartOf":{"@id":"https:\/\/twojlekarz.net\/#website"},"primaryImageOfPage":{"@id":"https:\/\/twojlekarz.net\/jakosc\/#primaryimage"},"image":{"@id":"https:\/\/twojlekarz.net\/jakosc\/#primaryimage"},"thumbnailUrl":"https:\/\/i0.wp.com\/twojlekarz.net\/wp-content\/uploads\/KN0A1278-1-1.jpg?fit=1009%2C757&ssl=1","datePublished":"2015-07-01T17:38:34+00:00","dateModified":"2019-12-13T23:11:49+00:00","breadcrumb":{"@id":"https:\/\/twojlekarz.net\/jakosc\/#breadcrumb"},"inLanguage":"fr-FR","potentialAction":[{"@type":"ReadAction","target":["https:\/\/twojlekarz.net\/jakosc\/"]}]},{"@type":"ImageObject","inLanguage":"fr-FR","@id":"https:\/\/twojlekarz.net\/jakosc\/#primaryimage","url":"https:\/\/i0.wp.com\/twojlekarz.net\/wp-content\/uploads\/KN0A1278-1-1.jpg?fit=1009%2C757&ssl=1","contentUrl":"https:\/\/i0.wp.com\/twojlekarz.net\/wp-content\/uploads\/KN0A1278-1-1.jpg?fit=1009%2C757&ssl=1","width":1009,"height":757},{"@type":"BreadcrumbList","@id":"https:\/\/twojlekarz.net\/jakosc\/#breadcrumb","itemListElement":[{"@type":"ListItem","position":1,"name":"Strona g\u0142\u00f3wna","item":"https:\/\/twojlekarz.net\/"},{"@type":"ListItem","position":2,"name":"Jako\u015b\u0107"}]},{"@type":"WebSite","@id":"https:\/\/twojlekarz.net\/#website","url":"https:\/\/twojlekarz.net\/","name":"Clinique NZOZ &quot;Tw\u00f3j Doktor&quot; z o.","description":"","publisher":{"@id":"https:\/\/twojlekarz.net\/#organization"},"potentialAction":[{"@type":"SearchAction","target":{"@type":"EntryPoint","urlTemplate":"https:\/\/twojlekarz.net\/?s={search_term_string}"},"query-input":{"@type":"PropertyValueSpecification","valueRequired":true,"valueName":"search_term_string"}}],"inLanguage":"fr-FR"},{"@type":"Organization","@id":"https:\/\/twojlekarz.net\/#organization","name":"Clinique NZOZ &quot;Tw\u00f3j Doktor&quot; z o.","url":"https:\/\/twojlekarz.net\/","logo":{"@type":"ImageObject","inLanguage":"fr-FR","@id":"https:\/\/twojlekarz.net\/#\/schema\/logo\/image\/","url":"https:\/\/i0.wp.com\/twojlekarz.net\/wp-content\/uploads\/twoj-lekarz-logo2-e1448917738554.jpg?fit=200%2C71&ssl=1","contentUrl":"https:\/\/i0.wp.com\/twojlekarz.net\/wp-content\/uploads\/twoj-lekarz-logo2-e1448917738554.jpg?fit=200%2C71&ssl=1","width":200,"height":71,"caption":"Przychodnia NZOZ \"Tw\u00f3j Lekarz\" sp. z o.o."},"image":{"@id":"https:\/\/twojlekarz.net\/#\/schema\/logo\/image\/"},"sameAs":["https:\/\/www.facebook.com\/NZOZTwojLekarz\/"]}]}},"jetpack_sharing_enabled":true,"_links":{"self":[{"href":"https:\/\/twojlekarz.net\/fr\/wp-json\/wp\/v2\/pages\/239","targetHints":{"allow":["GET"]}}],"collection":[{"href":"https:\/\/twojlekarz.net\/fr\/wp-json\/wp\/v2\/pages"}],"about":[{"href":"https:\/\/twojlekarz.net\/fr\/wp-json\/wp\/v2\/types\/page"}],"author":[{"embeddable":true,"href":"https:\/\/twojlekarz.net\/fr\/wp-json\/wp\/v2\/users\/1"}],"replies":[{"embeddable":true,"href":"https:\/\/twojlekarz.net\/fr\/wp-json\/wp\/v2\/comments?post=239"}],"version-history":[{"count":0,"href":"https:\/\/twojlekarz.net\/fr\/wp-json\/wp\/v2\/pages\/239\/revisions"}],"wp:featuredmedia":[{"embeddable":true,"href":"https:\/\/twojlekarz.net\/fr\/wp-json\/wp\/v2\/media\/9894"}],"wp:attachment":[{"href":"https:\/\/twojlekarz.net\/fr\/wp-json\/wp\/v2\/media?parent=239"}],"wp:term":[{"taxonomy":"category","embeddable":true,"href":"https:\/\/twojlekarz.net\/fr\/wp-json\/wp\/v2\/categories?post=239"},{"taxonomy":"post_tag","embeddable":true,"href":"https:\/\/twojlekarz.net\/fr\/wp-json\/wp\/v2\/tags?post=239"}],"curies":[{"name":"wp","href":"https:\/\/api.w.org\/{rel}","templated":true}]}}