{"id":2596,"date":"2018-02-12T11:13:13","date_gmt":"2018-02-12T11:13:13","guid":{"rendered":"https:\/\/twojlekarz.net.pl\/?page_id=2596"},"modified":"2021-05-17T22:28:07","modified_gmt":"2021-05-17T22:28:07","slug":"zamawianie-recept-2-2","status":"publish","type":"page","link":"https:\/\/twojlekarz.net\/fr\/zamawianie-recept-2-2\/","title":{"rendered":"Commander des ordonnances"},"content":{"rendered":"<p><strong>COMMANDER DES ORDONNANCES \u00c9LECTRONIQUES<\/strong><\/p>\n<p>Patients d\u00e9clar\u00e9s pour <strong>NZOZ Votre M\u00e9decin<\/strong> ont la possibilit\u00e9 de commander des ordonnances pour les m\u00e9dicaments inscrits dans leur dossier m\u00e9dical et qu&#039;ils prennent r\u00e9guli\u00e8rement. <br \/>Les commandes peuvent \u00eatre pass\u00e9es par courriel \u00e0\u00a0: <a href=\"mailto:recepty@localhost\">recettes@localhost<\/a> Par SMS au num\u00e9ro <strong>690 010 399<\/strong>ou par t\u00e9l\u00e9phone <strong>71 311 12 36<\/strong>.<\/p>\n<p><strong><span style=\"color: #0000ff;\">En raison de la pand\u00e9mie de COVID-19 et du volume \u00e9lev\u00e9 d&#039;appels t\u00e9l\u00e9phoniques, il est pr\u00e9f\u00e9rable de commander vos ordonnances par courriel et par SMS\u00a0!<\/span><\/strong><\/p>\n<p>Une commande correctement pass\u00e9e doit comprendre :<\/p>\n<ul>\n<li>nom et pr\u00e9nom et num\u00e9ro PESEL du patient,<\/li>\n<li>le nom du m\u00e9dicament command\u00e9,<\/li>\n<li>num\u00e9ro de t\u00e9l\u00e9phone portable, si le code PIN de prescription doit \u00eatre envoy\u00e9 par SMS,<\/li>\n<li>informations indiquant si le patient utilise<strong> IKP \u2013 Compte patient en ligne,<\/strong><\/li>\n<\/ul>\n<p>Les commandes correctement pass\u00e9es sont v\u00e9rifi\u00e9es par un m\u00e9decin et trait\u00e9es dans un d\u00e9lai de trois jours ouvrables. Les patients re\u00e7oivent le code PIN de prescription via IKP, par e-mail ou par SMS.\u00a0<\/p>\n<p>Les patients utilisant la commande d&#039;ordonnances \u00e0 distance recevront un code PIN pour l&#039;ordonnance \u00e9lectronique par retour d&#039;e-mail ou de SMS. Ce num\u00e9ro et le num\u00e9ro PESEL du patient pour lequel l&#039;ordonnance a \u00e9t\u00e9 d\u00e9livr\u00e9e servent de base pour remplir l&#039;ordonnance \u00e9lectronique en pharmacie.<\/p>\n<p><strong>R\u00c8GLES POUR LA MISE EN \u0152UVRE DES ORDONNANCES \u00c9LECTRONIQUES<\/strong><br \/><strong>Les ordonnances \u00e9lectroniques ont g\u00e9n\u00e9ralement une dur\u00e9e de validit\u00e9 de 30 jours.<\/strong>Les exceptions sont les antibiotiques \u2013 7 jours et les pr\u00e9parations immunologiques \u2013 120 jours.<\/p>\n<p>Une ordonnance \u00e9lectronique de 30 jours peut \u00eatre utilis\u00e9e. <strong>\u00e0 une date ult\u00e9rieure seulement si le m\u00e9decin indique que les m\u00e9dicaments doivent \u00eatre achet\u00e9s \u00e0 partir d&#039;une date pr\u00e9cise.<\/strong>Il s&#039;agit d&#039;une solution courante pour les m\u00e9dicaments destin\u00e9s aux maladies chroniques.<\/p>\n<p><strong>Une ordonnance \u00e9lectronique peut \u00e9galement \u00eatre valable pendant 365 jours.<\/strong> Cette ordonnance \u00e9lectronique est destin\u00e9e aux patients atteints de maladies chroniques qui prennent r\u00e9guli\u00e8rement des doses pr\u00e9cises de m\u00e9dicaments et dont le m\u00e9decin a prescrit une dur\u00e9e de validit\u00e9 de 365 jours. La premi\u00e8re bo\u00eete peut \u00eatre achet\u00e9e dans les 30 jours suivant la date d&#039;\u00e9mission. Si l&#039;achat est effectu\u00e9 ult\u00e9rieurement, le pharmacien d\u00e9livrera une quantit\u00e9 de m\u00e9dicament r\u00e9duite, proportionnelle au nombre de jours \u00e9coul\u00e9s depuis l&#039;\u00e9mission de l&#039;ordonnance \u00e9lectronique. Il est possible d&#039;acheter en une seule fois une quantit\u00e9 maximale de m\u00e9dicament correspondant \u00e0 180 jours de traitement.<\/p>\n<p><span style=\"color: #ff0000;\"><strong>ATTENTION!<\/strong><\/span><br \/><span style=\"color: #ff0000;\"><strong>Si l&#039;ordonnance contient plusieurs bo\u00eetes d&#039;un m\u00eame m\u00e9dicament, le patient peut la payer en plusieurs fois, \u00e0 condition que l&#039;achat soit effectu\u00e9 dans une seule pharmacie. <\/strong><\/span><\/p>\n<p><span style=\"color: #ff0000;\"><strong>Si une ordonnance \u00e9lectronique comporte plusieurs m\u00e9dicaments, ils peuvent \u00eatre achet\u00e9s s\u00e9par\u00e9ment dans diff\u00e9rentes pharmacies.<\/strong> <\/span><\/p>","protected":false},"excerpt":{"rendered":"<p>ZAMAWIANIE RECEPT ELEKTRONICZNYCH Pacjenci zadeklarowani do NZOZ Tw\u00f3j Lekarz maj\u0105 mo\u017cliwo\u015b\u0107 zam\u00f3wienia recept na zapisane w dokumentacji medycznej, stale przyjmowane leki. Zam\u00f3wienia mo\u017cna sk\u0142ada\u0107 mailowo na adres recepty@localhost SMS-em pod numer 690 010 399, lub telefonicznie 71 311 12 36. Z uwagi na pandemi\u0119 COVID-19 i du\u017c\u0105 liczb\u0119 po\u0142\u0105cze\u0144 telefonicznych recepty najlepiej zamawia\u0107 za po\u015brednictwem [&hellip;]<\/p>","protected":false},"author":3,"featured_media":9894,"parent":0,"menu_order":0,"comment_status":"closed","ping_status":"closed","template":"","meta":{"footnotes":"","_wp_rev_ctl_limit":""},"categories":[],"tags":[],"class_list":["post-2596","page","type-page","status-publish","has-post-thumbnail","hentry"],"yoast_head":"<!-- This site is optimized with the Yoast SEO plugin v26.7 - https:\/\/yoast.com\/wordpress\/plugins\/seo\/ -->\n<title>Zamawianie recept - Przychodnia NZOZ &quot;Tw\u00f3j Lekarz&quot; sp. z o.o.<\/title>\n<meta name=\"robots\" content=\"index, follow, max-snippet:-1, max-image-preview:large, max-video-preview:-1\" \/>\n<link rel=\"canonical\" href=\"https:\/\/twojlekarz.net\/fr\/zamawianie-recept-2-2\/\" \/>\n<meta property=\"og:locale\" content=\"fr_FR\" \/>\n<meta property=\"og:type\" content=\"article\" \/>\n<meta property=\"og:title\" content=\"Zamawianie recept - Przychodnia NZOZ &quot;Tw\u00f3j Lekarz&quot; sp. z o.o.\" \/>\n<meta property=\"og:description\" content=\"ZAMAWIANIE RECEPT ELEKTRONICZNYCH Pacjenci zadeklarowani do NZOZ Tw\u00f3j Lekarz maj\u0105 mo\u017cliwo\u015b\u0107 zam\u00f3wienia recept na zapisane w dokumentacji medycznej, stale przyjmowane leki. Zam\u00f3wienia mo\u017cna sk\u0142ada\u0107 mailowo na adres recepty@localhost SMS-em pod numer 690 010 399, lub telefonicznie 71 311 12 36. Z uwagi na pandemi\u0119 COVID-19 i du\u017c\u0105 liczb\u0119 po\u0142\u0105cze\u0144 telefonicznych recepty najlepiej zamawia\u0107 za po\u015brednictwem [&hellip;]\" \/>\n<meta property=\"og:url\" content=\"https:\/\/twojlekarz.net\/fr\/zamawianie-recept-2-2\/\" \/>\n<meta property=\"og:site_name\" content=\"Przychodnia NZOZ &quot;Tw\u00f3j Lekarz&quot; sp. z o.o.\" \/>\n<meta property=\"article:publisher\" content=\"https:\/\/www.facebook.com\/NZOZTwojLekarz\/\" \/>\n<meta property=\"article:modified_time\" content=\"2021-05-17T22:28:07+00:00\" \/>\n<meta name=\"twitter:card\" content=\"summary_large_image\" \/>\n<meta name=\"twitter:label1\" content=\"Dur\u00e9e de lecture estim\u00e9e\" \/>\n\t<meta name=\"twitter:data1\" content=\"2 minutes\" \/>\n<script type=\"application\/ld+json\" class=\"yoast-schema-graph\">{\"@context\":\"https:\/\/schema.org\",\"@graph\":[{\"@type\":\"WebPage\",\"@id\":\"https:\/\/twojlekarz.net\/zamawianie-recept-2-2\/\",\"url\":\"https:\/\/twojlekarz.net\/zamawianie-recept-2-2\/\",\"name\":\"Zamawianie recept - Przychodnia NZOZ &quot;Tw\u00f3j Lekarz&quot; sp. z o.o.\",\"isPartOf\":{\"@id\":\"https:\/\/twojlekarz.net\/#website\"},\"primaryImageOfPage\":{\"@id\":\"https:\/\/twojlekarz.net\/zamawianie-recept-2-2\/#primaryimage\"},\"image\":{\"@id\":\"https:\/\/twojlekarz.net\/zamawianie-recept-2-2\/#primaryimage\"},\"thumbnailUrl\":\"https:\/\/i0.wp.com\/twojlekarz.net\/wp-content\/uploads\/KN0A1278-1-1.jpg?fit=1009%2C757&ssl=1\",\"datePublished\":\"2018-02-12T11:13:13+00:00\",\"dateModified\":\"2021-05-17T22:28:07+00:00\",\"breadcrumb\":{\"@id\":\"https:\/\/twojlekarz.net\/zamawianie-recept-2-2\/#breadcrumb\"},\"inLanguage\":\"fr-FR\",\"potentialAction\":[{\"@type\":\"ReadAction\",\"target\":[\"https:\/\/twojlekarz.net\/zamawianie-recept-2-2\/\"]}]},{\"@type\":\"ImageObject\",\"inLanguage\":\"fr-FR\",\"@id\":\"https:\/\/twojlekarz.net\/zamawianie-recept-2-2\/#primaryimage\",\"url\":\"https:\/\/i0.wp.com\/twojlekarz.net\/wp-content\/uploads\/KN0A1278-1-1.jpg?fit=1009%2C757&ssl=1\",\"contentUrl\":\"https:\/\/i0.wp.com\/twojlekarz.net\/wp-content\/uploads\/KN0A1278-1-1.jpg?fit=1009%2C757&ssl=1\",\"width\":1009,\"height\":757},{\"@type\":\"BreadcrumbList\",\"@id\":\"https:\/\/twojlekarz.net\/zamawianie-recept-2-2\/#breadcrumb\",\"itemListElement\":[{\"@type\":\"ListItem\",\"position\":1,\"name\":\"Strona g\u0142\u00f3wna\",\"item\":\"https:\/\/twojlekarz.net\/\"},{\"@type\":\"ListItem\",\"position\":2,\"name\":\"Zamawianie recept\"}]},{\"@type\":\"WebSite\",\"@id\":\"https:\/\/twojlekarz.net\/#website\",\"url\":\"https:\/\/twojlekarz.net\/\",\"name\":\"Przychodnia NZOZ \\\"Tw\u00f3j Lekarz\\\" sp. z o.o.\",\"description\":\"\",\"publisher\":{\"@id\":\"https:\/\/twojlekarz.net\/#organization\"},\"potentialAction\":[{\"@type\":\"SearchAction\",\"target\":{\"@type\":\"EntryPoint\",\"urlTemplate\":\"https:\/\/twojlekarz.net\/?s={search_term_string}\"},\"query-input\":{\"@type\":\"PropertyValueSpecification\",\"valueRequired\":true,\"valueName\":\"search_term_string\"}}],\"inLanguage\":\"fr-FR\"},{\"@type\":\"Organization\",\"@id\":\"https:\/\/twojlekarz.net\/#organization\",\"name\":\"Przychodnia NZOZ \\\"Tw\u00f3j Lekarz\\\" sp. z o.o.\",\"url\":\"https:\/\/twojlekarz.net\/\",\"logo\":{\"@type\":\"ImageObject\",\"inLanguage\":\"fr-FR\",\"@id\":\"https:\/\/twojlekarz.net\/#\/schema\/logo\/image\/\",\"url\":\"https:\/\/i0.wp.com\/twojlekarz.net\/wp-content\/uploads\/twoj-lekarz-logo2-e1448917738554.jpg?fit=200%2C71&ssl=1\",\"contentUrl\":\"https:\/\/i0.wp.com\/twojlekarz.net\/wp-content\/uploads\/twoj-lekarz-logo2-e1448917738554.jpg?fit=200%2C71&ssl=1\",\"width\":200,\"height\":71,\"caption\":\"Przychodnia NZOZ \\\"Tw\u00f3j Lekarz\\\" sp. z o.o.\"},\"image\":{\"@id\":\"https:\/\/twojlekarz.net\/#\/schema\/logo\/image\/\"},\"sameAs\":[\"https:\/\/www.facebook.com\/NZOZTwojLekarz\/\"]}]}<\/script>\n<!-- \/ Yoast SEO plugin. -->","yoast_head_json":{"title":"Commande d&#039;ordonnances - Clinique NZOZ &quot;Tw\u00f3j Lekarz&quot; sp. z o. o.","robots":{"index":"index","follow":"follow","max-snippet":"max-snippet:-1","max-image-preview":"max-image-preview:large","max-video-preview":"max-video-preview:-1"},"canonical":"https:\/\/twojlekarz.net\/fr\/zamawianie-recept-2-2\/","og_locale":"fr_FR","og_type":"article","og_title":"Zamawianie recept - Przychodnia NZOZ &quot;Tw\u00f3j Lekarz&quot; sp. z o.o.","og_description":"ZAMAWIANIE RECEPT ELEKTRONICZNYCH Pacjenci zadeklarowani do NZOZ Tw\u00f3j Lekarz maj\u0105 mo\u017cliwo\u015b\u0107 zam\u00f3wienia recept na zapisane w dokumentacji medycznej, stale przyjmowane leki. Zam\u00f3wienia mo\u017cna sk\u0142ada\u0107 mailowo na adres recepty@localhost SMS-em pod numer 690 010 399, lub telefonicznie 71 311 12 36. Z uwagi na pandemi\u0119 COVID-19 i du\u017c\u0105 liczb\u0119 po\u0142\u0105cze\u0144 telefonicznych recepty najlepiej zamawia\u0107 za po\u015brednictwem [&hellip;]","og_url":"https:\/\/twojlekarz.net\/fr\/zamawianie-recept-2-2\/","og_site_name":"Przychodnia NZOZ &quot;Tw\u00f3j Lekarz&quot; sp. z o.o.","article_publisher":"https:\/\/www.facebook.com\/NZOZTwojLekarz\/","article_modified_time":"2021-05-17T22:28:07+00:00","twitter_card":"summary_large_image","twitter_misc":{"Dur\u00e9e de lecture estim\u00e9e":"2 minutes"},"schema":{"@context":"https:\/\/schema.org","@graph":[{"@type":"WebPage","@id":"https:\/\/twojlekarz.net\/zamawianie-recept-2-2\/","url":"https:\/\/twojlekarz.net\/zamawianie-recept-2-2\/","name":"Commande d&#039;ordonnances - Clinique NZOZ &quot;Tw\u00f3j Lekarz&quot; sp. z o. o.","isPartOf":{"@id":"https:\/\/twojlekarz.net\/#website"},"primaryImageOfPage":{"@id":"https:\/\/twojlekarz.net\/zamawianie-recept-2-2\/#primaryimage"},"image":{"@id":"https:\/\/twojlekarz.net\/zamawianie-recept-2-2\/#primaryimage"},"thumbnailUrl":"https:\/\/i0.wp.com\/twojlekarz.net\/wp-content\/uploads\/KN0A1278-1-1.jpg?fit=1009%2C757&ssl=1","datePublished":"2018-02-12T11:13:13+00:00","dateModified":"2021-05-17T22:28:07+00:00","breadcrumb":{"@id":"https:\/\/twojlekarz.net\/zamawianie-recept-2-2\/#breadcrumb"},"inLanguage":"fr-FR","potentialAction":[{"@type":"ReadAction","target":["https:\/\/twojlekarz.net\/zamawianie-recept-2-2\/"]}]},{"@type":"ImageObject","inLanguage":"fr-FR","@id":"https:\/\/twojlekarz.net\/zamawianie-recept-2-2\/#primaryimage","url":"https:\/\/i0.wp.com\/twojlekarz.net\/wp-content\/uploads\/KN0A1278-1-1.jpg?fit=1009%2C757&ssl=1","contentUrl":"https:\/\/i0.wp.com\/twojlekarz.net\/wp-content\/uploads\/KN0A1278-1-1.jpg?fit=1009%2C757&ssl=1","width":1009,"height":757},{"@type":"BreadcrumbList","@id":"https:\/\/twojlekarz.net\/zamawianie-recept-2-2\/#breadcrumb","itemListElement":[{"@type":"ListItem","position":1,"name":"Strona g\u0142\u00f3wna","item":"https:\/\/twojlekarz.net\/"},{"@type":"ListItem","position":2,"name":"Zamawianie recept"}]},{"@type":"WebSite","@id":"https:\/\/twojlekarz.net\/#website","url":"https:\/\/twojlekarz.net\/","name":"Clinique NZOZ &quot;Tw\u00f3j Doktor&quot; z o.","description":"","publisher":{"@id":"https:\/\/twojlekarz.net\/#organization"},"potentialAction":[{"@type":"SearchAction","target":{"@type":"EntryPoint","urlTemplate":"https:\/\/twojlekarz.net\/?s={search_term_string}"},"query-input":{"@type":"PropertyValueSpecification","valueRequired":true,"valueName":"search_term_string"}}],"inLanguage":"fr-FR"},{"@type":"Organization","@id":"https:\/\/twojlekarz.net\/#organization","name":"Clinique NZOZ &quot;Tw\u00f3j Doktor&quot; z o.","url":"https:\/\/twojlekarz.net\/","logo":{"@type":"ImageObject","inLanguage":"fr-FR","@id":"https:\/\/twojlekarz.net\/#\/schema\/logo\/image\/","url":"https:\/\/i0.wp.com\/twojlekarz.net\/wp-content\/uploads\/twoj-lekarz-logo2-e1448917738554.jpg?fit=200%2C71&ssl=1","contentUrl":"https:\/\/i0.wp.com\/twojlekarz.net\/wp-content\/uploads\/twoj-lekarz-logo2-e1448917738554.jpg?fit=200%2C71&ssl=1","width":200,"height":71,"caption":"Przychodnia NZOZ \"Tw\u00f3j Lekarz\" sp. z o.o."},"image":{"@id":"https:\/\/twojlekarz.net\/#\/schema\/logo\/image\/"},"sameAs":["https:\/\/www.facebook.com\/NZOZTwojLekarz\/"]}]}},"jetpack_sharing_enabled":true,"_links":{"self":[{"href":"https:\/\/twojlekarz.net\/fr\/wp-json\/wp\/v2\/pages\/2596","targetHints":{"allow":["GET"]}}],"collection":[{"href":"https:\/\/twojlekarz.net\/fr\/wp-json\/wp\/v2\/pages"}],"about":[{"href":"https:\/\/twojlekarz.net\/fr\/wp-json\/wp\/v2\/types\/page"}],"author":[{"embeddable":true,"href":"https:\/\/twojlekarz.net\/fr\/wp-json\/wp\/v2\/users\/3"}],"replies":[{"embeddable":true,"href":"https:\/\/twojlekarz.net\/fr\/wp-json\/wp\/v2\/comments?post=2596"}],"version-history":[{"count":0,"href":"https:\/\/twojlekarz.net\/fr\/wp-json\/wp\/v2\/pages\/2596\/revisions"}],"wp:featuredmedia":[{"embeddable":true,"href":"https:\/\/twojlekarz.net\/fr\/wp-json\/wp\/v2\/media\/9894"}],"wp:attachment":[{"href":"https:\/\/twojlekarz.net\/fr\/wp-json\/wp\/v2\/media?parent=2596"}],"wp:term":[{"taxonomy":"category","embeddable":true,"href":"https:\/\/twojlekarz.net\/fr\/wp-json\/wp\/v2\/categories?post=2596"},{"taxonomy":"post_tag","embeddable":true,"href":"https:\/\/twojlekarz.net\/fr\/wp-json\/wp\/v2\/tags?post=2596"}],"curies":[{"name":"wp","href":"https:\/\/api.w.org\/{rel}","templated":true}]}}