{"id":5600,"date":"2020-10-06T10:39:46","date_gmt":"2020-10-06T10:39:46","guid":{"rendered":"https:\/\/twojlekarz.net.pl\/?page_id=5600"},"modified":"2021-12-28T10:49:07","modified_gmt":"2021-12-28T10:49:07","slug":"zostan-naszym-pacjentem-old","status":"publish","type":"page","link":"https:\/\/twojlekarz.net\/fr\/zostan-naszym-pacjentem-old\/","title":{"rendered":"Devenez notre patient"},"content":{"rendered":"<p><strong>NZOZ &quot;Votre m\u00e9decin&quot;<\/strong> fournit des services m\u00e9dicaux dans le domaine de <strong>Soins de sant\u00e9 primaires<\/strong> en vertu du contrat avec <strong>Fonds national de sant\u00e9<\/strong>. Les patients qui souhaitent y avoir recours sont tenus de soumettre une d\u00e9claration de choix de clinique.<\/p>\n\n\n\n<p>En raison de la pand\u00e9mie <strong>COVID 19<\/strong> nous recommandons :<\/p>\n\n\n\n<ul class=\"wp-block-list\"><li>t\u00e9l\u00e9charger le document depuis notre site Web,<\/li><li>remplir soigneusement, imprimer et signer le formulaire,<\/li><li>envoyer un scan de la d\u00e9claration sign\u00e9e \u00e0 l&#039;adresse <a href=\"mailto:deklaracje@localhost\"><strong>d\u00e9clarations@localhost<\/strong><\/a><\/li><\/ul>\n\n\n\n<p><\/p>\n\n\n\n<p><p>Documents \u00e0 t\u00e9l\u00e9charger :\n<br><a href=\"https:\/\/twojlekarz.net\/wp-content\/uploads\/2020\/deklaracja-lekarz-pielegniarka-polozna-poz_v1.pdf\" target=\"_blank\" rel=\"noreferrer noopener nofollow\">D\u00c9CLARATION \u2013 FEMME<\/a>\n<br><a href=\"https:\/\/twojlekarz.net\/wp-content\/uploads\/2020\/deklaracja-lekarz-pielegniarka-poz_v1.pdf\" target=\"_blank\" rel=\"noreferrer noopener nofollow\">D\u00c9CLARATION \u2013 HOMME<\/a>\n<br><a href=\"https:\/\/twojlekarz.net\/wp-content\/uploads\/2020\/deklaracja-lekarz-pielegniarka-polozna-poz_v1.pdf\" target=\"_blank\" rel=\"noreferrer noopener nofollow\">D\u00c9CLARATION \u2013 nouveau-n\u00e9 de sexe masculin jusqu\u2019\u00e0 l\u2019\u00e2ge de deux mois<\/a><p><br><\/p>\n\n\n\n<p><\/p>\n\n\n\n<p>ATTENTION!<br>DANS LES CHAMPS DE S\u00c9LECTION M\u00c9DECIN, INFIRMI\u00c8RE ET SAGE-FEMME, LES NOMS DES MEMBRES DE L&#039;\u00c9QUIPE DE M\u00c9DECINS NZOZ CHARG\u00c9S DE LA SUPERVISION DES D\u00c9PARTEMENTS INDIVIDUELS APPARA\u00ceTRONT. LA SAISIE D\u2019UN NOM SP\u00c9CIFIQUE NE LIMITE PAS LA CAPACIT\u00c9 DES PATIENTS \u00c0 UTILISER LES SERVICES DE TOUT LE PERSONNEL DE L\u2019\u00c9TABLISSEMENT.<br><\/p>\n\n\n\n<p>Nous tenons \u00e9galement \u00e0 vous informer que les personnes disposant d&#039;un Compte Patient Individuel peuvent soumettre leurs d\u00e9clarations \u00e0 la clinique par voie \u00e9lectronique, via ce syst\u00e8me. Les d\u00e9clarations d&#039;adh\u00e9sion \u00e0 la clinique peuvent \u00e9galement \u00eatre compl\u00e9t\u00e9es et soumises en personne dans tous les \u00e9tablissements NZOZ Tw\u00f3j Lekarz.<\/p>","protected":false},"excerpt":{"rendered":"<p>NZOZ \u201eTw\u00f3j Lekarz\u201d \u015bwiadczy us\u0142ugi medyczne w zakresie Podstawowej Opieki Zdrowotnej w ramach kontraktu z Narodowym Funduszem Zdrowia. Pacjenci, kt\u00f3rzy chc\u0105 z nich korzysta\u0107 zobowi\u0105zani s\u0105 do z\u0142o\u017cenia deklaracji wyboru przychodni. Ze wzgl\u0119du na pandemi\u0119 COVID-19 polecamy: pobranie dokumentu z naszej strony internetowej, dok\u0142adne wype\u0142nienie, wydrukowanie i podpisanie formularza, wys\u0142anie skanu podpisanej deklaracji na adres [&hellip;]<\/p>\n","protected":false},"author":2,"featured_media":9894,"parent":0,"menu_order":0,"comment_status":"closed","ping_status":"closed","template":"","meta":{"footnotes":"","_wp_rev_ctl_limit":""},"categories":[9],"tags":[],"class_list":["post-5600","page","type-page","status-publish","has-post-thumbnail","hentry","category-poradnik-pacjenta"],"yoast_head":"<!-- This site is optimized with the Yoast SEO plugin v27.3 - https:\/\/yoast.com\/product\/yoast-seo-wordpress\/ -->\n<title>Zosta\u0144 naszym pacjentem - Przychodnia NZOZ &quot;Tw\u00f3j Lekarz&quot; sp. z o.o.<\/title>\n<meta name=\"robots\" content=\"index, follow, max-snippet:-1, max-image-preview:large, max-video-preview:-1\" \/>\n<link rel=\"canonical\" href=\"https:\/\/twojlekarz.net\/fr\/zostan-naszym-pacjentem-old\/\" \/>\n<meta property=\"og:locale\" content=\"fr_FR\" \/>\n<meta property=\"og:type\" content=\"article\" \/>\n<meta property=\"og:title\" content=\"Zosta\u0144 naszym pacjentem - Przychodnia NZOZ &quot;Tw\u00f3j Lekarz&quot; sp. z o.o.\" \/>\n<meta property=\"og:description\" content=\"NZOZ \u201eTw\u00f3j Lekarz\u201d \u015bwiadczy us\u0142ugi medyczne w zakresie Podstawowej Opieki Zdrowotnej w ramach kontraktu z Narodowym Funduszem Zdrowia. Pacjenci, kt\u00f3rzy chc\u0105 z nich korzysta\u0107 zobowi\u0105zani s\u0105 do z\u0142o\u017cenia deklaracji wyboru przychodni. Ze wzgl\u0119du na pandemi\u0119 COVID-19 polecamy: pobranie dokumentu z naszej strony internetowej, dok\u0142adne wype\u0142nienie, wydrukowanie i podpisanie formularza, wys\u0142anie skanu podpisanej deklaracji na adres [&hellip;]\" \/>\n<meta property=\"og:url\" content=\"https:\/\/twojlekarz.net\/fr\/zostan-naszym-pacjentem-old\/\" \/>\n<meta property=\"og:site_name\" content=\"Przychodnia NZOZ &quot;Tw\u00f3j Lekarz&quot; sp. z o.o.\" \/>\n<meta property=\"article:publisher\" content=\"https:\/\/www.facebook.com\/NZOZTwojLekarz\/\" \/>\n<meta property=\"article:modified_time\" content=\"2021-12-28T10:49:07+00:00\" \/>\n<meta name=\"twitter:card\" content=\"summary_large_image\" \/>\n<meta name=\"twitter:label1\" content=\"Dur\u00e9e de lecture estim\u00e9e\" \/>\n\t<meta name=\"twitter:data1\" content=\"1 minute\" \/>\n<script type=\"application\/ld+json\" class=\"yoast-schema-graph\">{\"@context\":\"https:\\\/\\\/schema.org\",\"@graph\":[{\"@type\":\"WebPage\",\"@id\":\"https:\\\/\\\/twojlekarz.net\\\/zostan-naszym-pacjentem-old\\\/\",\"url\":\"https:\\\/\\\/twojlekarz.net\\\/zostan-naszym-pacjentem-old\\\/\",\"name\":\"Zosta\u0144 naszym pacjentem - Przychodnia NZOZ &quot;Tw\u00f3j Lekarz&quot; sp. z o.o.\",\"isPartOf\":{\"@id\":\"https:\\\/\\\/twojlekarz.net\\\/#website\"},\"primaryImageOfPage\":{\"@id\":\"https:\\\/\\\/twojlekarz.net\\\/zostan-naszym-pacjentem-old\\\/#primaryimage\"},\"image\":{\"@id\":\"https:\\\/\\\/twojlekarz.net\\\/zostan-naszym-pacjentem-old\\\/#primaryimage\"},\"thumbnailUrl\":\"https:\\\/\\\/i0.wp.com\\\/twojlekarz.net\\\/wp-content\\\/uploads\\\/KN0A1278-1-1.jpg?fit=1009%2C757&ssl=1\",\"datePublished\":\"2020-10-06T10:39:46+00:00\",\"dateModified\":\"2021-12-28T10:49:07+00:00\",\"breadcrumb\":{\"@id\":\"https:\\\/\\\/twojlekarz.net\\\/zostan-naszym-pacjentem-old\\\/#breadcrumb\"},\"inLanguage\":\"fr-FR\",\"potentialAction\":[{\"@type\":\"ReadAction\",\"target\":[\"https:\\\/\\\/twojlekarz.net\\\/zostan-naszym-pacjentem-old\\\/\"]}]},{\"@type\":\"ImageObject\",\"inLanguage\":\"fr-FR\",\"@id\":\"https:\\\/\\\/twojlekarz.net\\\/zostan-naszym-pacjentem-old\\\/#primaryimage\",\"url\":\"https:\\\/\\\/i0.wp.com\\\/twojlekarz.net\\\/wp-content\\\/uploads\\\/KN0A1278-1-1.jpg?fit=1009%2C757&ssl=1\",\"contentUrl\":\"https:\\\/\\\/i0.wp.com\\\/twojlekarz.net\\\/wp-content\\\/uploads\\\/KN0A1278-1-1.jpg?fit=1009%2C757&ssl=1\",\"width\":1009,\"height\":757},{\"@type\":\"BreadcrumbList\",\"@id\":\"https:\\\/\\\/twojlekarz.net\\\/zostan-naszym-pacjentem-old\\\/#breadcrumb\",\"itemListElement\":[{\"@type\":\"ListItem\",\"position\":1,\"name\":\"Strona g\u0142\u00f3wna\",\"item\":\"https:\\\/\\\/twojlekarz.net\\\/\"},{\"@type\":\"ListItem\",\"position\":2,\"name\":\"Zosta\u0144 naszym pacjentem\"}]},{\"@type\":\"WebSite\",\"@id\":\"https:\\\/\\\/twojlekarz.net\\\/#website\",\"url\":\"https:\\\/\\\/twojlekarz.net\\\/\",\"name\":\"Przychodnia NZOZ \\\"Tw\u00f3j Lekarz\\\" sp. z o.o.\",\"description\":\"\",\"publisher\":{\"@id\":\"https:\\\/\\\/twojlekarz.net\\\/#organization\"},\"potentialAction\":[{\"@type\":\"SearchAction\",\"target\":{\"@type\":\"EntryPoint\",\"urlTemplate\":\"https:\\\/\\\/twojlekarz.net\\\/?s={search_term_string}\"},\"query-input\":{\"@type\":\"PropertyValueSpecification\",\"valueRequired\":true,\"valueName\":\"search_term_string\"}}],\"inLanguage\":\"fr-FR\"},{\"@type\":\"Organization\",\"@id\":\"https:\\\/\\\/twojlekarz.net\\\/#organization\",\"name\":\"Przychodnia NZOZ \\\"Tw\u00f3j Lekarz\\\" sp. z o.o.\",\"url\":\"https:\\\/\\\/twojlekarz.net\\\/\",\"logo\":{\"@type\":\"ImageObject\",\"inLanguage\":\"fr-FR\",\"@id\":\"https:\\\/\\\/twojlekarz.net\\\/#\\\/schema\\\/logo\\\/image\\\/\",\"url\":\"https:\\\/\\\/i0.wp.com\\\/twojlekarz.net\\\/wp-content\\\/uploads\\\/twoj-lekarz-logo2-e1448917738554.jpg?fit=200%2C71&ssl=1\",\"contentUrl\":\"https:\\\/\\\/i0.wp.com\\\/twojlekarz.net\\\/wp-content\\\/uploads\\\/twoj-lekarz-logo2-e1448917738554.jpg?fit=200%2C71&ssl=1\",\"width\":200,\"height\":71,\"caption\":\"Przychodnia NZOZ \\\"Tw\u00f3j Lekarz\\\" sp. z o.o.\"},\"image\":{\"@id\":\"https:\\\/\\\/twojlekarz.net\\\/#\\\/schema\\\/logo\\\/image\\\/\"},\"sameAs\":[\"https:\\\/\\\/www.facebook.com\\\/NZOZTwojLekarz\\\/\"]}]}<\/script>\n<!-- \/ Yoast SEO plugin. -->","yoast_head_json":{"title":"Zosta\u0144 naszym pacjentem - Przychodnia NZOZ &quot;Tw\u00f3j Lekarz&quot; sp. z o.o.","robots":{"index":"index","follow":"follow","max-snippet":"max-snippet:-1","max-image-preview":"max-image-preview:large","max-video-preview":"max-video-preview:-1"},"canonical":"https:\/\/twojlekarz.net\/fr\/zostan-naszym-pacjentem-old\/","og_locale":"fr_FR","og_type":"article","og_title":"Zosta\u0144 naszym pacjentem - Przychodnia NZOZ &quot;Tw\u00f3j Lekarz&quot; sp. z o.o.","og_description":"NZOZ \u201eTw\u00f3j Lekarz\u201d \u015bwiadczy us\u0142ugi medyczne w zakresie Podstawowej Opieki Zdrowotnej w ramach kontraktu z Narodowym Funduszem Zdrowia. Pacjenci, kt\u00f3rzy chc\u0105 z nich korzysta\u0107 zobowi\u0105zani s\u0105 do z\u0142o\u017cenia deklaracji wyboru przychodni. Ze wzgl\u0119du na pandemi\u0119 COVID-19 polecamy: pobranie dokumentu z naszej strony internetowej, dok\u0142adne wype\u0142nienie, wydrukowanie i podpisanie formularza, wys\u0142anie skanu podpisanej deklaracji na adres [&hellip;]","og_url":"https:\/\/twojlekarz.net\/fr\/zostan-naszym-pacjentem-old\/","og_site_name":"Przychodnia NZOZ &quot;Tw\u00f3j Lekarz&quot; sp. z o.o.","article_publisher":"https:\/\/www.facebook.com\/NZOZTwojLekarz\/","article_modified_time":"2021-12-28T10:49:07+00:00","twitter_card":"summary_large_image","twitter_misc":{"Dur\u00e9e de lecture estim\u00e9e":"1 minute"},"schema":{"@context":"https:\/\/schema.org","@graph":[{"@type":"WebPage","@id":"https:\/\/twojlekarz.net\/zostan-naszym-pacjentem-old\/","url":"https:\/\/twojlekarz.net\/zostan-naszym-pacjentem-old\/","name":"Zosta\u0144 naszym pacjentem - Przychodnia NZOZ &quot;Tw\u00f3j Lekarz&quot; sp. z o.o.","isPartOf":{"@id":"https:\/\/twojlekarz.net\/#website"},"primaryImageOfPage":{"@id":"https:\/\/twojlekarz.net\/zostan-naszym-pacjentem-old\/#primaryimage"},"image":{"@id":"https:\/\/twojlekarz.net\/zostan-naszym-pacjentem-old\/#primaryimage"},"thumbnailUrl":"https:\/\/i0.wp.com\/twojlekarz.net\/wp-content\/uploads\/KN0A1278-1-1.jpg?fit=1009%2C757&ssl=1","datePublished":"2020-10-06T10:39:46+00:00","dateModified":"2021-12-28T10:49:07+00:00","breadcrumb":{"@id":"https:\/\/twojlekarz.net\/zostan-naszym-pacjentem-old\/#breadcrumb"},"inLanguage":"fr-FR","potentialAction":[{"@type":"ReadAction","target":["https:\/\/twojlekarz.net\/zostan-naszym-pacjentem-old\/"]}]},{"@type":"ImageObject","inLanguage":"fr-FR","@id":"https:\/\/twojlekarz.net\/zostan-naszym-pacjentem-old\/#primaryimage","url":"https:\/\/i0.wp.com\/twojlekarz.net\/wp-content\/uploads\/KN0A1278-1-1.jpg?fit=1009%2C757&ssl=1","contentUrl":"https:\/\/i0.wp.com\/twojlekarz.net\/wp-content\/uploads\/KN0A1278-1-1.jpg?fit=1009%2C757&ssl=1","width":1009,"height":757},{"@type":"BreadcrumbList","@id":"https:\/\/twojlekarz.net\/zostan-naszym-pacjentem-old\/#breadcrumb","itemListElement":[{"@type":"ListItem","position":1,"name":"Strona g\u0142\u00f3wna","item":"https:\/\/twojlekarz.net\/"},{"@type":"ListItem","position":2,"name":"Zosta\u0144 naszym pacjentem"}]},{"@type":"WebSite","@id":"https:\/\/twojlekarz.net\/#website","url":"https:\/\/twojlekarz.net\/","name":"Clinique NZOZ &quot;Tw\u00f3j Doktor&quot; z o.","description":"","publisher":{"@id":"https:\/\/twojlekarz.net\/#organization"},"potentialAction":[{"@type":"SearchAction","target":{"@type":"EntryPoint","urlTemplate":"https:\/\/twojlekarz.net\/?s={search_term_string}"},"query-input":{"@type":"PropertyValueSpecification","valueRequired":true,"valueName":"search_term_string"}}],"inLanguage":"fr-FR"},{"@type":"Organization","@id":"https:\/\/twojlekarz.net\/#organization","name":"Clinique NZOZ &quot;Tw\u00f3j Doktor&quot; z o.","url":"https:\/\/twojlekarz.net\/","logo":{"@type":"ImageObject","inLanguage":"fr-FR","@id":"https:\/\/twojlekarz.net\/#\/schema\/logo\/image\/","url":"https:\/\/i0.wp.com\/twojlekarz.net\/wp-content\/uploads\/twoj-lekarz-logo2-e1448917738554.jpg?fit=200%2C71&ssl=1","contentUrl":"https:\/\/i0.wp.com\/twojlekarz.net\/wp-content\/uploads\/twoj-lekarz-logo2-e1448917738554.jpg?fit=200%2C71&ssl=1","width":200,"height":71,"caption":"Przychodnia NZOZ \"Tw\u00f3j Lekarz\" sp. z o.o."},"image":{"@id":"https:\/\/twojlekarz.net\/#\/schema\/logo\/image\/"},"sameAs":["https:\/\/www.facebook.com\/NZOZTwojLekarz\/"]}]}},"jetpack_sharing_enabled":true,"_links":{"self":[{"href":"https:\/\/twojlekarz.net\/fr\/wp-json\/wp\/v2\/pages\/5600","targetHints":{"allow":["GET"]}}],"collection":[{"href":"https:\/\/twojlekarz.net\/fr\/wp-json\/wp\/v2\/pages"}],"about":[{"href":"https:\/\/twojlekarz.net\/fr\/wp-json\/wp\/v2\/types\/page"}],"author":[{"embeddable":true,"href":"https:\/\/twojlekarz.net\/fr\/wp-json\/wp\/v2\/users\/2"}],"replies":[{"embeddable":true,"href":"https:\/\/twojlekarz.net\/fr\/wp-json\/wp\/v2\/comments?post=5600"}],"version-history":[{"count":0,"href":"https:\/\/twojlekarz.net\/fr\/wp-json\/wp\/v2\/pages\/5600\/revisions"}],"wp:featuredmedia":[{"embeddable":true,"href":"https:\/\/twojlekarz.net\/fr\/wp-json\/wp\/v2\/media\/9894"}],"wp:attachment":[{"href":"https:\/\/twojlekarz.net\/fr\/wp-json\/wp\/v2\/media?parent=5600"}],"wp:term":[{"taxonomy":"category","embeddable":true,"href":"https:\/\/twojlekarz.net\/fr\/wp-json\/wp\/v2\/categories?post=5600"},{"taxonomy":"post_tag","embeddable":true,"href":"https:\/\/twojlekarz.net\/fr\/wp-json\/wp\/v2\/tags?post=5600"}],"curies":[{"name":"wp","href":"https:\/\/api.w.org\/{rel}","templated":true}]}}