{"id":138,"date":"2015-05-08T22:29:18","date_gmt":"2015-05-08T22:29:18","guid":{"rendered":"Pacjenci leczeni w NZOZ \u201eTw\u00f3j Lekarz\u201d mog\u0105 otrzyma\u0107 recepty na leki przyjmowane przewlekle zgodnie z wcze\u015bniejszymi zaleceniami lekarskimi.\r\n\r\nW tym celu nale\u017cy zg\u0142osi\u0107 <strong>osobi\u015bcie<\/strong> zapotrzebowanie na leki w rejestracji w plac\u00f3wkach \u201eTw\u00f3j Le"},"modified":"2015-05-12T18:04:07","modified_gmt":"2015-05-12T18:04:07","slug":"zamow-recepte","status":"publish","type":"page","link":"https:\/\/twojlekarz.net\/ko\/zamow-recepte\/","title":{"rendered":"\ucc98\ubc29\uc804\uc744 \uc8fc\ubb38\ud558\ub2e4"},"content":{"rendered":"<p>NZOZ &quot;Tw\u00f3j Lekarz&quot;\uc5d0\uc11c \uce58\ub8cc\ub97c \ubc1b\ub294 \ud658\uc790\ub294 \uc774\uc804 \uc758\ud559\uc801 \uad8c\uace0\uc5d0 \ub530\ub77c \ub9cc\uc131\uc801\uc73c\ub85c \ubcf5\uc6a9\ud558\ub358 \uc57d\ubb3c\uc5d0 \ub300\ud55c \ucc98\ubc29\uc744 \ubc1b\uc744 \uc218 \uc788\uc2b5\ub2c8\ub2e4.<\/p>\n<p>\uc774\ub97c \uc704\ud574\uc11c\ub294 \ubcf4\uace0\ud574\uc57c \ud569\ub2c8\ub2e4. <strong>\ubab8\uc18c<\/strong> &quot;\uadc0\ud558\uc758 \uc758\uc0ac&quot; \uc2dc\uc124\uc5d0 \ub4f1\ub85d\ub41c \uc758\uc57d\ud488\uc5d0 \ub300\ud55c \uc218\uc694.<\/p>\n<p>\uc758\uc0ac\uac00 \uc791\uc131\ud55c \ucc98\ubc29\uc804\uc740 \ub4f1\ub85d\uc77c\ub85c\ubd80\ud130 2\uc77c \ud6c4\uc5d0 \ubc1c\uae09\ub429\ub2c8\ub2e4.<\/p>\n<p>\ud658\uc790\uac00 3\uac1c\uc6d4 \uc774\uc0c1 \uc758\uc0ac\uc640 \uc0c1\ub2f4\ud558\uc9c0 \uc54a\uc740 \uacbd\uc6b0, \uc758\uc0ac\uc758 \uc9c4\ucc30 \uc5c6\uc774\ub294 \uc57d\ubb3c \ucc98\ubc29\uc744 \ubc1b\uc744 \uc218 \uc5c6\uc2b5\ub2c8\ub2e4.<\/p>","protected":false},"excerpt":{"rendered":"<p>Pacjenci leczeni w NZOZ \u201eTw\u00f3j Lekarz\u201d mog\u0105 otrzyma\u0107 recepty na leki przyjmowane przewlekle zgodnie z wcze\u015bniejszymi zaleceniami lekarskimi. W tym celu nale\u017cy zg\u0142osi\u0107 osobi\u015bcie zapotrzebowanie na leki w rejestracji w plac\u00f3wkach \u201eTw\u00f3j Lekarz\u201d. Wypisane przez lekarza recepty wydane zostan\u0105 dwa dni od dnia zg\u0142oszenia zapotrzebowania w rejestracji. Je\u017celi pacjent nie by\u0142 konsultowany przez lekarza d\u0142u\u017cej [&hellip;]<\/p>","protected":false},"author":1,"featured_media":9894,"parent":0,"menu_order":0,"comment_status":"open","ping_status":"open","template":"","meta":{"footnotes":"","_wp_rev_ctl_limit":""},"categories":[9],"tags":[],"class_list":["post-138","page","type-page","status-publish","has-post-thumbnail","hentry","category-poradnik-pacjenta"],"yoast_head":"<!-- This site is optimized with the Yoast SEO plugin v26.7 - https:\/\/yoast.com\/wordpress\/plugins\/seo\/ -->\n<title>Zam\u00f3w recept\u0119 - Przychodnia NZOZ &quot;Tw\u00f3j Lekarz&quot; sp. z o.o.<\/title>\n<meta name=\"robots\" content=\"index, follow, max-snippet:-1, max-image-preview:large, max-video-preview:-1\" \/>\n<link rel=\"canonical\" href=\"https:\/\/twojlekarz.net\/ko\/zamow-recepte\/\" \/>\n<meta property=\"og:locale\" content=\"ko_KR\" \/>\n<meta property=\"og:type\" content=\"article\" \/>\n<meta property=\"og:title\" content=\"Zam\u00f3w recept\u0119 - Przychodnia NZOZ &quot;Tw\u00f3j Lekarz&quot; sp. z o.o.\" \/>\n<meta property=\"og:description\" content=\"Pacjenci leczeni w NZOZ \u201eTw\u00f3j Lekarz\u201d mog\u0105 otrzyma\u0107 recepty na leki przyjmowane przewlekle zgodnie z wcze\u015bniejszymi zaleceniami lekarskimi. W tym celu nale\u017cy zg\u0142osi\u0107 osobi\u015bcie zapotrzebowanie na leki w rejestracji w plac\u00f3wkach \u201eTw\u00f3j Lekarz\u201d. Wypisane przez lekarza recepty wydane zostan\u0105 dwa dni od dnia zg\u0142oszenia zapotrzebowania w rejestracji. Je\u017celi pacjent nie by\u0142 konsultowany przez lekarza d\u0142u\u017cej [&hellip;]\" \/>\n<meta property=\"og:url\" content=\"https:\/\/twojlekarz.net\/ko\/zamow-recepte\/\" \/>\n<meta property=\"og:site_name\" content=\"Przychodnia NZOZ &quot;Tw\u00f3j Lekarz&quot; sp. z o.o.\" \/>\n<meta property=\"article:publisher\" content=\"https:\/\/www.facebook.com\/NZOZTwojLekarz\/\" \/>\n<meta property=\"article:modified_time\" content=\"2015-05-12T18:04:07+00:00\" \/>\n<meta name=\"twitter:card\" content=\"summary_large_image\" \/>\n<script type=\"application\/ld+json\" class=\"yoast-schema-graph\">{\"@context\":\"https:\/\/schema.org\",\"@graph\":[{\"@type\":\"WebPage\",\"@id\":\"https:\/\/twojlekarz.net\/zamow-recepte\/\",\"url\":\"https:\/\/twojlekarz.net\/zamow-recepte\/\",\"name\":\"Zam\u00f3w recept\u0119 - Przychodnia NZOZ &quot;Tw\u00f3j Lekarz&quot; sp. z o.o.\",\"isPartOf\":{\"@id\":\"https:\/\/twojlekarz.net\/#website\"},\"primaryImageOfPage\":{\"@id\":\"https:\/\/twojlekarz.net\/zamow-recepte\/#primaryimage\"},\"image\":{\"@id\":\"https:\/\/twojlekarz.net\/zamow-recepte\/#primaryimage\"},\"thumbnailUrl\":\"https:\/\/i0.wp.com\/twojlekarz.net\/wp-content\/uploads\/KN0A1278-1-1.jpg?fit=1009%2C757&ssl=1\",\"datePublished\":\"2015-05-08T22:29:18+00:00\",\"dateModified\":\"2015-05-12T18:04:07+00:00\",\"breadcrumb\":{\"@id\":\"https:\/\/twojlekarz.net\/zamow-recepte\/#breadcrumb\"},\"inLanguage\":\"ko-KR\",\"potentialAction\":[{\"@type\":\"ReadAction\",\"target\":[\"https:\/\/twojlekarz.net\/zamow-recepte\/\"]}]},{\"@type\":\"ImageObject\",\"inLanguage\":\"ko-KR\",\"@id\":\"https:\/\/twojlekarz.net\/zamow-recepte\/#primaryimage\",\"url\":\"https:\/\/i0.wp.com\/twojlekarz.net\/wp-content\/uploads\/KN0A1278-1-1.jpg?fit=1009%2C757&ssl=1\",\"contentUrl\":\"https:\/\/i0.wp.com\/twojlekarz.net\/wp-content\/uploads\/KN0A1278-1-1.jpg?fit=1009%2C757&ssl=1\",\"width\":1009,\"height\":757},{\"@type\":\"BreadcrumbList\",\"@id\":\"https:\/\/twojlekarz.net\/zamow-recepte\/#breadcrumb\",\"itemListElement\":[{\"@type\":\"ListItem\",\"position\":1,\"name\":\"Strona g\u0142\u00f3wna\",\"item\":\"https:\/\/twojlekarz.net\/\"},{\"@type\":\"ListItem\",\"position\":2,\"name\":\"Zam\u00f3w recept\u0119\"}]},{\"@type\":\"WebSite\",\"@id\":\"https:\/\/twojlekarz.net\/#website\",\"url\":\"https:\/\/twojlekarz.net\/\",\"name\":\"Przychodnia NZOZ \\\"Tw\u00f3j Lekarz\\\" sp. z o.o.\",\"description\":\"\",\"publisher\":{\"@id\":\"https:\/\/twojlekarz.net\/#organization\"},\"potentialAction\":[{\"@type\":\"SearchAction\",\"target\":{\"@type\":\"EntryPoint\",\"urlTemplate\":\"https:\/\/twojlekarz.net\/?s={search_term_string}\"},\"query-input\":{\"@type\":\"PropertyValueSpecification\",\"valueRequired\":true,\"valueName\":\"search_term_string\"}}],\"inLanguage\":\"ko-KR\"},{\"@type\":\"Organization\",\"@id\":\"https:\/\/twojlekarz.net\/#organization\",\"name\":\"Przychodnia NZOZ \\\"Tw\u00f3j Lekarz\\\" sp. z o.o.\",\"url\":\"https:\/\/twojlekarz.net\/\",\"logo\":{\"@type\":\"ImageObject\",\"inLanguage\":\"ko-KR\",\"@id\":\"https:\/\/twojlekarz.net\/#\/schema\/logo\/image\/\",\"url\":\"https:\/\/i0.wp.com\/twojlekarz.net\/wp-content\/uploads\/twoj-lekarz-logo2-e1448917738554.jpg?fit=200%2C71&ssl=1\",\"contentUrl\":\"https:\/\/i0.wp.com\/twojlekarz.net\/wp-content\/uploads\/twoj-lekarz-logo2-e1448917738554.jpg?fit=200%2C71&ssl=1\",\"width\":200,\"height\":71,\"caption\":\"Przychodnia NZOZ \\\"Tw\u00f3j Lekarz\\\" sp. z o.o.\"},\"image\":{\"@id\":\"https:\/\/twojlekarz.net\/#\/schema\/logo\/image\/\"},\"sameAs\":[\"https:\/\/www.facebook.com\/NZOZTwojLekarz\/\"]}]}<\/script>\n<!-- \/ Yoast SEO plugin. -->","yoast_head_json":{"title":"Zam\u00f3w recept\u0119 - Przychodnia NZOZ &quot;Tw\u00f3j Lekarz&quot; sp. z o.o.","robots":{"index":"index","follow":"follow","max-snippet":"max-snippet:-1","max-image-preview":"max-image-preview:large","max-video-preview":"max-video-preview:-1"},"canonical":"https:\/\/twojlekarz.net\/ko\/zamow-recepte\/","og_locale":"ko_KR","og_type":"article","og_title":"Zam\u00f3w recept\u0119 - Przychodnia NZOZ &quot;Tw\u00f3j Lekarz&quot; sp. z o.o.","og_description":"Pacjenci leczeni w NZOZ \u201eTw\u00f3j Lekarz\u201d mog\u0105 otrzyma\u0107 recepty na leki przyjmowane przewlekle zgodnie z wcze\u015bniejszymi zaleceniami lekarskimi. W tym celu nale\u017cy zg\u0142osi\u0107 osobi\u015bcie zapotrzebowanie na leki w rejestracji w plac\u00f3wkach \u201eTw\u00f3j Lekarz\u201d. Wypisane przez lekarza recepty wydane zostan\u0105 dwa dni od dnia zg\u0142oszenia zapotrzebowania w rejestracji. Je\u017celi pacjent nie by\u0142 konsultowany przez lekarza d\u0142u\u017cej [&hellip;]","og_url":"https:\/\/twojlekarz.net\/ko\/zamow-recepte\/","og_site_name":"Przychodnia NZOZ &quot;Tw\u00f3j Lekarz&quot; sp. z o.o.","article_publisher":"https:\/\/www.facebook.com\/NZOZTwojLekarz\/","article_modified_time":"2015-05-12T18:04:07+00:00","twitter_card":"summary_large_image","schema":{"@context":"https:\/\/schema.org","@graph":[{"@type":"WebPage","@id":"https:\/\/twojlekarz.net\/zamow-recepte\/","url":"https:\/\/twojlekarz.net\/zamow-recepte\/","name":"Zam\u00f3w recept\u0119 - Przychodnia NZOZ &quot;Tw\u00f3j Lekarz&quot; sp. z o.o.","isPartOf":{"@id":"https:\/\/twojlekarz.net\/#website"},"primaryImageOfPage":{"@id":"https:\/\/twojlekarz.net\/zamow-recepte\/#primaryimage"},"image":{"@id":"https:\/\/twojlekarz.net\/zamow-recepte\/#primaryimage"},"thumbnailUrl":"https:\/\/i0.wp.com\/twojlekarz.net\/wp-content\/uploads\/KN0A1278-1-1.jpg?fit=1009%2C757&ssl=1","datePublished":"2015-05-08T22:29:18+00:00","dateModified":"2015-05-12T18:04:07+00:00","breadcrumb":{"@id":"https:\/\/twojlekarz.net\/zamow-recepte\/#breadcrumb"},"inLanguage":"ko-KR","potentialAction":[{"@type":"ReadAction","target":["https:\/\/twojlekarz.net\/zamow-recepte\/"]}]},{"@type":"ImageObject","inLanguage":"ko-KR","@id":"https:\/\/twojlekarz.net\/zamow-recepte\/#primaryimage","url":"https:\/\/i0.wp.com\/twojlekarz.net\/wp-content\/uploads\/KN0A1278-1-1.jpg?fit=1009%2C757&ssl=1","contentUrl":"https:\/\/i0.wp.com\/twojlekarz.net\/wp-content\/uploads\/KN0A1278-1-1.jpg?fit=1009%2C757&ssl=1","width":1009,"height":757},{"@type":"BreadcrumbList","@id":"https:\/\/twojlekarz.net\/zamow-recepte\/#breadcrumb","itemListElement":[{"@type":"ListItem","position":1,"name":"Strona g\u0142\u00f3wna","item":"https:\/\/twojlekarz.net\/"},{"@type":"ListItem","position":2,"name":"Zam\u00f3w recept\u0119"}]},{"@type":"WebSite","@id":"https:\/\/twojlekarz.net\/#website","url":"https:\/\/twojlekarz.net\/","name":"NZOZ \ud074\ub9ac\ub2c9 &quot;Tw\u00f3j Doktor&quot; z o.","description":"","publisher":{"@id":"https:\/\/twojlekarz.net\/#organization"},"potentialAction":[{"@type":"SearchAction","target":{"@type":"EntryPoint","urlTemplate":"https:\/\/twojlekarz.net\/?s={search_term_string}"},"query-input":{"@type":"PropertyValueSpecification","valueRequired":true,"valueName":"search_term_string"}}],"inLanguage":"ko-KR"},{"@type":"Organization","@id":"https:\/\/twojlekarz.net\/#organization","name":"NZOZ \ud074\ub9ac\ub2c9 &quot;Tw\u00f3j Doktor&quot; z o.","url":"https:\/\/twojlekarz.net\/","logo":{"@type":"ImageObject","inLanguage":"ko-KR","@id":"https:\/\/twojlekarz.net\/#\/schema\/logo\/image\/","url":"https:\/\/i0.wp.com\/twojlekarz.net\/wp-content\/uploads\/twoj-lekarz-logo2-e1448917738554.jpg?fit=200%2C71&ssl=1","contentUrl":"https:\/\/i0.wp.com\/twojlekarz.net\/wp-content\/uploads\/twoj-lekarz-logo2-e1448917738554.jpg?fit=200%2C71&ssl=1","width":200,"height":71,"caption":"Przychodnia NZOZ \"Tw\u00f3j Lekarz\" sp. z o.o."},"image":{"@id":"https:\/\/twojlekarz.net\/#\/schema\/logo\/image\/"},"sameAs":["https:\/\/www.facebook.com\/NZOZTwojLekarz\/"]}]}},"jetpack_sharing_enabled":true,"_links":{"self":[{"href":"https:\/\/twojlekarz.net\/ko\/wp-json\/wp\/v2\/pages\/138","targetHints":{"allow":["GET"]}}],"collection":[{"href":"https:\/\/twojlekarz.net\/ko\/wp-json\/wp\/v2\/pages"}],"about":[{"href":"https:\/\/twojlekarz.net\/ko\/wp-json\/wp\/v2\/types\/page"}],"author":[{"embeddable":true,"href":"https:\/\/twojlekarz.net\/ko\/wp-json\/wp\/v2\/users\/1"}],"replies":[{"embeddable":true,"href":"https:\/\/twojlekarz.net\/ko\/wp-json\/wp\/v2\/comments?post=138"}],"version-history":[{"count":0,"href":"https:\/\/twojlekarz.net\/ko\/wp-json\/wp\/v2\/pages\/138\/revisions"}],"wp:featuredmedia":[{"embeddable":true,"href":"https:\/\/twojlekarz.net\/ko\/wp-json\/wp\/v2\/media\/9894"}],"wp:attachment":[{"href":"https:\/\/twojlekarz.net\/ko\/wp-json\/wp\/v2\/media?parent=138"}],"wp:term":[{"taxonomy":"category","embeddable":true,"href":"https:\/\/twojlekarz.net\/ko\/wp-json\/wp\/v2\/categories?post=138"},{"taxonomy":"post_tag","embeddable":true,"href":"https:\/\/twojlekarz.net\/ko\/wp-json\/wp\/v2\/tags?post=138"}],"curies":[{"name":"\uc6cc\ub4dc\ud504\ub808\uc2a4","href":"https:\/\/api.w.org\/{rel}","templated":true}]}}