{"id":257,"date":"2015-07-01T17:43:35","date_gmt":"2015-07-01T17:43:35","guid":{"rendered":"http:\/\/www.twojlekarz.marcinbukowski.pl\/?page_id=257"},"modified":"2021-05-17T22:23:41","modified_gmt":"2021-05-17T22:23:41","slug":"sleza-old","status":"publish","type":"page","link":"https:\/\/twojlekarz.net\/ko\/sleza-old\/","title":{"rendered":"\u015al\u0119za"},"content":{"rendered":"<div class=\"tiled-gallery type-rectangular tiled-gallery-unresized\" data-original-width=\"848\" data-carousel-extra='null' itemscope itemtype=\"http:\/\/schema.org\/ImageGallery\" > <div class=\"gallery-row\" style=\"width: 848px; height: 425px;\" data-original-width=\"848\" data-original-height=\"425\" > <div class=\"gallery-group images-1\" style=\"width: 566px; height: 425px;\" data-original-width=\"566\" data-original-height=\"425\" > <div class=\"tiled-gallery-item tiled-gallery-item-large\" itemprop=\"associatedMedia\" itemscope itemtype=\"http:\/\/schema.org\/ImageObject\"> <a href=\"https:\/\/i0.wp.com\/twojlekarz.net\/wp-content\/uploads\/%C5%9Bl%C4%99za-3.jpg?ssl=1\" border=\"0\" itemprop=\"url\"> <meta itemprop=\"width\" content=\"562\"> <meta itemprop=\"height\" content=\"421\"> <img decoding=\"async\" class=\"\" data-attachment-id=\"4015\" data-orig-file=\"https:\/\/twojlekarz.net\/wp-content\/uploads\/\u015bl\u0119za-3.jpg\" data-orig-size=\"4608,3456\" data-comments-opened=\"\" data-image-meta=\"{&quot;aperture&quot;:&quot;2.2&quot;,&quot;credit&quot;:&quot;&quot;,&quot;camera&quot;:&quot;ANE-LX1&quot;,&quot;caption&quot;:&quot;&quot;,&quot;created_timestamp&quot;:&quot;1571316920&quot;,&quot;copyright&quot;:&quot;&quot;,&quot;focal_length&quot;:&quot;3.81&quot;,&quot;iso&quot;:&quot;50&quot;,&quot;shutter_speed&quot;:&quot;0.002269&quot;,&quot;title&quot;:&quot;&quot;,&quot;orientation&quot;:&quot;1&quot;}\" data-image-title=\"\u015bl\u0119za 3\" data-image-description=\"\" data-medium-file=\"https:\/\/i0.wp.com\/twojlekarz.net\/wp-content\/uploads\/%C5%9Bl%C4%99za-3.jpg?fit=300%2C225&#038;ssl=1\" data-large-file=\"https:\/\/i0.wp.com\/twojlekarz.net\/wp-content\/uploads\/%C5%9Bl%C4%99za-3.jpg?fit=848%2C636&#038;ssl=1\" src=\"https:\/\/i0.wp.com\/twojlekarz.net\/wp-content\/uploads\/%C5%9Bl%C4%99za-3.jpg?w=562&#038;h=421&#038;ssl=1\" width=\"562\" height=\"421\" loading=\"lazy\" data-original-width=\"562\" data-original-height=\"421\" itemprop=\"http:\/\/schema.org\/image\" title=\"\u015bl\u0119za 3\" alt=\"\u015bl\u0119za 3\" style=\"width: 562px; height: 421px;\" \/> <\/a> <\/div> <\/div> <!-- close group --> <div class=\"gallery-group images-2\" style=\"width: 282px; height: 425px;\" data-original-width=\"282\" data-original-height=\"425\" > <div class=\"tiled-gallery-item tiled-gallery-item-large\" itemprop=\"associatedMedia\" itemscope itemtype=\"http:\/\/schema.org\/ImageObject\"> <a href=\"https:\/\/i0.wp.com\/twojlekarz.net\/wp-content\/uploads\/%C5%9Bl%C4%99za-5.jpg?ssl=1\" border=\"0\" itemprop=\"url\"> <meta itemprop=\"width\" content=\"278\"> <meta itemprop=\"height\" content=\"209\"> <img decoding=\"async\" class=\"\" data-attachment-id=\"4016\" data-orig-file=\"https:\/\/twojlekarz.net\/wp-content\/uploads\/\u015bl\u0119za-5.jpg\" data-orig-size=\"4608,3456\" data-comments-opened=\"\" data-image-meta=\"{&quot;aperture&quot;:&quot;2.2&quot;,&quot;credit&quot;:&quot;&quot;,&quot;camera&quot;:&quot;ANE-LX1&quot;,&quot;caption&quot;:&quot;&quot;,&quot;created_timestamp&quot;:&quot;1571317010&quot;,&quot;copyright&quot;:&quot;&quot;,&quot;focal_length&quot;:&quot;3.81&quot;,&quot;iso&quot;:&quot;160&quot;,&quot;shutter_speed&quot;:&quot;0.02&quot;,&quot;title&quot;:&quot;&quot;,&quot;orientation&quot;:&quot;0&quot;}\" data-image-title=\"\u015bl\u0119za 5\" data-image-description=\"\" data-medium-file=\"https:\/\/i0.wp.com\/twojlekarz.net\/wp-content\/uploads\/%C5%9Bl%C4%99za-5.jpg?fit=300%2C225&#038;ssl=1\" data-large-file=\"https:\/\/i0.wp.com\/twojlekarz.net\/wp-content\/uploads\/%C5%9Bl%C4%99za-5.jpg?fit=848%2C636&#038;ssl=1\" src=\"https:\/\/i0.wp.com\/twojlekarz.net\/wp-content\/uploads\/%C5%9Bl%C4%99za-5.jpg?w=278&#038;h=209&#038;ssl=1\" width=\"278\" height=\"209\" loading=\"lazy\" data-original-width=\"278\" data-original-height=\"209\" itemprop=\"http:\/\/schema.org\/image\" title=\"\u015bl\u0119za 5\" alt=\"\u015bl\u0119za 5\" style=\"width: 278px; height: 209px;\" \/> <\/a> <\/div> <div class=\"tiled-gallery-item tiled-gallery-item-large\" itemprop=\"associatedMedia\" itemscope itemtype=\"http:\/\/schema.org\/ImageObject\"> <a href=\"https:\/\/i0.wp.com\/twojlekarz.net\/wp-content\/uploads\/2015\/07\/sleza-1.jpg?ssl=1\" border=\"0\" itemprop=\"url\"> <meta itemprop=\"width\" content=\"278\"> <meta itemprop=\"height\" content=\"208\"> <img decoding=\"async\" class=\"\" data-attachment-id=\"964\" data-orig-file=\"https:\/\/twojlekarz.net\/wp-content\/uploads\/2015\/07\/sleza-1.jpg\" data-orig-size=\"800,600\" data-comments-opened=\"1\" data-image-meta=\"{&quot;aperture&quot;:&quot;0&quot;,&quot;credit&quot;:&quot;&quot;,&quot;camera&quot;:&quot;&quot;,&quot;caption&quot;:&quot;&quot;,&quot;created_timestamp&quot;:&quot;0&quot;,&quot;copyright&quot;:&quot;&quot;,&quot;focal_length&quot;:&quot;0&quot;,&quot;iso&quot;:&quot;0&quot;,&quot;shutter_speed&quot;:&quot;0&quot;,&quot;title&quot;:&quot;&quot;,&quot;orientation&quot;:&quot;0&quot;}\" data-image-title=\"sleza-1\" data-image-description=\"\" data-medium-file=\"https:\/\/i0.wp.com\/twojlekarz.net\/wp-content\/uploads\/2015\/07\/sleza-1.jpg?fit=300%2C225&#038;ssl=1\" data-large-file=\"https:\/\/i0.wp.com\/twojlekarz.net\/wp-content\/uploads\/2015\/07\/sleza-1.jpg?fit=800%2C600&#038;ssl=1\" src=\"https:\/\/i0.wp.com\/twojlekarz.net\/wp-content\/uploads\/2015\/07\/sleza-1.jpg?w=278&#038;h=208&#038;ssl=1\" srcset=\"https:\/\/i0.wp.com\/twojlekarz.net\/wp-content\/uploads\/2015\/07\/sleza-1.jpg?w=800&amp;ssl=1 800w, https:\/\/i0.wp.com\/twojlekarz.net\/wp-content\/uploads\/2015\/07\/sleza-1.jpg?resize=300%2C225&amp;ssl=1 300w\" width=\"278\" height=\"208\" loading=\"lazy\" data-original-width=\"278\" data-original-height=\"208\" itemprop=\"http:\/\/schema.org\/image\" title=\"\uc2ac\ub9ac\uc790-1\" alt=\"sleza-1\" style=\"width: 278px; height: 208px;\" \/> <\/a> <\/div> <\/div> <!-- close group --> <\/div> <!-- close row --> <div class=\"gallery-row\" style=\"width: 848px; height: 407px;\" data-original-width=\"848\" data-original-height=\"407\" > <div class=\"gallery-group images-1\" style=\"width: 542px; height: 407px;\" data-original-width=\"542\" data-original-height=\"407\" > <div class=\"tiled-gallery-item tiled-gallery-item-large\" itemprop=\"associatedMedia\" itemscope itemtype=\"http:\/\/schema.org\/ImageObject\"> <a href=\"https:\/\/i0.wp.com\/twojlekarz.net\/wp-content\/uploads\/2015\/07\/IMG_8845-Edit.jpg?ssl=1\" border=\"0\" itemprop=\"url\"> <meta itemprop=\"width\" content=\"538\"> <meta itemprop=\"height\" content=\"403\"> <img decoding=\"async\" class=\"\" data-attachment-id=\"878\" data-orig-file=\"https:\/\/twojlekarz.net\/wp-content\/uploads\/2015\/07\/IMG_8845-Edit.jpg\" data-orig-size=\"800,600\" data-comments-opened=\"1\" data-image-meta=\"{&quot;aperture&quot;:&quot;2.8&quot;,&quot;credit&quot;:&quot;Marcin Bukowski\\rwww.marcinbukows&quot;,&quot;camera&quot;:&quot;Canon EOS 5D Mark II&quot;,&quot;caption&quot;:&quot;&quot;,&quot;created_timestamp&quot;:&quot;1438857749&quot;,&quot;copyright&quot;:&quot;&quot;,&quot;focal_length&quot;:&quot;24&quot;,&quot;iso&quot;:&quot;1000&quot;,&quot;shutter_speed&quot;:&quot;0.016666666666667&quot;,&quot;title&quot;:&quot;&quot;,&quot;orientation&quot;:&quot;0&quot;}\" data-image-title=\"IMG_8845-Edit\" data-image-description=\"\" data-medium-file=\"https:\/\/i0.wp.com\/twojlekarz.net\/wp-content\/uploads\/2015\/07\/IMG_8845-Edit.jpg?fit=300%2C225&#038;ssl=1\" data-large-file=\"https:\/\/i0.wp.com\/twojlekarz.net\/wp-content\/uploads\/2015\/07\/IMG_8845-Edit.jpg?fit=800%2C600&#038;ssl=1\" src=\"https:\/\/i0.wp.com\/twojlekarz.net\/wp-content\/uploads\/2015\/07\/IMG_8845-Edit.jpg?w=538&#038;h=403&#038;ssl=1\" srcset=\"https:\/\/i0.wp.com\/twojlekarz.net\/wp-content\/uploads\/2015\/07\/IMG_8845-Edit.jpg?w=800&amp;ssl=1 800w, https:\/\/i0.wp.com\/twojlekarz.net\/wp-content\/uploads\/2015\/07\/IMG_8845-Edit.jpg?resize=300%2C225&amp;ssl=1 300w\" width=\"538\" height=\"403\" loading=\"lazy\" data-original-width=\"538\" data-original-height=\"403\" itemprop=\"http:\/\/schema.org\/image\" title=\"IMG_8845-\ud3b8\uc9d1\" alt=\"IMG_8845-Edit\" style=\"width: 538px; height: 403px;\" \/> <\/a> <\/div> <\/div> <!-- close group --> <div class=\"gallery-group images-1\" style=\"width: 306px; height: 407px;\" data-original-width=\"306\" data-original-height=\"407\" > <div class=\"tiled-gallery-item tiled-gallery-item-large\" itemprop=\"associatedMedia\" itemscope itemtype=\"http:\/\/schema.org\/ImageObject\"> <a href=\"https:\/\/i0.wp.com\/twojlekarz.net\/wp-content\/uploads\/2015\/07\/IMG_8856-Edit.jpg?ssl=1\" border=\"0\" itemprop=\"url\"> <meta itemprop=\"width\" content=\"302\"> <meta itemprop=\"height\" content=\"403\"> <img decoding=\"async\" class=\"\" data-attachment-id=\"877\" data-orig-file=\"https:\/\/twojlekarz.net\/wp-content\/uploads\/2015\/07\/IMG_8856-Edit.jpg\" data-orig-size=\"600,800\" data-comments-opened=\"1\" data-image-meta=\"{&quot;aperture&quot;:&quot;2.8&quot;,&quot;credit&quot;:&quot;Marcin Bukowski\\rwww.marcinbukows&quot;,&quot;camera&quot;:&quot;Canon EOS 5D Mark II&quot;,&quot;caption&quot;:&quot;&quot;,&quot;created_timestamp&quot;:&quot;1438858036&quot;,&quot;copyright&quot;:&quot;&quot;,&quot;focal_length&quot;:&quot;24&quot;,&quot;iso&quot;:&quot;1250&quot;,&quot;shutter_speed&quot;:&quot;0.02&quot;,&quot;title&quot;:&quot;&quot;,&quot;orientation&quot;:&quot;0&quot;}\" data-image-title=\"IMG_8856-Edit\" data-image-description=\"\" data-medium-file=\"https:\/\/i0.wp.com\/twojlekarz.net\/wp-content\/uploads\/2015\/07\/IMG_8856-Edit.jpg?fit=225%2C300&#038;ssl=1\" data-large-file=\"https:\/\/i0.wp.com\/twojlekarz.net\/wp-content\/uploads\/2015\/07\/IMG_8856-Edit.jpg?fit=600%2C800&#038;ssl=1\" src=\"https:\/\/i0.wp.com\/twojlekarz.net\/wp-content\/uploads\/2015\/07\/IMG_8856-Edit.jpg?w=302&#038;h=403&#038;ssl=1\" srcset=\"https:\/\/i0.wp.com\/twojlekarz.net\/wp-content\/uploads\/2015\/07\/IMG_8856-Edit.jpg?w=600&amp;ssl=1 600w, https:\/\/i0.wp.com\/twojlekarz.net\/wp-content\/uploads\/2015\/07\/IMG_8856-Edit.jpg?resize=225%2C300&amp;ssl=1 225w\" width=\"302\" height=\"403\" loading=\"lazy\" data-original-width=\"302\" data-original-height=\"403\" itemprop=\"http:\/\/schema.org\/image\" title=\"IMG_8856-\ud3b8\uc9d1\" alt=\"IMG_8856-Edit\" style=\"width: 302px; height: 403px;\" \/> <\/a> <\/div> <\/div> <!-- close group --> <\/div> <!-- close row --> <\/div>\n<ul>\n<li>\n<p class=\"western\">\uc0c1\ub2f4 - \uc77c\ucc28 \uc9c4\ub8cc \uc758\uc0ac:<\/p>\n<\/li>\n<\/ul>\n<ul>\n<li style=\"list-style-type: none;\">\n<ul>\n<li>\n<p class=\"western\">\ub0b4\uacfc \uc758\uc0ac<\/p>\n<\/li>\n<li>\n<p class=\"western\">\uc18c\uc544\uacfc \uc758\uc0ac<\/p>\n<\/li>\n<li>\n<p class=\"western\">\uac00\uc815\uc758<\/p>\n<\/li>\n<\/ul>\n<\/li>\n<\/ul>\n<ul>\n<li>\n<p class=\"western\">\uc9c4\ub2e8 - \uc2e4\ud5d8\uc2e4 \ud14c\uc2a4\ud2b8 - \uc0d8\ud50c \uc218\uc9d1:<\/p>\n<ul>\n<li>\n<p class=\"western\">ka\u017cdy poniedzia\u0142ek i czwartek w godzinach 8:00-09:45<\/p>\n<\/li>\n<\/ul>\n<\/li>\n<\/ul>","protected":false},"excerpt":{"rendered":"<p>Konsultacje &#8211; lekarze POZ: internista pediatra lekarz rodzinny Diagnostyka \u2013 badania laboratoryjne &#8211; pobieranie materia\u0142u: ka\u017cdy poniedzia\u0142ek i czwartek w godzinach 8:00-09:45<\/p>","protected":false},"author":1,"featured_media":4372,"parent":0,"menu_order":0,"comment_status":"closed","ping_status":"closed","template":"","meta":{"footnotes":"","_wp_rev_ctl_limit":""},"categories":[13],"tags":[],"class_list":["post-257","page","type-page","status-publish","has-post-thumbnail","hentry","category-przychodnie"],"yoast_head":"<!-- This site is optimized with the Yoast SEO plugin v26.7 - https:\/\/yoast.com\/wordpress\/plugins\/seo\/ -->\n<title>\u015al\u0119za - Przychodnia NZOZ &quot;Tw\u00f3j Lekarz&quot; sp. z o.o.<\/title>\n<meta name=\"robots\" content=\"index, follow, max-snippet:-1, max-image-preview:large, max-video-preview:-1\" \/>\n<link rel=\"canonical\" href=\"https:\/\/twojlekarz.net\/ko\/sleza-old\/\" \/>\n<meta property=\"og:locale\" content=\"ko_KR\" \/>\n<meta property=\"og:type\" content=\"article\" \/>\n<meta property=\"og:title\" content=\"\u015al\u0119za - Przychodnia NZOZ &quot;Tw\u00f3j Lekarz&quot; sp. z o.o.\" \/>\n<meta property=\"og:description\" content=\"Konsultacje &#8211; lekarze POZ: internista pediatra lekarz rodzinny Diagnostyka \u2013 badania laboratoryjne &#8211; pobieranie materia\u0142u: ka\u017cdy poniedzia\u0142ek i czwartek w godzinach 8:00-09:45\" \/>\n<meta property=\"og:url\" content=\"https:\/\/twojlekarz.net\/ko\/sleza-old\/\" \/>\n<meta property=\"og:site_name\" content=\"Przychodnia NZOZ &quot;Tw\u00f3j Lekarz&quot; sp. z o.o.\" \/>\n<meta property=\"article:publisher\" content=\"https:\/\/www.facebook.com\/NZOZTwojLekarz\/\" \/>\n<meta property=\"article:modified_time\" content=\"2021-05-17T22:23:41+00:00\" \/>\n<meta property=\"og:image\" content=\"https:\/\/twojlekarz.net\/wp-content\/uploads\/sleza-2.jpg\" \/>\n\t<meta property=\"og:image:width\" content=\"1600\" \/>\n\t<meta property=\"og:image:height\" content=\"318\" \/>\n\t<meta property=\"og:image:type\" content=\"image\/jpeg\" \/>\n<meta name=\"twitter:card\" content=\"summary_large_image\" \/>\n<script type=\"application\/ld+json\" class=\"yoast-schema-graph\">{\"@context\":\"https:\/\/schema.org\",\"@graph\":[{\"@type\":\"WebPage\",\"@id\":\"https:\/\/twojlekarz.net\/sleza-old\/\",\"url\":\"https:\/\/twojlekarz.net\/sleza-old\/\",\"name\":\"\u015al\u0119za - Przychodnia NZOZ &quot;Tw\u00f3j Lekarz&quot; sp. z o.o.\",\"isPartOf\":{\"@id\":\"https:\/\/twojlekarz.net\/#website\"},\"primaryImageOfPage\":{\"@id\":\"https:\/\/twojlekarz.net\/sleza-old\/#primaryimage\"},\"image\":{\"@id\":\"https:\/\/twojlekarz.net\/sleza-old\/#primaryimage\"},\"thumbnailUrl\":\"https:\/\/i0.wp.com\/twojlekarz.net\/wp-content\/uploads\/sleza-2.jpg?fit=1600%2C318&ssl=1\",\"datePublished\":\"2015-07-01T17:43:35+00:00\",\"dateModified\":\"2021-05-17T22:23:41+00:00\",\"breadcrumb\":{\"@id\":\"https:\/\/twojlekarz.net\/sleza-old\/#breadcrumb\"},\"inLanguage\":\"ko-KR\",\"potentialAction\":[{\"@type\":\"ReadAction\",\"target\":[\"https:\/\/twojlekarz.net\/sleza-old\/\"]}]},{\"@type\":\"ImageObject\",\"inLanguage\":\"ko-KR\",\"@id\":\"https:\/\/twojlekarz.net\/sleza-old\/#primaryimage\",\"url\":\"https:\/\/i0.wp.com\/twojlekarz.net\/wp-content\/uploads\/sleza-2.jpg?fit=1600%2C318&ssl=1\",\"contentUrl\":\"https:\/\/i0.wp.com\/twojlekarz.net\/wp-content\/uploads\/sleza-2.jpg?fit=1600%2C318&ssl=1\",\"width\":1600,\"height\":318},{\"@type\":\"BreadcrumbList\",\"@id\":\"https:\/\/twojlekarz.net\/sleza-old\/#breadcrumb\",\"itemListElement\":[{\"@type\":\"ListItem\",\"position\":1,\"name\":\"Strona g\u0142\u00f3wna\",\"item\":\"https:\/\/twojlekarz.net\/\"},{\"@type\":\"ListItem\",\"position\":2,\"name\":\"\u015al\u0119za\"}]},{\"@type\":\"WebSite\",\"@id\":\"https:\/\/twojlekarz.net\/#website\",\"url\":\"https:\/\/twojlekarz.net\/\",\"name\":\"Przychodnia NZOZ \\\"Tw\u00f3j Lekarz\\\" sp. z o.o.\",\"description\":\"\",\"publisher\":{\"@id\":\"https:\/\/twojlekarz.net\/#organization\"},\"potentialAction\":[{\"@type\":\"SearchAction\",\"target\":{\"@type\":\"EntryPoint\",\"urlTemplate\":\"https:\/\/twojlekarz.net\/?s={search_term_string}\"},\"query-input\":{\"@type\":\"PropertyValueSpecification\",\"valueRequired\":true,\"valueName\":\"search_term_string\"}}],\"inLanguage\":\"ko-KR\"},{\"@type\":\"Organization\",\"@id\":\"https:\/\/twojlekarz.net\/#organization\",\"name\":\"Przychodnia NZOZ \\\"Tw\u00f3j Lekarz\\\" sp. z o.o.\",\"url\":\"https:\/\/twojlekarz.net\/\",\"logo\":{\"@type\":\"ImageObject\",\"inLanguage\":\"ko-KR\",\"@id\":\"https:\/\/twojlekarz.net\/#\/schema\/logo\/image\/\",\"url\":\"https:\/\/i0.wp.com\/twojlekarz.net\/wp-content\/uploads\/twoj-lekarz-logo2-e1448917738554.jpg?fit=200%2C71&ssl=1\",\"contentUrl\":\"https:\/\/i0.wp.com\/twojlekarz.net\/wp-content\/uploads\/twoj-lekarz-logo2-e1448917738554.jpg?fit=200%2C71&ssl=1\",\"width\":200,\"height\":71,\"caption\":\"Przychodnia NZOZ \\\"Tw\u00f3j Lekarz\\\" sp. z o.o.\"},\"image\":{\"@id\":\"https:\/\/twojlekarz.net\/#\/schema\/logo\/image\/\"},\"sameAs\":[\"https:\/\/www.facebook.com\/NZOZTwojLekarz\/\"]}]}<\/script>\n<!-- \/ Yoast SEO plugin. -->","yoast_head_json":{"title":"\u015al\u0119za - NZOZ \ud074\ub9ac\ub2c9 &quot;Your Doctor&quot; sp. z o. \uc601\ud615.","robots":{"index":"index","follow":"follow","max-snippet":"max-snippet:-1","max-image-preview":"max-image-preview:large","max-video-preview":"max-video-preview:-1"},"canonical":"https:\/\/twojlekarz.net\/ko\/sleza-old\/","og_locale":"ko_KR","og_type":"article","og_title":"\u015al\u0119za - Przychodnia NZOZ &quot;Tw\u00f3j Lekarz&quot; sp. z o.o.","og_description":"Konsultacje &#8211; lekarze POZ: internista pediatra lekarz rodzinny Diagnostyka \u2013 badania laboratoryjne &#8211; pobieranie materia\u0142u: ka\u017cdy poniedzia\u0142ek i czwartek w godzinach 8:00-09:45","og_url":"https:\/\/twojlekarz.net\/ko\/sleza-old\/","og_site_name":"Przychodnia NZOZ &quot;Tw\u00f3j Lekarz&quot; sp. z o.o.","article_publisher":"https:\/\/www.facebook.com\/NZOZTwojLekarz\/","article_modified_time":"2021-05-17T22:23:41+00:00","og_image":[{"width":1600,"height":318,"url":"https:\/\/twojlekarz.net\/wp-content\/uploads\/sleza-2.jpg","type":"image\/jpeg"}],"twitter_card":"summary_large_image","schema":{"@context":"https:\/\/schema.org","@graph":[{"@type":"WebPage","@id":"https:\/\/twojlekarz.net\/sleza-old\/","url":"https:\/\/twojlekarz.net\/sleza-old\/","name":"\u015al\u0119za - NZOZ \ud074\ub9ac\ub2c9 &quot;Your Doctor&quot; sp. z o. \uc601\ud615.","isPartOf":{"@id":"https:\/\/twojlekarz.net\/#website"},"primaryImageOfPage":{"@id":"https:\/\/twojlekarz.net\/sleza-old\/#primaryimage"},"image":{"@id":"https:\/\/twojlekarz.net\/sleza-old\/#primaryimage"},"thumbnailUrl":"https:\/\/i0.wp.com\/twojlekarz.net\/wp-content\/uploads\/sleza-2.jpg?fit=1600%2C318&ssl=1","datePublished":"2015-07-01T17:43:35+00:00","dateModified":"2021-05-17T22:23:41+00:00","breadcrumb":{"@id":"https:\/\/twojlekarz.net\/sleza-old\/#breadcrumb"},"inLanguage":"ko-KR","potentialAction":[{"@type":"ReadAction","target":["https:\/\/twojlekarz.net\/sleza-old\/"]}]},{"@type":"ImageObject","inLanguage":"ko-KR","@id":"https:\/\/twojlekarz.net\/sleza-old\/#primaryimage","url":"https:\/\/i0.wp.com\/twojlekarz.net\/wp-content\/uploads\/sleza-2.jpg?fit=1600%2C318&ssl=1","contentUrl":"https:\/\/i0.wp.com\/twojlekarz.net\/wp-content\/uploads\/sleza-2.jpg?fit=1600%2C318&ssl=1","width":1600,"height":318},{"@type":"BreadcrumbList","@id":"https:\/\/twojlekarz.net\/sleza-old\/#breadcrumb","itemListElement":[{"@type":"ListItem","position":1,"name":"Strona g\u0142\u00f3wna","item":"https:\/\/twojlekarz.net\/"},{"@type":"ListItem","position":2,"name":"\u015al\u0119za"}]},{"@type":"WebSite","@id":"https:\/\/twojlekarz.net\/#website","url":"https:\/\/twojlekarz.net\/","name":"NZOZ \ud074\ub9ac\ub2c9 &quot;Tw\u00f3j Doktor&quot; z o.","description":"","publisher":{"@id":"https:\/\/twojlekarz.net\/#organization"},"potentialAction":[{"@type":"SearchAction","target":{"@type":"EntryPoint","urlTemplate":"https:\/\/twojlekarz.net\/?s={search_term_string}"},"query-input":{"@type":"PropertyValueSpecification","valueRequired":true,"valueName":"search_term_string"}}],"inLanguage":"ko-KR"},{"@type":"Organization","@id":"https:\/\/twojlekarz.net\/#organization","name":"NZOZ \ud074\ub9ac\ub2c9 &quot;Tw\u00f3j Doktor&quot; z o.","url":"https:\/\/twojlekarz.net\/","logo":{"@type":"ImageObject","inLanguage":"ko-KR","@id":"https:\/\/twojlekarz.net\/#\/schema\/logo\/image\/","url":"https:\/\/i0.wp.com\/twojlekarz.net\/wp-content\/uploads\/twoj-lekarz-logo2-e1448917738554.jpg?fit=200%2C71&ssl=1","contentUrl":"https:\/\/i0.wp.com\/twojlekarz.net\/wp-content\/uploads\/twoj-lekarz-logo2-e1448917738554.jpg?fit=200%2C71&ssl=1","width":200,"height":71,"caption":"Przychodnia NZOZ \"Tw\u00f3j Lekarz\" sp. z o.o."},"image":{"@id":"https:\/\/twojlekarz.net\/#\/schema\/logo\/image\/"},"sameAs":["https:\/\/www.facebook.com\/NZOZTwojLekarz\/"]}]}},"jetpack_sharing_enabled":true,"_links":{"self":[{"href":"https:\/\/twojlekarz.net\/ko\/wp-json\/wp\/v2\/pages\/257","targetHints":{"allow":["GET"]}}],"collection":[{"href":"https:\/\/twojlekarz.net\/ko\/wp-json\/wp\/v2\/pages"}],"about":[{"href":"https:\/\/twojlekarz.net\/ko\/wp-json\/wp\/v2\/types\/page"}],"author":[{"embeddable":true,"href":"https:\/\/twojlekarz.net\/ko\/wp-json\/wp\/v2\/users\/1"}],"replies":[{"embeddable":true,"href":"https:\/\/twojlekarz.net\/ko\/wp-json\/wp\/v2\/comments?post=257"}],"version-history":[{"count":0,"href":"https:\/\/twojlekarz.net\/ko\/wp-json\/wp\/v2\/pages\/257\/revisions"}],"wp:featuredmedia":[{"embeddable":true,"href":"https:\/\/twojlekarz.net\/ko\/wp-json\/wp\/v2\/media\/4372"}],"wp:attachment":[{"href":"https:\/\/twojlekarz.net\/ko\/wp-json\/wp\/v2\/media?parent=257"}],"wp:term":[{"taxonomy":"category","embeddable":true,"href":"https:\/\/twojlekarz.net\/ko\/wp-json\/wp\/v2\/categories?post=257"},{"taxonomy":"post_tag","embeddable":true,"href":"https:\/\/twojlekarz.net\/ko\/wp-json\/wp\/v2\/tags?post=257"}],"curies":[{"name":"\uc6cc\ub4dc\ud504\ub808\uc2a4","href":"https:\/\/api.w.org\/{rel}","templated":true}]}}