{"id":2596,"date":"2018-02-12T11:13:13","date_gmt":"2018-02-12T11:13:13","guid":{"rendered":"https:\/\/twojlekarz.net.pl\/?page_id=2596"},"modified":"2021-05-17T22:28:07","modified_gmt":"2021-05-17T22:28:07","slug":"zamawianie-recept-2-2","status":"publish","type":"page","link":"https:\/\/twojlekarz.net\/ko\/zamawianie-recept-2-2\/","title":{"rendered":"\ucc98\ubc29\uc804 \uc8fc\ubb38"},"content":{"rendered":"<p><strong>\uc804\uc790 \ucc98\ubc29\uc804 \uc8fc\ubb38<\/strong><\/p>\n<p>\ud658\uc790\ub294 \ub2e4\uc74c\uacfc \uac19\uc774 \uc120\uc5b8\ub418\uc5c8\uc2b5\ub2c8\ub2e4. <strong>NZOZ \ub2f4\ub2f9 \uc758\uc0ac<\/strong> \uc815\uae30\uc801\uc73c\ub85c \ubcf5\uc6a9\ud558\ub294 \uc57d\ubb3c\uc5d0 \ub300\ud55c \ucc98\ubc29\uc744 \uc8fc\ubb38\ud560 \uc218 \uc788\ub294 \uc635\uc158\uc774 \uc788\uc2b5\ub2c8\ub2e4. <br \/>\uc8fc\ubb38\uc740 \ub2e4\uc74c \uc774\uba54\uc77c \uc8fc\uc18c\ub85c \ubcf4\ub0b4\uc8fc\uc138\uc694. <a href=\"mailto:recepty@localhost\">\ub808\uc2dc\ud53c@\ub85c\uceec\ud638\uc2a4\ud2b8<\/a> \ud574\ub2f9 \ubc88\ud638\ub85c SMS\ub97c \ubcf4\ub0b4\uc8fc\uc138\uc694 <strong>690 010 399<\/strong>\ub610\ub294 \uc804\ud654\ub85c <strong>71 311 12 36<\/strong>.<\/p>\n<p><strong><span style=\"color: #0000ff;\">COVID-19 \ud32c\ub370\ubbf9\uacfc \uc804\ud654 \ud1b5\ud654\ub7c9\uc774 \ub9ce\uc544 \uc774\uba54\uc77c\uacfc \ubb38\uc790 \uba54\uc2dc\uc9c0\ub85c \ucc98\ubc29\uc804\uc744 \uc8fc\ubb38\ud558\ub294 \uac83\uc774 \uac00\uc7a5 \uc88b\uc2b5\ub2c8\ub2e4!<\/span><\/strong><\/p>\n<p>\uc62c\ubc14\ub978 \uc8fc\ubb38\uc5d0\ub294 \ub2e4\uc74c\uc774 \ud3ec\ud568\ub418\uc5b4\uc57c \ud569\ub2c8\ub2e4.<\/p>\n<ul>\n<li>\ud658\uc790\uc758 \uc774\ub984\uacfc \uc131, PESEL \ubc88\ud638,<\/li>\n<li>\uc8fc\ubb38\ud55c \uc57d\uc758 \uc774\ub984,<\/li>\n<li>\ud734\ub300\uc804\ud654 \ubc88\ud638, \ucc98\ubc29\uc804 \ube44\ubc00\ubc88\ud638\ub97c SMS\ub85c \uc804\uc1a1\ud558\ub824\ub294 \uacbd\uc6b0,<\/li>\n<li>\ud658\uc790\uac00 \uc0ac\uc6a9\ud558\ub294\uc9c0 \uc5ec\ubd80\uc5d0 \ub300\ud55c \uc815\ubcf4<strong> IKP \u2013 \uc628\ub77c\uc778 \ud658\uc790 \uacc4\uc815,<\/strong><\/li>\n<\/ul>\n<p>\uc62c\ubc14\ub974\uac8c \uc8fc\ubb38\ub41c \uc8fc\ubb38\uc740 \uc758\uc0ac\uc758 \ud655\uc778\uc744 \uac70\uccd0 \uc601\uc5c5\uc77c \uae30\uc900 3\uc77c \uc774\ub0b4\uc5d0 \ucc98\ub9ac\ub429\ub2c8\ub2e4. \ud658\uc790\ub294 IKP, \uc774\uba54\uc77c \ub610\ub294 SMS\ub97c \ud1b5\ud574 \ucc98\ubc29\uc804 PIN\uc744 \ubc1b\uc2b5\ub2c8\ub2e4.\u00a0<\/p>\n<p>\uc6d0\uaca9 \ucc98\ubc29\uc804 \uc8fc\ubb38\uc744 \uc0ac\uc6a9\ud558\ub294 \ud658\uc790\ub294 \uc774\uba54\uc77c\uc774\ub098 \ubb38\uc790 \uba54\uc2dc\uc9c0\ub85c \uc804\uc790\ucc98\ubc29\uc804\uc6a9 PIN\uc744 \ubc1b\uac8c \ub429\ub2c8\ub2e4. \uc774 \ubc88\ud638\uc640 \ucc98\ubc29\uc804\uc774 \ubc1c\uae09\ub41c \ud658\uc790\uc758 PESEL \ubc88\ud638\ub294 \uc57d\uad6d\uc5d0\uc11c \uc804\uc790\ucc98\ubc29\uc804\uc744 \uc791\uc131\ud558\ub294 \ub370 \uae30\ucd08\uac00 \ub429\ub2c8\ub2e4.<\/p>\n<p><strong>\uc804\uc790 \ucc98\ubc29\uc804 \uc2e4\ud604\uc744 \uc704\ud55c \uaddc\uce59<\/strong><br \/><strong>\uc804\uc790\ucc98\ubc29\uc804\uc758 \uc720\ud6a8\uae30\uac04\uc740 \uc77c\ubc18\uc801\uc73c\ub85c 30\uc77c\uc785\ub2c8\ub2e4.<\/strong>\uc608\uc678\ub294 \ud56d\uc0dd\uc81c\uc758 \uacbd\uc6b0 7\uc77c, \uba74\uc5ed\ud559\uc801 \uc81c\uc81c\uc758 \uacbd\uc6b0 120\uc77c\uc785\ub2c8\ub2e4.<\/p>\n<p>30\uc77c \uc804\uc790\ucc98\ubc29\uc804 \uc0ac\uc6a9 \uac00\ub2a5 <strong>\uc758\uc0ac\uac00 \ud2b9\uc815 \ub0a0\uc9dc\ubd80\ud130 \uc57d\uc744 \uad6c\ub9e4\ud574\uc57c \ud55c\ub2e4\uace0 \uc9c0\uc2dc\ud55c \uacbd\uc6b0\uc5d0\ub9cc \ub098\uc911\uc5d0 \uad6c\ub9e4 \uac00\ub2a5<\/strong>\uc774\ub294 \ub9cc\uc131 \uc9c8\ud658\uc5d0 \ub300\ud55c \uc57d\ubb3c \uce58\ub8cc\uc758 \uc77c\ubc18\uc801\uc778 \uc194\ub8e8\uc158\uc785\ub2c8\ub2e4.<\/p>\n<p><strong>\uc804\uc790\ucc98\ubc29\uc804\uc740 365\uc77c \ub3d9\uc548 \uc720\ud6a8\ud560 \uc218\ub3c4 \uc788\uc2b5\ub2c8\ub2e4.<\/strong> \uc774 \uc804\uc790\ucc98\ubc29\uc804\uc740 \ub9cc\uc131 \uc9c8\ud658\uc73c\ub85c \ud2b9\uc815 \uc6a9\ub7c9\uc758 \uc57d\uc744 \uc815\uae30\uc801\uc73c\ub85c \ubcf5\uc6a9\ud558\uace0 \uc758\uc0ac\uac00 365\uc77c \uc720\ud6a8 \uae30\uac04\uc744 \uc9c0\uc815\ud55c \ud658\uc790\ub97c \uc704\ud55c \uac83\uc785\ub2c8\ub2e4. \uccab \ubc88\uc9f8 \ud329\uc740 \ubc1c\uae09\uc77c\ub85c\ubd80\ud130 30\uc77c \uc774\ub0b4\uc5d0 \uad6c\ub9e4\ud560 \uc218 \uc788\uc2b5\ub2c8\ub2e4. \uc774\ud6c4\uc5d0 \uad6c\ub9e4\ud558\ub294 \uacbd\uc6b0, \uc57d\uc0ac\ub294 \uc804\uc790\ucc98\ubc29\uc804 \ubc1c\uae09\uc77c\ub85c\ubd80\ud130 \uacbd\uacfc\ub41c \uc77c\uc218\uc5d0 \ube44\ub840\ud558\uc5ec \ub354 \uc801\uc740 \uc591\uc758 \uc57d\uc744 \uc81c\uacf5\ud569\ub2c8\ub2e4. \ud55c \ubc88\uc5d0 \ucd5c\ub300 180\uc77c\ubd84\uae4c\uc9c0 \uad6c\ub9e4\ud560 \uc218 \uc788\uc2b5\ub2c8\ub2e4.<\/p>\n<p><span style=\"color: #ff0000;\"><strong>\uc8fc\ubaa9!<\/strong><\/span><br \/><span style=\"color: #ff0000;\"><strong>\ucc98\ubc29\uc804\uc5d0 \ud55c \uac00\uc9c0 \uc81c\uc81c\uac00 \ub450 \uac1c \uc774\uc0c1 \ub4e4\uc5b4 \uc788\ub294 \uacbd\uc6b0, \ud658\uc790\ub294 \ud55c \uc57d\uad6d\uc5d0\uc11c \uad6c\ub9e4\ud55c\ub2e4\ub294 \uc870\uac74 \ud558\uc5d0 \ubd84\ud560\ub85c \uc9c0\ubd88\ud560 \uc218 \uc788\uc2b5\ub2c8\ub2e4. <\/strong><\/span><\/p>\n<p><span style=\"color: #ff0000;\"><strong>\uc804\uc790\ucc98\ubc29\uc804\uc5d0 \uc5ec\ub7ec \uac00\uc9c0 \uc57d\uc774 \uc788\ub294 \uacbd\uc6b0, \uac01 \uc57d\ud488\uc740 \uac01\uae30 \ub2e4\ub978 \uc57d\uad6d\uc5d0\uc11c \ubcc4\ub3c4\ub85c \uad6c\ub9e4\ud560 \uc218 \uc788\uc2b5\ub2c8\ub2e4.<\/strong> <\/span><\/p>","protected":false},"excerpt":{"rendered":"<p>ZAMAWIANIE RECEPT ELEKTRONICZNYCH Pacjenci zadeklarowani do NZOZ Tw\u00f3j Lekarz maj\u0105 mo\u017cliwo\u015b\u0107 zam\u00f3wienia recept na zapisane w dokumentacji medycznej, stale przyjmowane leki. Zam\u00f3wienia mo\u017cna sk\u0142ada\u0107 mailowo na adres recepty@localhost SMS-em pod numer 690 010 399, lub telefonicznie 71 311 12 36. Z uwagi na pandemi\u0119 COVID-19 i du\u017c\u0105 liczb\u0119 po\u0142\u0105cze\u0144 telefonicznych recepty najlepiej zamawia\u0107 za po\u015brednictwem [&hellip;]<\/p>","protected":false},"author":3,"featured_media":9894,"parent":0,"menu_order":0,"comment_status":"closed","ping_status":"closed","template":"","meta":{"footnotes":"","_wp_rev_ctl_limit":""},"categories":[],"tags":[],"class_list":["post-2596","page","type-page","status-publish","has-post-thumbnail","hentry"],"yoast_head":"<!-- This site is optimized with the Yoast SEO plugin v26.7 - https:\/\/yoast.com\/wordpress\/plugins\/seo\/ -->\n<title>Zamawianie recept - Przychodnia NZOZ &quot;Tw\u00f3j Lekarz&quot; sp. z o.o.<\/title>\n<meta name=\"robots\" content=\"index, follow, max-snippet:-1, max-image-preview:large, max-video-preview:-1\" \/>\n<link rel=\"canonical\" href=\"https:\/\/twojlekarz.net\/ko\/zamawianie-recept-2-2\/\" \/>\n<meta property=\"og:locale\" content=\"ko_KR\" \/>\n<meta property=\"og:type\" content=\"article\" \/>\n<meta property=\"og:title\" content=\"Zamawianie recept - Przychodnia NZOZ &quot;Tw\u00f3j Lekarz&quot; sp. z o.o.\" \/>\n<meta property=\"og:description\" content=\"ZAMAWIANIE RECEPT ELEKTRONICZNYCH Pacjenci zadeklarowani do NZOZ Tw\u00f3j Lekarz maj\u0105 mo\u017cliwo\u015b\u0107 zam\u00f3wienia recept na zapisane w dokumentacji medycznej, stale przyjmowane leki. Zam\u00f3wienia mo\u017cna sk\u0142ada\u0107 mailowo na adres recepty@localhost SMS-em pod numer 690 010 399, lub telefonicznie 71 311 12 36. Z uwagi na pandemi\u0119 COVID-19 i du\u017c\u0105 liczb\u0119 po\u0142\u0105cze\u0144 telefonicznych recepty najlepiej zamawia\u0107 za po\u015brednictwem [&hellip;]\" \/>\n<meta property=\"og:url\" content=\"https:\/\/twojlekarz.net\/ko\/zamawianie-recept-2-2\/\" \/>\n<meta property=\"og:site_name\" content=\"Przychodnia NZOZ &quot;Tw\u00f3j Lekarz&quot; sp. z o.o.\" \/>\n<meta property=\"article:publisher\" content=\"https:\/\/www.facebook.com\/NZOZTwojLekarz\/\" \/>\n<meta property=\"article:modified_time\" content=\"2021-05-17T22:28:07+00:00\" \/>\n<meta name=\"twitter:card\" content=\"summary_large_image\" \/>\n<meta name=\"twitter:label1\" content=\"\uc608\uc0c1 \ub418\ub294 \ud310\ub3c5 \uc2dc\uac04\" \/>\n\t<meta name=\"twitter:data1\" content=\"2\ubd84\" \/>\n<script type=\"application\/ld+json\" class=\"yoast-schema-graph\">{\"@context\":\"https:\/\/schema.org\",\"@graph\":[{\"@type\":\"WebPage\",\"@id\":\"https:\/\/twojlekarz.net\/zamawianie-recept-2-2\/\",\"url\":\"https:\/\/twojlekarz.net\/zamawianie-recept-2-2\/\",\"name\":\"Zamawianie recept - Przychodnia NZOZ &quot;Tw\u00f3j Lekarz&quot; sp. z o.o.\",\"isPartOf\":{\"@id\":\"https:\/\/twojlekarz.net\/#website\"},\"primaryImageOfPage\":{\"@id\":\"https:\/\/twojlekarz.net\/zamawianie-recept-2-2\/#primaryimage\"},\"image\":{\"@id\":\"https:\/\/twojlekarz.net\/zamawianie-recept-2-2\/#primaryimage\"},\"thumbnailUrl\":\"https:\/\/i0.wp.com\/twojlekarz.net\/wp-content\/uploads\/KN0A1278-1-1.jpg?fit=1009%2C757&ssl=1\",\"datePublished\":\"2018-02-12T11:13:13+00:00\",\"dateModified\":\"2021-05-17T22:28:07+00:00\",\"breadcrumb\":{\"@id\":\"https:\/\/twojlekarz.net\/zamawianie-recept-2-2\/#breadcrumb\"},\"inLanguage\":\"ko-KR\",\"potentialAction\":[{\"@type\":\"ReadAction\",\"target\":[\"https:\/\/twojlekarz.net\/zamawianie-recept-2-2\/\"]}]},{\"@type\":\"ImageObject\",\"inLanguage\":\"ko-KR\",\"@id\":\"https:\/\/twojlekarz.net\/zamawianie-recept-2-2\/#primaryimage\",\"url\":\"https:\/\/i0.wp.com\/twojlekarz.net\/wp-content\/uploads\/KN0A1278-1-1.jpg?fit=1009%2C757&ssl=1\",\"contentUrl\":\"https:\/\/i0.wp.com\/twojlekarz.net\/wp-content\/uploads\/KN0A1278-1-1.jpg?fit=1009%2C757&ssl=1\",\"width\":1009,\"height\":757},{\"@type\":\"BreadcrumbList\",\"@id\":\"https:\/\/twojlekarz.net\/zamawianie-recept-2-2\/#breadcrumb\",\"itemListElement\":[{\"@type\":\"ListItem\",\"position\":1,\"name\":\"Strona g\u0142\u00f3wna\",\"item\":\"https:\/\/twojlekarz.net\/\"},{\"@type\":\"ListItem\",\"position\":2,\"name\":\"Zamawianie recept\"}]},{\"@type\":\"WebSite\",\"@id\":\"https:\/\/twojlekarz.net\/#website\",\"url\":\"https:\/\/twojlekarz.net\/\",\"name\":\"Przychodnia NZOZ \\\"Tw\u00f3j Lekarz\\\" sp. z o.o.\",\"description\":\"\",\"publisher\":{\"@id\":\"https:\/\/twojlekarz.net\/#organization\"},\"potentialAction\":[{\"@type\":\"SearchAction\",\"target\":{\"@type\":\"EntryPoint\",\"urlTemplate\":\"https:\/\/twojlekarz.net\/?s={search_term_string}\"},\"query-input\":{\"@type\":\"PropertyValueSpecification\",\"valueRequired\":true,\"valueName\":\"search_term_string\"}}],\"inLanguage\":\"ko-KR\"},{\"@type\":\"Organization\",\"@id\":\"https:\/\/twojlekarz.net\/#organization\",\"name\":\"Przychodnia NZOZ \\\"Tw\u00f3j Lekarz\\\" sp. z o.o.\",\"url\":\"https:\/\/twojlekarz.net\/\",\"logo\":{\"@type\":\"ImageObject\",\"inLanguage\":\"ko-KR\",\"@id\":\"https:\/\/twojlekarz.net\/#\/schema\/logo\/image\/\",\"url\":\"https:\/\/i0.wp.com\/twojlekarz.net\/wp-content\/uploads\/twoj-lekarz-logo2-e1448917738554.jpg?fit=200%2C71&ssl=1\",\"contentUrl\":\"https:\/\/i0.wp.com\/twojlekarz.net\/wp-content\/uploads\/twoj-lekarz-logo2-e1448917738554.jpg?fit=200%2C71&ssl=1\",\"width\":200,\"height\":71,\"caption\":\"Przychodnia NZOZ \\\"Tw\u00f3j Lekarz\\\" sp. z o.o.\"},\"image\":{\"@id\":\"https:\/\/twojlekarz.net\/#\/schema\/logo\/image\/\"},\"sameAs\":[\"https:\/\/www.facebook.com\/NZOZTwojLekarz\/\"]}]}<\/script>\n<!-- \/ Yoast SEO plugin. -->","yoast_head_json":{"title":"\ucc98\ubc29\uc804 \uc8fc\ubb38 - NZOZ Clinic &quot;Tw\u00f3j Lekarz&quot; sp. z o. \uc601\ud615.","robots":{"index":"index","follow":"follow","max-snippet":"max-snippet:-1","max-image-preview":"max-image-preview:large","max-video-preview":"max-video-preview:-1"},"canonical":"https:\/\/twojlekarz.net\/ko\/zamawianie-recept-2-2\/","og_locale":"ko_KR","og_type":"article","og_title":"Zamawianie recept - Przychodnia NZOZ &quot;Tw\u00f3j Lekarz&quot; sp. z o.o.","og_description":"ZAMAWIANIE RECEPT ELEKTRONICZNYCH Pacjenci zadeklarowani do NZOZ Tw\u00f3j Lekarz maj\u0105 mo\u017cliwo\u015b\u0107 zam\u00f3wienia recept na zapisane w dokumentacji medycznej, stale przyjmowane leki. Zam\u00f3wienia mo\u017cna sk\u0142ada\u0107 mailowo na adres recepty@localhost SMS-em pod numer 690 010 399, lub telefonicznie 71 311 12 36. Z uwagi na pandemi\u0119 COVID-19 i du\u017c\u0105 liczb\u0119 po\u0142\u0105cze\u0144 telefonicznych recepty najlepiej zamawia\u0107 za po\u015brednictwem [&hellip;]","og_url":"https:\/\/twojlekarz.net\/ko\/zamawianie-recept-2-2\/","og_site_name":"Przychodnia NZOZ &quot;Tw\u00f3j Lekarz&quot; sp. z o.o.","article_publisher":"https:\/\/www.facebook.com\/NZOZTwojLekarz\/","article_modified_time":"2021-05-17T22:28:07+00:00","twitter_card":"summary_large_image","twitter_misc":{"\uc608\uc0c1 \ub418\ub294 \ud310\ub3c5 \uc2dc\uac04":"2\ubd84"},"schema":{"@context":"https:\/\/schema.org","@graph":[{"@type":"WebPage","@id":"https:\/\/twojlekarz.net\/zamawianie-recept-2-2\/","url":"https:\/\/twojlekarz.net\/zamawianie-recept-2-2\/","name":"\ucc98\ubc29\uc804 \uc8fc\ubb38 - NZOZ Clinic &quot;Tw\u00f3j Lekarz&quot; sp. z o. \uc601\ud615.","isPartOf":{"@id":"https:\/\/twojlekarz.net\/#website"},"primaryImageOfPage":{"@id":"https:\/\/twojlekarz.net\/zamawianie-recept-2-2\/#primaryimage"},"image":{"@id":"https:\/\/twojlekarz.net\/zamawianie-recept-2-2\/#primaryimage"},"thumbnailUrl":"https:\/\/i0.wp.com\/twojlekarz.net\/wp-content\/uploads\/KN0A1278-1-1.jpg?fit=1009%2C757&ssl=1","datePublished":"2018-02-12T11:13:13+00:00","dateModified":"2021-05-17T22:28:07+00:00","breadcrumb":{"@id":"https:\/\/twojlekarz.net\/zamawianie-recept-2-2\/#breadcrumb"},"inLanguage":"ko-KR","potentialAction":[{"@type":"ReadAction","target":["https:\/\/twojlekarz.net\/zamawianie-recept-2-2\/"]}]},{"@type":"ImageObject","inLanguage":"ko-KR","@id":"https:\/\/twojlekarz.net\/zamawianie-recept-2-2\/#primaryimage","url":"https:\/\/i0.wp.com\/twojlekarz.net\/wp-content\/uploads\/KN0A1278-1-1.jpg?fit=1009%2C757&ssl=1","contentUrl":"https:\/\/i0.wp.com\/twojlekarz.net\/wp-content\/uploads\/KN0A1278-1-1.jpg?fit=1009%2C757&ssl=1","width":1009,"height":757},{"@type":"BreadcrumbList","@id":"https:\/\/twojlekarz.net\/zamawianie-recept-2-2\/#breadcrumb","itemListElement":[{"@type":"ListItem","position":1,"name":"Strona g\u0142\u00f3wna","item":"https:\/\/twojlekarz.net\/"},{"@type":"ListItem","position":2,"name":"Zamawianie recept"}]},{"@type":"WebSite","@id":"https:\/\/twojlekarz.net\/#website","url":"https:\/\/twojlekarz.net\/","name":"NZOZ \ud074\ub9ac\ub2c9 &quot;Tw\u00f3j Doktor&quot; z o.","description":"","publisher":{"@id":"https:\/\/twojlekarz.net\/#organization"},"potentialAction":[{"@type":"SearchAction","target":{"@type":"EntryPoint","urlTemplate":"https:\/\/twojlekarz.net\/?s={search_term_string}"},"query-input":{"@type":"PropertyValueSpecification","valueRequired":true,"valueName":"search_term_string"}}],"inLanguage":"ko-KR"},{"@type":"Organization","@id":"https:\/\/twojlekarz.net\/#organization","name":"NZOZ \ud074\ub9ac\ub2c9 &quot;Tw\u00f3j Doktor&quot; z o.","url":"https:\/\/twojlekarz.net\/","logo":{"@type":"ImageObject","inLanguage":"ko-KR","@id":"https:\/\/twojlekarz.net\/#\/schema\/logo\/image\/","url":"https:\/\/i0.wp.com\/twojlekarz.net\/wp-content\/uploads\/twoj-lekarz-logo2-e1448917738554.jpg?fit=200%2C71&ssl=1","contentUrl":"https:\/\/i0.wp.com\/twojlekarz.net\/wp-content\/uploads\/twoj-lekarz-logo2-e1448917738554.jpg?fit=200%2C71&ssl=1","width":200,"height":71,"caption":"Przychodnia NZOZ \"Tw\u00f3j Lekarz\" sp. z o.o."},"image":{"@id":"https:\/\/twojlekarz.net\/#\/schema\/logo\/image\/"},"sameAs":["https:\/\/www.facebook.com\/NZOZTwojLekarz\/"]}]}},"jetpack_sharing_enabled":true,"_links":{"self":[{"href":"https:\/\/twojlekarz.net\/ko\/wp-json\/wp\/v2\/pages\/2596","targetHints":{"allow":["GET"]}}],"collection":[{"href":"https:\/\/twojlekarz.net\/ko\/wp-json\/wp\/v2\/pages"}],"about":[{"href":"https:\/\/twojlekarz.net\/ko\/wp-json\/wp\/v2\/types\/page"}],"author":[{"embeddable":true,"href":"https:\/\/twojlekarz.net\/ko\/wp-json\/wp\/v2\/users\/3"}],"replies":[{"embeddable":true,"href":"https:\/\/twojlekarz.net\/ko\/wp-json\/wp\/v2\/comments?post=2596"}],"version-history":[{"count":0,"href":"https:\/\/twojlekarz.net\/ko\/wp-json\/wp\/v2\/pages\/2596\/revisions"}],"wp:featuredmedia":[{"embeddable":true,"href":"https:\/\/twojlekarz.net\/ko\/wp-json\/wp\/v2\/media\/9894"}],"wp:attachment":[{"href":"https:\/\/twojlekarz.net\/ko\/wp-json\/wp\/v2\/media?parent=2596"}],"wp:term":[{"taxonomy":"category","embeddable":true,"href":"https:\/\/twojlekarz.net\/ko\/wp-json\/wp\/v2\/categories?post=2596"},{"taxonomy":"post_tag","embeddable":true,"href":"https:\/\/twojlekarz.net\/ko\/wp-json\/wp\/v2\/tags?post=2596"}],"curies":[{"name":"\uc6cc\ub4dc\ud504\ub808\uc2a4","href":"https:\/\/api.w.org\/{rel}","templated":true}]}}