{"id":26,"date":"2015-05-08T21:00:51","date_gmt":"2015-05-08T21:00:51","guid":{"rendered":""},"modified":"2021-05-17T22:50:30","modified_gmt":"2021-05-17T22:50:30","slug":"o-nas-old","status":"publish","type":"page","link":"https:\/\/twojlekarz.net\/ko\/o-nas-old\/","title":{"rendered":"\ud68c\uc0ac \uc18c\uac1c"},"content":{"rendered":"<p>\u201eTw\u00f3j Lekarz\u201d \u2013 to s\u0142u\u017cba zdrowia w najbli\u017cszej okolicy, po s\u0105siedzku. Od 2003 roku tworzymy sie\u0107 nowoczesnych przychodni medycznych w gminie Kobierzyce i w po\u0142udniowych dzielnicach Wroc\u0142awia. Zapewniamy podstawow\u0105 i specjalistyczn\u0105 opiek\u0119 zdrowotn\u0105, \u00a0zar\u00f3wno w ramach kontraktu z NFZ, jak i prywatnie. Wiemy jak wa\u017cny jest \u0142atwy dost\u0119p do lekarza i szybka diagnostyka.<\/p>\n<p><strong>Stawiamy na profesjonalizm, \u017cyczliwo\u015b\u0107 i skuteczno\u015b\u0107.<\/strong><\/p>\n<p>Ka\u017cdego dnia nasi lekarze udzielaj\u0105 ponad 400 porad. 9 przychodni \u201eTw\u00f3j Lekarz\u201d obejmuje opiek\u0105 niemal 30 tysi\u0119cy os\u00f3b. Troska o ich zdrowie, w po\u0142\u0105czeniu z najwy\u017cszymi standardami \u015bwiadczonych us\u0142ug to cele, kt\u00f3re przy\u015bwiecaj\u0105 ca\u0142emu zespo\u0142owi naszej sieci.<\/p>\n\n\n<div style=\"height:46px\" aria-hidden=\"true\" class=\"wp-block-spacer\"><\/div>\n\n\n<h2 style=\"text-align: left;\">NASZE WARTO\u015aCI<\/h2>\n<p>W naszej pracy kierujemy si\u0119 ide\u0105 lekarza rodzinnego, kt\u00f3ry zapewnia pacjentowi wszechstronn\u0105 opiek\u0119 przez ca\u0142y czas, nie tylko w momencie jego choroby. Nasz\u0105 misj\u0105 jest codzienna troska o zdrowie mieszka\u0144c\u00f3w. Prowadzimy edukacj\u0119 prozdrowotn\u0105 i propagujemy profilaktyk\u0119. Dzielimy si\u0119 wiedz\u0105 i wdra\u017camy nowoczesne planowanie leczenia. Jeste\u015bmy certyfikowanym o\u015brodkiem szkolenia lekarzy rodzinnych<\/p>\n<p>\u00a0<\/p>\n<p style=\"text-align: center;\">\u201eTw\u00f3j Lekarz\u201d<\/p>\n<p style=\"text-align: center;\">\u017bYCZLIWIE, TROSKLIWIE, PO S\u0104SIEDZKU<\/p>","protected":false},"excerpt":{"rendered":"<p>\u201eTw\u00f3j Lekarz\u201d \u2013 to s\u0142u\u017cba zdrowia w najbli\u017cszej okolicy, po s\u0105siedzku. Od 2003 roku tworzymy sie\u0107 nowoczesnych przychodni medycznych w gminie Kobierzyce i w po\u0142udniowych dzielnicach Wroc\u0142awia. Zapewniamy podstawow\u0105 i specjalistyczn\u0105 opiek\u0119 zdrowotn\u0105, \u00a0zar\u00f3wno w ramach kontraktu z NFZ, jak i prywatnie. Wiemy jak wa\u017cny jest \u0142atwy dost\u0119p do lekarza i szybka diagnostyka. Stawiamy na [&hellip;]<\/p>","protected":false},"author":1,"featured_media":909,"parent":0,"menu_order":0,"comment_status":"closed","ping_status":"closed","template":"","meta":{"footnotes":"","_wp_rev_ctl_limit":""},"categories":[],"tags":[],"class_list":["post-26","page","type-page","status-publish","has-post-thumbnail","hentry"],"yoast_head":"<!-- This site is optimized with the Yoast SEO plugin v26.7 - https:\/\/yoast.com\/wordpress\/plugins\/seo\/ -->\n<title>O nas - Przychodnia NZOZ &quot;Tw\u00f3j Lekarz&quot; sp. z o.o.<\/title>\n<meta name=\"robots\" content=\"index, follow, max-snippet:-1, max-image-preview:large, max-video-preview:-1\" \/>\n<link rel=\"canonical\" href=\"https:\/\/twojlekarz.net\/ko\/o-nas-old\/\" \/>\n<meta property=\"og:locale\" content=\"ko_KR\" \/>\n<meta property=\"og:type\" content=\"article\" \/>\n<meta property=\"og:title\" content=\"O nas - Przychodnia NZOZ &quot;Tw\u00f3j Lekarz&quot; sp. z o.o.\" \/>\n<meta property=\"og:description\" content=\"\u201eTw\u00f3j Lekarz\u201d \u2013 to s\u0142u\u017cba zdrowia w najbli\u017cszej okolicy, po s\u0105siedzku. Od 2003 roku tworzymy sie\u0107 nowoczesnych przychodni medycznych w gminie Kobierzyce i w po\u0142udniowych dzielnicach Wroc\u0142awia. Zapewniamy podstawow\u0105 i specjalistyczn\u0105 opiek\u0119 zdrowotn\u0105, \u00a0zar\u00f3wno w ramach kontraktu z NFZ, jak i prywatnie. Wiemy jak wa\u017cny jest \u0142atwy dost\u0119p do lekarza i szybka diagnostyka. Stawiamy na [&hellip;]\" \/>\n<meta property=\"og:url\" content=\"https:\/\/twojlekarz.net\/ko\/o-nas-old\/\" \/>\n<meta property=\"og:site_name\" content=\"Przychodnia NZOZ &quot;Tw\u00f3j Lekarz&quot; sp. z o.o.\" \/>\n<meta property=\"article:publisher\" content=\"https:\/\/www.facebook.com\/NZOZTwojLekarz\/\" \/>\n<meta property=\"article:modified_time\" content=\"2021-05-17T22:50:30+00:00\" \/>\n<meta property=\"og:image\" content=\"https:\/\/twojlekarz.net\/wp-content\/uploads\/2015\/05\/slider1.jpg\" \/>\n\t<meta property=\"og:image:width\" content=\"1600\" \/>\n\t<meta property=\"og:image:height\" content=\"550\" \/>\n\t<meta property=\"og:image:type\" content=\"image\/jpeg\" \/>\n<meta name=\"twitter:card\" content=\"summary_large_image\" \/>\n<meta name=\"twitter:label1\" content=\"\uc608\uc0c1 \ub418\ub294 \ud310\ub3c5 \uc2dc\uac04\" \/>\n\t<meta name=\"twitter:data1\" content=\"1\ubd84\" \/>\n<script type=\"application\/ld+json\" class=\"yoast-schema-graph\">{\"@context\":\"https:\/\/schema.org\",\"@graph\":[{\"@type\":\"WebPage\",\"@id\":\"https:\/\/twojlekarz.net\/o-nas-old\/\",\"url\":\"https:\/\/twojlekarz.net\/o-nas-old\/\",\"name\":\"O nas - Przychodnia NZOZ &quot;Tw\u00f3j Lekarz&quot; sp. z o.o.\",\"isPartOf\":{\"@id\":\"https:\/\/twojlekarz.net\/#website\"},\"primaryImageOfPage\":{\"@id\":\"https:\/\/twojlekarz.net\/o-nas-old\/#primaryimage\"},\"image\":{\"@id\":\"https:\/\/twojlekarz.net\/o-nas-old\/#primaryimage\"},\"thumbnailUrl\":\"https:\/\/i0.wp.com\/twojlekarz.net\/wp-content\/uploads\/2015\/05\/slider1.jpg?fit=1600%2C550&ssl=1\",\"datePublished\":\"2015-05-08T21:00:51+00:00\",\"dateModified\":\"2021-05-17T22:50:30+00:00\",\"breadcrumb\":{\"@id\":\"https:\/\/twojlekarz.net\/o-nas-old\/#breadcrumb\"},\"inLanguage\":\"ko-KR\",\"potentialAction\":[{\"@type\":\"ReadAction\",\"target\":[\"https:\/\/twojlekarz.net\/o-nas-old\/\"]}]},{\"@type\":\"ImageObject\",\"inLanguage\":\"ko-KR\",\"@id\":\"https:\/\/twojlekarz.net\/o-nas-old\/#primaryimage\",\"url\":\"https:\/\/i0.wp.com\/twojlekarz.net\/wp-content\/uploads\/2015\/05\/slider1.jpg?fit=1600%2C550&ssl=1\",\"contentUrl\":\"https:\/\/i0.wp.com\/twojlekarz.net\/wp-content\/uploads\/2015\/05\/slider1.jpg?fit=1600%2C550&ssl=1\",\"width\":1600,\"height\":550},{\"@type\":\"BreadcrumbList\",\"@id\":\"https:\/\/twojlekarz.net\/o-nas-old\/#breadcrumb\",\"itemListElement\":[{\"@type\":\"ListItem\",\"position\":1,\"name\":\"Strona g\u0142\u00f3wna\",\"item\":\"https:\/\/twojlekarz.net\/\"},{\"@type\":\"ListItem\",\"position\":2,\"name\":\"O nas\"}]},{\"@type\":\"WebSite\",\"@id\":\"https:\/\/twojlekarz.net\/#website\",\"url\":\"https:\/\/twojlekarz.net\/\",\"name\":\"Przychodnia NZOZ \\\"Tw\u00f3j Lekarz\\\" sp. z o.o.\",\"description\":\"\",\"publisher\":{\"@id\":\"https:\/\/twojlekarz.net\/#organization\"},\"potentialAction\":[{\"@type\":\"SearchAction\",\"target\":{\"@type\":\"EntryPoint\",\"urlTemplate\":\"https:\/\/twojlekarz.net\/?s={search_term_string}\"},\"query-input\":{\"@type\":\"PropertyValueSpecification\",\"valueRequired\":true,\"valueName\":\"search_term_string\"}}],\"inLanguage\":\"ko-KR\"},{\"@type\":\"Organization\",\"@id\":\"https:\/\/twojlekarz.net\/#organization\",\"name\":\"Przychodnia NZOZ \\\"Tw\u00f3j Lekarz\\\" sp. z o.o.\",\"url\":\"https:\/\/twojlekarz.net\/\",\"logo\":{\"@type\":\"ImageObject\",\"inLanguage\":\"ko-KR\",\"@id\":\"https:\/\/twojlekarz.net\/#\/schema\/logo\/image\/\",\"url\":\"https:\/\/i0.wp.com\/twojlekarz.net\/wp-content\/uploads\/twoj-lekarz-logo2-e1448917738554.jpg?fit=200%2C71&ssl=1\",\"contentUrl\":\"https:\/\/i0.wp.com\/twojlekarz.net\/wp-content\/uploads\/twoj-lekarz-logo2-e1448917738554.jpg?fit=200%2C71&ssl=1\",\"width\":200,\"height\":71,\"caption\":\"Przychodnia NZOZ \\\"Tw\u00f3j Lekarz\\\" sp. z o.o.\"},\"image\":{\"@id\":\"https:\/\/twojlekarz.net\/#\/schema\/logo\/image\/\"},\"sameAs\":[\"https:\/\/www.facebook.com\/NZOZTwojLekarz\/\"]}]}<\/script>\n<!-- \/ Yoast SEO plugin. -->","yoast_head_json":{"title":"\ud68c\uc0ac \uc18c\uac1c - NZOZ \ud074\ub9ac\ub2c9 &quot;Tw\u00f3j Lekarz&quot; sp. z o. \uc601\ud615.","robots":{"index":"index","follow":"follow","max-snippet":"max-snippet:-1","max-image-preview":"max-image-preview:large","max-video-preview":"max-video-preview:-1"},"canonical":"https:\/\/twojlekarz.net\/ko\/o-nas-old\/","og_locale":"ko_KR","og_type":"article","og_title":"O nas - Przychodnia NZOZ &quot;Tw\u00f3j Lekarz&quot; sp. z o.o.","og_description":"\u201eTw\u00f3j Lekarz\u201d \u2013 to s\u0142u\u017cba zdrowia w najbli\u017cszej okolicy, po s\u0105siedzku. Od 2003 roku tworzymy sie\u0107 nowoczesnych przychodni medycznych w gminie Kobierzyce i w po\u0142udniowych dzielnicach Wroc\u0142awia. Zapewniamy podstawow\u0105 i specjalistyczn\u0105 opiek\u0119 zdrowotn\u0105, \u00a0zar\u00f3wno w ramach kontraktu z NFZ, jak i prywatnie. Wiemy jak wa\u017cny jest \u0142atwy dost\u0119p do lekarza i szybka diagnostyka. Stawiamy na [&hellip;]","og_url":"https:\/\/twojlekarz.net\/ko\/o-nas-old\/","og_site_name":"Przychodnia NZOZ &quot;Tw\u00f3j Lekarz&quot; sp. z o.o.","article_publisher":"https:\/\/www.facebook.com\/NZOZTwojLekarz\/","article_modified_time":"2021-05-17T22:50:30+00:00","og_image":[{"width":1600,"height":550,"url":"https:\/\/twojlekarz.net\/wp-content\/uploads\/2015\/05\/slider1.jpg","type":"image\/jpeg"}],"twitter_card":"summary_large_image","twitter_misc":{"\uc608\uc0c1 \ub418\ub294 \ud310\ub3c5 \uc2dc\uac04":"1\ubd84"},"schema":{"@context":"https:\/\/schema.org","@graph":[{"@type":"WebPage","@id":"https:\/\/twojlekarz.net\/o-nas-old\/","url":"https:\/\/twojlekarz.net\/o-nas-old\/","name":"\ud68c\uc0ac \uc18c\uac1c - NZOZ \ud074\ub9ac\ub2c9 &quot;Tw\u00f3j Lekarz&quot; sp. z o. \uc601\ud615.","isPartOf":{"@id":"https:\/\/twojlekarz.net\/#website"},"primaryImageOfPage":{"@id":"https:\/\/twojlekarz.net\/o-nas-old\/#primaryimage"},"image":{"@id":"https:\/\/twojlekarz.net\/o-nas-old\/#primaryimage"},"thumbnailUrl":"https:\/\/i0.wp.com\/twojlekarz.net\/wp-content\/uploads\/2015\/05\/slider1.jpg?fit=1600%2C550&ssl=1","datePublished":"2015-05-08T21:00:51+00:00","dateModified":"2021-05-17T22:50:30+00:00","breadcrumb":{"@id":"https:\/\/twojlekarz.net\/o-nas-old\/#breadcrumb"},"inLanguage":"ko-KR","potentialAction":[{"@type":"ReadAction","target":["https:\/\/twojlekarz.net\/o-nas-old\/"]}]},{"@type":"ImageObject","inLanguage":"ko-KR","@id":"https:\/\/twojlekarz.net\/o-nas-old\/#primaryimage","url":"https:\/\/i0.wp.com\/twojlekarz.net\/wp-content\/uploads\/2015\/05\/slider1.jpg?fit=1600%2C550&ssl=1","contentUrl":"https:\/\/i0.wp.com\/twojlekarz.net\/wp-content\/uploads\/2015\/05\/slider1.jpg?fit=1600%2C550&ssl=1","width":1600,"height":550},{"@type":"BreadcrumbList","@id":"https:\/\/twojlekarz.net\/o-nas-old\/#breadcrumb","itemListElement":[{"@type":"ListItem","position":1,"name":"Strona g\u0142\u00f3wna","item":"https:\/\/twojlekarz.net\/"},{"@type":"ListItem","position":2,"name":"O nas"}]},{"@type":"WebSite","@id":"https:\/\/twojlekarz.net\/#website","url":"https:\/\/twojlekarz.net\/","name":"NZOZ \ud074\ub9ac\ub2c9 &quot;Tw\u00f3j Doktor&quot; z o.","description":"","publisher":{"@id":"https:\/\/twojlekarz.net\/#organization"},"potentialAction":[{"@type":"SearchAction","target":{"@type":"EntryPoint","urlTemplate":"https:\/\/twojlekarz.net\/?s={search_term_string}"},"query-input":{"@type":"PropertyValueSpecification","valueRequired":true,"valueName":"search_term_string"}}],"inLanguage":"ko-KR"},{"@type":"Organization","@id":"https:\/\/twojlekarz.net\/#organization","name":"NZOZ \ud074\ub9ac\ub2c9 &quot;Tw\u00f3j Doktor&quot; z o.","url":"https:\/\/twojlekarz.net\/","logo":{"@type":"ImageObject","inLanguage":"ko-KR","@id":"https:\/\/twojlekarz.net\/#\/schema\/logo\/image\/","url":"https:\/\/i0.wp.com\/twojlekarz.net\/wp-content\/uploads\/twoj-lekarz-logo2-e1448917738554.jpg?fit=200%2C71&ssl=1","contentUrl":"https:\/\/i0.wp.com\/twojlekarz.net\/wp-content\/uploads\/twoj-lekarz-logo2-e1448917738554.jpg?fit=200%2C71&ssl=1","width":200,"height":71,"caption":"Przychodnia NZOZ \"Tw\u00f3j Lekarz\" sp. z o.o."},"image":{"@id":"https:\/\/twojlekarz.net\/#\/schema\/logo\/image\/"},"sameAs":["https:\/\/www.facebook.com\/NZOZTwojLekarz\/"]}]}},"jetpack_sharing_enabled":true,"_links":{"self":[{"href":"https:\/\/twojlekarz.net\/ko\/wp-json\/wp\/v2\/pages\/26","targetHints":{"allow":["GET"]}}],"collection":[{"href":"https:\/\/twojlekarz.net\/ko\/wp-json\/wp\/v2\/pages"}],"about":[{"href":"https:\/\/twojlekarz.net\/ko\/wp-json\/wp\/v2\/types\/page"}],"author":[{"embeddable":true,"href":"https:\/\/twojlekarz.net\/ko\/wp-json\/wp\/v2\/users\/1"}],"replies":[{"embeddable":true,"href":"https:\/\/twojlekarz.net\/ko\/wp-json\/wp\/v2\/comments?post=26"}],"version-history":[{"count":0,"href":"https:\/\/twojlekarz.net\/ko\/wp-json\/wp\/v2\/pages\/26\/revisions"}],"wp:featuredmedia":[{"embeddable":true,"href":"https:\/\/twojlekarz.net\/ko\/wp-json\/wp\/v2\/media\/909"}],"wp:attachment":[{"href":"https:\/\/twojlekarz.net\/ko\/wp-json\/wp\/v2\/media?parent=26"}],"wp:term":[{"taxonomy":"category","embeddable":true,"href":"https:\/\/twojlekarz.net\/ko\/wp-json\/wp\/v2\/categories?post=26"},{"taxonomy":"post_tag","embeddable":true,"href":"https:\/\/twojlekarz.net\/ko\/wp-json\/wp\/v2\/tags?post=26"}],"curies":[{"name":"\uc6cc\ub4dc\ud504\ub808\uc2a4","href":"https:\/\/api.w.org\/{rel}","templated":true}]}}