{"id":263,"date":"2015-07-01T17:44:04","date_gmt":"2015-07-01T17:44:04","guid":{"rendered":"http:\/\/www.twojlekarz.marcinbukowski.pl\/?page_id=263"},"modified":"2021-05-17T22:24:58","modified_gmt":"2021-05-17T22:24:58","slug":"tyniec-maly-old","status":"publish","type":"page","link":"https:\/\/twojlekarz.net\/ko\/tyniec-maly-old\/","title":{"rendered":"\ud2f0\ub2c8\uc5d0\ud06c \ub9d0\ub9ac"},"content":{"rendered":"<div class=\"tiled-gallery type-rectangular tiled-gallery-unresized\" data-original-width=\"848\" data-carousel-extra='null' itemscope itemtype=\"http:\/\/schema.org\/ImageGallery\" > <div class=\"gallery-row\" style=\"width: 848px; height: 378px;\" data-original-width=\"848\" data-original-height=\"378\" > <div class=\"gallery-group images-1\" style=\"width: 566px; height: 378px;\" data-original-width=\"566\" data-original-height=\"378\" > <div class=\"tiled-gallery-item tiled-gallery-item-large\" itemprop=\"associatedMedia\" itemscope itemtype=\"http:\/\/schema.org\/ImageObject\"> <a href=\"https:\/\/i0.wp.com\/twojlekarz.net\/wp-content\/uploads\/IMG_0648-e1469785260229.jpg?ssl=1\" border=\"0\" itemprop=\"url\"> <meta itemprop=\"width\" content=\"562\"> <meta itemprop=\"height\" content=\"374\"> <img decoding=\"async\" class=\"\" data-attachment-id=\"1880\" data-orig-file=\"https:\/\/twojlekarz.net\/wp-content\/uploads\/IMG_0648-e1469785260229.jpg\" data-orig-size=\"800,533\" data-comments-opened=\"1\" data-image-meta=\"{&quot;aperture&quot;:&quot;10&quot;,&quot;credit&quot;:&quot;&quot;,&quot;camera&quot;:&quot;Canon EOS 6D&quot;,&quot;caption&quot;:&quot;&quot;,&quot;created_timestamp&quot;:&quot;1466950920&quot;,&quot;copyright&quot;:&quot;&quot;,&quot;focal_length&quot;:&quot;17&quot;,&quot;iso&quot;:&quot;100&quot;,&quot;shutter_speed&quot;:&quot;0.01&quot;,&quot;title&quot;:&quot;&quot;,&quot;orientation&quot;:&quot;0&quot;}\" data-image-title=\"IMG_0648\" data-image-description=\"\" data-medium-file=\"https:\/\/i0.wp.com\/twojlekarz.net\/wp-content\/uploads\/IMG_0648-e1469785260229.jpg?fit=300%2C200&#038;ssl=1\" data-large-file=\"https:\/\/i0.wp.com\/twojlekarz.net\/wp-content\/uploads\/IMG_0648-e1469785260229.jpg?fit=848%2C566&#038;ssl=1\" src=\"https:\/\/i0.wp.com\/twojlekarz.net\/wp-content\/uploads\/IMG_0648-e1469785260229.jpg?w=562&#038;h=374&#038;ssl=1\" width=\"562\" height=\"374\" loading=\"lazy\" data-original-width=\"562\" data-original-height=\"374\" itemprop=\"http:\/\/schema.org\/image\" title=\"IMG_0648\" alt=\"IMG_0648\" style=\"width: 562px; height: 374px;\" \/> <\/a> <\/div> <\/div> <!-- close group --> <div class=\"gallery-group images-2\" style=\"width: 282px; height: 378px;\" data-original-width=\"282\" data-original-height=\"378\" > <div class=\"tiled-gallery-item tiled-gallery-item-large\" itemprop=\"associatedMedia\" itemscope itemtype=\"http:\/\/schema.org\/ImageObject\"> <a href=\"https:\/\/i0.wp.com\/twojlekarz.net\/wp-content\/uploads\/IMG_0679-n-e1469785245851.jpg?ssl=1\" border=\"0\" itemprop=\"url\"> <meta itemprop=\"width\" content=\"278\"> <meta itemprop=\"height\" content=\"185\"> <img decoding=\"async\" class=\"\" data-attachment-id=\"1881\" data-orig-file=\"https:\/\/twojlekarz.net\/wp-content\/uploads\/IMG_0679-n-e1469785245851.jpg\" data-orig-size=\"800,533\" data-comments-opened=\"1\" data-image-meta=\"{&quot;aperture&quot;:&quot;4&quot;,&quot;credit&quot;:&quot;&quot;,&quot;camera&quot;:&quot;Canon EOS 6D&quot;,&quot;caption&quot;:&quot;&quot;,&quot;created_timestamp&quot;:&quot;1466947126&quot;,&quot;copyright&quot;:&quot;&quot;,&quot;focal_length&quot;:&quot;28&quot;,&quot;iso&quot;:&quot;1600&quot;,&quot;shutter_speed&quot;:&quot;0.01&quot;,&quot;title&quot;:&quot;&quot;,&quot;orientation&quot;:&quot;0&quot;}\" data-image-title=\"IMG_0679 n\" data-image-description=\"\" data-medium-file=\"https:\/\/i0.wp.com\/twojlekarz.net\/wp-content\/uploads\/IMG_0679-n-e1469785245851.jpg?fit=300%2C200&#038;ssl=1\" data-large-file=\"https:\/\/i0.wp.com\/twojlekarz.net\/wp-content\/uploads\/IMG_0679-n-e1469785245851.jpg?fit=848%2C566&#038;ssl=1\" src=\"https:\/\/i0.wp.com\/twojlekarz.net\/wp-content\/uploads\/IMG_0679-n-e1469785245851.jpg?w=278&#038;h=185&#038;ssl=1\" width=\"278\" height=\"185\" loading=\"lazy\" data-original-width=\"278\" data-original-height=\"185\" itemprop=\"http:\/\/schema.org\/image\" title=\"IMG_0679n\" alt=\"IMG_0679 n\" style=\"width: 278px; height: 185px;\" \/> <\/a> <\/div> <div class=\"tiled-gallery-item tiled-gallery-item-large\" itemprop=\"associatedMedia\" itemscope itemtype=\"http:\/\/schema.org\/ImageObject\"> <a href=\"https:\/\/i0.wp.com\/twojlekarz.net\/wp-content\/uploads\/IMG_0721-e1469785157252.jpg?ssl=1\" border=\"0\" itemprop=\"url\"> <meta itemprop=\"width\" content=\"278\"> <meta itemprop=\"height\" content=\"185\"> <img decoding=\"async\" class=\"\" data-attachment-id=\"1883\" data-orig-file=\"https:\/\/twojlekarz.net\/wp-content\/uploads\/IMG_0721-e1469785157252.jpg\" data-orig-size=\"800,533\" data-comments-opened=\"1\" data-image-meta=\"{&quot;aperture&quot;:&quot;4&quot;,&quot;credit&quot;:&quot;&quot;,&quot;camera&quot;:&quot;Canon EOS 6D&quot;,&quot;caption&quot;:&quot;&quot;,&quot;created_timestamp&quot;:&quot;1466949067&quot;,&quot;copyright&quot;:&quot;&quot;,&quot;focal_length&quot;:&quot;22&quot;,&quot;iso&quot;:&quot;250&quot;,&quot;shutter_speed&quot;:&quot;0.01&quot;,&quot;title&quot;:&quot;&quot;,&quot;orientation&quot;:&quot;0&quot;}\" data-image-title=\"IMG_0721\" data-image-description=\"\" data-medium-file=\"https:\/\/i0.wp.com\/twojlekarz.net\/wp-content\/uploads\/IMG_0721-e1469785157252.jpg?fit=300%2C200&#038;ssl=1\" data-large-file=\"https:\/\/i0.wp.com\/twojlekarz.net\/wp-content\/uploads\/IMG_0721-e1469785157252.jpg?fit=848%2C566&#038;ssl=1\" src=\"https:\/\/i0.wp.com\/twojlekarz.net\/wp-content\/uploads\/IMG_0721-e1469785157252.jpg?w=278&#038;h=185&#038;ssl=1\" width=\"278\" height=\"185\" loading=\"lazy\" data-original-width=\"278\" data-original-height=\"185\" itemprop=\"http:\/\/schema.org\/image\" title=\"IMG_0721\" alt=\"IMG_0721\" style=\"width: 278px; height: 185px;\" \/> <\/a> <\/div> <\/div> <!-- close group --> <\/div> <!-- close row --> <div class=\"gallery-row\" style=\"width: 848px; height: 284px;\" data-original-width=\"848\" data-original-height=\"284\" > <div class=\"gallery-group images-1\" style=\"width: 424px; height: 284px;\" data-original-width=\"424\" data-original-height=\"284\" > <div class=\"tiled-gallery-item tiled-gallery-item-large\" itemprop=\"associatedMedia\" itemscope itemtype=\"http:\/\/schema.org\/ImageObject\"> <a href=\"https:\/\/i0.wp.com\/twojlekarz.net\/wp-content\/uploads\/IMG_0739-e1469785133431.jpg?ssl=1\" border=\"0\" itemprop=\"url\"> <meta itemprop=\"width\" content=\"420\"> <meta itemprop=\"height\" content=\"280\"> <img decoding=\"async\" class=\"\" data-attachment-id=\"1884\" data-orig-file=\"https:\/\/twojlekarz.net\/wp-content\/uploads\/IMG_0739-e1469785133431.jpg\" data-orig-size=\"800,533\" data-comments-opened=\"1\" data-image-meta=\"{&quot;aperture&quot;:&quot;4.5&quot;,&quot;credit&quot;:&quot;&quot;,&quot;camera&quot;:&quot;Canon EOS 6D&quot;,&quot;caption&quot;:&quot;&quot;,&quot;created_timestamp&quot;:&quot;1466949988&quot;,&quot;copyright&quot;:&quot;&quot;,&quot;focal_length&quot;:&quot;17&quot;,&quot;iso&quot;:&quot;200&quot;,&quot;shutter_speed&quot;:&quot;0.01&quot;,&quot;title&quot;:&quot;&quot;,&quot;orientation&quot;:&quot;0&quot;}\" data-image-title=\"IMG_0739\" data-image-description=\"\" data-medium-file=\"https:\/\/i0.wp.com\/twojlekarz.net\/wp-content\/uploads\/IMG_0739-e1469785133431.jpg?fit=300%2C200&#038;ssl=1\" data-large-file=\"https:\/\/i0.wp.com\/twojlekarz.net\/wp-content\/uploads\/IMG_0739-e1469785133431.jpg?fit=848%2C566&#038;ssl=1\" src=\"https:\/\/i0.wp.com\/twojlekarz.net\/wp-content\/uploads\/IMG_0739-e1469785133431.jpg?w=420&#038;h=280&#038;ssl=1\" width=\"420\" height=\"280\" loading=\"lazy\" data-original-width=\"420\" data-original-height=\"280\" itemprop=\"http:\/\/schema.org\/image\" title=\"IMG_0739\" alt=\"IMG_0739\" style=\"width: 420px; height: 280px;\" \/> <\/a> <\/div> <\/div> <!-- close group --> <div class=\"gallery-group images-1\" style=\"width: 424px; height: 284px;\" data-original-width=\"424\" data-original-height=\"284\" > <div class=\"tiled-gallery-item tiled-gallery-item-large\" itemprop=\"associatedMedia\" itemscope itemtype=\"http:\/\/schema.org\/ImageObject\"> <a href=\"https:\/\/i0.wp.com\/twojlekarz.net\/wp-content\/uploads\/IMG_0697-e1469785172941.jpg?ssl=1\" border=\"0\" itemprop=\"url\"> <meta itemprop=\"width\" content=\"420\"> <meta itemprop=\"height\" content=\"280\"> <img decoding=\"async\" class=\"\" data-attachment-id=\"1882\" data-orig-file=\"https:\/\/twojlekarz.net\/wp-content\/uploads\/IMG_0697-e1469785172941.jpg\" data-orig-size=\"800,533\" data-comments-opened=\"1\" data-image-meta=\"{&quot;aperture&quot;:&quot;4&quot;,&quot;credit&quot;:&quot;&quot;,&quot;camera&quot;:&quot;Canon EOS 6D&quot;,&quot;caption&quot;:&quot;&quot;,&quot;created_timestamp&quot;:&quot;1466947789&quot;,&quot;copyright&quot;:&quot;&quot;,&quot;focal_length&quot;:&quot;17&quot;,&quot;iso&quot;:&quot;160&quot;,&quot;shutter_speed&quot;:&quot;0.01&quot;,&quot;title&quot;:&quot;&quot;,&quot;orientation&quot;:&quot;0&quot;}\" data-image-title=\"IMG_0697\" data-image-description=\"\" data-medium-file=\"https:\/\/i0.wp.com\/twojlekarz.net\/wp-content\/uploads\/IMG_0697-e1469785172941.jpg?fit=300%2C200&#038;ssl=1\" data-large-file=\"https:\/\/i0.wp.com\/twojlekarz.net\/wp-content\/uploads\/IMG_0697-e1469785172941.jpg?fit=848%2C566&#038;ssl=1\" src=\"https:\/\/i0.wp.com\/twojlekarz.net\/wp-content\/uploads\/IMG_0697-e1469785172941.jpg?w=420&#038;h=280&#038;ssl=1\" width=\"420\" height=\"280\" loading=\"lazy\" data-original-width=\"420\" data-original-height=\"280\" itemprop=\"http:\/\/schema.org\/image\" title=\"IMG_0697\" alt=\"IMG_0697\" style=\"width: 420px; height: 280px;\" \/> <\/a> <\/div> <\/div> <!-- close group --> <\/div> <!-- close row --> <\/div>\n<ul>\n<li>\n<p class=\"western\">Konsultacje &#8211; lekarz POZ:<\/p>\n<ul>\n<li>\n<p class=\"western\">\uac00\uc815\uc758<\/p>\n<\/li>\n<li>\n<p class=\"western\">\uc18c\uc544\uacfc \uc758\uc0ac<\/p>\n<\/li>\n<\/ul>\n<\/li>\n<li>\n<p class=\"western\">\uc9c4\ub2e8 - \uc2e4\ud5d8\uc2e4 \ud14c\uc2a4\ud2b8 - \uc0d8\ud50c \uc218\uc9d1:<\/p>\n<ul>\n<li>\n<p class=\"western\">ka\u017cdy poniedzia\u0142ek w godzinach 8:00-09:00<\/p>\n<\/li>\n<\/ul>\n<\/li>\n<\/ul>","protected":false},"excerpt":{"rendered":"<p>Konsultacje &#8211; lekarz POZ: lekarz rodzinny pediatra Diagnostyka \u2013 badania laboratoryjne &#8211; pobieranie materia\u0142u: ka\u017cdy poniedzia\u0142ek w godzinach 8:00-09:00<\/p>","protected":false},"author":1,"featured_media":1888,"parent":0,"menu_order":0,"comment_status":"closed","ping_status":"closed","template":"","meta":{"footnotes":"","_wp_rev_ctl_limit":""},"categories":[13],"tags":[],"class_list":["post-263","page","type-page","status-publish","has-post-thumbnail","hentry","category-przychodnie"],"yoast_head":"<!-- This site is optimized with the Yoast SEO plugin v26.7 - https:\/\/yoast.com\/wordpress\/plugins\/seo\/ -->\n<title>Tyniec Ma\u0142y - Przychodnia NZOZ &quot;Tw\u00f3j Lekarz&quot; sp. z o.o.<\/title>\n<meta name=\"robots\" content=\"index, follow, max-snippet:-1, max-image-preview:large, max-video-preview:-1\" \/>\n<link rel=\"canonical\" href=\"https:\/\/twojlekarz.net\/ko\/tyniec-maly-old\/\" \/>\n<meta property=\"og:locale\" content=\"ko_KR\" \/>\n<meta property=\"og:type\" content=\"article\" \/>\n<meta property=\"og:title\" content=\"Tyniec Ma\u0142y - Przychodnia NZOZ &quot;Tw\u00f3j Lekarz&quot; sp. z o.o.\" \/>\n<meta property=\"og:description\" content=\"Konsultacje &#8211; lekarz POZ: lekarz rodzinny pediatra Diagnostyka \u2013 badania laboratoryjne &#8211; pobieranie materia\u0142u: ka\u017cdy poniedzia\u0142ek w godzinach 8:00-09:00\" \/>\n<meta property=\"og:url\" content=\"https:\/\/twojlekarz.net\/ko\/tyniec-maly-old\/\" \/>\n<meta property=\"og:site_name\" content=\"Przychodnia NZOZ &quot;Tw\u00f3j Lekarz&quot; sp. z o.o.\" \/>\n<meta property=\"article:publisher\" content=\"https:\/\/www.facebook.com\/NZOZTwojLekarz\/\" \/>\n<meta property=\"article:modified_time\" content=\"2021-05-17T22:24:58+00:00\" \/>\n<meta property=\"og:image\" content=\"https:\/\/twojlekarz.net\/wp-content\/uploads\/IMG_0646-e1469785810363.jpg\" \/>\n\t<meta property=\"og:image:width\" content=\"4800\" \/>\n\t<meta property=\"og:image:height\" content=\"899\" \/>\n\t<meta property=\"og:image:type\" content=\"image\/jpeg\" \/>\n<meta name=\"twitter:card\" content=\"summary_large_image\" \/>\n<script type=\"application\/ld+json\" class=\"yoast-schema-graph\">{\"@context\":\"https:\/\/schema.org\",\"@graph\":[{\"@type\":\"WebPage\",\"@id\":\"https:\/\/twojlekarz.net\/tyniec-maly-old\/\",\"url\":\"https:\/\/twojlekarz.net\/tyniec-maly-old\/\",\"name\":\"Tyniec Ma\u0142y - Przychodnia NZOZ &quot;Tw\u00f3j Lekarz&quot; sp. z o.o.\",\"isPartOf\":{\"@id\":\"https:\/\/twojlekarz.net\/#website\"},\"primaryImageOfPage\":{\"@id\":\"https:\/\/twojlekarz.net\/tyniec-maly-old\/#primaryimage\"},\"image\":{\"@id\":\"https:\/\/twojlekarz.net\/tyniec-maly-old\/#primaryimage\"},\"thumbnailUrl\":\"https:\/\/i0.wp.com\/twojlekarz.net\/wp-content\/uploads\/IMG_0646-e1469785810363.jpg?fit=4800%2C899&ssl=1\",\"datePublished\":\"2015-07-01T17:44:04+00:00\",\"dateModified\":\"2021-05-17T22:24:58+00:00\",\"breadcrumb\":{\"@id\":\"https:\/\/twojlekarz.net\/tyniec-maly-old\/#breadcrumb\"},\"inLanguage\":\"ko-KR\",\"potentialAction\":[{\"@type\":\"ReadAction\",\"target\":[\"https:\/\/twojlekarz.net\/tyniec-maly-old\/\"]}]},{\"@type\":\"ImageObject\",\"inLanguage\":\"ko-KR\",\"@id\":\"https:\/\/twojlekarz.net\/tyniec-maly-old\/#primaryimage\",\"url\":\"https:\/\/i0.wp.com\/twojlekarz.net\/wp-content\/uploads\/IMG_0646-e1469785810363.jpg?fit=4800%2C899&ssl=1\",\"contentUrl\":\"https:\/\/i0.wp.com\/twojlekarz.net\/wp-content\/uploads\/IMG_0646-e1469785810363.jpg?fit=4800%2C899&ssl=1\",\"width\":4800,\"height\":899},{\"@type\":\"BreadcrumbList\",\"@id\":\"https:\/\/twojlekarz.net\/tyniec-maly-old\/#breadcrumb\",\"itemListElement\":[{\"@type\":\"ListItem\",\"position\":1,\"name\":\"Strona g\u0142\u00f3wna\",\"item\":\"https:\/\/twojlekarz.net\/\"},{\"@type\":\"ListItem\",\"position\":2,\"name\":\"Tyniec Ma\u0142y\"}]},{\"@type\":\"WebSite\",\"@id\":\"https:\/\/twojlekarz.net\/#website\",\"url\":\"https:\/\/twojlekarz.net\/\",\"name\":\"Przychodnia NZOZ \\\"Tw\u00f3j Lekarz\\\" sp. z o.o.\",\"description\":\"\",\"publisher\":{\"@id\":\"https:\/\/twojlekarz.net\/#organization\"},\"potentialAction\":[{\"@type\":\"SearchAction\",\"target\":{\"@type\":\"EntryPoint\",\"urlTemplate\":\"https:\/\/twojlekarz.net\/?s={search_term_string}\"},\"query-input\":{\"@type\":\"PropertyValueSpecification\",\"valueRequired\":true,\"valueName\":\"search_term_string\"}}],\"inLanguage\":\"ko-KR\"},{\"@type\":\"Organization\",\"@id\":\"https:\/\/twojlekarz.net\/#organization\",\"name\":\"Przychodnia NZOZ \\\"Tw\u00f3j Lekarz\\\" sp. z o.o.\",\"url\":\"https:\/\/twojlekarz.net\/\",\"logo\":{\"@type\":\"ImageObject\",\"inLanguage\":\"ko-KR\",\"@id\":\"https:\/\/twojlekarz.net\/#\/schema\/logo\/image\/\",\"url\":\"https:\/\/i0.wp.com\/twojlekarz.net\/wp-content\/uploads\/twoj-lekarz-logo2-e1448917738554.jpg?fit=200%2C71&ssl=1\",\"contentUrl\":\"https:\/\/i0.wp.com\/twojlekarz.net\/wp-content\/uploads\/twoj-lekarz-logo2-e1448917738554.jpg?fit=200%2C71&ssl=1\",\"width\":200,\"height\":71,\"caption\":\"Przychodnia NZOZ \\\"Tw\u00f3j Lekarz\\\" sp. z o.o.\"},\"image\":{\"@id\":\"https:\/\/twojlekarz.net\/#\/schema\/logo\/image\/\"},\"sameAs\":[\"https:\/\/www.facebook.com\/NZOZTwojLekarz\/\"]}]}<\/script>\n<!-- \/ Yoast SEO plugin. -->","yoast_head_json":{"title":"Tyniec Ma\u0142y - NZOZ \ud074\ub9ac\ub2c9 &quot;Tw\u00f3j Lekarz&quot; sp. z o. \uc601\ud615.","robots":{"index":"index","follow":"follow","max-snippet":"max-snippet:-1","max-image-preview":"max-image-preview:large","max-video-preview":"max-video-preview:-1"},"canonical":"https:\/\/twojlekarz.net\/ko\/tyniec-maly-old\/","og_locale":"ko_KR","og_type":"article","og_title":"Tyniec Ma\u0142y - Przychodnia NZOZ &quot;Tw\u00f3j Lekarz&quot; sp. z o.o.","og_description":"Konsultacje &#8211; lekarz POZ: lekarz rodzinny pediatra Diagnostyka \u2013 badania laboratoryjne &#8211; pobieranie materia\u0142u: ka\u017cdy poniedzia\u0142ek w godzinach 8:00-09:00","og_url":"https:\/\/twojlekarz.net\/ko\/tyniec-maly-old\/","og_site_name":"Przychodnia NZOZ &quot;Tw\u00f3j Lekarz&quot; sp. z o.o.","article_publisher":"https:\/\/www.facebook.com\/NZOZTwojLekarz\/","article_modified_time":"2021-05-17T22:24:58+00:00","og_image":[{"width":4800,"height":899,"url":"https:\/\/twojlekarz.net\/wp-content\/uploads\/IMG_0646-e1469785810363.jpg","type":"image\/jpeg"}],"twitter_card":"summary_large_image","schema":{"@context":"https:\/\/schema.org","@graph":[{"@type":"WebPage","@id":"https:\/\/twojlekarz.net\/tyniec-maly-old\/","url":"https:\/\/twojlekarz.net\/tyniec-maly-old\/","name":"Tyniec Ma\u0142y - NZOZ \ud074\ub9ac\ub2c9 &quot;Tw\u00f3j Lekarz&quot; sp. z o. \uc601\ud615.","isPartOf":{"@id":"https:\/\/twojlekarz.net\/#website"},"primaryImageOfPage":{"@id":"https:\/\/twojlekarz.net\/tyniec-maly-old\/#primaryimage"},"image":{"@id":"https:\/\/twojlekarz.net\/tyniec-maly-old\/#primaryimage"},"thumbnailUrl":"https:\/\/i0.wp.com\/twojlekarz.net\/wp-content\/uploads\/IMG_0646-e1469785810363.jpg?fit=4800%2C899&ssl=1","datePublished":"2015-07-01T17:44:04+00:00","dateModified":"2021-05-17T22:24:58+00:00","breadcrumb":{"@id":"https:\/\/twojlekarz.net\/tyniec-maly-old\/#breadcrumb"},"inLanguage":"ko-KR","potentialAction":[{"@type":"ReadAction","target":["https:\/\/twojlekarz.net\/tyniec-maly-old\/"]}]},{"@type":"ImageObject","inLanguage":"ko-KR","@id":"https:\/\/twojlekarz.net\/tyniec-maly-old\/#primaryimage","url":"https:\/\/i0.wp.com\/twojlekarz.net\/wp-content\/uploads\/IMG_0646-e1469785810363.jpg?fit=4800%2C899&ssl=1","contentUrl":"https:\/\/i0.wp.com\/twojlekarz.net\/wp-content\/uploads\/IMG_0646-e1469785810363.jpg?fit=4800%2C899&ssl=1","width":4800,"height":899},{"@type":"BreadcrumbList","@id":"https:\/\/twojlekarz.net\/tyniec-maly-old\/#breadcrumb","itemListElement":[{"@type":"ListItem","position":1,"name":"Strona g\u0142\u00f3wna","item":"https:\/\/twojlekarz.net\/"},{"@type":"ListItem","position":2,"name":"Tyniec Ma\u0142y"}]},{"@type":"WebSite","@id":"https:\/\/twojlekarz.net\/#website","url":"https:\/\/twojlekarz.net\/","name":"NZOZ \ud074\ub9ac\ub2c9 &quot;Tw\u00f3j Doktor&quot; z o.","description":"","publisher":{"@id":"https:\/\/twojlekarz.net\/#organization"},"potentialAction":[{"@type":"SearchAction","target":{"@type":"EntryPoint","urlTemplate":"https:\/\/twojlekarz.net\/?s={search_term_string}"},"query-input":{"@type":"PropertyValueSpecification","valueRequired":true,"valueName":"search_term_string"}}],"inLanguage":"ko-KR"},{"@type":"Organization","@id":"https:\/\/twojlekarz.net\/#organization","name":"NZOZ \ud074\ub9ac\ub2c9 &quot;Tw\u00f3j Doktor&quot; z o.","url":"https:\/\/twojlekarz.net\/","logo":{"@type":"ImageObject","inLanguage":"ko-KR","@id":"https:\/\/twojlekarz.net\/#\/schema\/logo\/image\/","url":"https:\/\/i0.wp.com\/twojlekarz.net\/wp-content\/uploads\/twoj-lekarz-logo2-e1448917738554.jpg?fit=200%2C71&ssl=1","contentUrl":"https:\/\/i0.wp.com\/twojlekarz.net\/wp-content\/uploads\/twoj-lekarz-logo2-e1448917738554.jpg?fit=200%2C71&ssl=1","width":200,"height":71,"caption":"Przychodnia NZOZ \"Tw\u00f3j Lekarz\" sp. z o.o."},"image":{"@id":"https:\/\/twojlekarz.net\/#\/schema\/logo\/image\/"},"sameAs":["https:\/\/www.facebook.com\/NZOZTwojLekarz\/"]}]}},"jetpack_sharing_enabled":true,"_links":{"self":[{"href":"https:\/\/twojlekarz.net\/ko\/wp-json\/wp\/v2\/pages\/263","targetHints":{"allow":["GET"]}}],"collection":[{"href":"https:\/\/twojlekarz.net\/ko\/wp-json\/wp\/v2\/pages"}],"about":[{"href":"https:\/\/twojlekarz.net\/ko\/wp-json\/wp\/v2\/types\/page"}],"author":[{"embeddable":true,"href":"https:\/\/twojlekarz.net\/ko\/wp-json\/wp\/v2\/users\/1"}],"replies":[{"embeddable":true,"href":"https:\/\/twojlekarz.net\/ko\/wp-json\/wp\/v2\/comments?post=263"}],"version-history":[{"count":0,"href":"https:\/\/twojlekarz.net\/ko\/wp-json\/wp\/v2\/pages\/263\/revisions"}],"wp:featuredmedia":[{"embeddable":true,"href":"https:\/\/twojlekarz.net\/ko\/wp-json\/wp\/v2\/media\/1888"}],"wp:attachment":[{"href":"https:\/\/twojlekarz.net\/ko\/wp-json\/wp\/v2\/media?parent=263"}],"wp:term":[{"taxonomy":"category","embeddable":true,"href":"https:\/\/twojlekarz.net\/ko\/wp-json\/wp\/v2\/categories?post=263"},{"taxonomy":"post_tag","embeddable":true,"href":"https:\/\/twojlekarz.net\/ko\/wp-json\/wp\/v2\/tags?post=263"}],"curies":[{"name":"\uc6cc\ub4dc\ud504\ub808\uc2a4","href":"https:\/\/api.w.org\/{rel}","templated":true}]}}