{"id":5600,"date":"2020-10-06T10:39:46","date_gmt":"2020-10-06T10:39:46","guid":{"rendered":"https:\/\/twojlekarz.net.pl\/?page_id=5600"},"modified":"2021-12-28T10:49:07","modified_gmt":"2021-12-28T10:49:07","slug":"zostan-naszym-pacjentem-old","status":"publish","type":"page","link":"https:\/\/twojlekarz.net\/ko\/zostan-naszym-pacjentem-old\/","title":{"rendered":"\uc6b0\ub9ac\uc758 \ud658\uc790\uac00 \ub418\uc2ed\uc2dc\uc624"},"content":{"rendered":"<p><strong>NZOZ &quot;\ub2f9\uc2e0\uc758 \uc758\uc0ac&quot;<\/strong> \uc758\ub8cc \uc11c\ube44\uc2a4\ub97c \uc81c\uacf5\ud569\ub2c8\ub2e4 <strong>1\ucc28 \uc758\ub8cc<\/strong> \uacc4\uc57d\uc5d0 \ub530\ub77c <strong>\uad6d\ubbfc\uac74\uac15\uae30\uae08<\/strong>. \ud574\ub2f9 \ubcd1\uc6d0\uc744 \uc774\uc6a9\ud558\uace0\uc790 \ud558\ub294 \ud658\uc790\ub294 \ubcd1\uc6d0 \uc120\ud0dd \uc2e0\uace0\uc11c\ub97c \uc81c\ucd9c\ud574\uc57c \ud569\ub2c8\ub2e4.<\/p>\n\n\n\n<p>\ud32c\ub370\ubbf9\uc73c\ub85c \uc778\ud574 <strong>\ucf54\ub85c\ub098 19<\/strong> \uc6b0\ub9ac\ub294 \ucd94\ucc9c\ud569\ub2c8\ub2e4:<\/p>\n\n\n\n<ul class=\"wp-block-list\"><li>\uc800\ud76c \uc6f9\uc0ac\uc774\ud2b8\uc5d0\uc11c \ubb38\uc11c\ub97c \ub2e4\uc6b4\ub85c\ub4dc\ud569\ub2c8\ub2e4.<\/li><li>\uc591\uc2dd\uc744 \uc8fc\uc758 \uae4a\uac8c \uc791\uc131\ud558\uace0 \uc778\uc1c4\ud55c \ud6c4 \uc11c\uba85\ud558\uc138\uc694.<\/li><li>\uc11c\uba85\ub41c \uc120\uc5b8\uc11c \uc2a4\uce94\ubcf8\uc744 \uc8fc\uc18c\ub85c \ubcf4\ub0b4\uae30 <a href=\"mailto:deklaracje@localhost\"><strong>\uc120\uc5b8@localhost<\/strong><\/a><\/li><\/ul>\n\n\n\n<p><\/p>\n\n\n\n<p><p>\ub2e4\uc6b4\ub85c\ub4dc\ud560 \ubb38\uc11c:\n<br><a href=\"https:\/\/twojlekarz.net\/wp-content\/uploads\/2020\/deklaracja-lekarz-pielegniarka-polozna-poz_v1.pdf\" target=\"_blank\" rel=\"noreferrer noopener nofollow\">\uc120\uc5b8 - \uc5ec\uc131<\/a>\n<br><a href=\"https:\/\/twojlekarz.net\/wp-content\/uploads\/2020\/deklaracja-lekarz-pielegniarka-poz_v1.pdf\" target=\"_blank\" rel=\"noreferrer noopener nofollow\">\uc120\uc5b8 - \ub0a8\uc131<\/a>\n<br><a href=\"https:\/\/twojlekarz.net\/wp-content\/uploads\/2020\/deklaracja-lekarz-pielegniarka-polozna-poz_v1.pdf\" target=\"_blank\" rel=\"noreferrer noopener nofollow\">\uc120\uc5b8 \u2013 \uc0dd\ud6c4 2\uac1c\uc6d4 \uc774\ud558\uc758 \ub0a8\uc544 \uc2e0\uc0dd\uc544<\/a><p><br><\/p>\n\n\n\n<p><\/p>\n\n\n\n<p>\uc8fc\ubaa9!<br>\uc758\uc0ac, \uac04\ud638\uc0ac \ubc0f MIDWIDTH\uc758 \uc120\ud0dd \ud544\ub4dc\uc5d0\ub294 \ud2b9\uc815 \ubd80\uc11c\uc758 \uac10\ub3c5\uc744 \ub2f4\ub2f9\ud558\ub294 Nzoz \ub2f4\ub2f9 \uc758\uc0ac \ud300 \uad6c\uc131\uc6d0\uc758 \uc774\ub984\uc774 \ud45c\uc2dc\ub429\ub2c8\ub2e4. \ud2b9\uc815 \uc774\ub984\uc744 \uc785\ub825\ud55c\ub2e4\uace0 \ud574\uc11c \ud658\uc790\uac00 \uc2dc\uc124\uc758 \ubaa8\ub4e0 \uc9c1\uc6d0\uc758 \uc11c\ube44\uc2a4\ub97c \uc774\uc6a9\ud558\ub294 \uac83\uc774 \uc81c\ud55c\ub418\uc9c0\ub294 \uc54a\uc2b5\ub2c8\ub2e4.<br><\/p>\n\n\n\n<p>\ub610\ud55c, \uac1c\ubcc4 \ud658\uc790 \uacc4\uc815\uc744 \ubcf4\uc720\ud55c \ubd84\ub4e4\uc740 \uc774 \uc2dc\uc2a4\ud15c\uc744 \ud1b5\ud574 \ubcd1\uc6d0\uc5d0 \uc804\uc790\uc801\uc73c\ub85c \uc2e0\uace0\uc11c\ub97c \uc81c\ucd9c\ud558\uc2e4 \uc218 \uc788\ub2e4\ub294 \uc810\uc744 \uc54c\ub824\ub4dc\ub9bd\ub2c8\ub2e4. \ubaa8\ub4e0 NZOZ Tw\u00f3j Lekarz \uc2dc\uc124\uc5d0\uc11c \uc9c1\uc811 \ud074\ub9ac\ub2c9 \uac00\uc785 \uc2e0\uace0\uc11c\ub97c \uc791\uc131\ud558\uc5ec \uc81c\ucd9c\ud560 \uc218\ub3c4 \uc788\uc2b5\ub2c8\ub2e4.<\/p>","protected":false},"excerpt":{"rendered":"<p>NZOZ \u201eTw\u00f3j Lekarz\u201d \u015bwiadczy us\u0142ugi medyczne w zakresie Podstawowej Opieki Zdrowotnej w ramach kontraktu z Narodowym Funduszem Zdrowia. Pacjenci, kt\u00f3rzy chc\u0105 z nich korzysta\u0107 zobowi\u0105zani s\u0105 do z\u0142o\u017cenia deklaracji wyboru przychodni. Ze wzgl\u0119du na pandemi\u0119 COVID-19 polecamy: pobranie dokumentu z naszej strony internetowej, dok\u0142adne wype\u0142nienie, wydrukowanie i podpisanie formularza, wys\u0142anie skanu podpisanej deklaracji na adres [&hellip;]<\/p>\n","protected":false},"author":2,"featured_media":9894,"parent":0,"menu_order":0,"comment_status":"closed","ping_status":"closed","template":"","meta":{"footnotes":"","_wp_rev_ctl_limit":""},"categories":[9],"tags":[],"class_list":["post-5600","page","type-page","status-publish","has-post-thumbnail","hentry","category-poradnik-pacjenta"],"yoast_head":"<!-- This site is optimized with the Yoast SEO plugin v27.3 - https:\/\/yoast.com\/product\/yoast-seo-wordpress\/ -->\n<title>Zosta\u0144 naszym pacjentem - Przychodnia NZOZ &quot;Tw\u00f3j Lekarz&quot; sp. z o.o.<\/title>\n<meta name=\"robots\" content=\"index, follow, max-snippet:-1, max-image-preview:large, max-video-preview:-1\" \/>\n<link rel=\"canonical\" href=\"https:\/\/twojlekarz.net\/ko\/zostan-naszym-pacjentem-old\/\" \/>\n<meta property=\"og:locale\" content=\"ko_KR\" \/>\n<meta property=\"og:type\" content=\"article\" \/>\n<meta property=\"og:title\" content=\"Zosta\u0144 naszym pacjentem - Przychodnia NZOZ &quot;Tw\u00f3j Lekarz&quot; sp. z o.o.\" \/>\n<meta property=\"og:description\" content=\"NZOZ \u201eTw\u00f3j Lekarz\u201d \u015bwiadczy us\u0142ugi medyczne w zakresie Podstawowej Opieki Zdrowotnej w ramach kontraktu z Narodowym Funduszem Zdrowia. Pacjenci, kt\u00f3rzy chc\u0105 z nich korzysta\u0107 zobowi\u0105zani s\u0105 do z\u0142o\u017cenia deklaracji wyboru przychodni. Ze wzgl\u0119du na pandemi\u0119 COVID-19 polecamy: pobranie dokumentu z naszej strony internetowej, dok\u0142adne wype\u0142nienie, wydrukowanie i podpisanie formularza, wys\u0142anie skanu podpisanej deklaracji na adres [&hellip;]\" \/>\n<meta property=\"og:url\" content=\"https:\/\/twojlekarz.net\/ko\/zostan-naszym-pacjentem-old\/\" \/>\n<meta property=\"og:site_name\" content=\"Przychodnia NZOZ &quot;Tw\u00f3j Lekarz&quot; sp. z o.o.\" \/>\n<meta property=\"article:publisher\" content=\"https:\/\/www.facebook.com\/NZOZTwojLekarz\/\" \/>\n<meta property=\"article:modified_time\" content=\"2021-12-28T10:49:07+00:00\" \/>\n<meta name=\"twitter:card\" content=\"summary_large_image\" \/>\n<meta name=\"twitter:label1\" content=\"\uc608\uc0c1 \ub418\ub294 \ud310\ub3c5 \uc2dc\uac04\" \/>\n\t<meta name=\"twitter:data1\" content=\"1\ubd84\" \/>\n<script type=\"application\/ld+json\" class=\"yoast-schema-graph\">{\"@context\":\"https:\\\/\\\/schema.org\",\"@graph\":[{\"@type\":\"WebPage\",\"@id\":\"https:\\\/\\\/twojlekarz.net\\\/zostan-naszym-pacjentem-old\\\/\",\"url\":\"https:\\\/\\\/twojlekarz.net\\\/zostan-naszym-pacjentem-old\\\/\",\"name\":\"Zosta\u0144 naszym pacjentem - Przychodnia NZOZ &quot;Tw\u00f3j Lekarz&quot; sp. z o.o.\",\"isPartOf\":{\"@id\":\"https:\\\/\\\/twojlekarz.net\\\/#website\"},\"primaryImageOfPage\":{\"@id\":\"https:\\\/\\\/twojlekarz.net\\\/zostan-naszym-pacjentem-old\\\/#primaryimage\"},\"image\":{\"@id\":\"https:\\\/\\\/twojlekarz.net\\\/zostan-naszym-pacjentem-old\\\/#primaryimage\"},\"thumbnailUrl\":\"https:\\\/\\\/i0.wp.com\\\/twojlekarz.net\\\/wp-content\\\/uploads\\\/KN0A1278-1-1.jpg?fit=1009%2C757&ssl=1\",\"datePublished\":\"2020-10-06T10:39:46+00:00\",\"dateModified\":\"2021-12-28T10:49:07+00:00\",\"breadcrumb\":{\"@id\":\"https:\\\/\\\/twojlekarz.net\\\/zostan-naszym-pacjentem-old\\\/#breadcrumb\"},\"inLanguage\":\"ko-KR\",\"potentialAction\":[{\"@type\":\"ReadAction\",\"target\":[\"https:\\\/\\\/twojlekarz.net\\\/zostan-naszym-pacjentem-old\\\/\"]}]},{\"@type\":\"ImageObject\",\"inLanguage\":\"ko-KR\",\"@id\":\"https:\\\/\\\/twojlekarz.net\\\/zostan-naszym-pacjentem-old\\\/#primaryimage\",\"url\":\"https:\\\/\\\/i0.wp.com\\\/twojlekarz.net\\\/wp-content\\\/uploads\\\/KN0A1278-1-1.jpg?fit=1009%2C757&ssl=1\",\"contentUrl\":\"https:\\\/\\\/i0.wp.com\\\/twojlekarz.net\\\/wp-content\\\/uploads\\\/KN0A1278-1-1.jpg?fit=1009%2C757&ssl=1\",\"width\":1009,\"height\":757},{\"@type\":\"BreadcrumbList\",\"@id\":\"https:\\\/\\\/twojlekarz.net\\\/zostan-naszym-pacjentem-old\\\/#breadcrumb\",\"itemListElement\":[{\"@type\":\"ListItem\",\"position\":1,\"name\":\"Strona g\u0142\u00f3wna\",\"item\":\"https:\\\/\\\/twojlekarz.net\\\/\"},{\"@type\":\"ListItem\",\"position\":2,\"name\":\"Zosta\u0144 naszym pacjentem\"}]},{\"@type\":\"WebSite\",\"@id\":\"https:\\\/\\\/twojlekarz.net\\\/#website\",\"url\":\"https:\\\/\\\/twojlekarz.net\\\/\",\"name\":\"Przychodnia NZOZ \\\"Tw\u00f3j Lekarz\\\" sp. z o.o.\",\"description\":\"\",\"publisher\":{\"@id\":\"https:\\\/\\\/twojlekarz.net\\\/#organization\"},\"potentialAction\":[{\"@type\":\"SearchAction\",\"target\":{\"@type\":\"EntryPoint\",\"urlTemplate\":\"https:\\\/\\\/twojlekarz.net\\\/?s={search_term_string}\"},\"query-input\":{\"@type\":\"PropertyValueSpecification\",\"valueRequired\":true,\"valueName\":\"search_term_string\"}}],\"inLanguage\":\"ko-KR\"},{\"@type\":\"Organization\",\"@id\":\"https:\\\/\\\/twojlekarz.net\\\/#organization\",\"name\":\"Przychodnia NZOZ \\\"Tw\u00f3j Lekarz\\\" sp. z o.o.\",\"url\":\"https:\\\/\\\/twojlekarz.net\\\/\",\"logo\":{\"@type\":\"ImageObject\",\"inLanguage\":\"ko-KR\",\"@id\":\"https:\\\/\\\/twojlekarz.net\\\/#\\\/schema\\\/logo\\\/image\\\/\",\"url\":\"https:\\\/\\\/i0.wp.com\\\/twojlekarz.net\\\/wp-content\\\/uploads\\\/twoj-lekarz-logo2-e1448917738554.jpg?fit=200%2C71&ssl=1\",\"contentUrl\":\"https:\\\/\\\/i0.wp.com\\\/twojlekarz.net\\\/wp-content\\\/uploads\\\/twoj-lekarz-logo2-e1448917738554.jpg?fit=200%2C71&ssl=1\",\"width\":200,\"height\":71,\"caption\":\"Przychodnia NZOZ \\\"Tw\u00f3j Lekarz\\\" sp. z o.o.\"},\"image\":{\"@id\":\"https:\\\/\\\/twojlekarz.net\\\/#\\\/schema\\\/logo\\\/image\\\/\"},\"sameAs\":[\"https:\\\/\\\/www.facebook.com\\\/NZOZTwojLekarz\\\/\"]}]}<\/script>\n<!-- \/ Yoast SEO plugin. -->","yoast_head_json":{"title":"Zosta\u0144 naszym pacjentem - Przychodnia NZOZ &quot;Tw\u00f3j Lekarz&quot; sp. z o.o.","robots":{"index":"index","follow":"follow","max-snippet":"max-snippet:-1","max-image-preview":"max-image-preview:large","max-video-preview":"max-video-preview:-1"},"canonical":"https:\/\/twojlekarz.net\/ko\/zostan-naszym-pacjentem-old\/","og_locale":"ko_KR","og_type":"article","og_title":"Zosta\u0144 naszym pacjentem - Przychodnia NZOZ &quot;Tw\u00f3j Lekarz&quot; sp. z o.o.","og_description":"NZOZ \u201eTw\u00f3j Lekarz\u201d \u015bwiadczy us\u0142ugi medyczne w zakresie Podstawowej Opieki Zdrowotnej w ramach kontraktu z Narodowym Funduszem Zdrowia. Pacjenci, kt\u00f3rzy chc\u0105 z nich korzysta\u0107 zobowi\u0105zani s\u0105 do z\u0142o\u017cenia deklaracji wyboru przychodni. Ze wzgl\u0119du na pandemi\u0119 COVID-19 polecamy: pobranie dokumentu z naszej strony internetowej, dok\u0142adne wype\u0142nienie, wydrukowanie i podpisanie formularza, wys\u0142anie skanu podpisanej deklaracji na adres [&hellip;]","og_url":"https:\/\/twojlekarz.net\/ko\/zostan-naszym-pacjentem-old\/","og_site_name":"Przychodnia NZOZ &quot;Tw\u00f3j Lekarz&quot; sp. z o.o.","article_publisher":"https:\/\/www.facebook.com\/NZOZTwojLekarz\/","article_modified_time":"2021-12-28T10:49:07+00:00","twitter_card":"summary_large_image","twitter_misc":{"\uc608\uc0c1 \ub418\ub294 \ud310\ub3c5 \uc2dc\uac04":"1\ubd84"},"schema":{"@context":"https:\/\/schema.org","@graph":[{"@type":"WebPage","@id":"https:\/\/twojlekarz.net\/zostan-naszym-pacjentem-old\/","url":"https:\/\/twojlekarz.net\/zostan-naszym-pacjentem-old\/","name":"Zosta\u0144 naszym pacjentem - Przychodnia NZOZ &quot;Tw\u00f3j Lekarz&quot; sp. z o.o.","isPartOf":{"@id":"https:\/\/twojlekarz.net\/#website"},"primaryImageOfPage":{"@id":"https:\/\/twojlekarz.net\/zostan-naszym-pacjentem-old\/#primaryimage"},"image":{"@id":"https:\/\/twojlekarz.net\/zostan-naszym-pacjentem-old\/#primaryimage"},"thumbnailUrl":"https:\/\/i0.wp.com\/twojlekarz.net\/wp-content\/uploads\/KN0A1278-1-1.jpg?fit=1009%2C757&ssl=1","datePublished":"2020-10-06T10:39:46+00:00","dateModified":"2021-12-28T10:49:07+00:00","breadcrumb":{"@id":"https:\/\/twojlekarz.net\/zostan-naszym-pacjentem-old\/#breadcrumb"},"inLanguage":"ko-KR","potentialAction":[{"@type":"ReadAction","target":["https:\/\/twojlekarz.net\/zostan-naszym-pacjentem-old\/"]}]},{"@type":"ImageObject","inLanguage":"ko-KR","@id":"https:\/\/twojlekarz.net\/zostan-naszym-pacjentem-old\/#primaryimage","url":"https:\/\/i0.wp.com\/twojlekarz.net\/wp-content\/uploads\/KN0A1278-1-1.jpg?fit=1009%2C757&ssl=1","contentUrl":"https:\/\/i0.wp.com\/twojlekarz.net\/wp-content\/uploads\/KN0A1278-1-1.jpg?fit=1009%2C757&ssl=1","width":1009,"height":757},{"@type":"BreadcrumbList","@id":"https:\/\/twojlekarz.net\/zostan-naszym-pacjentem-old\/#breadcrumb","itemListElement":[{"@type":"ListItem","position":1,"name":"Strona g\u0142\u00f3wna","item":"https:\/\/twojlekarz.net\/"},{"@type":"ListItem","position":2,"name":"Zosta\u0144 naszym pacjentem"}]},{"@type":"WebSite","@id":"https:\/\/twojlekarz.net\/#website","url":"https:\/\/twojlekarz.net\/","name":"NZOZ \ud074\ub9ac\ub2c9 &quot;Tw\u00f3j Doktor&quot; z o.","description":"","publisher":{"@id":"https:\/\/twojlekarz.net\/#organization"},"potentialAction":[{"@type":"SearchAction","target":{"@type":"EntryPoint","urlTemplate":"https:\/\/twojlekarz.net\/?s={search_term_string}"},"query-input":{"@type":"PropertyValueSpecification","valueRequired":true,"valueName":"search_term_string"}}],"inLanguage":"ko-KR"},{"@type":"Organization","@id":"https:\/\/twojlekarz.net\/#organization","name":"NZOZ \ud074\ub9ac\ub2c9 &quot;Tw\u00f3j Doktor&quot; z o.","url":"https:\/\/twojlekarz.net\/","logo":{"@type":"ImageObject","inLanguage":"ko-KR","@id":"https:\/\/twojlekarz.net\/#\/schema\/logo\/image\/","url":"https:\/\/i0.wp.com\/twojlekarz.net\/wp-content\/uploads\/twoj-lekarz-logo2-e1448917738554.jpg?fit=200%2C71&ssl=1","contentUrl":"https:\/\/i0.wp.com\/twojlekarz.net\/wp-content\/uploads\/twoj-lekarz-logo2-e1448917738554.jpg?fit=200%2C71&ssl=1","width":200,"height":71,"caption":"Przychodnia NZOZ \"Tw\u00f3j Lekarz\" sp. z o.o."},"image":{"@id":"https:\/\/twojlekarz.net\/#\/schema\/logo\/image\/"},"sameAs":["https:\/\/www.facebook.com\/NZOZTwojLekarz\/"]}]}},"jetpack_sharing_enabled":true,"_links":{"self":[{"href":"https:\/\/twojlekarz.net\/ko\/wp-json\/wp\/v2\/pages\/5600","targetHints":{"allow":["GET"]}}],"collection":[{"href":"https:\/\/twojlekarz.net\/ko\/wp-json\/wp\/v2\/pages"}],"about":[{"href":"https:\/\/twojlekarz.net\/ko\/wp-json\/wp\/v2\/types\/page"}],"author":[{"embeddable":true,"href":"https:\/\/twojlekarz.net\/ko\/wp-json\/wp\/v2\/users\/2"}],"replies":[{"embeddable":true,"href":"https:\/\/twojlekarz.net\/ko\/wp-json\/wp\/v2\/comments?post=5600"}],"version-history":[{"count":0,"href":"https:\/\/twojlekarz.net\/ko\/wp-json\/wp\/v2\/pages\/5600\/revisions"}],"wp:featuredmedia":[{"embeddable":true,"href":"https:\/\/twojlekarz.net\/ko\/wp-json\/wp\/v2\/media\/9894"}],"wp:attachment":[{"href":"https:\/\/twojlekarz.net\/ko\/wp-json\/wp\/v2\/media?parent=5600"}],"wp:term":[{"taxonomy":"category","embeddable":true,"href":"https:\/\/twojlekarz.net\/ko\/wp-json\/wp\/v2\/categories?post=5600"},{"taxonomy":"post_tag","embeddable":true,"href":"https:\/\/twojlekarz.net\/ko\/wp-json\/wp\/v2\/tags?post=5600"}],"curies":[{"name":"\uc6cc\ub4dc\ud504\ub808\uc2a4","href":"https:\/\/api.w.org\/{rel}","templated":true}]}}