{"id":138,"date":"2015-05-08T22:29:18","date_gmt":"2015-05-08T22:29:18","guid":{"rendered":"Pacjenci leczeni w NZOZ \u201eTw\u00f3j Lekarz\u201d mog\u0105 otrzyma\u0107 recepty na leki przyjmowane przewlekle zgodnie z wcze\u015bniejszymi zaleceniami lekarskimi.\r\n\r\nW tym celu nale\u017cy zg\u0142osi\u0107 <strong>osobi\u015bcie<\/strong> zapotrzebowanie na leki w rejestracji w plac\u00f3wkach \u201eTw\u00f3j Le"},"modified":"2015-05-12T18:04:07","modified_gmt":"2015-05-12T18:04:07","slug":"zamow-recepte","status":"publish","type":"page","link":"https:\/\/twojlekarz.net\/uk\/zamow-recepte\/","title":{"rendered":"\u0417\u0430\u043c\u043e\u0432\u043b\u044f\u0439\u0442\u0435 \u0440\u0435\u0446\u0435\u043f\u0442"},"content":{"rendered":"<p>\u041f\u0430\u0446\u0456\u0454\u043d\u0442\u0438, \u044f\u043a\u0456 \u043b\u0456\u043a\u0443\u044e\u0442\u044c\u0441\u044f \u0432 NZOZ &quot;Tw\u00f3j Doktor&quot;, \u043c\u043e\u0436\u0443\u0442\u044c \u043e\u0442\u0440\u0438\u043c\u0430\u0442\u0438 \u0440\u0435\u0446\u0435\u043f\u0442\u0438 \u043d\u0430 \u043b\u0456\u043a\u0438, \u044f\u043a\u0456 \u043f\u0440\u0438\u0439\u043c\u0430\u044e\u0442\u044c \u043f\u043e\u0441\u0442\u0456\u0439\u043d\u043e, \u0432\u0456\u0434\u043f\u043e\u0432\u0456\u0434\u043d\u043e \u0434\u043e \u043f\u043e\u043f\u0435\u0440\u0435\u0434\u043d\u0456\u0445 \u043c\u0435\u0434\u0438\u0447\u043d\u0438\u0445 \u0440\u0435\u043a\u043e\u043c\u0435\u043d\u0434\u0430\u0446\u0456\u0439.<\/p>\n<p>\u0414\u043b\u044f \u0446\u044c\u043e\u0433\u043e \u043d\u0435\u043e\u0431\u0445\u0456\u0434\u043d\u043e \u0437\u0432\u0456\u0442\u0443\u0432\u0430\u0442\u0438 <strong>\u043e\u0441\u043e\u0431\u0438\u0441\u0442\u043e<\/strong> \u043f\u043e\u043f\u0438\u0442 \u043d\u0430 \u043b\u0456\u043a\u0438 \u043f\u0440\u0438 \u0440\u0435\u0454\u0441\u0442\u0440\u0430\u0446\u0456\u0457 \u0432 \u0437\u0430\u043a\u043b\u0430\u0434\u0430\u0445 \u00abTw\u00f3j Doktor\u00bb.<\/p>\n<p>\u0420\u0435\u0446\u0435\u043f\u0442\u0438, \u0432\u0438\u043f\u0438\u0441\u0430\u043d\u0456 \u043b\u0456\u043a\u0430\u0440\u0435\u043c, \u0431\u0443\u0434\u0443\u0442\u044c \u0432\u0438\u0434\u0430\u0432\u0430\u0442\u0438\u0441\u044f \u0447\u0435\u0440\u0435\u0437 \u0434\u0432\u0430 \u0434\u043d\u0456 \u0437 \u043c\u043e\u043c\u0435\u043d\u0442\u0443 \u043f\u043e\u0432\u0456\u0434\u043e\u043c\u043b\u0435\u043d\u043d\u044f \u043f\u0440\u043e \u043f\u043e\u0442\u0440\u0435\u0431\u0443 \u043f\u0456\u0434 \u0447\u0430\u0441 \u0440\u0435\u0454\u0441\u0442\u0440\u0430\u0446\u0456\u0457.<\/p>\n<p>\u042f\u043a\u0449\u043e \u043f\u0430\u0446\u0456\u0454\u043d\u0442 \u043d\u0435 \u0437\u0432\u0435\u0440\u0442\u0430\u0432\u0441\u044f \u0434\u043e \u043b\u0456\u043a\u0430\u0440\u044f \u0431\u0456\u043b\u044c\u0448\u0435 3 \u043c\u0456\u0441\u044f\u0446\u0456\u0432, \u0432\u0456\u043d \u043d\u0435 \u043c\u043e\u0436\u0435 \u043e\u0442\u0440\u0438\u043c\u0430\u0442\u0438 \u0440\u0435\u0446\u0435\u043f\u0442 \u043d\u0430 \u043b\u0456\u043a\u0438 \u0431\u0435\u0437 \u0432\u0456\u0437\u0438\u0442\u0443 \u043b\u0456\u043a\u0430\u0440\u044f.<\/p>","protected":false},"excerpt":{"rendered":"<p>Pacjenci leczeni w NZOZ \u201eTw\u00f3j Lekarz\u201d mog\u0105 otrzyma\u0107 recepty na leki przyjmowane przewlekle zgodnie z wcze\u015bniejszymi zaleceniami lekarskimi. W tym celu nale\u017cy zg\u0142osi\u0107 osobi\u015bcie zapotrzebowanie na leki w rejestracji w plac\u00f3wkach \u201eTw\u00f3j Lekarz\u201d. Wypisane przez lekarza recepty wydane zostan\u0105 dwa dni od dnia zg\u0142oszenia zapotrzebowania w rejestracji. Je\u017celi pacjent nie by\u0142 konsultowany przez lekarza d\u0142u\u017cej [&hellip;]<\/p>","protected":false},"author":1,"featured_media":9894,"parent":0,"menu_order":0,"comment_status":"open","ping_status":"open","template":"","meta":{"footnotes":"","_wp_rev_ctl_limit":""},"categories":[9],"tags":[],"class_list":["post-138","page","type-page","status-publish","has-post-thumbnail","hentry","category-poradnik-pacjenta"],"yoast_head":"<!-- This site is optimized with the Yoast SEO plugin v26.7 - https:\/\/yoast.com\/wordpress\/plugins\/seo\/ -->\n<title>Zam\u00f3w recept\u0119 - Przychodnia NZOZ &quot;Tw\u00f3j Lekarz&quot; sp. z o.o.<\/title>\n<meta name=\"robots\" content=\"index, follow, max-snippet:-1, max-image-preview:large, max-video-preview:-1\" \/>\n<link rel=\"canonical\" href=\"https:\/\/twojlekarz.net\/uk\/zamow-recepte\/\" \/>\n<meta property=\"og:locale\" content=\"uk_UA\" \/>\n<meta property=\"og:type\" content=\"article\" \/>\n<meta property=\"og:title\" content=\"Zam\u00f3w recept\u0119 - Przychodnia NZOZ &quot;Tw\u00f3j Lekarz&quot; sp. z o.o.\" \/>\n<meta property=\"og:description\" content=\"Pacjenci leczeni w NZOZ \u201eTw\u00f3j Lekarz\u201d mog\u0105 otrzyma\u0107 recepty na leki przyjmowane przewlekle zgodnie z wcze\u015bniejszymi zaleceniami lekarskimi. W tym celu nale\u017cy zg\u0142osi\u0107 osobi\u015bcie zapotrzebowanie na leki w rejestracji w plac\u00f3wkach \u201eTw\u00f3j Lekarz\u201d. Wypisane przez lekarza recepty wydane zostan\u0105 dwa dni od dnia zg\u0142oszenia zapotrzebowania w rejestracji. Je\u017celi pacjent nie by\u0142 konsultowany przez lekarza d\u0142u\u017cej [&hellip;]\" \/>\n<meta property=\"og:url\" content=\"https:\/\/twojlekarz.net\/uk\/zamow-recepte\/\" \/>\n<meta property=\"og:site_name\" content=\"Przychodnia NZOZ &quot;Tw\u00f3j Lekarz&quot; sp. z o.o.\" \/>\n<meta property=\"article:publisher\" content=\"https:\/\/www.facebook.com\/NZOZTwojLekarz\/\" \/>\n<meta property=\"article:modified_time\" content=\"2015-05-12T18:04:07+00:00\" \/>\n<meta name=\"twitter:card\" content=\"summary_large_image\" \/>\n<script type=\"application\/ld+json\" class=\"yoast-schema-graph\">{\"@context\":\"https:\/\/schema.org\",\"@graph\":[{\"@type\":\"WebPage\",\"@id\":\"https:\/\/twojlekarz.net\/zamow-recepte\/\",\"url\":\"https:\/\/twojlekarz.net\/zamow-recepte\/\",\"name\":\"Zam\u00f3w recept\u0119 - Przychodnia NZOZ &quot;Tw\u00f3j Lekarz&quot; sp. z o.o.\",\"isPartOf\":{\"@id\":\"https:\/\/twojlekarz.net\/#website\"},\"primaryImageOfPage\":{\"@id\":\"https:\/\/twojlekarz.net\/zamow-recepte\/#primaryimage\"},\"image\":{\"@id\":\"https:\/\/twojlekarz.net\/zamow-recepte\/#primaryimage\"},\"thumbnailUrl\":\"https:\/\/i0.wp.com\/twojlekarz.net\/wp-content\/uploads\/KN0A1278-1-1.jpg?fit=1009%2C757&ssl=1\",\"datePublished\":\"2015-05-08T22:29:18+00:00\",\"dateModified\":\"2015-05-12T18:04:07+00:00\",\"breadcrumb\":{\"@id\":\"https:\/\/twojlekarz.net\/zamow-recepte\/#breadcrumb\"},\"inLanguage\":\"uk\",\"potentialAction\":[{\"@type\":\"ReadAction\",\"target\":[\"https:\/\/twojlekarz.net\/zamow-recepte\/\"]}]},{\"@type\":\"ImageObject\",\"inLanguage\":\"uk\",\"@id\":\"https:\/\/twojlekarz.net\/zamow-recepte\/#primaryimage\",\"url\":\"https:\/\/i0.wp.com\/twojlekarz.net\/wp-content\/uploads\/KN0A1278-1-1.jpg?fit=1009%2C757&ssl=1\",\"contentUrl\":\"https:\/\/i0.wp.com\/twojlekarz.net\/wp-content\/uploads\/KN0A1278-1-1.jpg?fit=1009%2C757&ssl=1\",\"width\":1009,\"height\":757},{\"@type\":\"BreadcrumbList\",\"@id\":\"https:\/\/twojlekarz.net\/zamow-recepte\/#breadcrumb\",\"itemListElement\":[{\"@type\":\"ListItem\",\"position\":1,\"name\":\"Strona g\u0142\u00f3wna\",\"item\":\"https:\/\/twojlekarz.net\/\"},{\"@type\":\"ListItem\",\"position\":2,\"name\":\"Zam\u00f3w recept\u0119\"}]},{\"@type\":\"WebSite\",\"@id\":\"https:\/\/twojlekarz.net\/#website\",\"url\":\"https:\/\/twojlekarz.net\/\",\"name\":\"Przychodnia NZOZ \\\"Tw\u00f3j Lekarz\\\" sp. z o.o.\",\"description\":\"\",\"publisher\":{\"@id\":\"https:\/\/twojlekarz.net\/#organization\"},\"potentialAction\":[{\"@type\":\"SearchAction\",\"target\":{\"@type\":\"EntryPoint\",\"urlTemplate\":\"https:\/\/twojlekarz.net\/?s={search_term_string}\"},\"query-input\":{\"@type\":\"PropertyValueSpecification\",\"valueRequired\":true,\"valueName\":\"search_term_string\"}}],\"inLanguage\":\"uk\"},{\"@type\":\"Organization\",\"@id\":\"https:\/\/twojlekarz.net\/#organization\",\"name\":\"Przychodnia NZOZ \\\"Tw\u00f3j Lekarz\\\" sp. z o.o.\",\"url\":\"https:\/\/twojlekarz.net\/\",\"logo\":{\"@type\":\"ImageObject\",\"inLanguage\":\"uk\",\"@id\":\"https:\/\/twojlekarz.net\/#\/schema\/logo\/image\/\",\"url\":\"https:\/\/i0.wp.com\/twojlekarz.net\/wp-content\/uploads\/twoj-lekarz-logo2-e1448917738554.jpg?fit=200%2C71&ssl=1\",\"contentUrl\":\"https:\/\/i0.wp.com\/twojlekarz.net\/wp-content\/uploads\/twoj-lekarz-logo2-e1448917738554.jpg?fit=200%2C71&ssl=1\",\"width\":200,\"height\":71,\"caption\":\"Przychodnia NZOZ \\\"Tw\u00f3j Lekarz\\\" sp. z o.o.\"},\"image\":{\"@id\":\"https:\/\/twojlekarz.net\/#\/schema\/logo\/image\/\"},\"sameAs\":[\"https:\/\/www.facebook.com\/NZOZTwojLekarz\/\"]}]}<\/script>\n<!-- \/ Yoast SEO plugin. -->","yoast_head_json":{"title":"Zam\u00f3w recept\u0119 - Przychodnia NZOZ &quot;Tw\u00f3j Lekarz&quot; sp. z o.o.","robots":{"index":"index","follow":"follow","max-snippet":"max-snippet:-1","max-image-preview":"max-image-preview:large","max-video-preview":"max-video-preview:-1"},"canonical":"https:\/\/twojlekarz.net\/uk\/zamow-recepte\/","og_locale":"uk_UA","og_type":"article","og_title":"Zam\u00f3w recept\u0119 - Przychodnia NZOZ &quot;Tw\u00f3j Lekarz&quot; sp. z o.o.","og_description":"Pacjenci leczeni w NZOZ \u201eTw\u00f3j Lekarz\u201d mog\u0105 otrzyma\u0107 recepty na leki przyjmowane przewlekle zgodnie z wcze\u015bniejszymi zaleceniami lekarskimi. W tym celu nale\u017cy zg\u0142osi\u0107 osobi\u015bcie zapotrzebowanie na leki w rejestracji w plac\u00f3wkach \u201eTw\u00f3j Lekarz\u201d. Wypisane przez lekarza recepty wydane zostan\u0105 dwa dni od dnia zg\u0142oszenia zapotrzebowania w rejestracji. Je\u017celi pacjent nie by\u0142 konsultowany przez lekarza d\u0142u\u017cej [&hellip;]","og_url":"https:\/\/twojlekarz.net\/uk\/zamow-recepte\/","og_site_name":"Przychodnia NZOZ &quot;Tw\u00f3j Lekarz&quot; sp. z o.o.","article_publisher":"https:\/\/www.facebook.com\/NZOZTwojLekarz\/","article_modified_time":"2015-05-12T18:04:07+00:00","twitter_card":"summary_large_image","schema":{"@context":"https:\/\/schema.org","@graph":[{"@type":"WebPage","@id":"https:\/\/twojlekarz.net\/zamow-recepte\/","url":"https:\/\/twojlekarz.net\/zamow-recepte\/","name":"Zam\u00f3w recept\u0119 - Przychodnia NZOZ &quot;Tw\u00f3j Lekarz&quot; sp. z o.o.","isPartOf":{"@id":"https:\/\/twojlekarz.net\/#website"},"primaryImageOfPage":{"@id":"https:\/\/twojlekarz.net\/zamow-recepte\/#primaryimage"},"image":{"@id":"https:\/\/twojlekarz.net\/zamow-recepte\/#primaryimage"},"thumbnailUrl":"https:\/\/i0.wp.com\/twojlekarz.net\/wp-content\/uploads\/KN0A1278-1-1.jpg?fit=1009%2C757&ssl=1","datePublished":"2015-05-08T22:29:18+00:00","dateModified":"2015-05-12T18:04:07+00:00","breadcrumb":{"@id":"https:\/\/twojlekarz.net\/zamow-recepte\/#breadcrumb"},"inLanguage":"uk","potentialAction":[{"@type":"ReadAction","target":["https:\/\/twojlekarz.net\/zamow-recepte\/"]}]},{"@type":"ImageObject","inLanguage":"uk","@id":"https:\/\/twojlekarz.net\/zamow-recepte\/#primaryimage","url":"https:\/\/i0.wp.com\/twojlekarz.net\/wp-content\/uploads\/KN0A1278-1-1.jpg?fit=1009%2C757&ssl=1","contentUrl":"https:\/\/i0.wp.com\/twojlekarz.net\/wp-content\/uploads\/KN0A1278-1-1.jpg?fit=1009%2C757&ssl=1","width":1009,"height":757},{"@type":"BreadcrumbList","@id":"https:\/\/twojlekarz.net\/zamow-recepte\/#breadcrumb","itemListElement":[{"@type":"ListItem","position":1,"name":"Strona g\u0142\u00f3wna","item":"https:\/\/twojlekarz.net\/"},{"@type":"ListItem","position":2,"name":"Zam\u00f3w recept\u0119"}]},{"@type":"WebSite","@id":"https:\/\/twojlekarz.net\/#website","url":"https:\/\/twojlekarz.net\/","name":"\u041a\u043b\u0456\u043d\u0456\u043a\u0430 NZOZ &quot;Tw\u00f3j Doktor&quot; sp","description":"","publisher":{"@id":"https:\/\/twojlekarz.net\/#organization"},"potentialAction":[{"@type":"SearchAction","target":{"@type":"EntryPoint","urlTemplate":"https:\/\/twojlekarz.net\/?s={search_term_string}"},"query-input":{"@type":"PropertyValueSpecification","valueRequired":true,"valueName":"search_term_string"}}],"inLanguage":"uk"},{"@type":"Organization","@id":"https:\/\/twojlekarz.net\/#organization","name":"\u041a\u043b\u0456\u043d\u0456\u043a\u0430 NZOZ &quot;Tw\u00f3j Doktor&quot; sp","url":"https:\/\/twojlekarz.net\/","logo":{"@type":"ImageObject","inLanguage":"uk","@id":"https:\/\/twojlekarz.net\/#\/schema\/logo\/image\/","url":"https:\/\/i0.wp.com\/twojlekarz.net\/wp-content\/uploads\/twoj-lekarz-logo2-e1448917738554.jpg?fit=200%2C71&ssl=1","contentUrl":"https:\/\/i0.wp.com\/twojlekarz.net\/wp-content\/uploads\/twoj-lekarz-logo2-e1448917738554.jpg?fit=200%2C71&ssl=1","width":200,"height":71,"caption":"Przychodnia NZOZ \"Tw\u00f3j Lekarz\" sp. z o.o."},"image":{"@id":"https:\/\/twojlekarz.net\/#\/schema\/logo\/image\/"},"sameAs":["https:\/\/www.facebook.com\/NZOZTwojLekarz\/"]}]}},"jetpack_sharing_enabled":true,"_links":{"self":[{"href":"https:\/\/twojlekarz.net\/uk\/wp-json\/wp\/v2\/pages\/138","targetHints":{"allow":["GET"]}}],"collection":[{"href":"https:\/\/twojlekarz.net\/uk\/wp-json\/wp\/v2\/pages"}],"about":[{"href":"https:\/\/twojlekarz.net\/uk\/wp-json\/wp\/v2\/types\/page"}],"author":[{"embeddable":true,"href":"https:\/\/twojlekarz.net\/uk\/wp-json\/wp\/v2\/users\/1"}],"replies":[{"embeddable":true,"href":"https:\/\/twojlekarz.net\/uk\/wp-json\/wp\/v2\/comments?post=138"}],"version-history":[{"count":0,"href":"https:\/\/twojlekarz.net\/uk\/wp-json\/wp\/v2\/pages\/138\/revisions"}],"wp:featuredmedia":[{"embeddable":true,"href":"https:\/\/twojlekarz.net\/uk\/wp-json\/wp\/v2\/media\/9894"}],"wp:attachment":[{"href":"https:\/\/twojlekarz.net\/uk\/wp-json\/wp\/v2\/media?parent=138"}],"wp:term":[{"taxonomy":"category","embeddable":true,"href":"https:\/\/twojlekarz.net\/uk\/wp-json\/wp\/v2\/categories?post=138"},{"taxonomy":"post_tag","embeddable":true,"href":"https:\/\/twojlekarz.net\/uk\/wp-json\/wp\/v2\/tags?post=138"}],"curies":[{"name":"\u0412\u041f","href":"https:\/\/api.w.org\/{rel}","templated":true}]}}