{"id":239,"date":"2015-07-01T17:38:34","date_gmt":"2015-07-01T17:38:34","guid":{"rendered":"http:\/\/www.twojlekarz.marcinbukowski.pl\/?page_id=239"},"modified":"2019-12-13T23:11:49","modified_gmt":"2019-12-13T23:11:49","slug":"jakosc","status":"publish","type":"page","link":"https:\/\/twojlekarz.net\/uk\/jakosc\/","title":{"rendered":"\u044f\u043a\u0456\u0441\u0442\u044c"},"content":{"rendered":"<div class=\"tiled-gallery type-rectangular tiled-gallery-unresized\" data-original-width=\"848\" data-carousel-extra='null' itemscope itemtype=\"http:\/\/schema.org\/ImageGallery\" > <div class=\"gallery-row\" style=\"width: 848px; height: 598px;\" data-original-width=\"848\" data-original-height=\"598\" > <div class=\"gallery-group images-1\" style=\"width: 424px; height: 598px;\" data-original-width=\"424\" data-original-height=\"598\" > <div class=\"tiled-gallery-item tiled-gallery-item-large\" itemprop=\"associatedMedia\" itemscope itemtype=\"http:\/\/schema.org\/ImageObject\"> <a href=\"https:\/\/twojlekarz.net\/uk\/certyfikat-iso\/iso2\/\" border=\"0\" itemprop=\"url\"> <meta itemprop=\"width\" content=\"420\"> <meta itemprop=\"height\" content=\"594\"> <img decoding=\"async\" class=\"\" data-attachment-id=\"1333\" data-orig-file=\"https:\/\/twojlekarz.net\/wp-content\/uploads\/2015\/10\/iso2-e1566995447816.jpg\" data-orig-size=\"1200,1698\" data-comments-opened=\"1\" data-image-meta=\"{&quot;aperture&quot;:&quot;0&quot;,&quot;credit&quot;:&quot;&quot;,&quot;camera&quot;:&quot;&quot;,&quot;caption&quot;:&quot;&quot;,&quot;created_timestamp&quot;:&quot;0&quot;,&quot;copyright&quot;:&quot;&quot;,&quot;focal_length&quot;:&quot;0&quot;,&quot;iso&quot;:&quot;0&quot;,&quot;shutter_speed&quot;:&quot;0&quot;,&quot;title&quot;:&quot;&quot;,&quot;orientation&quot;:&quot;0&quot;}\" data-image-title=\"ISO\" data-image-description=\"\" data-medium-file=\"https:\/\/i0.wp.com\/twojlekarz.net\/wp-content\/uploads\/2015\/10\/iso2-e1566995447816.jpg?fit=212%2C300&#038;ssl=1\" data-large-file=\"https:\/\/i0.wp.com\/twojlekarz.net\/wp-content\/uploads\/2015\/10\/iso2-e1566995447816.jpg?fit=724%2C1024&#038;ssl=1\" src=\"https:\/\/i0.wp.com\/twojlekarz.net\/wp-content\/uploads\/2015\/10\/iso2-e1566995447816.jpg?w=420&#038;h=594&#038;ssl=1\" srcset=\"https:\/\/i0.wp.com\/twojlekarz.net\/wp-content\/uploads\/2015\/10\/iso2-e1566995447816.jpg?w=1200&amp;ssl=1 1200w, https:\/\/i0.wp.com\/twojlekarz.net\/wp-content\/uploads\/2015\/10\/iso2-e1566995447816.jpg?resize=212%2C300&amp;ssl=1 212w, https:\/\/i0.wp.com\/twojlekarz.net\/wp-content\/uploads\/2015\/10\/iso2-e1566995447816.jpg?resize=724%2C1024&amp;ssl=1 724w, https:\/\/i0.wp.com\/twojlekarz.net\/wp-content\/uploads\/2015\/10\/iso2-e1566995447816.jpg?resize=768%2C1087&amp;ssl=1 768w\" width=\"420\" height=\"594\" loading=\"lazy\" data-original-width=\"420\" data-original-height=\"594\" itemprop=\"http:\/\/schema.org\/image\" title=\"ISO\" alt=\"Certyfikat ISO 9001:2015\" style=\"width: 420px; height: 594px;\" \/> <\/a> <div class=\"tiled-gallery-caption\" itemprop=\"caption description\"> \u0421\u0435\u0440\u0442\u0438\u0444\u0456\u043a\u0430\u0442 ISO 9001:2015 <\/div> <\/div> <\/div> <!-- close group --> <div class=\"gallery-group images-1\" style=\"width: 424px; height: 598px;\" data-original-width=\"424\" data-original-height=\"598\" > <div class=\"tiled-gallery-item tiled-gallery-item-large\" itemprop=\"associatedMedia\" itemscope itemtype=\"http:\/\/schema.org\/ImageObject\"> <a href=\"https:\/\/twojlekarz.net\/uk\/polityka-jakosci-2\/\" border=\"0\" itemprop=\"url\"> <meta itemprop=\"width\" content=\"420\"> <meta itemprop=\"height\" content=\"594\"> <img decoding=\"async\" class=\"\" data-attachment-id=\"1862\" data-orig-file=\"https:\/\/twojlekarz.net\/wp-content\/uploads\/Polityka-jako\u015bci-1-e1467306684621.jpg\" data-orig-size=\"800,1132\" data-comments-opened=\"1\" data-image-meta=\"{&quot;aperture&quot;:&quot;0&quot;,&quot;credit&quot;:&quot;&quot;,&quot;camera&quot;:&quot;&quot;,&quot;caption&quot;:&quot;&quot;,&quot;created_timestamp&quot;:&quot;0&quot;,&quot;copyright&quot;:&quot;&quot;,&quot;focal_length&quot;:&quot;0&quot;,&quot;iso&quot;:&quot;0&quot;,&quot;shutter_speed&quot;:&quot;0&quot;,&quot;title&quot;:&quot;&quot;,&quot;orientation&quot;:&quot;1&quot;}\" data-image-title=\"Polityka Jako\u015bci\" data-image-description=\"\" data-medium-file=\"https:\/\/i0.wp.com\/twojlekarz.net\/wp-content\/uploads\/Polityka-jako%C5%9Bci-1-e1467306684621.jpg?fit=212%2C300&#038;ssl=1\" data-large-file=\"https:\/\/i0.wp.com\/twojlekarz.net\/wp-content\/uploads\/Polityka-jako%C5%9Bci-1-e1467306684621.jpg?fit=724%2C1024&#038;ssl=1\" src=\"https:\/\/i0.wp.com\/twojlekarz.net\/wp-content\/uploads\/Polityka-jako%C5%9Bci-1-e1467306684621.jpg?w=420&#038;h=594&#038;ssl=1\" width=\"420\" height=\"594\" loading=\"lazy\" data-original-width=\"420\" data-original-height=\"594\" itemprop=\"http:\/\/schema.org\/image\" title=\"\u041f\u043e\u043b\u0456\u0442\u0438\u043a\u0430 \u044f\u043a\u043e\u0441\u0442\u0456\" alt=\"Polityka Jako\u015bci\" style=\"width: 420px; height: 594px;\" \/> <\/a> <div class=\"tiled-gallery-caption\" itemprop=\"caption description\"> \u041f\u043e\u043b\u0456\u0442\u0438\u043a\u0430 \u044f\u043a\u043e\u0441\u0442\u0456 <\/div> <\/div> <\/div> <!-- close group --> <\/div> <!-- close row --> <\/div>\n<p><center><\/center>\u041c\u0438 \u043f\u043e\u0441\u0442\u0456\u0439\u043d\u043e \u043f\u0440\u0430\u0433\u043d\u0435\u043c\u043e \u043d\u0430\u0434\u0430\u0432\u0430\u0442\u0438 \u043c\u0435\u0434\u0438\u0447\u043d\u0443 \u0434\u043e\u043f\u043e\u043c\u043e\u0433\u0443 \u043d\u0430 \u043d\u0430\u0439\u0432\u0438\u0449\u043e\u043c\u0443 \u0440\u0456\u0432\u043d\u0456 \u044f\u043a\u043e\u0441\u0442\u0456. \u0422\u043e\u043c\u0443 \u043c\u0438 \u0440\u043e\u0437\u0432\u0438\u0432\u0430\u0454\u043c\u043e \u043c\u0435\u0440\u0435\u0436\u0443 \u043a\u043b\u0456\u043d\u0456\u043a \u0456 \u0440\u043e\u0437\u0448\u0438\u0440\u044e\u0454\u043c\u043e \u043a\u043e\u043b\u043e \u043a\u0432\u0430\u043b\u0456\u0444\u0456\u043a\u043e\u0432\u0430\u043d\u043e\u0433\u043e \u043c\u0435\u0434\u0438\u0447\u043d\u043e\u0433\u043e \u0442\u0430 \u0441\u0435\u0440\u0435\u0434\u043d\u044c\u043e\u0433\u043e \u043f\u0435\u0440\u0441\u043e\u043d\u0430\u043b\u0443.<\/p>\n<p class=\"western\">\u041c\u0438 \u043f\u0440\u0430\u0433\u043d\u0435\u043c\u043e \u0441\u0442\u0432\u043e\u0440\u0438\u0442\u0438 \u043a\u043e\u043c\u0444\u043e\u0440\u0442\u043d\u0456 \u0443\u043c\u043e\u0432\u0438 \u0434\u043b\u044f \u043f\u0435\u0440\u0435\u0431\u0443\u0432\u0430\u043d\u043d\u044f \u0432 \u043d\u0430\u0448\u0438\u0445 \u0437\u0430\u043a\u043b\u0430\u0434\u0430\u0445, \u0440\u043e\u0431\u043b\u044f\u0447\u0438 \u0430\u043a\u0446\u0435\u043d\u0442 \u043d\u0430 \u0434\u043e\u0431\u0440\u043e\u0437\u0438\u0447\u043b\u0438\u0432\u043e\u043c\u0443 \u0442\u0430 \u043f\u0440\u043e\u0444\u0435\u0441\u0456\u0439\u043d\u043e\u043c\u0443 \u043e\u0431\u0441\u043b\u0443\u0433\u043e\u0432\u0443\u0432\u0430\u043d\u043d\u0456 \u0442\u0430 \u043d\u0430\u0434\u0430\u044e\u0447\u0438 \u043f\u0430\u0446\u0456\u0454\u043d\u0442\u0430\u043c \u0434\u043e\u0441\u0442\u043e\u0432\u0456\u0440\u043d\u0443 \u0456\u043d\u0444\u043e\u0440\u043c\u0430\u0446\u0456\u044e \u043f\u0440\u043e \u0437\u0430\u043f\u0440\u043e\u043f\u043e\u043d\u043e\u0432\u0430\u043d\u0435 \u043b\u0456\u043a\u0443\u0432\u0430\u043d\u043d\u044f, \u0430\u043d\u0430\u043b\u0456\u0437\u0438 \u0442\u0430 \u043f\u043e\u0442\u043e\u0447\u043d\u0438\u0439 \u0441\u0442\u0430\u043d \u0437\u0434\u043e\u0440\u043e\u0432\u2019\u044f.<\/p>\n<p class=\"western\">\u041c\u0438 \u0434\u0431\u0430\u0454\u043c\u043e \u043f\u0440\u043e \u043e\u0441\u043d\u0430\u0449\u0435\u043d\u043d\u044f \u043d\u0430\u0448\u0438\u0445 \u0437\u0430\u043a\u043b\u0430\u0434\u0456\u0432 \u0441\u0443\u0447\u0430\u0441\u043d\u0438\u043c \u043e\u0431\u043b\u0430\u0434\u043d\u0430\u043d\u043d\u044f\u043c \u044f\u043a \u0434\u043b\u044f \u043f\u0440\u043e\u0432\u0435\u0434\u0435\u043d\u043d\u044f \u0434\u0456\u0430\u0433\u043d\u043e\u0441\u0442\u0438\u0447\u043d\u0438\u0445 \u0434\u043e\u0441\u043b\u0456\u0434\u0436\u0435\u043d\u044c (\u0437\u043e\u043a\u0440\u0435\u043c\u0430 \u0430\u043f\u0430\u0440\u0430\u0442\u0438 \u0423\u0417\u0414, \u0425\u043e\u043b\u0442\u0435\u0440 \u0415\u041a\u0413, \u0434\u043e\u043f\u043b\u0435\u0440\u043e\u0433\u0440\u0430\u0444\u0456\u044f \u0432\u0435\u043d \u0456 \u0430\u0440\u0442\u0435\u0440\u0456\u0439, \u043a\u043e\u043c\u043f\u2019\u044e\u0442\u0435\u0440\u043d\u0435 \u0434\u043e\u0441\u043b\u0456\u0434\u0436\u0435\u043d\u043d\u044f \u0437\u043e\u0440\u0443), \u0442\u0430\u043a \u0456 \u0434\u043b\u044f \u0440\u0435\u0430\u0431\u0456\u043b\u0456\u0442\u0430\u0446\u0456\u0439\u043d\u0438\u0445 \u043f\u0440\u043e\u0446\u0435\u0434\u0443\u0440. \u0417 2010 \u0440\u043e\u043a\u0443 \u043c\u0438 \u0432\u0435\u0434\u0435\u043c\u043e \u0435\u043b\u0435\u043a\u0442\u0440\u043e\u043d\u043d\u0443 \u0434\u043e\u043a\u0443\u043c\u0435\u043d\u0442\u0430\u0446\u0456\u044e, \u044f\u043a\u0430 \u0433\u0430\u0440\u0430\u043d\u0442\u0443\u0454 \u0441\u043f\u0456\u0432\u0440\u043e\u0431\u0456\u0442\u043d\u0438\u043a\u0430\u043c \u0456 \u043f\u0430\u0446\u0456\u0454\u043d\u0442\u0430\u043c \u0448\u0432\u0438\u0434\u043a\u0438\u0439 \u0434\u043e\u0441\u0442\u0443\u043f \u0434\u043e \u0437\u0456\u0431\u0440\u0430\u043d\u0438\u0445 \u043c\u0435\u0434\u0438\u0447\u043d\u0438\u0445 \u0434\u0430\u043d\u0438\u0445 \u0456 \u0440\u0430\u043d\u0456\u0448\u0435 \u043f\u0440\u043e\u0432\u0435\u0434\u0435\u043d\u0438\u0445 \u0442\u0435\u0441\u0442\u0456\u0432.<\/p>\n<p class=\"western\">\u042f\u043a\u0456\u0441\u0442\u044c NZOZ &quot;Tw\u00f3j Lekarz&quot; \u0442\u0430\u043a\u043e\u0436 \u0433\u0430\u0440\u0430\u043d\u0442\u0443\u0454\u0442\u044c\u0441\u044f \u043e\u0442\u0440\u0438\u043c\u0430\u043d\u0438\u043c\u0438 \u043d\u0430\u0433\u043e\u0440\u043e\u0434\u0430\u043c\u0438, \u0432\u0456\u0434\u0437\u043d\u0430\u043a\u0430\u043c\u0438 \u0442\u0430 \u0441\u0435\u0440\u0442\u0438\u0444\u0456\u043a\u0430\u0442\u0430\u043c\u0438, \u0437\u043e\u043a\u0440\u0435\u043c\u0430: \u0441\u0435\u0440\u0442\u0438\u0444\u0456\u043a\u0430\u0442 \u00abFriendly Clinic\u00bb, \u044f\u043a\u0438\u0439 \u043c\u0438 \u043f\u0435\u0440\u0448\u0438\u043c\u0438 \u043e\u0442\u0440\u0438\u043c\u0430\u043b\u0438 \u0432 \u041d\u0438\u0436\u043d\u0456\u0439 \u0421\u0456\u043b\u0435\u0437\u0456\u0457, \u0430\u0431\u043e \u0441\u0435\u0440\u0442\u0438\u0444\u0456\u043a\u0430\u0442 ISO 9001, \u044f\u043a\u0438\u0439 \u0432\u0438\u0434\u0430\u0454\u0442\u044c\u0441\u044f \u0437 2015 \u0440\u043e\u043a\u0443.<\/p>","protected":false},"excerpt":{"rendered":"<p>Nieustannie d\u0105\u017cymy do zapewnienia opieki medycznej na jak najwy\u017cszym poziomie jako\u015bci. Dlatego te\u017c rozwijamy sie\u0107 przychodni oraz poszerzamy grono wykwalifikowanej kadry lekarskiej i piel\u0119gniarskiej. Staramy si\u0119 stworzy\u0107 komfortowe warunki pobytu w naszych plac\u00f3wkach, k\u0142ad\u0105c nacisk na przyjazn\u0105 i profesjonaln\u0105 obs\u0142ug\u0119 oraz rzetelne informowanie pacjent\u00f3w o proponowanym leczeniu, badaniach i obecnym stanie ich zdrowia. Dbamy o [&hellip;]<\/p>","protected":false},"author":1,"featured_media":9894,"parent":0,"menu_order":0,"comment_status":"closed","ping_status":"open","template":"","meta":{"footnotes":"","_wp_rev_ctl_limit":""},"categories":[],"tags":[],"class_list":["post-239","page","type-page","status-publish","has-post-thumbnail","hentry"],"yoast_head":"<!-- This site is optimized with the Yoast SEO plugin v26.7 - https:\/\/yoast.com\/wordpress\/plugins\/seo\/ -->\n<title>Jako\u015b\u0107 - Przychodnia NZOZ &quot;Tw\u00f3j Lekarz&quot; sp. z o.o.<\/title>\n<meta name=\"robots\" content=\"index, follow, max-snippet:-1, max-image-preview:large, max-video-preview:-1\" \/>\n<link rel=\"canonical\" href=\"https:\/\/twojlekarz.net\/uk\/jakosc\/\" \/>\n<meta property=\"og:locale\" content=\"uk_UA\" \/>\n<meta property=\"og:type\" content=\"article\" \/>\n<meta property=\"og:title\" content=\"Jako\u015b\u0107 - Przychodnia NZOZ &quot;Tw\u00f3j Lekarz&quot; sp. z o.o.\" \/>\n<meta property=\"og:description\" content=\"Nieustannie d\u0105\u017cymy do zapewnienia opieki medycznej na jak najwy\u017cszym poziomie jako\u015bci. Dlatego te\u017c rozwijamy sie\u0107 przychodni oraz poszerzamy grono wykwalifikowanej kadry lekarskiej i piel\u0119gniarskiej. Staramy si\u0119 stworzy\u0107 komfortowe warunki pobytu w naszych plac\u00f3wkach, k\u0142ad\u0105c nacisk na przyjazn\u0105 i profesjonaln\u0105 obs\u0142ug\u0119 oraz rzetelne informowanie pacjent\u00f3w o proponowanym leczeniu, badaniach i obecnym stanie ich zdrowia. Dbamy o [&hellip;]\" \/>\n<meta property=\"og:url\" content=\"https:\/\/twojlekarz.net\/uk\/jakosc\/\" \/>\n<meta property=\"og:site_name\" content=\"Przychodnia NZOZ &quot;Tw\u00f3j Lekarz&quot; sp. z o.o.\" \/>\n<meta property=\"article:publisher\" content=\"https:\/\/www.facebook.com\/NZOZTwojLekarz\/\" \/>\n<meta property=\"article:modified_time\" content=\"2019-12-13T23:11:49+00:00\" \/>\n<meta property=\"og:image\" content=\"https:\/\/twojlekarz.net\/wp-content\/uploads\/2015\/10\/iso2-e1566995447816-212x300.jpg\" \/>\n<meta name=\"twitter:card\" content=\"summary_large_image\" \/>\n<meta name=\"twitter:label1\" content=\"\u041f\u0440\u0438\u0431\u043b. \u0447\u0430\u0441 \u0447\u0438\u0442\u0430\u043d\u043d\u044f\" \/>\n\t<meta name=\"twitter:data1\" content=\"1 \u0445\u0432\u0438\u043b\u0438\u043d\u0430\" \/>\n<script type=\"application\/ld+json\" class=\"yoast-schema-graph\">{\"@context\":\"https:\/\/schema.org\",\"@graph\":[{\"@type\":\"WebPage\",\"@id\":\"https:\/\/twojlekarz.net\/jakosc\/\",\"url\":\"https:\/\/twojlekarz.net\/jakosc\/\",\"name\":\"Jako\u015b\u0107 - Przychodnia NZOZ &quot;Tw\u00f3j Lekarz&quot; sp. z o.o.\",\"isPartOf\":{\"@id\":\"https:\/\/twojlekarz.net\/#website\"},\"primaryImageOfPage\":{\"@id\":\"https:\/\/twojlekarz.net\/jakosc\/#primaryimage\"},\"image\":{\"@id\":\"https:\/\/twojlekarz.net\/jakosc\/#primaryimage\"},\"thumbnailUrl\":\"https:\/\/i0.wp.com\/twojlekarz.net\/wp-content\/uploads\/KN0A1278-1-1.jpg?fit=1009%2C757&ssl=1\",\"datePublished\":\"2015-07-01T17:38:34+00:00\",\"dateModified\":\"2019-12-13T23:11:49+00:00\",\"breadcrumb\":{\"@id\":\"https:\/\/twojlekarz.net\/jakosc\/#breadcrumb\"},\"inLanguage\":\"uk\",\"potentialAction\":[{\"@type\":\"ReadAction\",\"target\":[\"https:\/\/twojlekarz.net\/jakosc\/\"]}]},{\"@type\":\"ImageObject\",\"inLanguage\":\"uk\",\"@id\":\"https:\/\/twojlekarz.net\/jakosc\/#primaryimage\",\"url\":\"https:\/\/i0.wp.com\/twojlekarz.net\/wp-content\/uploads\/KN0A1278-1-1.jpg?fit=1009%2C757&ssl=1\",\"contentUrl\":\"https:\/\/i0.wp.com\/twojlekarz.net\/wp-content\/uploads\/KN0A1278-1-1.jpg?fit=1009%2C757&ssl=1\",\"width\":1009,\"height\":757},{\"@type\":\"BreadcrumbList\",\"@id\":\"https:\/\/twojlekarz.net\/jakosc\/#breadcrumb\",\"itemListElement\":[{\"@type\":\"ListItem\",\"position\":1,\"name\":\"Strona g\u0142\u00f3wna\",\"item\":\"https:\/\/twojlekarz.net\/\"},{\"@type\":\"ListItem\",\"position\":2,\"name\":\"Jako\u015b\u0107\"}]},{\"@type\":\"WebSite\",\"@id\":\"https:\/\/twojlekarz.net\/#website\",\"url\":\"https:\/\/twojlekarz.net\/\",\"name\":\"Przychodnia NZOZ \\\"Tw\u00f3j Lekarz\\\" sp. z o.o.\",\"description\":\"\",\"publisher\":{\"@id\":\"https:\/\/twojlekarz.net\/#organization\"},\"potentialAction\":[{\"@type\":\"SearchAction\",\"target\":{\"@type\":\"EntryPoint\",\"urlTemplate\":\"https:\/\/twojlekarz.net\/?s={search_term_string}\"},\"query-input\":{\"@type\":\"PropertyValueSpecification\",\"valueRequired\":true,\"valueName\":\"search_term_string\"}}],\"inLanguage\":\"uk\"},{\"@type\":\"Organization\",\"@id\":\"https:\/\/twojlekarz.net\/#organization\",\"name\":\"Przychodnia NZOZ \\\"Tw\u00f3j Lekarz\\\" sp. z o.o.\",\"url\":\"https:\/\/twojlekarz.net\/\",\"logo\":{\"@type\":\"ImageObject\",\"inLanguage\":\"uk\",\"@id\":\"https:\/\/twojlekarz.net\/#\/schema\/logo\/image\/\",\"url\":\"https:\/\/i0.wp.com\/twojlekarz.net\/wp-content\/uploads\/twoj-lekarz-logo2-e1448917738554.jpg?fit=200%2C71&ssl=1\",\"contentUrl\":\"https:\/\/i0.wp.com\/twojlekarz.net\/wp-content\/uploads\/twoj-lekarz-logo2-e1448917738554.jpg?fit=200%2C71&ssl=1\",\"width\":200,\"height\":71,\"caption\":\"Przychodnia NZOZ \\\"Tw\u00f3j Lekarz\\\" sp. z o.o.\"},\"image\":{\"@id\":\"https:\/\/twojlekarz.net\/#\/schema\/logo\/image\/\"},\"sameAs\":[\"https:\/\/www.facebook.com\/NZOZTwojLekarz\/\"]}]}<\/script>\n<!-- \/ Yoast SEO plugin. -->","yoast_head_json":{"title":"Jako\u015b\u0107 - Przychodnia NZOZ &quot;Tw\u00f3j Lekarz&quot; sp. z o.o.","robots":{"index":"index","follow":"follow","max-snippet":"max-snippet:-1","max-image-preview":"max-image-preview:large","max-video-preview":"max-video-preview:-1"},"canonical":"https:\/\/twojlekarz.net\/uk\/jakosc\/","og_locale":"uk_UA","og_type":"article","og_title":"Jako\u015b\u0107 - Przychodnia NZOZ &quot;Tw\u00f3j Lekarz&quot; sp. z o.o.","og_description":"Nieustannie d\u0105\u017cymy do zapewnienia opieki medycznej na jak najwy\u017cszym poziomie jako\u015bci. Dlatego te\u017c rozwijamy sie\u0107 przychodni oraz poszerzamy grono wykwalifikowanej kadry lekarskiej i piel\u0119gniarskiej. Staramy si\u0119 stworzy\u0107 komfortowe warunki pobytu w naszych plac\u00f3wkach, k\u0142ad\u0105c nacisk na przyjazn\u0105 i profesjonaln\u0105 obs\u0142ug\u0119 oraz rzetelne informowanie pacjent\u00f3w o proponowanym leczeniu, badaniach i obecnym stanie ich zdrowia. Dbamy o [&hellip;]","og_url":"https:\/\/twojlekarz.net\/uk\/jakosc\/","og_site_name":"Przychodnia NZOZ &quot;Tw\u00f3j Lekarz&quot; sp. z o.o.","article_publisher":"https:\/\/www.facebook.com\/NZOZTwojLekarz\/","article_modified_time":"2019-12-13T23:11:49+00:00","og_image":[{"url":"https:\/\/twojlekarz.net\/wp-content\/uploads\/2015\/10\/iso2-e1566995447816-212x300.jpg","type":"","width":"","height":""}],"twitter_card":"summary_large_image","twitter_misc":{"\u041f\u0440\u0438\u0431\u043b. \u0447\u0430\u0441 \u0447\u0438\u0442\u0430\u043d\u043d\u044f":"1 \u0445\u0432\u0438\u043b\u0438\u043d\u0430"},"schema":{"@context":"https:\/\/schema.org","@graph":[{"@type":"WebPage","@id":"https:\/\/twojlekarz.net\/jakosc\/","url":"https:\/\/twojlekarz.net\/jakosc\/","name":"Jako\u015b\u0107 - Przychodnia NZOZ &quot;Tw\u00f3j Lekarz&quot; sp. z o.o.","isPartOf":{"@id":"https:\/\/twojlekarz.net\/#website"},"primaryImageOfPage":{"@id":"https:\/\/twojlekarz.net\/jakosc\/#primaryimage"},"image":{"@id":"https:\/\/twojlekarz.net\/jakosc\/#primaryimage"},"thumbnailUrl":"https:\/\/i0.wp.com\/twojlekarz.net\/wp-content\/uploads\/KN0A1278-1-1.jpg?fit=1009%2C757&ssl=1","datePublished":"2015-07-01T17:38:34+00:00","dateModified":"2019-12-13T23:11:49+00:00","breadcrumb":{"@id":"https:\/\/twojlekarz.net\/jakosc\/#breadcrumb"},"inLanguage":"uk","potentialAction":[{"@type":"ReadAction","target":["https:\/\/twojlekarz.net\/jakosc\/"]}]},{"@type":"ImageObject","inLanguage":"uk","@id":"https:\/\/twojlekarz.net\/jakosc\/#primaryimage","url":"https:\/\/i0.wp.com\/twojlekarz.net\/wp-content\/uploads\/KN0A1278-1-1.jpg?fit=1009%2C757&ssl=1","contentUrl":"https:\/\/i0.wp.com\/twojlekarz.net\/wp-content\/uploads\/KN0A1278-1-1.jpg?fit=1009%2C757&ssl=1","width":1009,"height":757},{"@type":"BreadcrumbList","@id":"https:\/\/twojlekarz.net\/jakosc\/#breadcrumb","itemListElement":[{"@type":"ListItem","position":1,"name":"Strona g\u0142\u00f3wna","item":"https:\/\/twojlekarz.net\/"},{"@type":"ListItem","position":2,"name":"Jako\u015b\u0107"}]},{"@type":"WebSite","@id":"https:\/\/twojlekarz.net\/#website","url":"https:\/\/twojlekarz.net\/","name":"\u041a\u043b\u0456\u043d\u0456\u043a\u0430 NZOZ &quot;Tw\u00f3j Doktor&quot; sp","description":"","publisher":{"@id":"https:\/\/twojlekarz.net\/#organization"},"potentialAction":[{"@type":"SearchAction","target":{"@type":"EntryPoint","urlTemplate":"https:\/\/twojlekarz.net\/?s={search_term_string}"},"query-input":{"@type":"PropertyValueSpecification","valueRequired":true,"valueName":"search_term_string"}}],"inLanguage":"uk"},{"@type":"Organization","@id":"https:\/\/twojlekarz.net\/#organization","name":"\u041a\u043b\u0456\u043d\u0456\u043a\u0430 NZOZ &quot;Tw\u00f3j Doktor&quot; sp","url":"https:\/\/twojlekarz.net\/","logo":{"@type":"ImageObject","inLanguage":"uk","@id":"https:\/\/twojlekarz.net\/#\/schema\/logo\/image\/","url":"https:\/\/i0.wp.com\/twojlekarz.net\/wp-content\/uploads\/twoj-lekarz-logo2-e1448917738554.jpg?fit=200%2C71&ssl=1","contentUrl":"https:\/\/i0.wp.com\/twojlekarz.net\/wp-content\/uploads\/twoj-lekarz-logo2-e1448917738554.jpg?fit=200%2C71&ssl=1","width":200,"height":71,"caption":"Przychodnia NZOZ \"Tw\u00f3j Lekarz\" sp. z o.o."},"image":{"@id":"https:\/\/twojlekarz.net\/#\/schema\/logo\/image\/"},"sameAs":["https:\/\/www.facebook.com\/NZOZTwojLekarz\/"]}]}},"jetpack_sharing_enabled":true,"_links":{"self":[{"href":"https:\/\/twojlekarz.net\/uk\/wp-json\/wp\/v2\/pages\/239","targetHints":{"allow":["GET"]}}],"collection":[{"href":"https:\/\/twojlekarz.net\/uk\/wp-json\/wp\/v2\/pages"}],"about":[{"href":"https:\/\/twojlekarz.net\/uk\/wp-json\/wp\/v2\/types\/page"}],"author":[{"embeddable":true,"href":"https:\/\/twojlekarz.net\/uk\/wp-json\/wp\/v2\/users\/1"}],"replies":[{"embeddable":true,"href":"https:\/\/twojlekarz.net\/uk\/wp-json\/wp\/v2\/comments?post=239"}],"version-history":[{"count":0,"href":"https:\/\/twojlekarz.net\/uk\/wp-json\/wp\/v2\/pages\/239\/revisions"}],"wp:featuredmedia":[{"embeddable":true,"href":"https:\/\/twojlekarz.net\/uk\/wp-json\/wp\/v2\/media\/9894"}],"wp:attachment":[{"href":"https:\/\/twojlekarz.net\/uk\/wp-json\/wp\/v2\/media?parent=239"}],"wp:term":[{"taxonomy":"category","embeddable":true,"href":"https:\/\/twojlekarz.net\/uk\/wp-json\/wp\/v2\/categories?post=239"},{"taxonomy":"post_tag","embeddable":true,"href":"https:\/\/twojlekarz.net\/uk\/wp-json\/wp\/v2\/tags?post=239"}],"curies":[{"name":"\u0412\u041f","href":"https:\/\/api.w.org\/{rel}","templated":true}]}}