{"id":2435,"date":"2017-11-20T09:55:24","date_gmt":"2017-11-20T09:55:24","guid":{"rendered":"https:\/\/twojlekarz.net.pl\/?page_id=2435"},"modified":"2021-05-17T22:21:47","modified_gmt":"2021-05-17T22:21:47","slug":"rejestracja-old","status":"publish","type":"page","link":"https:\/\/twojlekarz.net\/uk\/rejestracja-old\/","title":{"rendered":"\u0420\u0435\u0454\u0441\u0442\u0440\u0430\u0446\u0456\u044f"},"content":{"rendered":"<p>\u0417\u0430\u043f\u0438\u0441 \u0434\u043e \u043b\u0456\u043a\u0430\u0440\u0456\u0432 \u0432\u0456\u0434\u0431\u0443\u0432\u0430\u0454\u0442\u044c\u0441\u044f \u0437 \u043f\u043e\u043d\u0435\u0434\u0456\u043b\u043a\u0430 \u043f\u043e \u043f&#039;\u044f\u0442\u043d\u0438\u0446\u044e \u0437 08:00 \u0434\u043e 18:00:<br \/>\n- \u0442\u0435\u043b\u0435\u0444\u043e\u043d\u043e\u043c: \u0433\u0430\u0440\u044f\u0447\u0430 \u043b\u0456\u043d\u0456\u044f \u043d\u043e\u043c\u0435\u0440 71 311-12-36<br \/>\n-\u043e\u043d\u043b\u0430\u0439\u043d: <a href=\"https:\/\/www.internet-med.pl\/kobierzyce\/termin\/Niepubliczny%20Zak%C5%82ad%20Opieki%20Zdrowotnej%20%E2%80%9ETw%C3%B3j%20Lekarz%E2%80%9D%20Sp.%20z%20o.o.\">\u043d\u0430\u0442\u0438\u0441\u043d\u0456\u0442\u044c \u043d\u0430 \u0446\u0435 \u043f\u043e\u0441\u0438\u043b\u0430\u043d\u043d\u044f<\/a><\/p>\n<p>\u0414\u043e\u043c\u0430\u0448\u043d\u0456 \u0432\u0456\u0437\u0438\u0442\u0438: \u0437\u0434\u0456\u0439\u0441\u043d\u044e\u044e\u0442\u044c\u0441\u044f \u0437 \u043f\u043e\u043d\u0435\u0434\u0456\u043b\u043a\u0430 \u043f\u043e \u043f&#039;\u044f\u0442\u043d\u0438\u0446\u044e \u0432\u0434\u0435\u043d\u044c \u0430\u0431\u043e \u0432 \u0456\u043d\u0448\u0438\u0439 \u0447\u0430\u0441 \u0437\u0430 \u043f\u043e\u043f\u0435\u0440\u0435\u0434\u043d\u044c\u043e\u044e \u0434\u043e\u043c\u043e\u0432\u043b\u0435\u043d\u0456\u0441\u0442\u044e. \u0417\u0430\u044f\u0432\u043a\u0438 \u043f\u0440\u0438\u0439\u043c\u0430\u044e\u0442\u044c\u0441\u044f \u0434\u043e 11:00 \u043d\u0430 \u0440\u0435\u0454\u0441\u0442\u0440\u0430\u0442\u0443\u0440\u0456 \u043a\u043b\u0456\u043d\u0456\u043a\u0438 \u0430\u0431\u043e \u043f\u043e \u0442\u0435\u043b\u0435\u0444\u043e\u043d\u0443.<\/p>","protected":false},"excerpt":{"rendered":"<p>Rejestracja do lekarzy odbywa si\u0119 od poniedzia\u0142ku do pi\u0105tku w godzinach od 08.00-18.00: -telefonicznie : numer telefonu infolinii 71 311-12-36 -on-line: kliknij w ten link Wizyty domowe: realizowane s\u0105 od poniedzia\u0142ku do pi\u0105tku w godzinach popo\u0142udniowych lub innych po wcze\u015bniejszym uzgodnieniu. Zg\u0142oszenia przyjmowane s\u0105 do 11-tej w rejestracji przychodni lub telefonicznie.<\/p>","protected":false},"author":2,"featured_media":9894,"parent":0,"menu_order":0,"comment_status":"closed","ping_status":"closed","template":"","meta":{"footnotes":"","_wp_rev_ctl_limit":""},"categories":[],"tags":[],"class_list":["post-2435","page","type-page","status-publish","has-post-thumbnail","hentry"],"yoast_head":"<!-- This site is optimized with the Yoast SEO plugin v27.3 - https:\/\/yoast.com\/product\/yoast-seo-wordpress\/ -->\n<title>Rejestracja - Przychodnia NZOZ &quot;Tw\u00f3j Lekarz&quot; sp. z o.o.<\/title>\n<meta name=\"robots\" content=\"index, follow, max-snippet:-1, max-image-preview:large, max-video-preview:-1\" \/>\n<link rel=\"canonical\" href=\"https:\/\/twojlekarz.net\/uk\/rejestracja-old\/\" \/>\n<meta property=\"og:locale\" content=\"uk_UA\" \/>\n<meta property=\"og:type\" content=\"article\" \/>\n<meta property=\"og:title\" content=\"Rejestracja - Przychodnia NZOZ &quot;Tw\u00f3j Lekarz&quot; sp. z o.o.\" \/>\n<meta property=\"og:description\" content=\"Rejestracja do lekarzy odbywa si\u0119 od poniedzia\u0142ku do pi\u0105tku w godzinach od 08.00-18.00: -telefonicznie : numer telefonu infolinii 71 311-12-36 -on-line: kliknij w ten link Wizyty domowe: realizowane s\u0105 od poniedzia\u0142ku do pi\u0105tku w godzinach popo\u0142udniowych lub innych po wcze\u015bniejszym uzgodnieniu. Zg\u0142oszenia przyjmowane s\u0105 do 11-tej w rejestracji przychodni lub telefonicznie.\" \/>\n<meta property=\"og:url\" content=\"https:\/\/twojlekarz.net\/uk\/rejestracja-old\/\" \/>\n<meta property=\"og:site_name\" content=\"Przychodnia NZOZ &quot;Tw\u00f3j Lekarz&quot; sp. z o.o.\" \/>\n<meta property=\"article:publisher\" content=\"https:\/\/www.facebook.com\/NZOZTwojLekarz\/\" \/>\n<meta property=\"article:modified_time\" content=\"2021-05-17T22:21:47+00:00\" \/>\n<meta name=\"twitter:card\" content=\"summary_large_image\" \/>\n<script type=\"application\/ld+json\" class=\"yoast-schema-graph\">{\"@context\":\"https:\\\/\\\/schema.org\",\"@graph\":[{\"@type\":\"WebPage\",\"@id\":\"https:\\\/\\\/twojlekarz.net\\\/rejestracja-old\\\/\",\"url\":\"https:\\\/\\\/twojlekarz.net\\\/rejestracja-old\\\/\",\"name\":\"Rejestracja - Przychodnia NZOZ &quot;Tw\u00f3j Lekarz&quot; sp. z o.o.\",\"isPartOf\":{\"@id\":\"https:\\\/\\\/twojlekarz.net\\\/#website\"},\"primaryImageOfPage\":{\"@id\":\"https:\\\/\\\/twojlekarz.net\\\/rejestracja-old\\\/#primaryimage\"},\"image\":{\"@id\":\"https:\\\/\\\/twojlekarz.net\\\/rejestracja-old\\\/#primaryimage\"},\"thumbnailUrl\":\"https:\\\/\\\/i0.wp.com\\\/twojlekarz.net\\\/wp-content\\\/uploads\\\/KN0A1278-1-1.jpg?fit=1009%2C757&ssl=1\",\"datePublished\":\"2017-11-20T09:55:24+00:00\",\"dateModified\":\"2021-05-17T22:21:47+00:00\",\"breadcrumb\":{\"@id\":\"https:\\\/\\\/twojlekarz.net\\\/rejestracja-old\\\/#breadcrumb\"},\"inLanguage\":\"uk\",\"potentialAction\":[{\"@type\":\"ReadAction\",\"target\":[\"https:\\\/\\\/twojlekarz.net\\\/rejestracja-old\\\/\"]}]},{\"@type\":\"ImageObject\",\"inLanguage\":\"uk\",\"@id\":\"https:\\\/\\\/twojlekarz.net\\\/rejestracja-old\\\/#primaryimage\",\"url\":\"https:\\\/\\\/i0.wp.com\\\/twojlekarz.net\\\/wp-content\\\/uploads\\\/KN0A1278-1-1.jpg?fit=1009%2C757&ssl=1\",\"contentUrl\":\"https:\\\/\\\/i0.wp.com\\\/twojlekarz.net\\\/wp-content\\\/uploads\\\/KN0A1278-1-1.jpg?fit=1009%2C757&ssl=1\",\"width\":1009,\"height\":757},{\"@type\":\"BreadcrumbList\",\"@id\":\"https:\\\/\\\/twojlekarz.net\\\/rejestracja-old\\\/#breadcrumb\",\"itemListElement\":[{\"@type\":\"ListItem\",\"position\":1,\"name\":\"Strona g\u0142\u00f3wna\",\"item\":\"https:\\\/\\\/twojlekarz.net\\\/\"},{\"@type\":\"ListItem\",\"position\":2,\"name\":\"Rejestracja\"}]},{\"@type\":\"WebSite\",\"@id\":\"https:\\\/\\\/twojlekarz.net\\\/#website\",\"url\":\"https:\\\/\\\/twojlekarz.net\\\/\",\"name\":\"Przychodnia NZOZ \\\"Tw\u00f3j Lekarz\\\" sp. z o.o.\",\"description\":\"\",\"publisher\":{\"@id\":\"https:\\\/\\\/twojlekarz.net\\\/#organization\"},\"potentialAction\":[{\"@type\":\"SearchAction\",\"target\":{\"@type\":\"EntryPoint\",\"urlTemplate\":\"https:\\\/\\\/twojlekarz.net\\\/?s={search_term_string}\"},\"query-input\":{\"@type\":\"PropertyValueSpecification\",\"valueRequired\":true,\"valueName\":\"search_term_string\"}}],\"inLanguage\":\"uk\"},{\"@type\":\"Organization\",\"@id\":\"https:\\\/\\\/twojlekarz.net\\\/#organization\",\"name\":\"Przychodnia NZOZ \\\"Tw\u00f3j Lekarz\\\" sp. z o.o.\",\"url\":\"https:\\\/\\\/twojlekarz.net\\\/\",\"logo\":{\"@type\":\"ImageObject\",\"inLanguage\":\"uk\",\"@id\":\"https:\\\/\\\/twojlekarz.net\\\/#\\\/schema\\\/logo\\\/image\\\/\",\"url\":\"https:\\\/\\\/i0.wp.com\\\/twojlekarz.net\\\/wp-content\\\/uploads\\\/twoj-lekarz-logo2-e1448917738554.jpg?fit=200%2C71&ssl=1\",\"contentUrl\":\"https:\\\/\\\/i0.wp.com\\\/twojlekarz.net\\\/wp-content\\\/uploads\\\/twoj-lekarz-logo2-e1448917738554.jpg?fit=200%2C71&ssl=1\",\"width\":200,\"height\":71,\"caption\":\"Przychodnia NZOZ \\\"Tw\u00f3j Lekarz\\\" sp. z o.o.\"},\"image\":{\"@id\":\"https:\\\/\\\/twojlekarz.net\\\/#\\\/schema\\\/logo\\\/image\\\/\"},\"sameAs\":[\"https:\\\/\\\/www.facebook.com\\\/NZOZTwojLekarz\\\/\"]}]}<\/script>\n<!-- \/ Yoast SEO plugin. -->","yoast_head_json":{"title":"\u0420\u0435\u0454\u0441\u0442\u0440\u0430\u0446\u0456\u044f - NZOZ Clinic &quot;Tw\u00f3j Lekarz&quot; sp. z o. \u043e.","robots":{"index":"index","follow":"follow","max-snippet":"max-snippet:-1","max-image-preview":"max-image-preview:large","max-video-preview":"max-video-preview:-1"},"canonical":"https:\/\/twojlekarz.net\/uk\/rejestracja-old\/","og_locale":"uk_UA","og_type":"article","og_title":"Rejestracja - Przychodnia NZOZ &quot;Tw\u00f3j Lekarz&quot; sp. z o.o.","og_description":"Rejestracja do lekarzy odbywa si\u0119 od poniedzia\u0142ku do pi\u0105tku w godzinach od 08.00-18.00: -telefonicznie : numer telefonu infolinii 71 311-12-36 -on-line: kliknij w ten link Wizyty domowe: realizowane s\u0105 od poniedzia\u0142ku do pi\u0105tku w godzinach popo\u0142udniowych lub innych po wcze\u015bniejszym uzgodnieniu. Zg\u0142oszenia przyjmowane s\u0105 do 11-tej w rejestracji przychodni lub telefonicznie.","og_url":"https:\/\/twojlekarz.net\/uk\/rejestracja-old\/","og_site_name":"Przychodnia NZOZ &quot;Tw\u00f3j Lekarz&quot; sp. z o.o.","article_publisher":"https:\/\/www.facebook.com\/NZOZTwojLekarz\/","article_modified_time":"2021-05-17T22:21:47+00:00","twitter_card":"summary_large_image","schema":{"@context":"https:\/\/schema.org","@graph":[{"@type":"WebPage","@id":"https:\/\/twojlekarz.net\/rejestracja-old\/","url":"https:\/\/twojlekarz.net\/rejestracja-old\/","name":"\u0420\u0435\u0454\u0441\u0442\u0440\u0430\u0446\u0456\u044f - NZOZ Clinic &quot;Tw\u00f3j Lekarz&quot; sp. z o. \u043e.","isPartOf":{"@id":"https:\/\/twojlekarz.net\/#website"},"primaryImageOfPage":{"@id":"https:\/\/twojlekarz.net\/rejestracja-old\/#primaryimage"},"image":{"@id":"https:\/\/twojlekarz.net\/rejestracja-old\/#primaryimage"},"thumbnailUrl":"https:\/\/i0.wp.com\/twojlekarz.net\/wp-content\/uploads\/KN0A1278-1-1.jpg?fit=1009%2C757&ssl=1","datePublished":"2017-11-20T09:55:24+00:00","dateModified":"2021-05-17T22:21:47+00:00","breadcrumb":{"@id":"https:\/\/twojlekarz.net\/rejestracja-old\/#breadcrumb"},"inLanguage":"uk","potentialAction":[{"@type":"ReadAction","target":["https:\/\/twojlekarz.net\/rejestracja-old\/"]}]},{"@type":"ImageObject","inLanguage":"uk","@id":"https:\/\/twojlekarz.net\/rejestracja-old\/#primaryimage","url":"https:\/\/i0.wp.com\/twojlekarz.net\/wp-content\/uploads\/KN0A1278-1-1.jpg?fit=1009%2C757&ssl=1","contentUrl":"https:\/\/i0.wp.com\/twojlekarz.net\/wp-content\/uploads\/KN0A1278-1-1.jpg?fit=1009%2C757&ssl=1","width":1009,"height":757},{"@type":"BreadcrumbList","@id":"https:\/\/twojlekarz.net\/rejestracja-old\/#breadcrumb","itemListElement":[{"@type":"ListItem","position":1,"name":"Strona g\u0142\u00f3wna","item":"https:\/\/twojlekarz.net\/"},{"@type":"ListItem","position":2,"name":"Rejestracja"}]},{"@type":"WebSite","@id":"https:\/\/twojlekarz.net\/#website","url":"https:\/\/twojlekarz.net\/","name":"\u041a\u043b\u0456\u043d\u0456\u043a\u0430 NZOZ &quot;Tw\u00f3j Doktor&quot; sp","description":"","publisher":{"@id":"https:\/\/twojlekarz.net\/#organization"},"potentialAction":[{"@type":"SearchAction","target":{"@type":"EntryPoint","urlTemplate":"https:\/\/twojlekarz.net\/?s={search_term_string}"},"query-input":{"@type":"PropertyValueSpecification","valueRequired":true,"valueName":"search_term_string"}}],"inLanguage":"uk"},{"@type":"Organization","@id":"https:\/\/twojlekarz.net\/#organization","name":"\u041a\u043b\u0456\u043d\u0456\u043a\u0430 NZOZ &quot;Tw\u00f3j Doktor&quot; sp","url":"https:\/\/twojlekarz.net\/","logo":{"@type":"ImageObject","inLanguage":"uk","@id":"https:\/\/twojlekarz.net\/#\/schema\/logo\/image\/","url":"https:\/\/i0.wp.com\/twojlekarz.net\/wp-content\/uploads\/twoj-lekarz-logo2-e1448917738554.jpg?fit=200%2C71&ssl=1","contentUrl":"https:\/\/i0.wp.com\/twojlekarz.net\/wp-content\/uploads\/twoj-lekarz-logo2-e1448917738554.jpg?fit=200%2C71&ssl=1","width":200,"height":71,"caption":"Przychodnia NZOZ \"Tw\u00f3j Lekarz\" sp. z o.o."},"image":{"@id":"https:\/\/twojlekarz.net\/#\/schema\/logo\/image\/"},"sameAs":["https:\/\/www.facebook.com\/NZOZTwojLekarz\/"]}]}},"jetpack_sharing_enabled":true,"_links":{"self":[{"href":"https:\/\/twojlekarz.net\/uk\/wp-json\/wp\/v2\/pages\/2435","targetHints":{"allow":["GET"]}}],"collection":[{"href":"https:\/\/twojlekarz.net\/uk\/wp-json\/wp\/v2\/pages"}],"about":[{"href":"https:\/\/twojlekarz.net\/uk\/wp-json\/wp\/v2\/types\/page"}],"author":[{"embeddable":true,"href":"https:\/\/twojlekarz.net\/uk\/wp-json\/wp\/v2\/users\/2"}],"replies":[{"embeddable":true,"href":"https:\/\/twojlekarz.net\/uk\/wp-json\/wp\/v2\/comments?post=2435"}],"version-history":[{"count":0,"href":"https:\/\/twojlekarz.net\/uk\/wp-json\/wp\/v2\/pages\/2435\/revisions"}],"wp:featuredmedia":[{"embeddable":true,"href":"https:\/\/twojlekarz.net\/uk\/wp-json\/wp\/v2\/media\/9894"}],"wp:attachment":[{"href":"https:\/\/twojlekarz.net\/uk\/wp-json\/wp\/v2\/media?parent=2435"}],"wp:term":[{"taxonomy":"category","embeddable":true,"href":"https:\/\/twojlekarz.net\/uk\/wp-json\/wp\/v2\/categories?post=2435"},{"taxonomy":"post_tag","embeddable":true,"href":"https:\/\/twojlekarz.net\/uk\/wp-json\/wp\/v2\/tags?post=2435"}],"curies":[{"name":"\u0412\u041f","href":"https:\/\/api.w.org\/{rel}","templated":true}]}}