{"id":255,"date":"2015-07-01T17:43:27","date_gmt":"2015-07-01T17:43:27","guid":{"rendered":"http:\/\/www.twojlekarz.marcinbukowski.pl\/?page_id=255"},"modified":"2021-05-17T22:22:58","modified_gmt":"2021-05-17T22:22:58","slug":"wroclaw-skarbowcow-old","status":"publish","type":"page","link":"https:\/\/twojlekarz.net\/uk\/wroclaw-skarbowcow-old\/","title":{"rendered":"\u0412\u0440\u043e\u0446\u043b\u0430\u0432 \u2013 \u041a\u0430\u0437\u043d\u0430\u0447\u0435\u0439\u0441\u0442\u0432\u043e"},"content":{"rendered":"<div class=\"tiled-gallery type-rectangular tiled-gallery-unresized\" data-original-width=\"848\" data-carousel-extra='null' itemscope itemtype=\"http:\/\/schema.org\/ImageGallery\" > <div class=\"gallery-row\" style=\"width: 848px; height: 425px;\" data-original-width=\"848\" data-original-height=\"425\" > <div class=\"gallery-group images-1\" style=\"width: 566px; height: 425px;\" data-original-width=\"566\" data-original-height=\"425\" > <div class=\"tiled-gallery-item tiled-gallery-item-large\" itemprop=\"associatedMedia\" itemscope itemtype=\"http:\/\/schema.org\/ImageObject\"> <a href=\"https:\/\/i0.wp.com\/twojlekarz.net\/wp-content\/uploads\/0022_fot.Dunvael_Photography.jpg?ssl=1\" border=\"0\" itemprop=\"url\"> <meta itemprop=\"width\" content=\"562\"> <meta itemprop=\"height\" content=\"421\"> <img decoding=\"async\" class=\"\" data-attachment-id=\"3423\" data-orig-file=\"https:\/\/twojlekarz.net\/wp-content\/uploads\/0022_fot.Dunvael_Photography.jpg\" data-orig-size=\"1020,765\" data-comments-opened=\"1\" data-image-meta=\"{&quot;aperture&quot;:&quot;4.5&quot;,&quot;credit&quot;:&quot;www.dunvael.pl&quot;,&quot;camera&quot;:&quot;Canon EOS 5D Mark III&quot;,&quot;caption&quot;:&quot;&quot;,&quot;created_timestamp&quot;:&quot;1559380119&quot;,&quot;copyright&quot;:&quot;All rights reserved&quot;,&quot;focal_length&quot;:&quot;34&quot;,&quot;iso&quot;:&quot;800&quot;,&quot;shutter_speed&quot;:&quot;0.000625&quot;,&quot;title&quot;:&quot;&quot;,&quot;orientation&quot;:&quot;0&quot;}\" data-image-title=\"0022_fot.Dunvael_Photography\" data-image-description=\"\" data-medium-file=\"https:\/\/i0.wp.com\/twojlekarz.net\/wp-content\/uploads\/0022_fot.Dunvael_Photography.jpg?fit=300%2C225&#038;ssl=1\" data-large-file=\"https:\/\/i0.wp.com\/twojlekarz.net\/wp-content\/uploads\/0022_fot.Dunvael_Photography.jpg?fit=848%2C636&#038;ssl=1\" src=\"https:\/\/i0.wp.com\/twojlekarz.net\/wp-content\/uploads\/0022_fot.Dunvael_Photography.jpg?w=562&#038;h=421&#038;ssl=1\" srcset=\"https:\/\/i0.wp.com\/twojlekarz.net\/wp-content\/uploads\/0022_fot.Dunvael_Photography.jpg?w=1020&amp;ssl=1 1020w, https:\/\/i0.wp.com\/twojlekarz.net\/wp-content\/uploads\/0022_fot.Dunvael_Photography.jpg?resize=300%2C225&amp;ssl=1 300w, https:\/\/i0.wp.com\/twojlekarz.net\/wp-content\/uploads\/0022_fot.Dunvael_Photography.jpg?resize=768%2C576&amp;ssl=1 768w\" width=\"562\" height=\"421\" loading=\"lazy\" data-original-width=\"562\" data-original-height=\"421\" itemprop=\"http:\/\/schema.org\/image\" title=\"0022_photo.Dunvael_Photography\" alt=\"0022_fot.Dunvael_Photography\" style=\"width: 562px; height: 421px;\" \/> <\/a> <\/div> <\/div> <!-- close group --> <div class=\"gallery-group images-2\" style=\"width: 282px; height: 425px;\" data-original-width=\"282\" data-original-height=\"425\" > <div class=\"tiled-gallery-item tiled-gallery-item-large\" itemprop=\"associatedMedia\" itemscope itemtype=\"http:\/\/schema.org\/ImageObject\"> <a href=\"https:\/\/i0.wp.com\/twojlekarz.net\/wp-content\/uploads\/KN0A1278.jpg?ssl=1\" border=\"0\" itemprop=\"url\"> <meta itemprop=\"width\" content=\"278\"> <meta itemprop=\"height\" content=\"209\"> <img decoding=\"async\" class=\"\" data-attachment-id=\"3424\" data-orig-file=\"https:\/\/twojlekarz.net\/wp-content\/uploads\/KN0A1278.jpg\" data-orig-size=\"1009,757\" data-comments-opened=\"1\" data-image-meta=\"{&quot;aperture&quot;:&quot;8&quot;,&quot;credit&quot;:&quot;www.dunvael.pl&quot;,&quot;camera&quot;:&quot;Canon EOS 5D Mark III&quot;,&quot;caption&quot;:&quot;&quot;,&quot;created_timestamp&quot;:&quot;1556353424&quot;,&quot;copyright&quot;:&quot;All rights reserved&quot;,&quot;focal_length&quot;:&quot;24&quot;,&quot;iso&quot;:&quot;400&quot;,&quot;shutter_speed&quot;:&quot;0.16666666666667&quot;,&quot;title&quot;:&quot;&quot;,&quot;orientation&quot;:&quot;0&quot;}\" data-image-title=\"KN0A1278\" data-image-description=\"\" data-medium-file=\"https:\/\/i0.wp.com\/twojlekarz.net\/wp-content\/uploads\/KN0A1278.jpg?fit=300%2C225&#038;ssl=1\" data-large-file=\"https:\/\/i0.wp.com\/twojlekarz.net\/wp-content\/uploads\/KN0A1278.jpg?fit=848%2C636&#038;ssl=1\" src=\"https:\/\/i0.wp.com\/twojlekarz.net\/wp-content\/uploads\/KN0A1278.jpg?w=278&#038;h=209&#038;ssl=1\" srcset=\"https:\/\/i0.wp.com\/twojlekarz.net\/wp-content\/uploads\/KN0A1278.jpg?w=1009&amp;ssl=1 1009w, https:\/\/i0.wp.com\/twojlekarz.net\/wp-content\/uploads\/KN0A1278.jpg?resize=300%2C225&amp;ssl=1 300w, https:\/\/i0.wp.com\/twojlekarz.net\/wp-content\/uploads\/KN0A1278.jpg?resize=768%2C576&amp;ssl=1 768w\" width=\"278\" height=\"209\" loading=\"lazy\" data-original-width=\"278\" data-original-height=\"209\" itemprop=\"http:\/\/schema.org\/image\" title=\"KN0A1278\" alt=\"KN0A1278\" style=\"width: 278px; height: 209px;\" \/> <\/a> <\/div> <div class=\"tiled-gallery-item tiled-gallery-item-large\" itemprop=\"associatedMedia\" itemscope itemtype=\"http:\/\/schema.org\/ImageObject\"> <a href=\"https:\/\/i0.wp.com\/twojlekarz.net\/wp-content\/uploads\/KN0A1283.jpg?ssl=1\" border=\"0\" itemprop=\"url\"> <meta itemprop=\"width\" content=\"278\"> <meta itemprop=\"height\" content=\"208\"> <img decoding=\"async\" class=\"\" data-attachment-id=\"3425\" data-orig-file=\"https:\/\/twojlekarz.net\/wp-content\/uploads\/KN0A1283.jpg\" data-orig-size=\"1056,792\" data-comments-opened=\"1\" data-image-meta=\"{&quot;aperture&quot;:&quot;8&quot;,&quot;credit&quot;:&quot;www.dunvael.pl&quot;,&quot;camera&quot;:&quot;Canon EOS 5D Mark III&quot;,&quot;caption&quot;:&quot;&quot;,&quot;created_timestamp&quot;:&quot;1556353972&quot;,&quot;copyright&quot;:&quot;All rights reserved&quot;,&quot;focal_length&quot;:&quot;25&quot;,&quot;iso&quot;:&quot;400&quot;,&quot;shutter_speed&quot;:&quot;0.076923076923077&quot;,&quot;title&quot;:&quot;&quot;,&quot;orientation&quot;:&quot;0&quot;}\" data-image-title=\"KN0A1283\" data-image-description=\"\" data-medium-file=\"https:\/\/i0.wp.com\/twojlekarz.net\/wp-content\/uploads\/KN0A1283.jpg?fit=300%2C225&#038;ssl=1\" data-large-file=\"https:\/\/i0.wp.com\/twojlekarz.net\/wp-content\/uploads\/KN0A1283.jpg?fit=848%2C636&#038;ssl=1\" src=\"https:\/\/i0.wp.com\/twojlekarz.net\/wp-content\/uploads\/KN0A1283.jpg?w=278&#038;h=208&#038;ssl=1\" srcset=\"https:\/\/i0.wp.com\/twojlekarz.net\/wp-content\/uploads\/KN0A1283.jpg?w=1056&amp;ssl=1 1056w, https:\/\/i0.wp.com\/twojlekarz.net\/wp-content\/uploads\/KN0A1283.jpg?resize=300%2C225&amp;ssl=1 300w, https:\/\/i0.wp.com\/twojlekarz.net\/wp-content\/uploads\/KN0A1283.jpg?resize=768%2C576&amp;ssl=1 768w, https:\/\/i0.wp.com\/twojlekarz.net\/wp-content\/uploads\/KN0A1283.jpg?resize=1024%2C768&amp;ssl=1 1024w\" width=\"278\" height=\"208\" loading=\"lazy\" data-original-width=\"278\" data-original-height=\"208\" itemprop=\"http:\/\/schema.org\/image\" title=\"KN0A1283\" alt=\"KN0A1283\" style=\"width: 278px; height: 208px;\" \/> <\/a> <\/div> <\/div> <!-- close group --> <\/div> <!-- close row --> <div class=\"gallery-row\" style=\"width: 848px; height: 637px;\" data-original-width=\"848\" data-original-height=\"637\" > <div class=\"gallery-group images-1\" style=\"width: 848px; height: 637px;\" data-original-width=\"848\" data-original-height=\"637\" > <div class=\"tiled-gallery-item tiled-gallery-item-large\" itemprop=\"associatedMedia\" itemscope itemtype=\"http:\/\/schema.org\/ImageObject\"> <a href=\"https:\/\/i0.wp.com\/twojlekarz.net\/wp-content\/uploads\/KN0A1306.jpg?ssl=1\" border=\"0\" itemprop=\"url\"> <meta itemprop=\"width\" content=\"844\"> <meta itemprop=\"height\" content=\"633\"> <img decoding=\"async\" class=\"\" data-attachment-id=\"3426\" data-orig-file=\"https:\/\/twojlekarz.net\/wp-content\/uploads\/KN0A1306.jpg\" data-orig-size=\"1035,776\" data-comments-opened=\"1\" data-image-meta=\"{&quot;aperture&quot;:&quot;8&quot;,&quot;credit&quot;:&quot;www.dunvael.pl&quot;,&quot;camera&quot;:&quot;Canon EOS 5D Mark III&quot;,&quot;caption&quot;:&quot;&quot;,&quot;created_timestamp&quot;:&quot;1556354616&quot;,&quot;copyright&quot;:&quot;All rights reserved&quot;,&quot;focal_length&quot;:&quot;30&quot;,&quot;iso&quot;:&quot;400&quot;,&quot;shutter_speed&quot;:&quot;0.125&quot;,&quot;title&quot;:&quot;&quot;,&quot;orientation&quot;:&quot;0&quot;}\" data-image-title=\"KN0A1306\" data-image-description=\"\" data-medium-file=\"https:\/\/i0.wp.com\/twojlekarz.net\/wp-content\/uploads\/KN0A1306.jpg?fit=300%2C225&#038;ssl=1\" data-large-file=\"https:\/\/i0.wp.com\/twojlekarz.net\/wp-content\/uploads\/KN0A1306.jpg?fit=848%2C636&#038;ssl=1\" src=\"https:\/\/i0.wp.com\/twojlekarz.net\/wp-content\/uploads\/KN0A1306.jpg?w=844&#038;h=633&#038;ssl=1\" srcset=\"https:\/\/i0.wp.com\/twojlekarz.net\/wp-content\/uploads\/KN0A1306.jpg?w=1035&amp;ssl=1 1035w, https:\/\/i0.wp.com\/twojlekarz.net\/wp-content\/uploads\/KN0A1306.jpg?resize=300%2C225&amp;ssl=1 300w, https:\/\/i0.wp.com\/twojlekarz.net\/wp-content\/uploads\/KN0A1306.jpg?resize=768%2C576&amp;ssl=1 768w, https:\/\/i0.wp.com\/twojlekarz.net\/wp-content\/uploads\/KN0A1306.jpg?resize=1024%2C768&amp;ssl=1 1024w\" width=\"844\" height=\"633\" loading=\"lazy\" data-original-width=\"844\" data-original-height=\"633\" itemprop=\"http:\/\/schema.org\/image\" title=\"KN0A1306\" alt=\"KN0A1306\" style=\"width: 844px; height: 633px;\" \/> <\/a> <\/div> <\/div> <!-- close group --> <\/div> <!-- close row --> <\/div>\n<ul>\n<li>\n<p class=\"western\">\u041a\u043e\u043d\u0441\u0443\u043b\u044c\u0442\u0430\u0446\u0456\u0457 \u2013 \u043b\u0456\u043a\u0430\u0440\u0456 \u043f\u0435\u0440\u0432\u0438\u043d\u043d\u043e\u0457 \u043b\u0430\u043d\u043a\u0438:<\/p>\n<\/li>\n<\/ul>\n<ul>\n<li style=\"list-style-type: none;\">\n<ul>\n<li>\n<p class=\"western\">\u043f\u0435\u0434\u0456\u0430\u0442\u0440<\/p>\n<\/li>\n<li>\n<p class=\"western\">\u0441\u0456\u043c\u0435\u0439\u043d\u0438\u0439 \u043b\u0456\u043a\u0430\u0440<\/p>\n<\/li>\n<\/ul>\n<\/li>\n<\/ul>\n<ul>\n<li>\n<p class=\"western\">\u041a\u043e\u043d\u0441\u0443\u043b\u044c\u0442\u0430\u0446\u0456\u0457 \u2013 \u043b\u0456\u043a\u0430\u0440\u0456-\u0441\u043f\u0435\u0446\u0456\u0430\u043b\u0456\u0441\u0442\u0438:<\/p>\n<\/li>\n<\/ul>\n<ul>\n<li style=\"list-style-type: none;\">\n<ul>\n<li>\n<p class=\"western\">\u043d\u0435\u0432\u0440\u043e\u043b\u043e\u0433<\/p>\n<\/li>\n<\/ul>\n<\/li>\n<\/ul>\n<ul>\n<li>\n<p class=\"western\">\u0414\u0456\u0430\u0433\u043d\u043e\u0441\u0442\u0438\u043a\u0430 \u2013 \u043b\u0430\u0431\u043e\u0440\u0430\u0442\u043e\u0440\u043d\u0456 \u0434\u043e\u0441\u043b\u0456\u0434\u0436\u0435\u043d\u043d\u044f \u2013 \u0437\u0431\u0456\u0440 \u0437\u0440\u0430\u0437\u043a\u0456\u0432:<\/p>\n<\/li>\n<\/ul>\n<ul>\n<li style=\"list-style-type: none;\">\n<ul>\n<li>\n<p class=\"western\">\u041f\u043e\u043d\u0435\u0434\u0456\u043b\u043e\u043a \u0437 09:00 \u0434\u043e 10:00.<\/p>\n<\/li>\n<\/ul>\n<\/li>\n<\/ul>\n<p class=\"western\">","protected":false},"excerpt":{"rendered":"<p>\u041a\u043e\u043d\u0441\u0443\u043b\u044c\u0442\u0430\u0446\u0456\u0457 \u2013 \u043b\u0456\u043a\u0430\u0440\u0456 \u043f\u0435\u0440\u0432\u0438\u043d\u043d\u043e\u0457 \u043c\u0435\u0434\u0438\u0447\u043d\u043e\u0457 \u0434\u043e\u043f\u043e\u043c\u043e\u0433\u0438: \u043f\u0435\u0434\u0456\u0430\u0442\u0440, \u0441\u0456\u043c\u0435\u0439\u043d\u0438\u0439 \u043b\u0456\u043a\u0430\u0440. \u041a\u043e\u043d\u0441\u0443\u043b\u044c\u0442\u0430\u0446\u0456\u0457 \u2013 \u043b\u0456\u043a\u0430\u0440\u0456-\u0441\u043f\u0435\u0446\u0456\u0430\u043b\u0456\u0441\u0442\u0438: \u043d\u0435\u0432\u0440\u043e\u043b\u043e\u0433. \u0414\u0456\u0430\u0433\u043d\u043e\u0441\u0442\u0438\u043a\u0430 \u2013 \u043b\u0430\u0431\u043e\u0440\u0430\u0442\u043e\u0440\u043d\u0456 \u0434\u043e\u0441\u043b\u0456\u0434\u0436\u0435\u043d\u043d\u044f \u2013 \u0437\u0430\u0431\u0456\u0440 \u0437\u0440\u0430\u0437\u043a\u0456\u0432: \u043f\u043e\u043d\u0435\u0434\u0456\u043b\u043a\u0438 \u0437 09:00 \u0434\u043e 10:00.<\/p>","protected":false},"author":1,"featured_media":1145,"parent":0,"menu_order":0,"comment_status":"closed","ping_status":"closed","template":"","meta":{"footnotes":"","_wp_rev_ctl_limit":""},"categories":[13],"tags":[],"class_list":["post-255","page","type-page","status-publish","has-post-thumbnail","hentry","category-przychodnie"],"yoast_head":"<!-- This site is optimized with the Yoast SEO plugin v26.7 - https:\/\/yoast.com\/wordpress\/plugins\/seo\/ -->\n<title>Wroc\u0142aw - Skarbowc\u00f3w - Przychodnia NZOZ &quot;Tw\u00f3j Lekarz&quot; sp. z o.o.<\/title>\n<meta name=\"robots\" content=\"index, follow, max-snippet:-1, max-image-preview:large, max-video-preview:-1\" \/>\n<link rel=\"canonical\" href=\"https:\/\/twojlekarz.net\/uk\/wroclaw-skarbowcow-old\/\" \/>\n<meta property=\"og:locale\" content=\"uk_UA\" \/>\n<meta property=\"og:type\" content=\"article\" \/>\n<meta property=\"og:title\" content=\"Wroc\u0142aw - Skarbowc\u00f3w - Przychodnia NZOZ &quot;Tw\u00f3j Lekarz&quot; sp. z o.o.\" \/>\n<meta property=\"og:description\" content=\"Konsultacje &#8211; lekarze POZ: pediatra lekarz rodzinny Konsultacje &#8211; lekarze specjali\u015bci: neurolog Diagnostyka \u2013 badania laboratoryjne &#8211; pobieranie materia\u0142u: poniedzia\u0142ki w godzinach 09:00-10:00.\" \/>\n<meta property=\"og:url\" content=\"https:\/\/twojlekarz.net\/uk\/wroclaw-skarbowcow-old\/\" \/>\n<meta property=\"og:site_name\" content=\"Przychodnia NZOZ &quot;Tw\u00f3j Lekarz&quot; sp. z o.o.\" \/>\n<meta property=\"article:publisher\" content=\"https:\/\/www.facebook.com\/NZOZTwojLekarz\/\" \/>\n<meta property=\"article:modified_time\" content=\"2021-05-17T22:22:58+00:00\" \/>\n<meta property=\"og:image\" content=\"https:\/\/twojlekarz.net\/wp-content\/uploads\/2015\/07\/skarb.jpg\" \/>\n\t<meta property=\"og:image:width\" content=\"1600\" \/>\n\t<meta property=\"og:image:height\" content=\"550\" \/>\n\t<meta property=\"og:image:type\" content=\"image\/jpeg\" \/>\n<meta name=\"twitter:card\" content=\"summary_large_image\" \/>\n<script type=\"application\/ld+json\" class=\"yoast-schema-graph\">{\"@context\":\"https:\/\/schema.org\",\"@graph\":[{\"@type\":\"WebPage\",\"@id\":\"https:\/\/twojlekarz.net\/wroclaw-skarbowcow-old\/\",\"url\":\"https:\/\/twojlekarz.net\/wroclaw-skarbowcow-old\/\",\"name\":\"Wroc\u0142aw - Skarbowc\u00f3w - Przychodnia NZOZ &quot;Tw\u00f3j Lekarz&quot; sp. z o.o.\",\"isPartOf\":{\"@id\":\"https:\/\/twojlekarz.net\/#website\"},\"primaryImageOfPage\":{\"@id\":\"https:\/\/twojlekarz.net\/wroclaw-skarbowcow-old\/#primaryimage\"},\"image\":{\"@id\":\"https:\/\/twojlekarz.net\/wroclaw-skarbowcow-old\/#primaryimage\"},\"thumbnailUrl\":\"https:\/\/i0.wp.com\/twojlekarz.net\/wp-content\/uploads\/2015\/07\/skarb.jpg?fit=1600%2C550&ssl=1\",\"datePublished\":\"2015-07-01T17:43:27+00:00\",\"dateModified\":\"2021-05-17T22:22:58+00:00\",\"breadcrumb\":{\"@id\":\"https:\/\/twojlekarz.net\/wroclaw-skarbowcow-old\/#breadcrumb\"},\"inLanguage\":\"uk\",\"potentialAction\":[{\"@type\":\"ReadAction\",\"target\":[\"https:\/\/twojlekarz.net\/wroclaw-skarbowcow-old\/\"]}]},{\"@type\":\"ImageObject\",\"inLanguage\":\"uk\",\"@id\":\"https:\/\/twojlekarz.net\/wroclaw-skarbowcow-old\/#primaryimage\",\"url\":\"https:\/\/i0.wp.com\/twojlekarz.net\/wp-content\/uploads\/2015\/07\/skarb.jpg?fit=1600%2C550&ssl=1\",\"contentUrl\":\"https:\/\/i0.wp.com\/twojlekarz.net\/wp-content\/uploads\/2015\/07\/skarb.jpg?fit=1600%2C550&ssl=1\",\"width\":1600,\"height\":550},{\"@type\":\"BreadcrumbList\",\"@id\":\"https:\/\/twojlekarz.net\/wroclaw-skarbowcow-old\/#breadcrumb\",\"itemListElement\":[{\"@type\":\"ListItem\",\"position\":1,\"name\":\"Strona g\u0142\u00f3wna\",\"item\":\"https:\/\/twojlekarz.net\/\"},{\"@type\":\"ListItem\",\"position\":2,\"name\":\"Wroc\u0142aw &#8211; Skarbowc\u00f3w\"}]},{\"@type\":\"WebSite\",\"@id\":\"https:\/\/twojlekarz.net\/#website\",\"url\":\"https:\/\/twojlekarz.net\/\",\"name\":\"Przychodnia NZOZ \\\"Tw\u00f3j Lekarz\\\" sp. z o.o.\",\"description\":\"\",\"publisher\":{\"@id\":\"https:\/\/twojlekarz.net\/#organization\"},\"potentialAction\":[{\"@type\":\"SearchAction\",\"target\":{\"@type\":\"EntryPoint\",\"urlTemplate\":\"https:\/\/twojlekarz.net\/?s={search_term_string}\"},\"query-input\":{\"@type\":\"PropertyValueSpecification\",\"valueRequired\":true,\"valueName\":\"search_term_string\"}}],\"inLanguage\":\"uk\"},{\"@type\":\"Organization\",\"@id\":\"https:\/\/twojlekarz.net\/#organization\",\"name\":\"Przychodnia NZOZ \\\"Tw\u00f3j Lekarz\\\" sp. z o.o.\",\"url\":\"https:\/\/twojlekarz.net\/\",\"logo\":{\"@type\":\"ImageObject\",\"inLanguage\":\"uk\",\"@id\":\"https:\/\/twojlekarz.net\/#\/schema\/logo\/image\/\",\"url\":\"https:\/\/i0.wp.com\/twojlekarz.net\/wp-content\/uploads\/twoj-lekarz-logo2-e1448917738554.jpg?fit=200%2C71&ssl=1\",\"contentUrl\":\"https:\/\/i0.wp.com\/twojlekarz.net\/wp-content\/uploads\/twoj-lekarz-logo2-e1448917738554.jpg?fit=200%2C71&ssl=1\",\"width\":200,\"height\":71,\"caption\":\"Przychodnia NZOZ \\\"Tw\u00f3j Lekarz\\\" sp. z o.o.\"},\"image\":{\"@id\":\"https:\/\/twojlekarz.net\/#\/schema\/logo\/image\/\"},\"sameAs\":[\"https:\/\/www.facebook.com\/NZOZTwojLekarz\/\"]}]}<\/script>\n<!-- \/ Yoast SEO plugin. -->","yoast_head_json":{"title":"Wroc\u0142aw - Skarbowc\u00f3w - Przychodnia NZOZ &quot;Tw\u00f3j Lekarz&quot; sp. z o.o.","robots":{"index":"index","follow":"follow","max-snippet":"max-snippet:-1","max-image-preview":"max-image-preview:large","max-video-preview":"max-video-preview:-1"},"canonical":"https:\/\/twojlekarz.net\/uk\/wroclaw-skarbowcow-old\/","og_locale":"uk_UA","og_type":"article","og_title":"Wroc\u0142aw - Skarbowc\u00f3w - Przychodnia NZOZ &quot;Tw\u00f3j Lekarz&quot; sp. z o.o.","og_description":"Konsultacje &#8211; lekarze POZ: pediatra lekarz rodzinny Konsultacje &#8211; lekarze specjali\u015bci: neurolog Diagnostyka \u2013 badania laboratoryjne &#8211; pobieranie materia\u0142u: poniedzia\u0142ki w godzinach 09:00-10:00.","og_url":"https:\/\/twojlekarz.net\/uk\/wroclaw-skarbowcow-old\/","og_site_name":"Przychodnia NZOZ &quot;Tw\u00f3j Lekarz&quot; sp. z o.o.","article_publisher":"https:\/\/www.facebook.com\/NZOZTwojLekarz\/","article_modified_time":"2021-05-17T22:22:58+00:00","og_image":[{"width":1600,"height":550,"url":"https:\/\/twojlekarz.net\/wp-content\/uploads\/2015\/07\/skarb.jpg","type":"image\/jpeg"}],"twitter_card":"summary_large_image","schema":{"@context":"https:\/\/schema.org","@graph":[{"@type":"WebPage","@id":"https:\/\/twojlekarz.net\/wroclaw-skarbowcow-old\/","url":"https:\/\/twojlekarz.net\/wroclaw-skarbowcow-old\/","name":"Wroc\u0142aw - Skarbowc\u00f3w - Przychodnia NZOZ &quot;Tw\u00f3j Lekarz&quot; sp. z o.o.","isPartOf":{"@id":"https:\/\/twojlekarz.net\/#website"},"primaryImageOfPage":{"@id":"https:\/\/twojlekarz.net\/wroclaw-skarbowcow-old\/#primaryimage"},"image":{"@id":"https:\/\/twojlekarz.net\/wroclaw-skarbowcow-old\/#primaryimage"},"thumbnailUrl":"https:\/\/i0.wp.com\/twojlekarz.net\/wp-content\/uploads\/2015\/07\/skarb.jpg?fit=1600%2C550&ssl=1","datePublished":"2015-07-01T17:43:27+00:00","dateModified":"2021-05-17T22:22:58+00:00","breadcrumb":{"@id":"https:\/\/twojlekarz.net\/wroclaw-skarbowcow-old\/#breadcrumb"},"inLanguage":"uk","potentialAction":[{"@type":"ReadAction","target":["https:\/\/twojlekarz.net\/wroclaw-skarbowcow-old\/"]}]},{"@type":"ImageObject","inLanguage":"uk","@id":"https:\/\/twojlekarz.net\/wroclaw-skarbowcow-old\/#primaryimage","url":"https:\/\/i0.wp.com\/twojlekarz.net\/wp-content\/uploads\/2015\/07\/skarb.jpg?fit=1600%2C550&ssl=1","contentUrl":"https:\/\/i0.wp.com\/twojlekarz.net\/wp-content\/uploads\/2015\/07\/skarb.jpg?fit=1600%2C550&ssl=1","width":1600,"height":550},{"@type":"BreadcrumbList","@id":"https:\/\/twojlekarz.net\/wroclaw-skarbowcow-old\/#breadcrumb","itemListElement":[{"@type":"ListItem","position":1,"name":"Strona g\u0142\u00f3wna","item":"https:\/\/twojlekarz.net\/"},{"@type":"ListItem","position":2,"name":"Wroc\u0142aw &#8211; Skarbowc\u00f3w"}]},{"@type":"WebSite","@id":"https:\/\/twojlekarz.net\/#website","url":"https:\/\/twojlekarz.net\/","name":"\u041a\u043b\u0456\u043d\u0456\u043a\u0430 NZOZ &quot;Tw\u00f3j Doktor&quot; sp","description":"","publisher":{"@id":"https:\/\/twojlekarz.net\/#organization"},"potentialAction":[{"@type":"SearchAction","target":{"@type":"EntryPoint","urlTemplate":"https:\/\/twojlekarz.net\/?s={search_term_string}"},"query-input":{"@type":"PropertyValueSpecification","valueRequired":true,"valueName":"search_term_string"}}],"inLanguage":"uk"},{"@type":"Organization","@id":"https:\/\/twojlekarz.net\/#organization","name":"\u041a\u043b\u0456\u043d\u0456\u043a\u0430 NZOZ &quot;Tw\u00f3j Doktor&quot; sp","url":"https:\/\/twojlekarz.net\/","logo":{"@type":"ImageObject","inLanguage":"uk","@id":"https:\/\/twojlekarz.net\/#\/schema\/logo\/image\/","url":"https:\/\/i0.wp.com\/twojlekarz.net\/wp-content\/uploads\/twoj-lekarz-logo2-e1448917738554.jpg?fit=200%2C71&ssl=1","contentUrl":"https:\/\/i0.wp.com\/twojlekarz.net\/wp-content\/uploads\/twoj-lekarz-logo2-e1448917738554.jpg?fit=200%2C71&ssl=1","width":200,"height":71,"caption":"Przychodnia NZOZ \"Tw\u00f3j Lekarz\" sp. z o.o."},"image":{"@id":"https:\/\/twojlekarz.net\/#\/schema\/logo\/image\/"},"sameAs":["https:\/\/www.facebook.com\/NZOZTwojLekarz\/"]}]}},"jetpack_sharing_enabled":true,"_links":{"self":[{"href":"https:\/\/twojlekarz.net\/uk\/wp-json\/wp\/v2\/pages\/255","targetHints":{"allow":["GET"]}}],"collection":[{"href":"https:\/\/twojlekarz.net\/uk\/wp-json\/wp\/v2\/pages"}],"about":[{"href":"https:\/\/twojlekarz.net\/uk\/wp-json\/wp\/v2\/types\/page"}],"author":[{"embeddable":true,"href":"https:\/\/twojlekarz.net\/uk\/wp-json\/wp\/v2\/users\/1"}],"replies":[{"embeddable":true,"href":"https:\/\/twojlekarz.net\/uk\/wp-json\/wp\/v2\/comments?post=255"}],"version-history":[{"count":0,"href":"https:\/\/twojlekarz.net\/uk\/wp-json\/wp\/v2\/pages\/255\/revisions"}],"wp:featuredmedia":[{"embeddable":true,"href":"https:\/\/twojlekarz.net\/uk\/wp-json\/wp\/v2\/media\/1145"}],"wp:attachment":[{"href":"https:\/\/twojlekarz.net\/uk\/wp-json\/wp\/v2\/media?parent=255"}],"wp:term":[{"taxonomy":"category","embeddable":true,"href":"https:\/\/twojlekarz.net\/uk\/wp-json\/wp\/v2\/categories?post=255"},{"taxonomy":"post_tag","embeddable":true,"href":"https:\/\/twojlekarz.net\/uk\/wp-json\/wp\/v2\/tags?post=255"}],"curies":[{"name":"\u0412\u041f","href":"https:\/\/api.w.org\/{rel}","templated":true}]}}