{"id":2596,"date":"2018-02-12T11:13:13","date_gmt":"2018-02-12T11:13:13","guid":{"rendered":"https:\/\/twojlekarz.net.pl\/?page_id=2596"},"modified":"2021-05-17T22:28:07","modified_gmt":"2021-05-17T22:28:07","slug":"zamawianie-recept-2-2","status":"publish","type":"page","link":"https:\/\/twojlekarz.net\/uk\/zamawianie-recept-2-2\/","title":{"rendered":"\u0417\u0430\u043c\u043e\u0432\u043b\u0435\u043d\u043d\u044f \u0440\u0435\u0446\u0435\u043f\u0442\u0456\u0432"},"content":{"rendered":"<p><strong>\u0417\u0410\u041c\u041e\u0412\u041b\u0415\u041d\u041d\u042f \u0415\u041b\u0415\u041a\u0422\u0420\u041e\u041d\u041d\u0418\u0425 \u0420\u0415\u0426\u0415\u041f\u0422\u0406\u0412<\/strong><\/p>\n<p>\u041f\u0430\u0446\u0456\u0454\u043d\u0442\u0438, \u0437\u0430\u044f\u0432\u043b\u0435\u043d\u0456 \u043d\u0430 <strong>NZOZ \u0412\u0430\u0448 \u043b\u0456\u043a\u0430\u0440<\/strong> \u043c\u0430\u044e\u0442\u044c \u043c\u043e\u0436\u043b\u0438\u0432\u0456\u0441\u0442\u044c \u0437\u0430\u043c\u043e\u0432\u043b\u044f\u0442\u0438 \u0440\u0435\u0446\u0435\u043f\u0442\u0438 \u043d\u0430 \u043b\u0456\u043a\u0438, \u044f\u043a\u0456 \u0440\u0435\u0433\u0443\u043b\u044f\u0440\u043d\u043e \u043f\u0440\u0438\u0439\u043c\u0430\u044e\u0442\u044c, \u0437\u0430\u0444\u0456\u043a\u0441\u043e\u0432\u0430\u043d\u0456 \u0432 \u0457\u0445\u043d\u0456\u0439 \u043c\u0435\u0434\u0438\u0447\u043d\u0456\u0439 \u043a\u0430\u0440\u0442\u0446\u0456. <br \/>\u0417\u0430\u043c\u043e\u0432\u043b\u0435\u043d\u043d\u044f \u043c\u043e\u0436\u043d\u0430 \u0440\u043e\u0437\u043c\u0456\u0449\u0443\u0432\u0430\u0442\u0438 \u0435\u043b\u0435\u043a\u0442\u0440\u043e\u043d\u043d\u043e\u044e \u043f\u043e\u0448\u0442\u043e\u044e \u043d\u0430 \u043d\u0430\u0441\u0442\u0443\u043f\u043d\u0443 \u0430\u0434\u0440\u0435\u0441\u0443 <a href=\"mailto:recepty@localhost\">recipes@localhost<\/a> \u0421\u041c\u0421 \u043f\u043e\u0432\u0456\u0434\u043e\u043c\u043b\u0435\u043d\u043d\u044f\u043c \u043d\u0430 \u043d\u043e\u043c\u0435\u0440 <strong>690 010 399<\/strong>, \u0430\u0431\u043e \u043f\u043e \u0442\u0435\u043b <strong>71 311 12 36<\/strong>.<\/p>\n<p><strong><span style=\"color: #0000ff;\">\u0427\u0435\u0440\u0435\u0437 \u043f\u0430\u043d\u0434\u0435\u043c\u0456\u044e COVID-19 \u0442\u0430 \u0432\u0435\u043b\u0438\u043a\u0443 \u043a\u0456\u043b\u044c\u043a\u0456\u0441\u0442\u044c \u0442\u0435\u043b\u0435\u0444\u043e\u043d\u043d\u0438\u0445 \u0434\u0437\u0432\u0456\u043d\u043a\u0456\u0432 \u043d\u0430\u0439\u043a\u0440\u0430\u0449\u0435 \u0437\u0430\u043c\u043e\u0432\u043b\u044f\u0442\u0438 \u0440\u0435\u0446\u0435\u043f\u0442\u0438 \u0435\u043b\u0435\u043a\u0442\u0440\u043e\u043d\u043d\u043e\u044e \u043f\u043e\u0448\u0442\u043e\u044e \u0442\u0430 \u0441\u043c\u0441!<\/span><\/strong><\/p>\n<p>\u041f\u0440\u0430\u0432\u0438\u043b\u044c\u043d\u043e \u043e\u0444\u043e\u0440\u043c\u043b\u0435\u043d\u0435 \u0437\u0430\u043c\u043e\u0432\u043b\u0435\u043d\u043d\u044f \u043f\u043e\u0432\u0438\u043d\u043d\u043e \u043c\u0456\u0441\u0442\u0438\u0442\u0438:<\/p>\n<ul>\n<li>\u0456\u043c&#039;\u044f \u0442\u0430 \u043f\u0440\u0456\u0437\u0432\u0438\u0449\u0435 \u0442\u0430 \u043d\u043e\u043c\u0435\u0440 PESEL \u043f\u0430\u0446\u0456\u0454\u043d\u0442\u0430,<\/li>\n<li>\u043d\u0430\u0437\u0432\u0430 \u0437\u0430\u043c\u043e\u0432\u043b\u0435\u043d\u043e\u0433\u043e \u043f\u0440\u0435\u043f\u0430\u0440\u0430\u0442\u0443,<\/li>\n<li>\u043d\u043e\u043c\u0435\u0440 \u043c\u043e\u0431\u0456\u043b\u044c\u043d\u043e\u0433\u043e \u0442\u0435\u043b\u0435\u0444\u043e\u043d\u0443, \u044f\u043a\u0449\u043e PIN-\u043a\u043e\u0434 \u0440\u0435\u0446\u0435\u043f\u0442\u0430 \u0431\u0443\u0434\u0435 \u043d\u0430\u0434\u0456\u0441\u043b\u0430\u043d\u043e \u0447\u0435\u0440\u0435\u0437 SMS,<\/li>\n<li>\u0456\u043d\u0444\u043e\u0440\u043c\u0430\u0446\u0456\u044e \u043f\u0440\u043e \u0442\u0435, \u0447\u0438 \u0432\u0438\u043a\u043e\u0440\u0438\u0441\u0442\u043e\u0432\u0443\u0454 \u041f\u0430\u0446\u0456\u0454\u043d\u0442<strong> IKP \u2013 \u0406\u043d\u0442\u0435\u0440\u043d\u0435\u0442-\u043e\u0431\u043b\u0456\u043a\u043e\u0432\u0438\u0439 \u0437\u0430\u043f\u0438\u0441 \u043f\u0430\u0446\u0456\u0454\u043d\u0442\u0430,<\/strong><\/li>\n<\/ul>\n<p>\u041f\u0440\u0430\u0432\u0438\u043b\u044c\u043d\u043e \u043e\u0444\u043e\u0440\u043c\u043b\u0435\u043d\u0456 \u0437\u0430\u043c\u043e\u0432\u043b\u0435\u043d\u043d\u044f \u043f\u0435\u0440\u0435\u0432\u0456\u0440\u044f\u044e\u0442\u044c\u0441\u044f \u043b\u0456\u043a\u0430\u0440\u0435\u043c \u0456 \u043e\u0431\u0440\u043e\u0431\u043b\u044f\u044e\u0442\u044c\u0441\u044f \u043f\u0440\u043e\u0442\u044f\u0433\u043e\u043c \u0442\u0440\u044c\u043e\u0445 \u0440\u043e\u0431\u043e\u0447\u0438\u0445 \u0434\u043d\u0456\u0432. \u041f\u0430\u0446\u0456\u0454\u043d\u0442\u0438 \u043e\u0442\u0440\u0438\u043c\u0443\u044e\u0442\u044c \u041f\u0406\u041d \u0440\u0435\u0446\u0435\u043f\u0442\u0430 \u0447\u0435\u0440\u0435\u0437 \u0406\u041a\u041f, \u0435\u043b\u0435\u043a\u0442\u0440\u043e\u043d\u043d\u043e\u044e \u043f\u043e\u0448\u0442\u043e\u044e \u0430\u0431\u043e SMS.\u00a0<\/p>\n<p>\u041f\u0430\u0446\u0456\u0454\u043d\u0442\u0438, \u044f\u043a\u0456 \u043a\u043e\u0440\u0438\u0441\u0442\u0443\u044e\u0442\u044c\u0441\u044f \u0434\u0438\u0441\u0442\u0430\u043d\u0446\u0456\u0439\u043d\u0438\u043c \u0437\u0430\u043c\u043e\u0432\u043b\u0435\u043d\u043d\u044f\u043c \u0440\u0435\u0446\u0435\u043f\u0442\u0456\u0432, \u043e\u0442\u0440\u0438\u043c\u0430\u044e\u0442\u044c PIN-\u043a\u043e\u0434 \u0434\u043b\u044f \u0435\u043b\u0435\u043a\u0442\u0440\u043e\u043d\u043d\u043e\u0433\u043e \u0440\u0435\u0446\u0435\u043f\u0442\u0430 \u0443 \u0432\u0456\u0434\u043f\u043e\u0432\u0456\u0434\u044c \u0435\u043b\u0435\u043a\u0442\u0440\u043e\u043d\u043d\u043e\u044e \u043f\u043e\u0448\u0442\u043e\u044e \u0430\u0431\u043e \u0442\u0435\u043a\u0441\u0442\u043e\u0432\u0438\u043c \u043f\u043e\u0432\u0456\u0434\u043e\u043c\u043b\u0435\u043d\u043d\u044f\u043c. \u0426\u0435\u0439 \u043d\u043e\u043c\u0435\u0440 \u0442\u0430 \u043d\u043e\u043c\u0435\u0440 PESEL \u043f\u0430\u0446\u0456\u0454\u043d\u0442\u0430, \u043d\u0430 \u044f\u043a\u043e\u0433\u043e \u0432\u0438\u043f\u0438\u0441\u0430\u043d\u0438\u0439 \u0440\u0435\u0446\u0435\u043f\u0442, \u0454 \u043f\u0456\u0434\u0441\u0442\u0430\u0432\u043e\u044e \u0434\u043b\u044f \u043e\u0444\u043e\u0440\u043c\u043b\u0435\u043d\u043d\u044f \u0435-\u0440\u0435\u0446\u0435\u043f\u0442\u0443 \u0432 \u0430\u043f\u0442\u0435\u0446\u0456.<\/p>\n<p><strong>\u041f\u0420\u0410\u0412\u0418\u041b\u0410 \u0412\u0418\u041a\u041e\u041d\u0410\u041d\u041d\u042f \u0415\u041b\u0415\u041a\u0422\u0420\u041e\u041d\u041d\u0418\u0425 \u0420\u0415\u0426\u0415\u041f\u0422\u0406\u0412<\/strong><br \/><strong>\u0415\u043b\u0435\u043a\u0442\u0440\u043e\u043d\u043d\u0456 \u0440\u0435\u0446\u0435\u043f\u0442\u0438 \u0437\u0430\u0437\u0432\u0438\u0447\u0430\u0439 \u043c\u0430\u044e\u0442\u044c \u0442\u0435\u0440\u043c\u0456\u043d \u0434\u0456\u0457 30 \u0434\u043d\u0456\u0432<\/strong>. \u0412\u0438\u043d\u044f\u0442\u043e\u043a \u0441\u0442\u0430\u043d\u043e\u0432\u043b\u044f\u0442\u044c \u0430\u043d\u0442\u0438\u0431\u0456\u043e\u0442\u0438\u043a\u0438 - 7 \u0434\u043d\u0456\u0432 \u0442\u0430 \u0456\u043c\u0443\u043d\u043e\u043b\u043e\u0433\u0456\u0447\u043d\u0456 \u043f\u0440\u0435\u043f\u0430\u0440\u0430\u0442\u0438 - 120 \u0434\u043d\u0456\u0432.<\/p>\n<p>30-\u0434\u0435\u043d\u043d\u0438\u0439 \u0435\u043b\u0435\u043a\u0442\u0440\u043e\u043d\u043d\u0438\u0439 \u0440\u0435\u0446\u0435\u043f\u0442 \u043c\u043e\u0436\u043d\u0430 \u0432\u0438\u043a\u0443\u043f\u0438\u0442\u0438 <strong>\u043f\u0456\u0437\u043d\u0456\u0448\u0435, \u0442\u0456\u043b\u044c\u043a\u0438 \u044f\u043a\u0449\u043e \u043b\u0456\u043a\u0430\u0440 \u0432\u043a\u0430\u0436\u0435, \u0449\u043e \u043b\u0456\u043a\u0438 \u0441\u043b\u0456\u0434 \u043a\u0443\u043f\u0443\u0432\u0430\u0442\u0438 \u0437 \u043a\u043e\u043d\u043a\u0440\u0435\u0442\u043d\u043e\u0457 \u0434\u0430\u0442\u0438<\/strong>. \u0426\u0435 \u043f\u043e\u0448\u0438\u0440\u0435\u043d\u0435 \u0440\u0456\u0448\u0435\u043d\u043d\u044f \u0443 \u0432\u0438\u043f\u0430\u0434\u043a\u0443 \u043f\u0440\u0435\u043f\u0430\u0440\u0430\u0442\u0456\u0432 \u0432\u0456\u0434 \u0445\u0440\u043e\u043d\u0456\u0447\u043d\u0438\u0445 \u0437\u0430\u0445\u0432\u043e\u0440\u044e\u0432\u0430\u043d\u044c.<\/p>\n<p><strong>\u0415\u043b\u0435\u043a\u0442\u0440\u043e\u043d\u043d\u0438\u0439 \u0440\u0435\u0446\u0435\u043f\u0442 \u0442\u0430\u043a\u043e\u0436 \u043c\u043e\u0436\u0435 \u0431\u0443\u0442\u0438 \u0434\u0456\u0439\u0441\u043d\u0438\u043c 365 \u0434\u043d\u0456\u0432<\/strong> \u0443 \u0440\u0430\u0437\u0456 \u0442\u0435\u0440\u0430\u043f\u0456\u0457 \u0442\u0440\u0438\u0432\u0430\u043b\u0456\u0441\u0442\u044e \u043d\u0435 \u043c\u0435\u043d\u0448\u0435 \u043e\u0434\u043d\u043e\u0433\u043e \u0440\u043e\u043a\u0443. \u0422\u0430\u043a\u0438\u0439 \u0435\u043b\u0435\u043a\u0442\u0440\u043e\u043d\u043d\u0438\u0439 \u0440\u0435\u0446\u0435\u043f\u0442 \u043e\u0442\u0440\u0438\u043c\u0430\u044e\u0442\u044c \u0445\u0440\u043e\u043d\u0456\u0447\u043d\u043e \u0445\u0432\u043e\u0440\u0456, \u044f\u043a\u0456 \u043f\u043e\u0441\u0442\u0456\u0439\u043d\u043e \u043f\u0440\u0438\u0439\u043c\u0430\u044e\u0442\u044c \u043f\u0435\u0432\u043d\u0456 \u0434\u043e\u0437\u0438 \u043b\u0456\u043a\u0456\u0432, \u0430 \u043d\u0430 \u0440\u0435\u0446\u0435\u043f\u0442\u0456 \u043b\u0456\u043a\u0430\u0440 \u0440\u043e\u0431\u0438\u0442\u044c \u0432\u0456\u0434\u043c\u0456\u0442\u043a\u0443, \u0449\u043e \u0432\u0456\u043d \u0434\u0456\u0439\u0441\u043d\u0438\u0439 365 \u0434\u043d\u0456\u0432. \u041f\u0435\u0440\u0448\u0443 \u0443\u043f\u0430\u043a\u043e\u0432\u043a\u0443 \u043c\u043e\u0436\u043d\u0430 \u043f\u0440\u0438\u0434\u0431\u0430\u0442\u0438 \u043f\u0440\u043e\u0442\u044f\u0433\u043e\u043c 30 \u0434\u043d\u0456\u0432 \u0437 \u0434\u0430\u0442\u0438 \u0432\u0438\u0434\u0430\u0447\u0456; \u044f\u043a\u0449\u043e \u043c\u0438 \u0446\u0435 \u0437\u0440\u043e\u0431\u0438\u043c\u043e \u043f\u0456\u0437\u043d\u0456\u0448\u0435, \u0444\u0430\u0440\u043c\u0430\u0446\u0435\u0432\u0442 \u0432\u0456\u0434\u043f\u0443\u0441\u0442\u0438\u0442\u044c \u043c\u0435\u043d\u0448\u0443 \u043a\u0456\u043b\u044c\u043a\u0456\u0441\u0442\u044c \u043f\u0440\u0435\u043f\u0430\u0440\u0430\u0442\u0443 \u043f\u0440\u043e\u043f\u043e\u0440\u0446\u0456\u0439\u043d\u043e \u043a\u0456\u043b\u044c\u043a\u043e\u0441\u0442\u0456 \u0434\u043d\u0456\u0432, \u0449\u043e \u043c\u0438\u043d\u0443\u043b\u0438 \u0437 \u0434\u0430\u0442\u0438 \u0432\u0438\u0434\u0430\u0447\u0456 \u0435\u043b\u0435\u043a\u0442\u0440\u043e\u043d\u043d\u043e\u0433\u043e \u043b\u0438\u0441\u0442\u0430. \u0440\u0435\u0446\u0435\u043f\u0442. \u0417\u0430 \u043e\u0434\u0438\u043d \u0440\u0430\u0437 \u043c\u043e\u0436\u043d\u0430 \u043f\u0440\u0438\u0434\u0431\u0430\u0442\u0438 \u0437\u0430\u043f\u0430\u0441 \u043b\u0456\u043a\u0456\u0432 \u043c\u0430\u043a\u0441\u0438\u043c\u0443\u043c \u043d\u0430 180 \u0434\u043d\u0456\u0432.<\/p>\n<p><span style=\"color: #ff0000;\"><strong>\u0423\u0412\u0410\u0413\u0410!<\/strong><\/span><br \/><span style=\"color: #ff0000;\"><strong>\u042f\u043a\u0449\u043e \u0432 \u0440\u0435\u0446\u0435\u043f\u0442\u0456 \u0431\u0456\u043b\u044c\u0448\u0430 \u043a\u0456\u043b\u044c\u043a\u0456\u0441\u0442\u044c \u0443\u043f\u0430\u043a\u043e\u0432\u043e\u043a \u043e\u0434\u043d\u043e\u0433\u043e \u043f\u0440\u0435\u043f\u0430\u0440\u0430\u0442\u0443, \u043f\u0430\u0446\u0456\u0454\u043d\u0442 \u043c\u043e\u0436\u0435 \u043e\u0444\u043e\u0440\u043c\u0438\u0442\u0438 \u0439\u043e\u0433\u043e \u00ab\u0432 \u0440\u043e\u0437\u0441\u0442\u0440\u043e\u0447\u043a\u0443\u00bb \u0437\u0430 \u0443\u043c\u043e\u0432\u0438 \u043a\u0443\u043f\u0456\u0432\u043b\u0456 \u0432 \u043e\u0434\u043d\u0456\u0439 \u0430\u043f\u0442\u0435\u0446\u0456. <\/strong><\/span><\/p>\n<p><span style=\"color: #ff0000;\"><strong>\u042f\u043a\u0449\u043e \u0432 \u0435\u043b\u0435\u043a\u0442\u0440\u043e\u043d\u043d\u043e\u043c\u0443 \u0440\u0435\u0446\u0435\u043f\u0442\u0456 \u0454 \u043a\u0456\u043b\u044c\u043a\u0430 \u043b\u0456\u043a\u0456\u0432, \u0457\u0445 \u043c\u043e\u0436\u043d\u0430 \u043f\u0440\u0438\u0434\u0431\u0430\u0442\u0438 \u043e\u043a\u0440\u0435\u043c\u043e \u0432 \u0440\u0456\u0437\u043d\u0438\u0445 \u0430\u043f\u0442\u0435\u043a\u0430\u0445.<\/strong> <\/span><\/p>","protected":false},"excerpt":{"rendered":"<p>ZAMAWIANIE RECEPT ELEKTRONICZNYCH Pacjenci zadeklarowani do NZOZ Tw\u00f3j Lekarz maj\u0105 mo\u017cliwo\u015b\u0107 zam\u00f3wienia recept na zapisane w dokumentacji medycznej, stale przyjmowane leki. Zam\u00f3wienia mo\u017cna sk\u0142ada\u0107 mailowo na adres recepty@localhost SMS-em pod numer 690 010 399, lub telefonicznie 71 311 12 36. Z uwagi na pandemi\u0119 COVID-19 i du\u017c\u0105 liczb\u0119 po\u0142\u0105cze\u0144 telefonicznych recepty najlepiej zamawia\u0107 za po\u015brednictwem [&hellip;]<\/p>","protected":false},"author":3,"featured_media":9894,"parent":0,"menu_order":0,"comment_status":"closed","ping_status":"closed","template":"","meta":{"footnotes":"","_wp_rev_ctl_limit":""},"categories":[],"tags":[],"class_list":["post-2596","page","type-page","status-publish","has-post-thumbnail","hentry"],"yoast_head":"<!-- This site is optimized with the Yoast SEO plugin v26.7 - https:\/\/yoast.com\/wordpress\/plugins\/seo\/ -->\n<title>Zamawianie recept - Przychodnia NZOZ &quot;Tw\u00f3j Lekarz&quot; sp. z o.o.<\/title>\n<meta name=\"robots\" content=\"index, follow, max-snippet:-1, max-image-preview:large, max-video-preview:-1\" \/>\n<link rel=\"canonical\" href=\"https:\/\/twojlekarz.net\/uk\/zamawianie-recept-2-2\/\" \/>\n<meta property=\"og:locale\" content=\"uk_UA\" \/>\n<meta property=\"og:type\" content=\"article\" \/>\n<meta property=\"og:title\" content=\"Zamawianie recept - Przychodnia NZOZ &quot;Tw\u00f3j Lekarz&quot; sp. z o.o.\" \/>\n<meta property=\"og:description\" content=\"ZAMAWIANIE RECEPT ELEKTRONICZNYCH Pacjenci zadeklarowani do NZOZ Tw\u00f3j Lekarz maj\u0105 mo\u017cliwo\u015b\u0107 zam\u00f3wienia recept na zapisane w dokumentacji medycznej, stale przyjmowane leki. Zam\u00f3wienia mo\u017cna sk\u0142ada\u0107 mailowo na adres recepty@localhost SMS-em pod numer 690 010 399, lub telefonicznie 71 311 12 36. Z uwagi na pandemi\u0119 COVID-19 i du\u017c\u0105 liczb\u0119 po\u0142\u0105cze\u0144 telefonicznych recepty najlepiej zamawia\u0107 za po\u015brednictwem [&hellip;]\" \/>\n<meta property=\"og:url\" content=\"https:\/\/twojlekarz.net\/uk\/zamawianie-recept-2-2\/\" \/>\n<meta property=\"og:site_name\" content=\"Przychodnia NZOZ &quot;Tw\u00f3j Lekarz&quot; sp. z o.o.\" \/>\n<meta property=\"article:publisher\" content=\"https:\/\/www.facebook.com\/NZOZTwojLekarz\/\" \/>\n<meta property=\"article:modified_time\" content=\"2021-05-17T22:28:07+00:00\" \/>\n<meta name=\"twitter:card\" content=\"summary_large_image\" \/>\n<meta name=\"twitter:label1\" content=\"\u041f\u0440\u0438\u0431\u043b. \u0447\u0430\u0441 \u0447\u0438\u0442\u0430\u043d\u043d\u044f\" \/>\n\t<meta name=\"twitter:data1\" content=\"2 \u0445\u0432\u0438\u043b\u0438\u043d\u0438\" \/>\n<script type=\"application\/ld+json\" class=\"yoast-schema-graph\">{\"@context\":\"https:\/\/schema.org\",\"@graph\":[{\"@type\":\"WebPage\",\"@id\":\"https:\/\/twojlekarz.net\/zamawianie-recept-2-2\/\",\"url\":\"https:\/\/twojlekarz.net\/zamawianie-recept-2-2\/\",\"name\":\"Zamawianie recept - Przychodnia NZOZ &quot;Tw\u00f3j Lekarz&quot; sp. z o.o.\",\"isPartOf\":{\"@id\":\"https:\/\/twojlekarz.net\/#website\"},\"primaryImageOfPage\":{\"@id\":\"https:\/\/twojlekarz.net\/zamawianie-recept-2-2\/#primaryimage\"},\"image\":{\"@id\":\"https:\/\/twojlekarz.net\/zamawianie-recept-2-2\/#primaryimage\"},\"thumbnailUrl\":\"https:\/\/i0.wp.com\/twojlekarz.net\/wp-content\/uploads\/KN0A1278-1-1.jpg?fit=1009%2C757&ssl=1\",\"datePublished\":\"2018-02-12T11:13:13+00:00\",\"dateModified\":\"2021-05-17T22:28:07+00:00\",\"breadcrumb\":{\"@id\":\"https:\/\/twojlekarz.net\/zamawianie-recept-2-2\/#breadcrumb\"},\"inLanguage\":\"uk\",\"potentialAction\":[{\"@type\":\"ReadAction\",\"target\":[\"https:\/\/twojlekarz.net\/zamawianie-recept-2-2\/\"]}]},{\"@type\":\"ImageObject\",\"inLanguage\":\"uk\",\"@id\":\"https:\/\/twojlekarz.net\/zamawianie-recept-2-2\/#primaryimage\",\"url\":\"https:\/\/i0.wp.com\/twojlekarz.net\/wp-content\/uploads\/KN0A1278-1-1.jpg?fit=1009%2C757&ssl=1\",\"contentUrl\":\"https:\/\/i0.wp.com\/twojlekarz.net\/wp-content\/uploads\/KN0A1278-1-1.jpg?fit=1009%2C757&ssl=1\",\"width\":1009,\"height\":757},{\"@type\":\"BreadcrumbList\",\"@id\":\"https:\/\/twojlekarz.net\/zamawianie-recept-2-2\/#breadcrumb\",\"itemListElement\":[{\"@type\":\"ListItem\",\"position\":1,\"name\":\"Strona g\u0142\u00f3wna\",\"item\":\"https:\/\/twojlekarz.net\/\"},{\"@type\":\"ListItem\",\"position\":2,\"name\":\"Zamawianie recept\"}]},{\"@type\":\"WebSite\",\"@id\":\"https:\/\/twojlekarz.net\/#website\",\"url\":\"https:\/\/twojlekarz.net\/\",\"name\":\"Przychodnia NZOZ \\\"Tw\u00f3j Lekarz\\\" sp. z o.o.\",\"description\":\"\",\"publisher\":{\"@id\":\"https:\/\/twojlekarz.net\/#organization\"},\"potentialAction\":[{\"@type\":\"SearchAction\",\"target\":{\"@type\":\"EntryPoint\",\"urlTemplate\":\"https:\/\/twojlekarz.net\/?s={search_term_string}\"},\"query-input\":{\"@type\":\"PropertyValueSpecification\",\"valueRequired\":true,\"valueName\":\"search_term_string\"}}],\"inLanguage\":\"uk\"},{\"@type\":\"Organization\",\"@id\":\"https:\/\/twojlekarz.net\/#organization\",\"name\":\"Przychodnia NZOZ \\\"Tw\u00f3j Lekarz\\\" sp. z o.o.\",\"url\":\"https:\/\/twojlekarz.net\/\",\"logo\":{\"@type\":\"ImageObject\",\"inLanguage\":\"uk\",\"@id\":\"https:\/\/twojlekarz.net\/#\/schema\/logo\/image\/\",\"url\":\"https:\/\/i0.wp.com\/twojlekarz.net\/wp-content\/uploads\/twoj-lekarz-logo2-e1448917738554.jpg?fit=200%2C71&ssl=1\",\"contentUrl\":\"https:\/\/i0.wp.com\/twojlekarz.net\/wp-content\/uploads\/twoj-lekarz-logo2-e1448917738554.jpg?fit=200%2C71&ssl=1\",\"width\":200,\"height\":71,\"caption\":\"Przychodnia NZOZ \\\"Tw\u00f3j Lekarz\\\" sp. z o.o.\"},\"image\":{\"@id\":\"https:\/\/twojlekarz.net\/#\/schema\/logo\/image\/\"},\"sameAs\":[\"https:\/\/www.facebook.com\/NZOZTwojLekarz\/\"]}]}<\/script>\n<!-- \/ Yoast SEO plugin. -->","yoast_head_json":{"title":"\u0417\u0430\u043c\u043e\u0432\u043b\u0435\u043d\u043d\u044f \u0440\u0435\u0446\u0435\u043f\u0442\u0456\u0432 - NZOZ Clinic &quot;Tw\u00f3j Lekarz&quot; sp. z o. \u043e.","robots":{"index":"index","follow":"follow","max-snippet":"max-snippet:-1","max-image-preview":"max-image-preview:large","max-video-preview":"max-video-preview:-1"},"canonical":"https:\/\/twojlekarz.net\/uk\/zamawianie-recept-2-2\/","og_locale":"uk_UA","og_type":"article","og_title":"Zamawianie recept - Przychodnia NZOZ &quot;Tw\u00f3j Lekarz&quot; sp. z o.o.","og_description":"ZAMAWIANIE RECEPT ELEKTRONICZNYCH Pacjenci zadeklarowani do NZOZ Tw\u00f3j Lekarz maj\u0105 mo\u017cliwo\u015b\u0107 zam\u00f3wienia recept na zapisane w dokumentacji medycznej, stale przyjmowane leki. Zam\u00f3wienia mo\u017cna sk\u0142ada\u0107 mailowo na adres recepty@localhost SMS-em pod numer 690 010 399, lub telefonicznie 71 311 12 36. Z uwagi na pandemi\u0119 COVID-19 i du\u017c\u0105 liczb\u0119 po\u0142\u0105cze\u0144 telefonicznych recepty najlepiej zamawia\u0107 za po\u015brednictwem [&hellip;]","og_url":"https:\/\/twojlekarz.net\/uk\/zamawianie-recept-2-2\/","og_site_name":"Przychodnia NZOZ &quot;Tw\u00f3j Lekarz&quot; sp. z o.o.","article_publisher":"https:\/\/www.facebook.com\/NZOZTwojLekarz\/","article_modified_time":"2021-05-17T22:28:07+00:00","twitter_card":"summary_large_image","twitter_misc":{"\u041f\u0440\u0438\u0431\u043b. \u0447\u0430\u0441 \u0447\u0438\u0442\u0430\u043d\u043d\u044f":"2 \u0445\u0432\u0438\u043b\u0438\u043d\u0438"},"schema":{"@context":"https:\/\/schema.org","@graph":[{"@type":"WebPage","@id":"https:\/\/twojlekarz.net\/zamawianie-recept-2-2\/","url":"https:\/\/twojlekarz.net\/zamawianie-recept-2-2\/","name":"\u0417\u0430\u043c\u043e\u0432\u043b\u0435\u043d\u043d\u044f \u0440\u0435\u0446\u0435\u043f\u0442\u0456\u0432 - NZOZ Clinic &quot;Tw\u00f3j Lekarz&quot; sp. z o. \u043e.","isPartOf":{"@id":"https:\/\/twojlekarz.net\/#website"},"primaryImageOfPage":{"@id":"https:\/\/twojlekarz.net\/zamawianie-recept-2-2\/#primaryimage"},"image":{"@id":"https:\/\/twojlekarz.net\/zamawianie-recept-2-2\/#primaryimage"},"thumbnailUrl":"https:\/\/i0.wp.com\/twojlekarz.net\/wp-content\/uploads\/KN0A1278-1-1.jpg?fit=1009%2C757&ssl=1","datePublished":"2018-02-12T11:13:13+00:00","dateModified":"2021-05-17T22:28:07+00:00","breadcrumb":{"@id":"https:\/\/twojlekarz.net\/zamawianie-recept-2-2\/#breadcrumb"},"inLanguage":"uk","potentialAction":[{"@type":"ReadAction","target":["https:\/\/twojlekarz.net\/zamawianie-recept-2-2\/"]}]},{"@type":"ImageObject","inLanguage":"uk","@id":"https:\/\/twojlekarz.net\/zamawianie-recept-2-2\/#primaryimage","url":"https:\/\/i0.wp.com\/twojlekarz.net\/wp-content\/uploads\/KN0A1278-1-1.jpg?fit=1009%2C757&ssl=1","contentUrl":"https:\/\/i0.wp.com\/twojlekarz.net\/wp-content\/uploads\/KN0A1278-1-1.jpg?fit=1009%2C757&ssl=1","width":1009,"height":757},{"@type":"BreadcrumbList","@id":"https:\/\/twojlekarz.net\/zamawianie-recept-2-2\/#breadcrumb","itemListElement":[{"@type":"ListItem","position":1,"name":"Strona g\u0142\u00f3wna","item":"https:\/\/twojlekarz.net\/"},{"@type":"ListItem","position":2,"name":"Zamawianie recept"}]},{"@type":"WebSite","@id":"https:\/\/twojlekarz.net\/#website","url":"https:\/\/twojlekarz.net\/","name":"\u041a\u043b\u0456\u043d\u0456\u043a\u0430 NZOZ &quot;Tw\u00f3j Doktor&quot; sp","description":"","publisher":{"@id":"https:\/\/twojlekarz.net\/#organization"},"potentialAction":[{"@type":"SearchAction","target":{"@type":"EntryPoint","urlTemplate":"https:\/\/twojlekarz.net\/?s={search_term_string}"},"query-input":{"@type":"PropertyValueSpecification","valueRequired":true,"valueName":"search_term_string"}}],"inLanguage":"uk"},{"@type":"Organization","@id":"https:\/\/twojlekarz.net\/#organization","name":"\u041a\u043b\u0456\u043d\u0456\u043a\u0430 NZOZ &quot;Tw\u00f3j Doktor&quot; sp","url":"https:\/\/twojlekarz.net\/","logo":{"@type":"ImageObject","inLanguage":"uk","@id":"https:\/\/twojlekarz.net\/#\/schema\/logo\/image\/","url":"https:\/\/i0.wp.com\/twojlekarz.net\/wp-content\/uploads\/twoj-lekarz-logo2-e1448917738554.jpg?fit=200%2C71&ssl=1","contentUrl":"https:\/\/i0.wp.com\/twojlekarz.net\/wp-content\/uploads\/twoj-lekarz-logo2-e1448917738554.jpg?fit=200%2C71&ssl=1","width":200,"height":71,"caption":"Przychodnia NZOZ \"Tw\u00f3j Lekarz\" sp. z o.o."},"image":{"@id":"https:\/\/twojlekarz.net\/#\/schema\/logo\/image\/"},"sameAs":["https:\/\/www.facebook.com\/NZOZTwojLekarz\/"]}]}},"jetpack_sharing_enabled":true,"_links":{"self":[{"href":"https:\/\/twojlekarz.net\/uk\/wp-json\/wp\/v2\/pages\/2596","targetHints":{"allow":["GET"]}}],"collection":[{"href":"https:\/\/twojlekarz.net\/uk\/wp-json\/wp\/v2\/pages"}],"about":[{"href":"https:\/\/twojlekarz.net\/uk\/wp-json\/wp\/v2\/types\/page"}],"author":[{"embeddable":true,"href":"https:\/\/twojlekarz.net\/uk\/wp-json\/wp\/v2\/users\/3"}],"replies":[{"embeddable":true,"href":"https:\/\/twojlekarz.net\/uk\/wp-json\/wp\/v2\/comments?post=2596"}],"version-history":[{"count":0,"href":"https:\/\/twojlekarz.net\/uk\/wp-json\/wp\/v2\/pages\/2596\/revisions"}],"wp:featuredmedia":[{"embeddable":true,"href":"https:\/\/twojlekarz.net\/uk\/wp-json\/wp\/v2\/media\/9894"}],"wp:attachment":[{"href":"https:\/\/twojlekarz.net\/uk\/wp-json\/wp\/v2\/media?parent=2596"}],"wp:term":[{"taxonomy":"category","embeddable":true,"href":"https:\/\/twojlekarz.net\/uk\/wp-json\/wp\/v2\/categories?post=2596"},{"taxonomy":"post_tag","embeddable":true,"href":"https:\/\/twojlekarz.net\/uk\/wp-json\/wp\/v2\/tags?post=2596"}],"curies":[{"name":"\u0412\u041f","href":"https:\/\/api.w.org\/{rel}","templated":true}]}}