{"id":5600,"date":"2020-10-06T10:39:46","date_gmt":"2020-10-06T10:39:46","guid":{"rendered":"https:\/\/twojlekarz.net.pl\/?page_id=5600"},"modified":"2021-12-28T10:49:07","modified_gmt":"2021-12-28T10:49:07","slug":"zostan-naszym-pacjentem-old","status":"publish","type":"page","link":"https:\/\/twojlekarz.net\/uk\/zostan-naszym-pacjentem-old\/","title":{"rendered":"\u0421\u0442\u0430\u043d\u044c \u043d\u0430\u0448\u0438\u043c \u043f\u0430\u0446\u0456\u0454\u043d\u0442\u043e\u043c"},"content":{"rendered":"<p><strong>\u041d\u0417\u041e\u0417 &quot;\u0412\u0430\u0448 \u041b\u0456\u043a\u0430\u0440&quot;<\/strong> \u043d\u0430\u0434\u0430\u0454 \u043c\u0435\u0434\u0438\u0447\u043d\u0456 \u043f\u043e\u0441\u043b\u0443\u0433\u0438 \u0432 \u0433\u0430\u043b\u0443\u0437\u0456 <strong>\u041f\u0435\u0440\u0432\u0438\u043d\u043d\u0430 \u043c\u0435\u0434\u0438\u0447\u043d\u0430 \u0434\u043e\u043f\u043e\u043c\u043e\u0433\u0430<\/strong> \u0437\u0430 \u0434\u043e\u0433\u043e\u0432\u043e\u0440\u043e\u043c \u0441 <strong>\u041d\u0430\u0446\u0456\u043e\u043d\u0430\u043b\u044c\u043d\u0438\u0439 \u0444\u043e\u043d\u0434 \u0437\u0434\u043e\u0440\u043e\u0432&#039;\u044f<\/strong>. \u041f\u0430\u0446\u0456\u0454\u043d\u0442\u0438, \u044f\u043a\u0456 \u0431\u0430\u0436\u0430\u044e\u0442\u044c \u043d\u0438\u043c\u0438 \u0441\u043a\u043e\u0440\u0438\u0441\u0442\u0430\u0442\u0438\u0441\u044f, \u043f\u043e\u0432\u0438\u043d\u043d\u0456 \u043f\u043e\u0434\u0430\u0442\u0438 \u0434\u0435\u043a\u043b\u0430\u0440\u0430\u0446\u0456\u044e \u043f\u0440\u043e \u0432\u0438\u0431\u0456\u0440 \u043a\u043b\u0456\u043d\u0456\u043a\u0438.<\/p>\n\n\n\n<p>\u0427\u0435\u0440\u0435\u0437 \u043f\u0430\u043d\u0434\u0435\u043c\u0456\u044e <strong>COVID 19<\/strong> \u043c\u0438 \u0440\u0435\u043a\u043e\u043c\u0435\u043d\u0434\u0443\u0454\u043c\u043e:<\/p>\n\n\n\n<ul class=\"wp-block-list\"><li>\u0437\u0430\u0432\u0430\u043d\u0442\u0430\u0436\u0435\u043d\u043d\u044f \u0434\u043e\u043a\u0443\u043c\u0435\u043d\u0442\u0430 \u0437 \u043d\u0430\u0448\u043e\u0433\u043e \u0441\u0430\u0439\u0442\u0443,<\/li><li>\u0440\u0435\u0442\u0435\u043b\u044c\u043d\u043e \u0437\u0430\u043f\u043e\u0432\u043d\u0438\u0442\u0438, \u0440\u043e\u0437\u0434\u0440\u0443\u043a\u0443\u0432\u0430\u0442\u0438 \u0442\u0430 \u043f\u0456\u0434\u043f\u0438\u0441\u0430\u0442\u0438 \u0444\u043e\u0440\u043c\u0443,<\/li><li>\u043d\u0430\u0434\u0441\u0438\u043b\u0430\u043d\u043d\u044f \u0441\u043a\u0430\u043d\u0443 \u043f\u0456\u0434\u043f\u0438\u0441\u0430\u043d\u043e\u0457 \u0434\u0435\u043a\u043b\u0430\u0440\u0430\u0446\u0456\u0457 \u043d\u0430 \u0430\u0434\u0440\u0435\u0441\u0443 <a href=\"mailto:deklaracje@localhost\"><strong>declarations@localhost<\/strong><\/a><\/li><\/ul>\n\n\n\n<p><\/p>\n\n\n\n<p><p>\u0414\u043e\u043a\u0443\u043c\u0435\u043d\u0442\u0438 \u0434\u043b\u044f \u0437\u0430\u0432\u0430\u043d\u0442\u0430\u0436\u0435\u043d\u043d\u044f:\n<br><a href=\"https:\/\/twojlekarz.net\/wp-content\/uploads\/2020\/deklaracja-lekarz-pielegniarka-polozna-poz_v1.pdf\" target=\"_blank\" rel=\"noreferrer noopener nofollow\">\u0414\u0415\u041a\u041b\u0410\u0420\u0410\u0426\u0406\u042f \u2013 \u0416\u0406\u041d\u041a\u0410<\/a>\n<br><a href=\"https:\/\/twojlekarz.net\/wp-content\/uploads\/2020\/deklaracja-lekarz-pielegniarka-poz_v1.pdf\" target=\"_blank\" rel=\"noreferrer noopener nofollow\">\u0414\u0415\u041a\u041b\u0410\u0420\u0410\u0426\u0406\u042f \u2013 \u0427\u041e\u041b\u041e\u0412\u0406\u041a<\/a>\n<br><a href=\"https:\/\/twojlekarz.net\/wp-content\/uploads\/2020\/deklaracja-lekarz-pielegniarka-polozna-poz_v1.pdf\" target=\"_blank\" rel=\"noreferrer noopener nofollow\">\u0414\u0415\u041a\u041b\u0410\u0420\u0410\u0426\u0406\u042f \u2013 \u043d\u043e\u0432\u043e\u043d\u0430\u0440\u043e\u0434\u0436\u0435\u043d\u0438\u0439 \u0447\u043e\u043b\u043e\u0432\u0456\u0447\u043e\u0457 \u0441\u0442\u0430\u0442\u0456 \u0434\u043e \u0434\u0432\u043e\u0445 \u043c\u0456\u0441\u044f\u0446\u0456\u0432<\/a><p><br><\/p>\n\n\n\n<p><\/p>\n\n\n\n<p>\u0423\u0412\u0410\u0413\u0410!<br>\u0423 \u041f\u041e\u041b\u042f\u0425 \u0412\u0418\u0411\u041e\u0420\u0423 \u041b\u0406\u041a\u0410\u0420\u042f, \u041c\u0415\u0414\u0418\u0427\u041d\u041e\u0407 \u0421\u0415\u0421\u0422\u0420\u0418 \u0422\u0410 \u0410\u041a\u0423\u0428\u0415\u0420\u041a\u0418 \u0411\u0423\u0414\u0423\u0422\u042c \u0417&#039;\u042f\u0412\u0418\u0422\u0418\u0421\u042f \u0406\u041c\u0415\u041d\u0410 \u0427\u041b\u0415\u041d\u0406\u0412 \u041a\u041e\u041c\u0410\u041d\u0414\u0418 \u0412\u0410\u0428\u0418\u0425 \u041b\u0406\u041a\u0410\u0420\u0406\u0412 NZOZ, \u0412\u0406\u0414\u041f\u041e\u0412\u0406\u0414\u0410\u041b\u042c\u041d\u0418\u0425 \u0417\u0410 \u041d\u0410\u0413\u041b\u042f\u0414 \u0417\u0410 \u041e\u041a\u0420\u0415\u041c\u0418\u041c\u0418 \u0412\u0406\u0414\u0414\u0406\u041b\u0415\u041d\u041d\u042f\u041c\u0418. \u0412\u0412\u0415\u0414\u0415\u041d\u041d\u042f \u041a\u041e\u041d\u041a\u0420\u0415\u0422\u041d\u041e\u0413\u041e \u0406\u041c\u0415\u041d\u0406 \u041d\u0415 \u041e\u0411\u041c\u0415\u0416\u0423\u0404 \u041c\u041e\u0416\u041b\u0418\u0412\u041e\u0421\u0422\u0406 \u041f\u0410\u0426\u0406\u0404\u041d\u0422\u0406\u0412 \u041a\u041e\u0420\u0418\u0421\u0422\u0423\u0412\u0410\u0422\u0418\u0421\u042f \u041f\u041e\u0421\u041b\u0423\u0413\u0410\u041c\u0418 \u0412\u0421\u0406\u0425 \u041f\u0415\u0420\u0421\u041e\u041d\u0410\u041b\u0406\u0412 \u041b\u0410\u0419\u041d\u0423.<br><\/p>\n\n\n\n<p>\u0422\u0430\u043a\u043e\u0436 \u043f\u043e\u0432\u0456\u0434\u043e\u043c\u043b\u044f\u0454\u043c\u043e, \u0449\u043e \u043e\u0441\u043e\u0431\u0438, \u044f\u043a\u0456 \u043c\u0430\u044e\u0442\u044c \u0406\u041f, \u043c\u043e\u0436\u0443\u0442\u044c \u043f\u043e\u0434\u0430\u0432\u0430\u0442\u0438 \u0434\u0435\u043a\u043b\u0430\u0440\u0430\u0446\u0456\u0457 \u0434\u043e \u043a\u043b\u0456\u043d\u0456\u043a\u0438 \u0432 \u0435\u043b\u0435\u043a\u0442\u0440\u043e\u043d\u043d\u043e\u043c\u0443 \u0432\u0438\u0433\u043b\u044f\u0434\u0456, \u0447\u0435\u0440\u0435\u0437 \u0446\u044e \u0441\u0438\u0441\u0442\u0435\u043c\u0443. \u0417\u0430\u044f\u0432\u0438 \u043f\u0440\u043e \u043f\u0440\u0438\u0454\u0434\u043d\u0430\u043d\u043d\u044f \u0434\u043e \u043a\u043b\u0456\u043d\u0456\u043a\u0438 \u0442\u0430\u043a\u043e\u0436 \u043c\u043e\u0436\u043d\u0430 \u0437\u0430\u043f\u043e\u0432\u043d\u0438\u0442\u0438 \u0442\u0430 \u043f\u043e\u0434\u0430\u0442\u0438 \u043e\u0441\u043e\u0431\u0438\u0441\u0442\u043e \u0432 \u0443\u0441\u0456\u0445 \u0437\u0430\u043a\u043b\u0430\u0434\u0430\u0445 NZOZ Tw\u00f3j Lekarz.<\/p>","protected":false},"excerpt":{"rendered":"<p>NZOZ \u201eTw\u00f3j Lekarz\u201d \u015bwiadczy us\u0142ugi medyczne w zakresie Podstawowej Opieki Zdrowotnej w ramach kontraktu z Narodowym Funduszem Zdrowia. Pacjenci, kt\u00f3rzy chc\u0105 z nich korzysta\u0107 zobowi\u0105zani s\u0105 do z\u0142o\u017cenia deklaracji wyboru przychodni. Ze wzgl\u0119du na pandemi\u0119 COVID-19 polecamy: pobranie dokumentu z naszej strony internetowej, dok\u0142adne wype\u0142nienie, wydrukowanie i podpisanie formularza, wys\u0142anie skanu podpisanej deklaracji na adres [&hellip;]<\/p>\n","protected":false},"author":2,"featured_media":9894,"parent":0,"menu_order":0,"comment_status":"closed","ping_status":"closed","template":"","meta":{"footnotes":"","_wp_rev_ctl_limit":""},"categories":[9],"tags":[],"class_list":["post-5600","page","type-page","status-publish","has-post-thumbnail","hentry","category-poradnik-pacjenta"],"yoast_head":"<!-- This site is optimized with the Yoast SEO plugin v27.3 - https:\/\/yoast.com\/product\/yoast-seo-wordpress\/ -->\n<title>Zosta\u0144 naszym pacjentem - Przychodnia NZOZ &quot;Tw\u00f3j Lekarz&quot; sp. z o.o.<\/title>\n<meta name=\"robots\" content=\"index, follow, max-snippet:-1, max-image-preview:large, max-video-preview:-1\" \/>\n<link rel=\"canonical\" href=\"https:\/\/twojlekarz.net\/uk\/zostan-naszym-pacjentem-old\/\" \/>\n<meta property=\"og:locale\" content=\"uk_UA\" \/>\n<meta property=\"og:type\" content=\"article\" \/>\n<meta property=\"og:title\" content=\"Zosta\u0144 naszym pacjentem - Przychodnia NZOZ &quot;Tw\u00f3j Lekarz&quot; sp. z o.o.\" \/>\n<meta property=\"og:description\" content=\"NZOZ \u201eTw\u00f3j Lekarz\u201d \u015bwiadczy us\u0142ugi medyczne w zakresie Podstawowej Opieki Zdrowotnej w ramach kontraktu z Narodowym Funduszem Zdrowia. Pacjenci, kt\u00f3rzy chc\u0105 z nich korzysta\u0107 zobowi\u0105zani s\u0105 do z\u0142o\u017cenia deklaracji wyboru przychodni. Ze wzgl\u0119du na pandemi\u0119 COVID-19 polecamy: pobranie dokumentu z naszej strony internetowej, dok\u0142adne wype\u0142nienie, wydrukowanie i podpisanie formularza, wys\u0142anie skanu podpisanej deklaracji na adres [&hellip;]\" \/>\n<meta property=\"og:url\" content=\"https:\/\/twojlekarz.net\/uk\/zostan-naszym-pacjentem-old\/\" \/>\n<meta property=\"og:site_name\" content=\"Przychodnia NZOZ &quot;Tw\u00f3j Lekarz&quot; sp. z o.o.\" \/>\n<meta property=\"article:publisher\" content=\"https:\/\/www.facebook.com\/NZOZTwojLekarz\/\" \/>\n<meta property=\"article:modified_time\" content=\"2021-12-28T10:49:07+00:00\" \/>\n<meta name=\"twitter:card\" content=\"summary_large_image\" \/>\n<meta name=\"twitter:label1\" content=\"\u041f\u0440\u0438\u0431\u043b. \u0447\u0430\u0441 \u0447\u0438\u0442\u0430\u043d\u043d\u044f\" \/>\n\t<meta name=\"twitter:data1\" content=\"1 \u0445\u0432\u0438\u043b\u0438\u043d\u0430\" \/>\n<script type=\"application\/ld+json\" class=\"yoast-schema-graph\">{\"@context\":\"https:\\\/\\\/schema.org\",\"@graph\":[{\"@type\":\"WebPage\",\"@id\":\"https:\\\/\\\/twojlekarz.net\\\/zostan-naszym-pacjentem-old\\\/\",\"url\":\"https:\\\/\\\/twojlekarz.net\\\/zostan-naszym-pacjentem-old\\\/\",\"name\":\"Zosta\u0144 naszym pacjentem - Przychodnia NZOZ &quot;Tw\u00f3j Lekarz&quot; sp. z o.o.\",\"isPartOf\":{\"@id\":\"https:\\\/\\\/twojlekarz.net\\\/#website\"},\"primaryImageOfPage\":{\"@id\":\"https:\\\/\\\/twojlekarz.net\\\/zostan-naszym-pacjentem-old\\\/#primaryimage\"},\"image\":{\"@id\":\"https:\\\/\\\/twojlekarz.net\\\/zostan-naszym-pacjentem-old\\\/#primaryimage\"},\"thumbnailUrl\":\"https:\\\/\\\/i0.wp.com\\\/twojlekarz.net\\\/wp-content\\\/uploads\\\/KN0A1278-1-1.jpg?fit=1009%2C757&ssl=1\",\"datePublished\":\"2020-10-06T10:39:46+00:00\",\"dateModified\":\"2021-12-28T10:49:07+00:00\",\"breadcrumb\":{\"@id\":\"https:\\\/\\\/twojlekarz.net\\\/zostan-naszym-pacjentem-old\\\/#breadcrumb\"},\"inLanguage\":\"uk\",\"potentialAction\":[{\"@type\":\"ReadAction\",\"target\":[\"https:\\\/\\\/twojlekarz.net\\\/zostan-naszym-pacjentem-old\\\/\"]}]},{\"@type\":\"ImageObject\",\"inLanguage\":\"uk\",\"@id\":\"https:\\\/\\\/twojlekarz.net\\\/zostan-naszym-pacjentem-old\\\/#primaryimage\",\"url\":\"https:\\\/\\\/i0.wp.com\\\/twojlekarz.net\\\/wp-content\\\/uploads\\\/KN0A1278-1-1.jpg?fit=1009%2C757&ssl=1\",\"contentUrl\":\"https:\\\/\\\/i0.wp.com\\\/twojlekarz.net\\\/wp-content\\\/uploads\\\/KN0A1278-1-1.jpg?fit=1009%2C757&ssl=1\",\"width\":1009,\"height\":757},{\"@type\":\"BreadcrumbList\",\"@id\":\"https:\\\/\\\/twojlekarz.net\\\/zostan-naszym-pacjentem-old\\\/#breadcrumb\",\"itemListElement\":[{\"@type\":\"ListItem\",\"position\":1,\"name\":\"Strona g\u0142\u00f3wna\",\"item\":\"https:\\\/\\\/twojlekarz.net\\\/\"},{\"@type\":\"ListItem\",\"position\":2,\"name\":\"Zosta\u0144 naszym pacjentem\"}]},{\"@type\":\"WebSite\",\"@id\":\"https:\\\/\\\/twojlekarz.net\\\/#website\",\"url\":\"https:\\\/\\\/twojlekarz.net\\\/\",\"name\":\"Przychodnia NZOZ \\\"Tw\u00f3j Lekarz\\\" sp. z o.o.\",\"description\":\"\",\"publisher\":{\"@id\":\"https:\\\/\\\/twojlekarz.net\\\/#organization\"},\"potentialAction\":[{\"@type\":\"SearchAction\",\"target\":{\"@type\":\"EntryPoint\",\"urlTemplate\":\"https:\\\/\\\/twojlekarz.net\\\/?s={search_term_string}\"},\"query-input\":{\"@type\":\"PropertyValueSpecification\",\"valueRequired\":true,\"valueName\":\"search_term_string\"}}],\"inLanguage\":\"uk\"},{\"@type\":\"Organization\",\"@id\":\"https:\\\/\\\/twojlekarz.net\\\/#organization\",\"name\":\"Przychodnia NZOZ \\\"Tw\u00f3j Lekarz\\\" sp. z o.o.\",\"url\":\"https:\\\/\\\/twojlekarz.net\\\/\",\"logo\":{\"@type\":\"ImageObject\",\"inLanguage\":\"uk\",\"@id\":\"https:\\\/\\\/twojlekarz.net\\\/#\\\/schema\\\/logo\\\/image\\\/\",\"url\":\"https:\\\/\\\/i0.wp.com\\\/twojlekarz.net\\\/wp-content\\\/uploads\\\/twoj-lekarz-logo2-e1448917738554.jpg?fit=200%2C71&ssl=1\",\"contentUrl\":\"https:\\\/\\\/i0.wp.com\\\/twojlekarz.net\\\/wp-content\\\/uploads\\\/twoj-lekarz-logo2-e1448917738554.jpg?fit=200%2C71&ssl=1\",\"width\":200,\"height\":71,\"caption\":\"Przychodnia NZOZ \\\"Tw\u00f3j Lekarz\\\" sp. z o.o.\"},\"image\":{\"@id\":\"https:\\\/\\\/twojlekarz.net\\\/#\\\/schema\\\/logo\\\/image\\\/\"},\"sameAs\":[\"https:\\\/\\\/www.facebook.com\\\/NZOZTwojLekarz\\\/\"]}]}<\/script>\n<!-- \/ Yoast SEO plugin. -->","yoast_head_json":{"title":"Zosta\u0144 naszym pacjentem - Przychodnia NZOZ &quot;Tw\u00f3j Lekarz&quot; sp. z o.o.","robots":{"index":"index","follow":"follow","max-snippet":"max-snippet:-1","max-image-preview":"max-image-preview:large","max-video-preview":"max-video-preview:-1"},"canonical":"https:\/\/twojlekarz.net\/uk\/zostan-naszym-pacjentem-old\/","og_locale":"uk_UA","og_type":"article","og_title":"Zosta\u0144 naszym pacjentem - Przychodnia NZOZ &quot;Tw\u00f3j Lekarz&quot; sp. z o.o.","og_description":"NZOZ \u201eTw\u00f3j Lekarz\u201d \u015bwiadczy us\u0142ugi medyczne w zakresie Podstawowej Opieki Zdrowotnej w ramach kontraktu z Narodowym Funduszem Zdrowia. Pacjenci, kt\u00f3rzy chc\u0105 z nich korzysta\u0107 zobowi\u0105zani s\u0105 do z\u0142o\u017cenia deklaracji wyboru przychodni. Ze wzgl\u0119du na pandemi\u0119 COVID-19 polecamy: pobranie dokumentu z naszej strony internetowej, dok\u0142adne wype\u0142nienie, wydrukowanie i podpisanie formularza, wys\u0142anie skanu podpisanej deklaracji na adres [&hellip;]","og_url":"https:\/\/twojlekarz.net\/uk\/zostan-naszym-pacjentem-old\/","og_site_name":"Przychodnia NZOZ &quot;Tw\u00f3j Lekarz&quot; sp. z o.o.","article_publisher":"https:\/\/www.facebook.com\/NZOZTwojLekarz\/","article_modified_time":"2021-12-28T10:49:07+00:00","twitter_card":"summary_large_image","twitter_misc":{"\u041f\u0440\u0438\u0431\u043b. \u0447\u0430\u0441 \u0447\u0438\u0442\u0430\u043d\u043d\u044f":"1 \u0445\u0432\u0438\u043b\u0438\u043d\u0430"},"schema":{"@context":"https:\/\/schema.org","@graph":[{"@type":"WebPage","@id":"https:\/\/twojlekarz.net\/zostan-naszym-pacjentem-old\/","url":"https:\/\/twojlekarz.net\/zostan-naszym-pacjentem-old\/","name":"Zosta\u0144 naszym pacjentem - Przychodnia NZOZ &quot;Tw\u00f3j Lekarz&quot; sp. z o.o.","isPartOf":{"@id":"https:\/\/twojlekarz.net\/#website"},"primaryImageOfPage":{"@id":"https:\/\/twojlekarz.net\/zostan-naszym-pacjentem-old\/#primaryimage"},"image":{"@id":"https:\/\/twojlekarz.net\/zostan-naszym-pacjentem-old\/#primaryimage"},"thumbnailUrl":"https:\/\/i0.wp.com\/twojlekarz.net\/wp-content\/uploads\/KN0A1278-1-1.jpg?fit=1009%2C757&ssl=1","datePublished":"2020-10-06T10:39:46+00:00","dateModified":"2021-12-28T10:49:07+00:00","breadcrumb":{"@id":"https:\/\/twojlekarz.net\/zostan-naszym-pacjentem-old\/#breadcrumb"},"inLanguage":"uk","potentialAction":[{"@type":"ReadAction","target":["https:\/\/twojlekarz.net\/zostan-naszym-pacjentem-old\/"]}]},{"@type":"ImageObject","inLanguage":"uk","@id":"https:\/\/twojlekarz.net\/zostan-naszym-pacjentem-old\/#primaryimage","url":"https:\/\/i0.wp.com\/twojlekarz.net\/wp-content\/uploads\/KN0A1278-1-1.jpg?fit=1009%2C757&ssl=1","contentUrl":"https:\/\/i0.wp.com\/twojlekarz.net\/wp-content\/uploads\/KN0A1278-1-1.jpg?fit=1009%2C757&ssl=1","width":1009,"height":757},{"@type":"BreadcrumbList","@id":"https:\/\/twojlekarz.net\/zostan-naszym-pacjentem-old\/#breadcrumb","itemListElement":[{"@type":"ListItem","position":1,"name":"Strona g\u0142\u00f3wna","item":"https:\/\/twojlekarz.net\/"},{"@type":"ListItem","position":2,"name":"Zosta\u0144 naszym pacjentem"}]},{"@type":"WebSite","@id":"https:\/\/twojlekarz.net\/#website","url":"https:\/\/twojlekarz.net\/","name":"\u041a\u043b\u0456\u043d\u0456\u043a\u0430 NZOZ &quot;Tw\u00f3j Doktor&quot; sp","description":"","publisher":{"@id":"https:\/\/twojlekarz.net\/#organization"},"potentialAction":[{"@type":"SearchAction","target":{"@type":"EntryPoint","urlTemplate":"https:\/\/twojlekarz.net\/?s={search_term_string}"},"query-input":{"@type":"PropertyValueSpecification","valueRequired":true,"valueName":"search_term_string"}}],"inLanguage":"uk"},{"@type":"Organization","@id":"https:\/\/twojlekarz.net\/#organization","name":"\u041a\u043b\u0456\u043d\u0456\u043a\u0430 NZOZ &quot;Tw\u00f3j Doktor&quot; sp","url":"https:\/\/twojlekarz.net\/","logo":{"@type":"ImageObject","inLanguage":"uk","@id":"https:\/\/twojlekarz.net\/#\/schema\/logo\/image\/","url":"https:\/\/i0.wp.com\/twojlekarz.net\/wp-content\/uploads\/twoj-lekarz-logo2-e1448917738554.jpg?fit=200%2C71&ssl=1","contentUrl":"https:\/\/i0.wp.com\/twojlekarz.net\/wp-content\/uploads\/twoj-lekarz-logo2-e1448917738554.jpg?fit=200%2C71&ssl=1","width":200,"height":71,"caption":"Przychodnia NZOZ \"Tw\u00f3j Lekarz\" sp. z o.o."},"image":{"@id":"https:\/\/twojlekarz.net\/#\/schema\/logo\/image\/"},"sameAs":["https:\/\/www.facebook.com\/NZOZTwojLekarz\/"]}]}},"jetpack_sharing_enabled":true,"_links":{"self":[{"href":"https:\/\/twojlekarz.net\/uk\/wp-json\/wp\/v2\/pages\/5600","targetHints":{"allow":["GET"]}}],"collection":[{"href":"https:\/\/twojlekarz.net\/uk\/wp-json\/wp\/v2\/pages"}],"about":[{"href":"https:\/\/twojlekarz.net\/uk\/wp-json\/wp\/v2\/types\/page"}],"author":[{"embeddable":true,"href":"https:\/\/twojlekarz.net\/uk\/wp-json\/wp\/v2\/users\/2"}],"replies":[{"embeddable":true,"href":"https:\/\/twojlekarz.net\/uk\/wp-json\/wp\/v2\/comments?post=5600"}],"version-history":[{"count":0,"href":"https:\/\/twojlekarz.net\/uk\/wp-json\/wp\/v2\/pages\/5600\/revisions"}],"wp:featuredmedia":[{"embeddable":true,"href":"https:\/\/twojlekarz.net\/uk\/wp-json\/wp\/v2\/media\/9894"}],"wp:attachment":[{"href":"https:\/\/twojlekarz.net\/uk\/wp-json\/wp\/v2\/media?parent=5600"}],"wp:term":[{"taxonomy":"category","embeddable":true,"href":"https:\/\/twojlekarz.net\/uk\/wp-json\/wp\/v2\/categories?post=5600"},{"taxonomy":"post_tag","embeddable":true,"href":"https:\/\/twojlekarz.net\/uk\/wp-json\/wp\/v2\/tags?post=5600"}],"curies":[{"name":"\u0412\u041f","href":"https:\/\/api.w.org\/{rel}","templated":true}]}}